{"id":3417,"date":"2024-11-03T03:26:02","date_gmt":"2024-11-03T03:26:02","guid":{"rendered":"https:\/\/nfc-readers.com\/?post_type=product&#038;p=3417"},"modified":"2024-11-03T03:26:03","modified_gmt":"2024-11-03T03:26:03","slug":"fabric-wrist-band-13-56mhz-nfc-bracelet-dispose-wristbands","status":"publish","type":"product","link":"https:\/\/nfc-readers.com\/sv\/ic-reader\/fabric-wrist-band-13-56mhz-nfc-bracelet-dispose-wristbands\/","title":{"rendered":"Tygarmband 13,56mhz NFC-armband Kasta armband"},"content":{"rendered":"<h1 style=\"text-align: center;\"><strong>Tygarmband 13,56mhz NFC-armband Kasta armband<\/strong><\/h1>\n<p>&nbsp;<\/p>\n<p>I dagens snabba v\u00e4rld \u00e4r behovet av s\u00f6ml\u00f6s hantering och f\u00f6rb\u00e4ttrad anv\u00e4ndarupplevelse av st\u00f6rsta vikt, s\u00e4rskilt vid evenemang, festivaler och arenor d\u00e4r effektiv \u00e5tkomstkontroll \u00e4r avg\u00f6rande. V\u00e5r <strong>Tygarmband 13,56MHz NFC-armband Kasta armband<\/strong>\u00a0ger en unik blandning av funktionalitet och estetik, vilket s\u00e4kerst\u00e4ller att din verksamhet l\u00f6per smidigt samtidigt som g\u00e4sterna f\u00e5r en minnesv\u00e4rd upplevelse. Med funktioner som\u00a0<strong>eng\u00e5ngsanv\u00e4ndning<\/strong>,\u00a0<strong>f\u00e4rgglada m\u00f6nster<\/strong>, och avancerad\u00a0<strong>NFC<\/strong>\u00a0teknik, dessa armband \u00e4r en spelv\u00e4xlare f\u00f6r alla evenemangsarrang\u00f6rer.<\/p>\n<p>&nbsp;<\/p>\n<h2>Varf\u00f6r v\u00e4lja NFC-armband med tygarmband?<\/h2>\n<p>N\u00e4r det g\u00e4ller att navigera i spektrumet av RFID- och NFC-produkter utm\u00e4rker sig Fabric Wrist Band 13,56 MHz NFC Armband Dispose Wristbands p\u00e5 grund av sin innovativa design och robusta kapacitet.<\/p>\n<h3>Produktens h\u00f6jdpunkter:<\/h3>\n<ul>\n<li><strong>L\u00e4tt anpassningsbar<\/strong>\u00a0med alternativ f\u00f6r logotyptryck, streckkoder och QR-koder.<\/li>\n<li><strong>Snabb \u00e5tkomstkontroll<\/strong>\u00a0och str\u00f6mlinjeformad verksamhet som f\u00f6rb\u00e4ttrar g\u00e4stupplevelsen och s\u00e4kerheten.<\/li>\n<li><strong>Slitstarkt men \u00e4nd\u00e5 bekv\u00e4mt tyg<\/strong>\u00a0som \u00e4r perfekt f\u00f6r hela dagen p\u00e5 musikfestivaler, vattenparker eller f\u00f6retagsevenemang.<\/li>\n<\/ul>\n<p>Dessa armband \u00e4r konstruerade f\u00f6r att ge en\u00a0<strong>kontantl\u00f6s betalning<\/strong>\u00a0l\u00f6sning samtidigt som de s\u00e4kerst\u00e4ller att arrang\u00f6rer av evenemang kan njuta av sinnesfrid, i vetskap om att de har tillf\u00f6rlitliga medel f\u00f6r att hantera \u00e5tkomstkontroll effektivt.<\/p>\n<p>&nbsp;<\/p>\n<h2>Specialegenskaper hos NFC-armband av tyg<\/h2>\n<p>N\u00e4r man \u00f6verv\u00e4ger\u00a0<strong>rfid-armband f\u00f6r evenemang<\/strong>, den\u00a0<em>Tygarmband 13,56MHz NFC-armband<\/em>\u00a0erbjuder en m\u00e4ngd specialfunktioner utformade f\u00f6r att f\u00f6rb\u00e4ttra effektiviteten och f\u00f6rb\u00e4ttra g\u00e4stupplevelsen.<\/p>\n<h3>F\u00e4rgglad design f\u00f6r eng\u00e5ngsbruk<\/h3>\n<p>Dessa armband kommer i en rad livfulla f\u00e4rger, vilket s\u00e4kerst\u00e4ller att de inte bara tj\u00e4nar ett funktionellt syfte utan ocks\u00e5 passar ditt varum\u00e4rkes estetiska krav. De\u00a0<strong>eng\u00e5ngsanv\u00e4ndning<\/strong>\u00a0funktionen l\u00e4gger till ett lager av s\u00e4kerhet, eftersom varje armband \u00e4r unikt kodat f\u00f6r en enda h\u00e4ndelse, vilket minimerar risken f\u00f6r obeh\u00f6rig \u00e5tkomst.<\/p>\n<h3>RFID och NFC kommunikationsgr\u00e4nssnitt<\/h3>\n<p>Dessa armband \u00e4r designade med den senaste tekniken\u00a0<strong>RFID<\/strong>\u00a0och\u00a0<strong>NFC<\/strong>\u00a0kommunikationsgr\u00e4nssnitt f\u00f6r att s\u00e4kerst\u00e4lla snabb och p\u00e5litlig interaktion med RFID-l\u00e4sare. Denna f\u00f6rm\u00e5ga underl\u00e4ttar\u00a0<strong>kontaktl\u00f6s betalning<\/strong>\u00a0och \u00e5tkomsthantering, som effektiviserar antagningsprocessen f\u00f6r b\u00e5de g\u00e4ster och anst\u00e4llda.<\/p>\n<p>&nbsp;<\/p>\n<h2>Vanliga fr\u00e5gor om NFC-teknik<\/h2>\n<h3>Vad \u00e4r NFC-teknik?<\/h3>\n<p>NFC, eller Near Field Communication, till\u00e5ter enheter att kommunicera med varandra genom radiov\u00e5gor. Det m\u00f6jligg\u00f6r s\u00f6ml\u00f6sa transaktioner och informationsdelning bara genom att knacka ihop enheter.<\/p>\n<h3>\u00c4r dessa armband vattent\u00e4ta?<\/h3>\n<p>V\u00e5ra NFC-armband \u00e4r designade f\u00f6r att vara vattent\u00e4ta, vilket g\u00f6r dem l\u00e4mpliga f\u00f6r evenemang i vattenparker eller utomhusfestivaler.<\/p>\n<h3>Kan jag anpassa armbanden?<\/h3>\n<p>Ja, anpassningsalternativ \u00e4r tillg\u00e4ngliga, inklusive logotyptryck, streckkoder och QR-kodsutskrift p\u00e5 b\u00e5de armband och kort.<\/p>","protected":false},"excerpt":{"rendered":"<p>De\u00a0<strong>Tygarmband 13,56MHz NFC-armband<\/strong>\u00a0\u00e4r en snygg och praktisk l\u00f6sning f\u00f6r event management, som erbjuder s\u00f6ml\u00f6s \u00e5tkomstkontroll och kontantfria betalningsm\u00f6jligheter. Dessa livfulla armband \u00e4r designade f\u00f6r eng\u00e5ngsbruk och f\u00f6rb\u00e4ttrar g\u00e4stupplevelsen samtidigt som de garanterar s\u00e4kerhet och effektivitet vid alla evenemang.<\/p>","protected":false},"featured_media":3424,"template":"","meta":[],"product_brand":[],"product_cat":[50],"product_tag":[],"class_list":{"0":"post-3417","1":"product","2":"type-product","3":"status-publish","4":"has-post-thumbnail","6":"product_cat-silicone-rfid-nfc-wristbands","8":"first","9":"instock","10":"shipping-taxable","11":"product-type-simple"},"_links":{"self":[{"href":"https:\/\/nfc-readers.com\/sv\/wp-json\/wp\/v2\/product\/3417","targetHints":{"allow":["GET"]}}],"collection":[{"href":"https:\/\/nfc-readers.com\/sv\/wp-json\/wp\/v2\/product"}],"about":[{"href":"https:\/\/nfc-readers.com\/sv\/wp-json\/wp\/v2\/types\/product"}],"wp:featuredmedia":[{"embeddable":true,"href":"https:\/\/nfc-readers.com\/sv\/wp-json\/wp\/v2\/media\/3424"}],"wp:attachment":[{"href":"https:\/\/nfc-readers.com\/sv\/wp-json\/wp\/v2\/media?parent=3417"}],"wp:term":[{"taxonomy":"product_brand","embeddable":true,"href":"https:\/\/nfc-readers.com\/sv\/wp-json\/wp\/v2\/product_brand?post=3417"},{"taxonomy":"product_cat","embeddable":true,"href":"https:\/\/nfc-readers.com\/sv\/wp-json\/wp\/v2\/product_cat?post=3417"},{"taxonomy":"product_tag","embeddable":true,"href":"https:\/\/nfc-readers.com\/sv\/wp-json\/wp\/v2\/product_tag?post=3417"}],"curies":[{"name":"wp","href":"https:\/\/api.w.org\/{rel}","templated":true}]}}