{"id":3430,"date":"2024-11-03T03:39:41","date_gmt":"2024-11-03T03:39:41","guid":{"rendered":"https:\/\/nfc-readers.com\/?post_type=product&#038;p=3430"},"modified":"2024-11-03T03:39:42","modified_gmt":"2024-11-03T03:39:42","slug":"waterproof-passive-nfc-rfid-silicone-wristband","status":"publish","type":"product","link":"https:\/\/nfc-readers.com\/sv\/ic-reader\/waterproof-passive-nfc-rfid-silicone-wristband\/","title":{"rendered":"Vattent\u00e4t Passiv NFC RFID Silikonarmband"},"content":{"rendered":"<h1 style=\"text-align: center;\"><strong>Vattent\u00e4t Passiv NFC RFID Silikonarmband<\/strong><\/h1>\n<p>&nbsp;<\/p>\n<p>I en tid d\u00e4r teknik och praktiska egenskaper s\u00f6ml\u00f6st fl\u00e4tas samman <strong>Vattent\u00e4t Passiv NFC RFID Silikonarmband<\/strong>\u00a0framst\u00e5r som en exceptionell accessoar. Detta innovativa armband \u00e4r designat f\u00f6r att m\u00f6ta anv\u00e4ndarnas dynamiska behov och ger o\u00f6vertr\u00e4ffad bekv\u00e4mlighet och s\u00e4kerhet f\u00f6r en m\u00e4ngd olika applikationer, inklusive evenemang, \u00e5tkomstkontroll och kontantl\u00f6sa transaktioner. Oavsett om du organiserar en imponerande festival, driver ett gym eller sk\u00f6ter en vattenpark, ger detta armband en vattent\u00e4t l\u00f6sning f\u00f6r att effektivisera verksamheten och f\u00f6rb\u00e4ttra anv\u00e4ndarupplevelsen.<\/p>\n<p>Men vad g\u00f6r det vattent\u00e4ta passiva NFC RFID-silikonarmbandet v\u00e4rt att investera i? Tja, det erbjuder inte bara praktiska f\u00f6rdelar som vattenbest\u00e4ndighet och h\u00e5llbarhet utan ocks\u00e5 en anpassningsbar design, vilket s\u00e4kerst\u00e4ller att ditt varum\u00e4rke sticker ut. Med m\u00f6jligheten att st\u00f6dja kontantl\u00f6sa betalningar och \u00e5tkomstkontroll \u00e4r det ett effektivt verktyg f\u00f6r b\u00e5de arrang\u00f6rer och f\u00f6retag. L\u00e5t oss gr\u00e4va djupare in i funktionerna och f\u00f6rdelarna med denna enast\u00e5ende produkt.<\/p>\n<p>&nbsp;<\/p>\n<h2>O\u00f6vertr\u00e4ffad h\u00e5llbarhet och vattent\u00e4ta egenskaper<\/h2>\n<p>En av de framst\u00e5ende funktionerna i\u00a0<strong>Vattent\u00e4t Passiv NFC RFID Silikonarmband<\/strong>\u00a0\u00e4r dess anm\u00e4rkningsv\u00e4rda h\u00e5llbarhet. Detta armband \u00e4r tillverkat av h\u00f6gkvalitativt silikon\u00a0<strong>vattent\u00e4t<\/strong>,\u00a0<strong>v\u00e4derbest\u00e4ndig<\/strong>, och\u00a0<strong>fukts\u00e4ker<\/strong>vilket g\u00f6r den l\u00e4mplig f\u00f6r olika milj\u00f6er och f\u00f6rh\u00e5llanden. Oavsett om det \u00e4r regn eller sol, kommer detta armband inte l\u00e4tt att skadas, vilket g\u00f6r att dina g\u00e4ster eller deltagare kan njuta av sin upplevelse utan att oroa sig f\u00f6r slitage.<\/p>\n<p>De\u00a0<strong>silikon<\/strong>\u00a0Materialet garanterar inte bara l\u00e5ng livsl\u00e4ngd utan \u00e4r ocks\u00e5 bekv\u00e4mt mot huden, vilket g\u00f6r det perfekt f\u00f6r b\u00e5de fritidskl\u00e4der och aktiva situationer som festivaler eller sportevenemang. Denna h\u00e5llbarhet inneb\u00e4r att du inte beh\u00f6ver byta ut armband ofta, vilket leder till betydande kostnadsbesparingar \u00f6ver tid.<\/p>\n<p>Dessutom g\u00f6r silikonens egenskaper den motst\u00e5ndskraftig mot h\u00e5rda element, vilket g\u00f6r att den t\u00e5l exponering f\u00f6r vattenparker, spa, gym och olika utomhusevenemang. D\u00e4rf\u00f6r kan anv\u00e4ndare med s\u00e4kerhet b\u00e4ra detta armband i vetskap om att det kan hantera rigor\u00f6sa aktiviteter utan att kompromissa med funktionaliteten.<\/p>\n<h2>M\u00e5ngsidigt kommunikationsgr\u00e4nssnitt<\/h2>\n<p>Anv\u00e4nder\u00a0<strong>NFC-teknik<\/strong>, det vattent\u00e4ta passiva NFC RFID-silikonarmbandet har ett s\u00f6ml\u00f6st kommunikationsgr\u00e4nssnitt som f\u00f6rb\u00e4ttrar anv\u00e4ndarupplevelsen. Fungerar med en frekvens av\u00a0<strong>13,56 MHz<\/strong>, detta armband \u00e4r optimerat f\u00f6r snabba och p\u00e5litliga interaktioner.<\/p>\n<p>NFC-teknik m\u00f6jligg\u00f6r\u00a0<strong>kontaktl\u00f6sa betalningar<\/strong>, vilket g\u00f6r det till en perfekt l\u00f6sning f\u00f6r evenemangsarrang\u00f6rer som vill effektivisera processer. G\u00e4sterna kan enkelt knacka p\u00e5 sitt armband vid f\u00f6rs\u00e4ljningsst\u00e4llen utan att beh\u00f6va fumla med kontanter eller kort, vilket minskar v\u00e4ntetiderna och f\u00f6rb\u00e4ttrar det \u00f6vergripande fl\u00f6det vid evenemang. Detta\u00a0<strong>kontaktl\u00f6s betalning<\/strong>\u00a0Funktionen f\u00f6rb\u00e4ttrar inte bara bekv\u00e4mligheten f\u00f6r anv\u00e4ndarna utan f\u00f6rb\u00e4ttrar ocks\u00e5 effektiviteten f\u00f6r leverant\u00f6rer och eventpersonal.<\/p>\n<p>Dessutom \u00e4r NFC-aktiverade armband en v\u00e4lsignelse f\u00f6r \u00e5tkomstkontroll. Du kan bevilja eller begr\u00e4nsa \u00e5tkomst till specifika omr\u00e5den genom att helt enkelt skanna armbandet med en RFID-l\u00e4sare, vilket s\u00e4kerst\u00e4ller en smidig och s\u00e4ker intr\u00e4desprocess f\u00f6r VIP-omr\u00e5den, backstage eller andra begr\u00e4nsade zoner.<\/p>\n<h2>Innovativa anpassningsalternativ<\/h2>\n<p>Anpassningsbarhet \u00e4r en viktig egenskap hos det vattent\u00e4ta passiva NFC RFID-silikonarmbandet. Med alternativ f\u00f6r\u00a0<strong>anpassade logotyper<\/strong>\u00a0och olika trycktekniker som t.ex\u00a0<strong>silk screentryck<\/strong>,\u00a0<strong>pr\u00e4gling<\/strong>, och\u00a0<strong>lasergravering<\/strong>, kan f\u00f6retag skapa en unik identitet som resonerar med deras varum\u00e4rke.<\/p>\n<p>Anpassning str\u00e4cker sig till storlek, f\u00e4rger och design, vilket g\u00f6r att f\u00f6retag kan skr\u00e4ddarsy armband f\u00f6r att matcha evenemangsteman eller varum\u00e4rkesestetik. Denna personliga touch f\u00f6rb\u00e4ttrar inte bara varum\u00e4rkets synlighet utan kan ocks\u00e5 \u00f6ka deltagarnas engagemang genom minnesv\u00e4rda upplevelser. F\u00f6rest\u00e4ll dig att komma till en festival d\u00e4r varje armband har en unik logotyp eller design som representerar evenemangets tema \u2013 denna aspekt bidrar v\u00e4sentligt till den \u00f6vergripande atmosf\u00e4ren och njutningen.<\/p>\n<p>Dessutom kan m\u00f6jligheten att inf\u00f6rliva QR-koder ocks\u00e5 \u00f6ppna v\u00e4gar f\u00f6r f\u00f6rb\u00e4ttrad interaktion. Deltagarna kan skanna sina armband f\u00f6r att komma \u00e5t scheman, delta i t\u00e4vlingar eller till och med h\u00e4mta kontaktinformation, och p\u00e5 s\u00e5 s\u00e4tt h\u00f6ja deras totala upplevelse vid evenemanget.<\/p>\n<h2>S\u00e4kerhet och \u00e5tkomstkontrollfunktioner<\/h2>\n<p>S\u00e4kerhet \u00e4r av st\u00f6rsta vikt i alla h\u00e4ndelser eller aff\u00e4rsverksamheter, och det vattent\u00e4ta passiva NFC RFID-silikonarmbandet tillgodoser detta behov effektivt. Genom att inf\u00f6rliva avancerade\u00a0<strong>RFID-teknik<\/strong>, dessa armband ger en\u00a0<strong>manipuleringss\u00e4ker<\/strong>\u00a0medel f\u00f6r \u00e5tkomstkontroll som avsev\u00e4rt \u00f6kar s\u00e4kerhetsniv\u00e5erna vid evenemang.<\/p>\n<p>Med integrerad\u00a0<strong>MIFARE DESfire EV3-chipteknologi<\/strong>, anv\u00e4ndare drar nytta av s\u00e4ker data\u00f6verf\u00f6ring, vilket s\u00e4kerst\u00e4ller att informationen i armbandet f\u00f6rblir skyddad. Detta chip st\u00f6der inte bara krypteringstekniker, ger lager av s\u00e4kerhet utan garanterar ocks\u00e5 snabb data\u00f6verf\u00f6ring, f\u00f6rb\u00e4ttrar anv\u00e4ndarupplevelsen och minskar f\u00f6rseningar.<\/p>\n<p>Dessutom kan RFID-armband programmeras f\u00f6r specifika \u00e5tkomstbeh\u00f6righeter, vilket s\u00e4kerst\u00e4ller att endast beh\u00f6rig personal kan komma in i vissa omr\u00e5den. Denna funktion \u00e4r s\u00e4rskilt anv\u00e4ndbar f\u00f6r stora evenemang, d\u00e4r publikhantering \u00e4r avg\u00f6rande f\u00f6r b\u00e5de s\u00e4kerhet och drifteffektivitet.<\/p>\n<p>&nbsp;<\/p>\n<h2>Tekniska specifikationer och m\u00e5tt<\/h2>\n<table class=\"w-fit !mb-0 !max-w-none\" style=\"height: 133px;\" width=\"407\">\n<thead>\n<tr>\n<th>Specifikation<\/th>\n<th>Detaljer<\/th>\n<\/tr>\n<\/thead>\n<tbody>\n<tr>\n<td><strong>Material<\/strong><\/td>\n<td>Silikon<\/td>\n<\/tr>\n<tr>\n<td><strong>Storlek<\/strong><\/td>\n<td>238 x 13 mm<\/td>\n<\/tr>\n<tr>\n<td><strong>Tjocklek<\/strong><\/td>\n<td>3 mm<\/td>\n<\/tr>\n<tr>\n<td><strong>Chip typ<\/strong><\/td>\n<td>MIFARE DESfire EV3<\/td>\n<\/tr>\n<\/tbody>\n<\/table>\n<p>&nbsp;<\/p>\n<h2>Vanliga fr\u00e5gor (FAQs)<\/h2>\n<p>H\u00e4r \u00e4r n\u00e5gra vanliga fr\u00e5gor ang\u00e5ende\u00a0<strong>Vattent\u00e4t Passiv NFC RFID Silikonarmband<\/strong>, tillsammans med deras svar f\u00f6r att hj\u00e4lpa dig fatta ett v\u00e4lgrundat beslut.<\/p>\n<h3>1.\u00a0<strong>Vad \u00e4r NFC-teknik och hur fungerar det med armbandet?<\/strong><\/h3>\n<p>NFC (Near Field Communication) \u00e4r en upps\u00e4ttning kommunikationsprotokoll som g\u00f6r att tv\u00e5 elektroniska enheter, vanligtvis en smartphone och en l\u00e4sare, kan kommunicera \u00f6ver korta avst\u00e5nd \u2013 vanligtvis mindre \u00e4n 4 tum. Armbandet inneh\u00e5ller ett inbyggt NFC-chip som kan \u00f6verf\u00f6ra information n\u00e4r det placeras n\u00e4ra en NFC-l\u00e4sare, vilket m\u00f6jligg\u00f6r funktioner som kontaktl\u00f6sa betalningar, \u00e5tkomstkontroll och datadelning.<\/p>\n<h3>2.\u00a0<strong>\u00c4r armbandet l\u00e4mpligt f\u00f6r vattenrelaterade aktiviteter?<\/strong><\/h3>\n<p>Absolut! Det vattent\u00e4ta passiva NFC RFID-silikonarmbandet \u00e4r designat f\u00f6r att vara\u00a0<strong>vattent\u00e4t<\/strong>\u00a0och\u00a0<strong>v\u00e4derbest\u00e4ndig<\/strong>. Detta g\u00f6r den idealisk f\u00f6r anv\u00e4ndning i olika vattenrelaterade milj\u00f6er som vattenparker, pooler och spa.<\/p>\n<h3>3.\u00a0<strong>Kan jag anpassa armbanden med min logotyp eller design?<\/strong><\/h3>\n<p>Ja, anpassningsalternativ \u00e4r tillg\u00e4ngliga! Du kan best\u00e4lla armband med ditt f\u00f6retags logotyp och v\u00e4lja bland flera trycktekniker som silk screentryck, pr\u00e4gling eller lasergravering f\u00f6r att skapa ett armband som kompletterar din varum\u00e4rkesidentitet.<\/p>\n<h3>4.\u00a0<strong>Hur l\u00e4nge h\u00e5ller armbandet?<\/strong><\/h3>\n<p>Armbandet \u00e4r tillverkat av h\u00f6gkvalitativt silikon, vilket ger utm\u00e4rkt h\u00e5llbarhet och motst\u00e5ndskraft mot slitage, \u00e4ven i tuffa milj\u00f6er. Med r\u00e4tt sk\u00f6tsel kan de h\u00e5lla f\u00f6r flera anv\u00e4ndningsomr\u00e5den, s\u00e4rskilt om de anv\u00e4nds i kontrollerade milj\u00f6er.<\/p>\n<h3>5.\u00a0<strong>Kan armbandet \u00e5teranv\u00e4ndas?<\/strong><\/h3>\n<p>\u00c4ven om armbandet \u00e4r slitstarkt, \u00e4r dess avsedda anv\u00e4ndning fr\u00e4mst f\u00f6r enstaka evenemang som festivaler eller konserter. De kan dock \u00e5teranv\u00e4ndas i olika scenarier s\u00e5 l\u00e4nge de inte \u00e4r skadade eller m\u00e4rkta p\u00e5 ett s\u00e4tt som identifierar dem som anv\u00e4nda.<\/p>","protected":false},"excerpt":{"rendered":"<div class=\"chat-list relative custom-scrollbar-reset-margin custom-scrollbar custom-scrollbar-hidden custom-scrollbar-float pb-9 flex-1 overflow-y-auto\">\n<div class=\"mx-auto max-w-[790px]\">\n<div class=\"message-item-outer relative px-4 mb-2\" data-id=\"d5e57210-2b0a-4a51-8aa4-f3908258a790\">\n<div class=\"content-area pl-[0px]\">\n<div class=\"message-item select-text relative\">\n<div class=\"message-inner relative\">\n<div class=\"py-[2px]\">\n<div class=\"flex flex-col gap-2\">\n<div class=\"answer-markdown-box overflow-x-auto select-text custom-scrollbar\">\n<div class=\"markdown-body\"><\/div>\n<\/div>\n<\/div>\n<\/div>\n<\/div>\n<\/div>\n<\/div>\n<\/div>\n<\/div>\n<\/div>\n<div>\n<div class=\"input-box relative max-w-[790px] mx-auto\">\n<div class=\"chat-input-box relative bg-grey-layer2-normal px-3 max-w-[790px] mx-auto pb-1\">\n<div class=\"main-input-area\">\n<div class=\"chat-input-top-bar gap-2 py-2 flex justify-start items-center\">\n<div class=\"flex gap-[6px] min-w-[90px] max-w-[calc(100%-40px)]\">\n<div class=\"flex gap-0\">\n<div class=\"relative\">\n<div class=\"topbar-btn h-[30px] w-[30px] flex overflow-hidden text-text-primary-1 items-center justify-center text-xs leading-4 rounded-lg model-btn model-btn-no-bg\" role=\"button\">Det vattent\u00e4ta passiva NFC RFID-silikonarmbandet erbjuder en p\u00e5litlig, h\u00e5llbar l\u00f6sning f\u00f6r s\u00e4ker \u00e5tkomstkontroll och kontantl\u00f6sa transaktioner i alla h\u00e4ndelser. Idealisk f\u00f6r festivaler, gym och vattenparker, ger den bekv\u00e4mlighet och anpassning med en elegant design.<\/div>\n<\/div>\n<\/div>\n<\/div>\n<\/div>\n<\/div>\n<\/div>\n<\/div>\n<\/div>","protected":false},"featured_media":3431,"template":"","meta":[],"product_brand":[],"product_cat":[50],"product_tag":[],"class_list":{"0":"post-3430","1":"product","2":"type-product","3":"status-publish","4":"has-post-thumbnail","6":"product_cat-silicone-rfid-nfc-wristbands","8":"first","9":"instock","10":"shipping-taxable","11":"product-type-simple"},"_links":{"self":[{"href":"https:\/\/nfc-readers.com\/sv\/wp-json\/wp\/v2\/product\/3430","targetHints":{"allow":["GET"]}}],"collection":[{"href":"https:\/\/nfc-readers.com\/sv\/wp-json\/wp\/v2\/product"}],"about":[{"href":"https:\/\/nfc-readers.com\/sv\/wp-json\/wp\/v2\/types\/product"}],"wp:featuredmedia":[{"embeddable":true,"href":"https:\/\/nfc-readers.com\/sv\/wp-json\/wp\/v2\/media\/3431"}],"wp:attachment":[{"href":"https:\/\/nfc-readers.com\/sv\/wp-json\/wp\/v2\/media?parent=3430"}],"wp:term":[{"taxonomy":"product_brand","embeddable":true,"href":"https:\/\/nfc-readers.com\/sv\/wp-json\/wp\/v2\/product_brand?post=3430"},{"taxonomy":"product_cat","embeddable":true,"href":"https:\/\/nfc-readers.com\/sv\/wp-json\/wp\/v2\/product_cat?post=3430"},{"taxonomy":"product_tag","embeddable":true,"href":"https:\/\/nfc-readers.com\/sv\/wp-json\/wp\/v2\/product_tag?post=3430"}],"curies":[{"name":"wp","href":"https:\/\/api.w.org\/{rel}","templated":true}]}}