{"id":3437,"date":"2024-11-03T04:49:53","date_gmt":"2024-11-03T04:49:53","guid":{"rendered":"https:\/\/nfc-readers.com\/?post_type=product&#038;p=3437"},"modified":"2024-11-05T10:39:50","modified_gmt":"2024-11-05T10:39:50","slug":"disposable-hf-uhf-rfid-nfc-wristband-for-event-ticket","status":"publish","type":"product","link":"https:\/\/nfc-readers.com\/sv\/ic-reader\/disposable-hf-uhf-rfid-nfc-wristband-for-event-ticket\/","title":{"rendered":"HF rfid NFC eng\u00e5ngsarmband f\u00f6r evenemangsbiljett"},"content":{"rendered":"<h1 style=\"text-align: center;\"><strong>HF rfid NFC eng\u00e5ngsarmband f\u00f6r evenemangsbiljett<\/strong><\/h1>\n<p>&nbsp;<\/p>\n<p>I dagens snabba v\u00e4rld m\u00e5ste evenemangsarrang\u00f6rer h\u00e5lla j\u00e4mna steg med den senaste tekniken f\u00f6r att ge sina deltagare en of\u00f6rgl\u00f6mlig upplevelse. Ett av de mest effektiva s\u00e4tten att uppn\u00e5 detta \u00e4r genom <strong>HF RFID NFC eng\u00e5ngsarmband<\/strong>. Dessa innovativa armband revolutionerar hur evenemang hanteras, f\u00f6rb\u00e4ttrar s\u00e4kerheten, f\u00f6renklar \u00e5tkomstkontrollen och fr\u00e4mjar kontantl\u00f6sa betalningar. Oavsett om det g\u00e4ller musikfestivaler, vattenparker eller f\u00f6retagsevenemang, garanterar dessa armband en s\u00f6ml\u00f6s upplevelse f\u00f6r b\u00e5de g\u00e4sterna och arrang\u00f6rerna.<\/p>\n<p>&nbsp;<\/p>\n<h3><strong>Varf\u00f6r v\u00e4lja RFID\/NFC eng\u00e5ngsarmband?<\/strong><\/h3>\n<p>De\u00a0<strong>HF RFID NFC eng\u00e5ngsarmband<\/strong>\u00a0\u00e4r designad speciellt f\u00f6r evenemang och kombinerar bekv\u00e4mlighet med banbrytande teknik. H\u00e4r \u00e4r varf\u00f6r det \u00e4r v\u00e4rt varenda krona att investera i dessa armband:<\/p>\n<ol>\n<li><strong>F\u00f6rb\u00e4ttrad s\u00e4kerhet:<\/strong>\u00a0Armbanden anv\u00e4nder RFID-teknik f\u00f6r att erbjuda s\u00e4kra entr\u00e9l\u00f6sningar, vilket avsev\u00e4rt minskar risken f\u00f6r obeh\u00f6rig \u00e5tkomst. Det h\u00e5llbara materialet och designen s\u00e4kerst\u00e4ller att de \u00e4r manipuleringss\u00e4kra.<\/li>\n<li><strong>Kontantl\u00f6sa l\u00f6sningar:<\/strong>\u00a0Med \u00f6kande konsumentpreferenser f\u00f6r kontantl\u00f6sa betalningar kan dessa armband integreras med betalningsbehandlingssystem, vilket g\u00f6r att deltagarna kan g\u00f6ra ink\u00f6p snabbt och utan anstr\u00e4ngning. Detta effektiviserar fl\u00f6det av handel under evenemang, vilket f\u00f6rb\u00e4ttrar g\u00e4stupplevelsen.<\/li>\n<li><strong>Bekv\u00e4mlighet och anv\u00e4ndarv\u00e4nlig:<\/strong>\u00a0Deltagarna kan helt enkelt skanna sina armband f\u00f6r intr\u00e4de och k\u00f6p, vilket minskar v\u00e4ntetiderna och g\u00f6r upplevelsen roligare.<\/li>\n<li><strong>Anpassning:<\/strong>\u00a0Varum\u00e4rken har m\u00f6jlighet att anpassa varje armband med logotyper, evenemangsdetaljer och QR-koder, vilket m\u00f6jligg\u00f6r effektiv branding och marknadsf\u00f6ring.<\/li>\n<li><strong>Kostnadseffektiv:<\/strong>\u00a0Eftersom de \u00e4r ett eng\u00e5ngsalternativ ger dessa armband ett ekonomiskt val utan att kompromissa med kvalitet eller s\u00e4kerhet.<\/li>\n<\/ol>\n<p>L\u00e5t oss nu gr\u00e4va djupare in i funktionerna i v\u00e5r\u00a0<strong>HF RFID NFC eng\u00e5ngsarmband f\u00f6r evenemangsbiljetter<\/strong>.<\/p>\n<p>&nbsp;<\/p>\n<h3><strong>Tekniska specifikationer<\/strong><\/h3>\n<table class=\"w-fit !mb-0 !max-w-none\">\n<thead>\n<tr>\n<th>S\u00e4rdrag<\/th>\n<th>Specifikation<\/th>\n<\/tr>\n<\/thead>\n<tbody>\n<tr>\n<td>Varum\u00e4rke<\/td>\n<td>SXNFC<\/td>\n<\/tr>\n<tr>\n<td>Ursprungsort<\/td>\n<td>Guangdong, Kina<\/td>\n<\/tr>\n<tr>\n<td>Frekvens<\/td>\n<td>13,56 MHz<\/td>\n<\/tr>\n<tr>\n<td>Protokoll<\/td>\n<td>ISO14443A<\/td>\n<\/tr>\n<tr>\n<td>Chip typ<\/td>\n<td>NFC-chip\/HF<\/td>\n<\/tr>\n<tr>\n<td>Anv\u00e4ndande<\/td>\n<td>Evenemangsbiljetter, \u00e5tkomstkontroll, kontantl\u00f6s betalning<\/td>\n<\/tr>\n<tr>\n<td>Material<\/td>\n<td>Dupont papper<\/td>\n<\/tr>\n<tr>\n<td>Storlek<\/td>\n<td>250*19,5 mm<\/td>\n<\/tr>\n<tr>\n<td>Utskrift<\/td>\n<td>Fullf\u00e4rg offsettryck<\/td>\n<\/tr>\n<\/tbody>\n<\/table>\n<p>&nbsp;<\/p>\n<h3><strong>Vanliga fr\u00e5gor (FAQs)<\/strong><\/h3>\n<p><strong>F1: Hur anpassar jag armbanden?<\/strong><br \/>\nS: Anpassningar kan beg\u00e4ras under best\u00e4llningsprocessen. Du kan ange din design, logotyp, QR-koder eller serienummer.<\/p>\n<p><strong>F2: \u00c4r armbanden vattent\u00e4ta?<\/strong><br \/>\nA: Ja, det\u00a0<strong>Dupont papper<\/strong>\u00a0Material som anv\u00e4nds i tillverkningen \u00e4r vattent\u00e5ligt, vilket s\u00e4kerst\u00e4ller att de klarar olika h\u00e4ndelsef\u00f6rh\u00e5llanden.<\/p>\n<p><strong>F3: Kan armbanden \u00e5teranv\u00e4ndas?<\/strong><br \/>\nS: Dessa armband \u00e4r endast avsedda f\u00f6r eng\u00e5ngsbruk; de s\u00e4kerst\u00e4ller maximal s\u00e4kerhet och manipulationss\u00e4kra funktioner under hela evenemanget.<\/p>\n<p>&nbsp;<\/p>\n<h3><strong>Samtidigt som du minskar avfallet: Milj\u00f6ansvarsfulla l\u00f6sningar<\/strong><\/h3>\n<p>I v\u00e5r str\u00e4van efter innovativa l\u00f6sningar \u00e4r vi ocks\u00e5 medvetna om v\u00e5r milj\u00f6p\u00e5verkan. De\u00a0<strong>HF UHF RFID NFC eng\u00e5ngsarmband<\/strong>\u00a0st\u00f6djer ekologisk h\u00e5llbarhet p\u00e5 f\u00f6ljande s\u00e4tt:<\/p>\n<ul>\n<li><strong>Design f\u00f6r eng\u00e5ngsbruk:<\/strong>\u00a0Som en\u00a0<strong>eng\u00e5ngsarmband<\/strong>, eliminerar du behovet av returprocesser och tv\u00e4tt, vilket sparar resurser och energi.<\/li>\n<li><strong>Material\u00f6verv\u00e4gande:<\/strong>\u00a0Anv\u00e4nder\u00a0<strong>Dupont papper<\/strong>, k\u00e4nd f\u00f6r att vara \u00e5tervinningsbar, bidrar till att minska det totala koldioxidavtrycket i samband med evenemangsmaterial.<\/li>\n<\/ul>","protected":false},"excerpt":{"rendered":"<p>Det disponibla HF RFID NFC-armbandet f\u00f6r evenemangsbiljetter erbjuder ett s\u00e4kert och effektivt s\u00e4tt att hantera \u00e5tkomstkontroll vid alla evenemang. Dess anpassningsbara design s\u00e4kerst\u00e4ller en s\u00f6ml\u00f6s deltagarupplevelse samtidigt som den m\u00f6jligg\u00f6r kontantl\u00f6sa betalningar och f\u00f6rb\u00e4ttrade s\u00e4kerhets\u00e5tg\u00e4rder.<\/p>","protected":false},"featured_media":3438,"template":"","meta":[],"product_brand":[],"product_cat":[50],"product_tag":[],"class_list":{"0":"post-3437","1":"product","2":"type-product","3":"status-publish","4":"has-post-thumbnail","6":"product_cat-silicone-rfid-nfc-wristbands","8":"first","9":"instock","10":"shipping-taxable","11":"product-type-simple"},"_links":{"self":[{"href":"https:\/\/nfc-readers.com\/sv\/wp-json\/wp\/v2\/product\/3437","targetHints":{"allow":["GET"]}}],"collection":[{"href":"https:\/\/nfc-readers.com\/sv\/wp-json\/wp\/v2\/product"}],"about":[{"href":"https:\/\/nfc-readers.com\/sv\/wp-json\/wp\/v2\/types\/product"}],"wp:featuredmedia":[{"embeddable":true,"href":"https:\/\/nfc-readers.com\/sv\/wp-json\/wp\/v2\/media\/3438"}],"wp:attachment":[{"href":"https:\/\/nfc-readers.com\/sv\/wp-json\/wp\/v2\/media?parent=3437"}],"wp:term":[{"taxonomy":"product_brand","embeddable":true,"href":"https:\/\/nfc-readers.com\/sv\/wp-json\/wp\/v2\/product_brand?post=3437"},{"taxonomy":"product_cat","embeddable":true,"href":"https:\/\/nfc-readers.com\/sv\/wp-json\/wp\/v2\/product_cat?post=3437"},{"taxonomy":"product_tag","embeddable":true,"href":"https:\/\/nfc-readers.com\/sv\/wp-json\/wp\/v2\/product_tag?post=3437"}],"curies":[{"name":"wp","href":"https:\/\/api.w.org\/{rel}","templated":true}]}}