{"id":3444,"date":"2024-11-03T06:44:10","date_gmt":"2024-11-03T06:44:10","guid":{"rendered":"https:\/\/nfc-readers.com\/?post_type=product&#038;p=3444"},"modified":"2024-11-04T08:51:14","modified_gmt":"2024-11-04T08:51:14","slug":"custom-fm1208-8k-memory-smart-campus-card","status":"publish","type":"product","link":"https:\/\/nfc-readers.com\/sv\/ic-reader\/custom-fm1208-8k-memory-smart-campus-card\/","title":{"rendered":"Custom FM1208 8k minne smart campus kort"},"content":{"rendered":"<h1><span style=\"color: #000080;\"><strong>Custom FM1208 8k minne smart campus kort<\/strong><\/span><\/h1>\n<p><span style=\"color: #666699;\">Framtiden f\u00f6r \u00e5tkomstkontrolll\u00f6sningar I en allt mer digital v\u00e4rld \u00e4r s\u00f6ml\u00f6s \u00e5tkomstkontroll viktigare \u00e4n n\u00e5gonsin. De <strong>Custom FM12088K Memory Smart Campus Card<\/strong>\u00a0\u00e4r designad f\u00f6r moderna institutioner som letar efter s\u00e4kra och effektiva s\u00e4tt att hantera \u00e5tkomst, identifiering och transaktioner p\u00e5 campus. Med 8K-minne, RFID- och NFC-kommunikationsm\u00f6jligheter och en robust design, framst\u00e5r detta kort som en viktig l\u00f6sning f\u00f6r utbildningsinstitutioner, f\u00f6retag och organisationer. Denna produkt erbjuder m\u00e5nga f\u00f6rdelar som g\u00f6r den till en v\u00e4rdefull investering f\u00f6r alla f\u00f6retag som fokuserar p\u00e5 f\u00f6rb\u00e4ttrad s\u00e4kerhet och str\u00f6mlinjeformad verksamhet.<\/span><\/p>\n<p>&nbsp;<\/p>\n<h2 style=\"text-align: center;\"><em><strong><span style=\"color: #000080;\">Varf\u00f6r v\u00e4lja Custom FM12088K Memory Smart Campus Card?<\/span><\/strong><\/em><\/h2>\n<p>Custom FM12088K Memory Smart Campus Card \u00e4r mer \u00e4n bara en bit plast; det \u00e4r ett innovativt verktyg som integrerar avancerad teknik med praktiska till\u00e4mpningar. De viktigaste f\u00f6rdelarna inkluderar:<\/p>\n<ul>\n<li><strong>\u00d6kad s\u00e4kerhet<\/strong>: Med avancerad\u00a0<strong>Mifare Desfire<\/strong>\u00a0f\u00f6rm\u00e5gor och\u00a0<strong>\u00f6msesidig autentisering<\/strong>, blir ditt passersystem betydligt s\u00e4krare.<\/li>\n<li><strong>F\u00f6rb\u00e4ttrad anv\u00e4ndarupplevelse<\/strong>: Designad f\u00f6r enkel anv\u00e4ndning, kortets\u00a0<strong>kontaktl\u00f6s design<\/strong>\u00a0ger snabb och bekv\u00e4m \u00e5tkomst \u2013 perfekt f\u00f6r livliga campusmilj\u00f6er.<\/li>\n<li><strong>M\u00e5ngsidiga applikationer<\/strong>: Inte begr\u00e4nsat till \u00e5tkomstkontroll, dessa kort kan ocks\u00e5 anv\u00e4ndas f\u00f6r finansiella transaktioner, biljettf\u00f6rs\u00e4ljning och lojalitetsprogram.<\/li>\n<li><strong>H\u00e5llbarhet och livsl\u00e4ngd<\/strong>: Tillverkad av\u00a0<strong>PVC<\/strong>, dessa kort \u00e4r\u00a0<strong>vattent\u00e4t\/v\u00e4derbest\u00e4ndig<\/strong>, vilket s\u00e4kerst\u00e4ller l\u00e5ng livsl\u00e4ngd \u00e4ven under utmanande milj\u00f6f\u00f6rh\u00e5llanden.<\/li>\n<\/ul>\n<hr \/>\n<h2><\/h2>\n<h2 style=\"text-align: center;\"><span style=\"color: #000080;\"><em><strong>Utveckling av Mifare-teknik<\/strong><\/em><\/span><\/h2>\n<p><span style=\"color: #008080;\">Mifare-tekniken har utvecklats under \u00e5ren och \u00f6verg\u00e5tt fr\u00e5n originalet <strong>Mifare Classic<\/strong>\u00a0familj till avancerade iterationer som\u00a0<strong>Mifare Desfire<\/strong>\u00a0serie. <\/span><\/p>\n<p><span style=\"color: #008080;\">Dessa framsteg m\u00f6jligg\u00f6r st\u00f6rre minneskapacitet, h\u00f6gre s\u00e4kerhetsfunktioner och olika applikationer. FM1208:an\u00a0<strong>8K minne<\/strong>\u00a0bekr\u00e4ftar sin f\u00f6rm\u00e5ga att hantera komplexa datatransaktioner s\u00e4kert och effektivt.<\/span><\/p>\n<p>&nbsp;<\/p>\n<h2 style=\"text-align: center;\"><em><strong><span style=\"color: #000080;\">Viktiga attribut f\u00f6r smartkort<\/span><\/strong><\/em><\/h2>\n<h3>Smartkort som FM1208 erbjuder flera nyckelegenskaper, inklusive:<\/h3>\n<ul>\n<li><strong>Kontaktl\u00f6s kommunikation<\/strong>: Anv\u00e4nder\u00a0<strong>RFID\/NFC<\/strong>\u00a0teknologi kan kortet skannas snabbt utan fysisk kontakt, vilket ger snabb \u00e5tkomst.<\/li>\n<li><strong>H\u00f6g s\u00e4kerhet<\/strong>: Med\u00a0<strong>krypteringsnycklar<\/strong>\u00a0och \u00f6msesidig autentiseringsfunktioner kan anv\u00e4ndare vara s\u00e4kra p\u00e5 att deras referenser \u00e4r s\u00e4kra.<\/li>\n<li><strong>Skalbarhet<\/strong>: FM1208 kan enkelt integreras i befintliga system eller skalas f\u00f6r att m\u00f6ta v\u00e4xande campusbehov, vilket f\u00f6rb\u00e4ttrar den totala operativa effektiviteten.<\/li>\n<\/ul>\n<hr \/>\n<h2><\/h2>\n<h2 style=\"text-align: center;\"><em><span style=\"color: #000080;\"><strong>Unika egenskaper<\/strong><\/span><\/em><\/h2>\n<p><span style=\"color: #666699;\">Custom FM1208 Smart Campus Card kommer packat med unika funktioner designade f\u00f6r dagens tekniska landskap.<\/span><\/p>\n<h3><span style=\"color: #333399;\"><strong>Vattent\u00e4t och v\u00e4derbest\u00e4ndig<\/strong><\/span><\/h3>\n<p>Detta smartkort \u00e4r konstruerat f\u00f6r att t\u00e5la tuffa f\u00f6rh\u00e5llanden, vilket g\u00f6r det l\u00e4mpligt f\u00f6r b\u00e5de inomhus- och utomhusapplikationer. De\u00a0<strong>PVC<\/strong>\u00a0material som anv\u00e4nds s\u00e4kerst\u00e4ller att det f\u00f6rblir intakt och fullt funktionellt under olika milj\u00f6belastningar.<\/p>\n<p>&nbsp;<\/p>\n<h3><span style=\"color: #333399;\"><strong>Mini Tag-kompatibilitet<\/strong><\/span><\/h3>\n<p>FM1208 kan ocks\u00e5 fungera som en\u00a0<strong>mini-tagg<\/strong>, vilket m\u00f6jligg\u00f6r olika anv\u00e4ndningsscenarier. Oavsett om det \u00e4r integrerat i kl\u00e4der, ryggs\u00e4ckar eller pl\u00e5nb\u00f6cker, erbjuder det flexibilitet f\u00f6r b\u00e5de studenter och personal.<\/p>\n<hr \/>\n<h3><span style=\"color: #333399;\"><strong>Tekniska specifikationer<\/strong><\/span><\/h3>\n<p><strong>H\u00e4r \u00e4r en detaljerad titt p\u00e5 de tekniska specifikationerna f\u00f6r Custom FM12088K Memory Smart Campus Card:<\/strong><\/p>\n<div class=\"table-with-header rounded-lg border border-solid border-grey-line2-normal w-fit max-w-full mb-2\">\n<div class=\"overflow-x-auto custom-scrollbar custom-scrollbar-float max-w-full\">\n<table class=\"w-fit !mb-0 !max-w-none\">\n<thead>\n<tr>\n<th>S\u00e4rdrag<\/th>\n<th>Specifikation<\/th>\n<\/tr>\n<\/thead>\n<tbody>\n<tr>\n<td><strong>Produktnamn<\/strong><\/td>\n<td>RFID-kort<\/td>\n<\/tr>\n<tr>\n<td><strong>Chips<\/strong><\/td>\n<td>FM1208<\/td>\n<\/tr>\n<tr>\n<td><strong>Minne<\/strong><\/td>\n<td>8K<\/td>\n<\/tr>\n<tr>\n<td><strong>Material<\/strong><\/td>\n<td>PVC<\/td>\n<\/tr>\n<tr>\n<td><strong>Storlek<\/strong><\/td>\n<td>85,5 x 54 mm<\/td>\n<\/tr>\n<tr>\n<td><strong>Frekvens<\/strong><\/td>\n<td>13,56 MHz<\/td>\n<\/tr>\n<tr>\n<td><strong>L\u00e4savst\u00e5nd<\/strong><\/td>\n<td>1-10 cm<\/td>\n<\/tr>\n<tr>\n<td><strong>MOQ (Minsta orderantal)<\/strong><\/td>\n<td>500<\/td>\n<\/tr>\n<tr>\n<td><strong>Utskrift<\/strong><\/td>\n<td>Offsettryck<\/td>\n<\/tr>\n<tr>\n<td><strong>Ursprungsort<\/strong><\/td>\n<td>Guangdong, Kina<\/td>\n<\/tr>\n<tr>\n<td><strong>Ans\u00f6kan<\/strong><\/td>\n<td>\u00c5tkomstkontroll, Transaktioner<\/td>\n<\/tr>\n<\/tbody>\n<\/table>\n<\/div>\n<\/div>\n<p><strong>Dessa specifikationer visar upp ett kort som betonar s\u00e4kerhet, h\u00e5llbarhet och effektivitet.<\/strong><\/p>\n<hr \/>\n<h2><\/h2>\n<h2 style=\"text-align: center;\"><em><span style=\"color: #000080;\"><strong>Milj\u00f6p\u00e5verkan och h\u00e5llbarhet<\/strong><\/span><\/em><\/h2>\n<p><span style=\"color: #666699;\">Custom FM1208-kortet inser teknologins milj\u00f6avtryck och antar ett h\u00e5llbart tillv\u00e4gag\u00e5ngss\u00e4tt. Byggs av\u00a0<strong>PVC<\/strong>ger den h\u00e5llbarhet utan att kompromissa med milj\u00f6h\u00e4nsyn. H\u00e5llbara metoder- <strong>\u00c5tervinningsbarhet<\/strong>: Materialen som anv\u00e4nds kan \u00e5tervinnas, vilket betonar ett engagemang f\u00f6r milj\u00f6v\u00e5rd.<\/span><\/p>\n<ul>\n<li><strong>L\u00e5ng livsl\u00e4ngd<\/strong>: Med en h\u00e5llbar design minskar kortet behovet av frekventa byten, vilket i slut\u00e4ndan minskar avfallet.<\/li>\n<\/ul>\n<hr \/>\n<h2><\/h2>\n<h2 style=\"text-align: center;\"><em><span style=\"color: #000080;\"><strong>Applikationer inom utbildning och vidare<\/strong><\/span><\/em><\/h2>\n<p><span style=\"color: #666699;\">Custom FM1208 Smart Campus Card tj\u00e4nar olika till\u00e4mpningar, s\u00e4rskilt i utbildningsinstitutioner, vilket f\u00f6rb\u00e4ttrar den \u00f6vergripande campusupplevelsen.<\/span><\/p>\n<p>&nbsp;<\/p>\n<h2 style=\"text-align: center;\"><em><strong><span style=\"color: #000080;\">I utbildningsinstitutioner<\/span><\/strong><\/em><\/h2>\n<p style=\"text-align: left;\">1.\u00a0<strong>\u00c5tkomstkontroll<\/strong>: S\u00e4ker ing\u00e5ng till byggnader, bibliotek eller labb.<\/p>\n<ol start=\"2\">\n<li><strong>Campus ID<\/strong>: Korten fungerar som studentlegitimationer och f\u00f6renklar identifieringsprocesserna.<\/li>\n<li><strong>Betalningssystem<\/strong>: Integration med skolan st\u00e5r f\u00f6r kontantl\u00f6sa transaktioner vid cafeterier och varuautomater.<\/li>\n<\/ol>","protected":false},"excerpt":{"rendered":"<p>Custom FM12088K Memory Smart Campus Card erbjuder s\u00e4ker, kontaktl\u00f6s \u00e5tkomstkontroll, perfekt f\u00f6r utbildningsinstitutioner och f\u00f6retag. H\u00e5llbar och m\u00e5ngsidig!<\/p>","protected":false},"featured_media":3449,"template":"","meta":[],"product_brand":[],"product_cat":[46],"product_tag":[],"class_list":{"0":"post-3444","1":"product","2":"type-product","3":"status-publish","4":"has-post-thumbnail","6":"product_cat-nfc-cards","8":"first","9":"instock","10":"shipping-taxable","11":"product-type-simple"},"_links":{"self":[{"href":"https:\/\/nfc-readers.com\/sv\/wp-json\/wp\/v2\/product\/3444","targetHints":{"allow":["GET"]}}],"collection":[{"href":"https:\/\/nfc-readers.com\/sv\/wp-json\/wp\/v2\/product"}],"about":[{"href":"https:\/\/nfc-readers.com\/sv\/wp-json\/wp\/v2\/types\/product"}],"wp:featuredmedia":[{"embeddable":true,"href":"https:\/\/nfc-readers.com\/sv\/wp-json\/wp\/v2\/media\/3449"}],"wp:attachment":[{"href":"https:\/\/nfc-readers.com\/sv\/wp-json\/wp\/v2\/media?parent=3444"}],"wp:term":[{"taxonomy":"product_brand","embeddable":true,"href":"https:\/\/nfc-readers.com\/sv\/wp-json\/wp\/v2\/product_brand?post=3444"},{"taxonomy":"product_cat","embeddable":true,"href":"https:\/\/nfc-readers.com\/sv\/wp-json\/wp\/v2\/product_cat?post=3444"},{"taxonomy":"product_tag","embeddable":true,"href":"https:\/\/nfc-readers.com\/sv\/wp-json\/wp\/v2\/product_tag?post=3444"}],"curies":[{"name":"wp","href":"https:\/\/api.w.org\/{rel}","templated":true}]}}