{"id":3450,"date":"2024-11-03T08:01:44","date_gmt":"2024-11-03T08:01:44","guid":{"rendered":"https:\/\/nfc-readers.com\/?post_type=product&#038;p=3450"},"modified":"2024-11-04T08:45:59","modified_gmt":"2024-11-04T08:45:59","slug":"nfc-with-qr-code-stainless-contactless-business-card","status":"publish","type":"product","link":"https:\/\/nfc-readers.com\/sv\/ic-reader\/nfc-with-qr-code-stainless-contactless-business-card\/","title":{"rendered":"NFC med QR-kod Rostfritt kontaktl\u00f6st visitkort"},"content":{"rendered":"<h1><span style=\"color: #000080;\"><strong>NFC med QR-kod Rostfritt kontaktl\u00f6st visitkort<\/strong><\/span><\/h1>\n<p><span style=\"color: #666699;\">I dagens snabba digitala v\u00e4rld \u00e4r behovet av innovativa och effektiva n\u00e4tverksl\u00f6sningar viktigare \u00e4n n\u00e5gonsin. Ange <strong>NFC med QR-kod Rostfritt kontaktl\u00f6st visitkort<\/strong>, ett banbrytande verktyg utformat f\u00f6r att omdefiniera hur proffs delar sin information. Genom att kombinera modern teknik med snygg design, l\u00e5ter detta visitkort anv\u00e4ndare enkelt dela sina kontaktuppgifter, sociala profiler och mer genom enkla tryckningar och skanningar. Med otaliga anpassningsm\u00f6jligheter f\u00f6rb\u00e4ttrar detta kontaktl\u00f6sa visitkort inte bara din professionella image utan effektiviserar ocks\u00e5 n\u00e4tverksprocesser.<\/span><\/p>\n<p>&nbsp;<\/p>\n<h2 style=\"text-align: center;\"><span style=\"color: #000080;\"><strong>Nyckelattribut f\u00f6r NFC-visitkort\u00a0<\/strong><\/span><\/h2>\n<p>NFC-tekniken f\u00f6r\u00e4ndrar n\u00e4tverk genom att tillhandah\u00e5lla unika egenskaper som skiljer det fr\u00e5n traditionella visitkort. Dessa kort underl\u00e4ttar snabb och effektiv informationsdelning, vilket g\u00f6r det m\u00f6jligt f\u00f6r anv\u00e4ndare att \u00f6verf\u00f6ra sina kontaktuppgifter med ett enkelt tryck p\u00e5 en smartphone. De\u00a0<strong>NFC med QR-kod Rostfritt kontaktl\u00f6st visitkort<\/strong>\u00a0inneh\u00e5ller avancerad teknik som:<\/p>\n<ul>\n<li><strong>RFID-kommunikation:<\/strong>\u00a0Fungerar p\u00e5 en frekvens p\u00e5 13,56 MHz, vilket m\u00f6jligg\u00f6r snabba anslutningar mellan enheter.<\/li>\n<li><strong>Anpassade chipalternativ:<\/strong>\u00a0Finns med NTAG213, NTAG215 eller NTAG216 chips, vilket ger flexibilitet baserat p\u00e5 anv\u00e4ndarens behov.<\/li>\n<\/ul>\n<p>Genom att utnyttja dessa nyckelegenskaper representerar detta visitkort inte bara ditt professionella varum\u00e4rke utan visar ocks\u00e5 ditt engagemang f\u00f6r innovation.<\/p>\n<p>&nbsp;<\/p>\n<h2 style=\"text-align: center;\"><span style=\"color: #000080;\"><em><strong>Designfunktioner: <\/strong><\/em><\/span><\/h2>\n<h2>G\u00f6ra ett best\u00e5ende intryck<\/h2>\n<p><strong>Estetisk \u00f6verklagande<\/strong>\u00a0\u00e4r avg\u00f6rande i all aff\u00e4rsinteraktion. De\u00a0<strong>NFC med QR-kod Rostfritt kontaktl\u00f6st visitkort<\/strong>\u00a0\u00e4r designad med en rad anpassningsbara funktioner f\u00f6r att passa individuella preferenser, vilket s\u00e4kerst\u00e4ller att den inte bara sticker ut utan ocks\u00e5 \u00e4r i linje med din varum\u00e4rkesidentitet. Viktiga designfunktioner inkluderar:<\/p>\n<ul>\n<li><strong>Avslutar:<\/strong>\u00a0V\u00e4lj mellan blanka eller matta ytor f\u00f6r ett sofistikerat utseende som passar din stil.<\/li>\n<li><strong>Materialalternativ:<\/strong>\u00a0Dessa kort \u00e4r tillverkade av h\u00f6gkvalitativt rostfritt st\u00e5l och ser inte bara lyxiga ut utan ger ocks\u00e5 h\u00e5llbarhet mot slitage.<\/li>\n<li><strong>Anpassade logotyper och m\u00f6nster:<\/strong>\u00a0Anpassa ditt kort med din logotyp etsad, skapa en unik touch som f\u00f6rb\u00e4ttrar ditt varum\u00e4rkes synlighet.<\/li>\n<\/ul>\n<p>Genom att investera i ett professionellt designat NFC-visitkort skiljer du dig fr\u00e5n konkurrenterna.<\/p>\n<p>&nbsp;<\/p>\n<h2 style=\"text-align: center;\"><span style=\"color: #000080;\"><em><strong>Vattent\u00e4t och v\u00e4derbest\u00e4ndig h\u00e5llbarhet <\/strong><\/em><\/span><\/h2>\n<p><span style=\"color: #666699;\">I det dagliga n\u00e4tverkandets liv och r\u00f6relse beh\u00f6ver du ett visitkort som t\u00e5l olika milj\u00f6f\u00f6rh\u00e5llanden. <\/span><\/p>\n<p><span style=\"color: #666699;\">Det rostfria materialet i\u00a0<strong>NFC med QR-kod Rostfritt kontaktl\u00f6st visitkort<\/strong>\u00a0\u00e4r:<\/span><\/p>\n<ul>\n<li><strong>Vattent\u00e4t:<\/strong>\u00a0Skyddar din information mot oavsiktligt spill och v\u00e5ta f\u00f6rh\u00e5llanden.<\/li>\n<li><strong>V\u00e4derbest\u00e4ndig:<\/strong>\u00a0Perfekt f\u00f6r alla klimat, vilket s\u00e4kerst\u00e4ller att ditt kort f\u00f6rblir intakt och fullt fungerande oavsett yttre element.<\/li>\n<\/ul>\n<p>Denna h\u00e5llbarhet s\u00e4kerst\u00e4ller att ditt kort kommer att beh\u00e5lla sina estetiska och funktionella egenskaper \u00f6ver tid, vilket g\u00f6r det till en klok investering.<\/p>\n<p>&nbsp;<\/p>\n<h2 style=\"text-align: center;\"><em><strong><span style=\"color: #000080;\">Anv\u00e4ndarv\u00e4nligt kommunikationsgr\u00e4nssnitt\u00a0<\/span><\/strong><\/em><\/h2>\n<p>En av de mest anm\u00e4rkningsv\u00e4rda egenskaperna hos\u00a0<strong>NFC med QR-kod Rostfritt kontaktl\u00f6st visitkort<\/strong>\u00a0\u00e4r dess anv\u00e4ndarv\u00e4nliga kommunikationsgr\u00e4nssnitt. F\u00f6rm\u00e5gan att anv\u00e4nda b\u00e5da\u00a0<strong>NFC och RFID<\/strong>\u00a0teknologier s\u00e4kerst\u00e4ller att din information kan n\u00e5s snabbt och enkelt av olika enheter. S\u00e5 h\u00e4r fungerar det:<\/p>\n<ul>\n<li><strong>NFC-teknik:<\/strong>\u00a0Anv\u00e4ndare beh\u00f6ver helt enkelt trycka sin smartphone mot kortet f\u00f6r att h\u00e4mta kontaktuppgifter. Denna enkelhet fr\u00e4mjar snabba interaktioner i n\u00e4tverksinst\u00e4llningar.<\/li>\n<li><strong>QR-kodsintegration:<\/strong>\u00a0Kortet har en integrerad QR-kod, vilket ger ytterligare ett s\u00e4tt att dela information f\u00f6r dem som kanske inte har NFC-aktiverade enheter.<\/li>\n<\/ul>\n<p>Detta gr\u00e4nssnitt f\u00f6r dubbla kommunikationer s\u00e4kerst\u00e4ller att du kan ansluta till potentiella kunder eller partners utan anstr\u00e4ngning.<\/p>\n<p>&nbsp;<\/p>\n<h2 style=\"text-align: center;\"><span style=\"color: #000080;\"><em><strong>Specifikationer som spelar roll<\/strong><\/em><\/span><\/h2>\n<p>|\u00a0<strong>Material<\/strong>\u00a0| Rostfritt st\u00e5l |<br \/>\n|\u00a0<strong>Frekvens<\/strong>\u00a0|13,56 MHz |<br \/>\n|\u00a0<strong>Storlek<\/strong>\u00a0|85,5 mm x54 mm \/ Custom |<br \/>\n|\u00a0<strong>Tjocklek<\/strong>\u00a0|0,8 mm \/ Custom |<br \/>\n|\u00a0<strong>Chipalternativ<\/strong> | Anpassad \/ NTAG213 \/215 \/216 |<br \/>\n|\u00a0<strong>F\u00e4rgalternativ<\/strong>\u00a0| Svart, vit, ros\u00e9guld, guld, bl\u00e5 |<br \/>\n|\u00a0<strong>Specialfunktioner<\/strong>\u00a0| Vattent\u00e4t \/ V\u00e4dert\u00e4t, Lyx|<\/p>\n<p>&nbsp;<\/p>\n<h2 style=\"text-align: center;\"><span style=\"color: #000080;\"><em><strong>FAQ-sektionen<\/strong><\/em><\/span><\/h2>\n<p><strong><span style=\"color: #008080;\">F: Kan jag anpassa kortets design?<\/span><\/strong><\/p>\n<p>A: Absolut! Du kan v\u00e4lja f\u00e4rger, ytfinish och till och med gravyrer f\u00f6r logotyper, vilket g\u00f6r ditt kort helt unikt.<\/p>\n<p>&nbsp;<\/p>\n<p><strong><span style=\"color: #008080;\">F: \u00c4r NFC-funktionen kompatibel med alla smartphones?<\/span><\/strong><\/p>\n<p>S: Ja, NFC-kortet \u00e4r utformat f\u00f6r att fungera med de flesta smartphones som st\u00f6der NFC-teknik.<\/p>","protected":false},"excerpt":{"rendered":"<p>Revolutionera n\u00e4tverkandet med v\u00e5rt NFC- och QR-kod rostfria kontaktl\u00f6sa visitkort \u2013 dela information utan anstr\u00e4ngning med en elegant, anpassningsbar design!<\/p>","protected":false},"featured_media":3448,"template":"","meta":[],"product_brand":[],"product_cat":[46],"product_tag":[],"class_list":{"0":"post-3450","1":"product","2":"type-product","3":"status-publish","4":"has-post-thumbnail","6":"product_cat-nfc-cards","8":"first","9":"instock","10":"shipping-taxable","11":"product-type-simple"},"_links":{"self":[{"href":"https:\/\/nfc-readers.com\/sv\/wp-json\/wp\/v2\/product\/3450","targetHints":{"allow":["GET"]}}],"collection":[{"href":"https:\/\/nfc-readers.com\/sv\/wp-json\/wp\/v2\/product"}],"about":[{"href":"https:\/\/nfc-readers.com\/sv\/wp-json\/wp\/v2\/types\/product"}],"wp:featuredmedia":[{"embeddable":true,"href":"https:\/\/nfc-readers.com\/sv\/wp-json\/wp\/v2\/media\/3448"}],"wp:attachment":[{"href":"https:\/\/nfc-readers.com\/sv\/wp-json\/wp\/v2\/media?parent=3450"}],"wp:term":[{"taxonomy":"product_brand","embeddable":true,"href":"https:\/\/nfc-readers.com\/sv\/wp-json\/wp\/v2\/product_brand?post=3450"},{"taxonomy":"product_cat","embeddable":true,"href":"https:\/\/nfc-readers.com\/sv\/wp-json\/wp\/v2\/product_cat?post=3450"},{"taxonomy":"product_tag","embeddable":true,"href":"https:\/\/nfc-readers.com\/sv\/wp-json\/wp\/v2\/product_tag?post=3450"}],"curies":[{"name":"wp","href":"https:\/\/api.w.org\/{rel}","templated":true}]}}