{"id":3451,"date":"2024-11-03T08:34:25","date_gmt":"2024-11-03T08:34:25","guid":{"rendered":"https:\/\/nfc-readers.com\/?post_type=product&#038;p=3451"},"modified":"2024-11-04T08:44:09","modified_gmt":"2024-11-04T08:44:09","slug":"google-review-ntag213-215-216-nfc-card","status":"publish","type":"product","link":"https:\/\/nfc-readers.com\/sv\/ic-reader\/google-review-ntag213-215-216-nfc-card\/","title":{"rendered":"NTAG213 215 216 NFC-kort f\u00f6r Google Review"},"content":{"rendered":"<h1><span style=\"color: #000080;\"><strong>NTAG213 215 216 NFC-kort f\u00f6r Google Review <\/strong><\/span><\/h1>\n<p><span style=\"color: #666699;\">Framtiden f\u00f6r smarta n\u00e4tverk I en allt mer digital v\u00e4rld \u00e4r det viktigare \u00e4n n\u00e5gonsin att h\u00e5lla kontakten. De <strong>NTAG213 215 216 NFC-kort f\u00f6r Google Review<\/strong> fungerar som en innovativ n\u00e4tverksl\u00f6sning utformad f\u00f6r att f\u00f6r\u00e4ndra hur proffs delar kontaktinformation. Detta smartkort kombinerar elegant design med banbrytande teknologi, vilket g\u00f6r att anv\u00e4ndare kan dela sin information utan anstr\u00e4ngning genom kontaktl\u00f6s NFC (Near Field Communication) och QR-kodfunktioner. Oavsett om du \u00e4r i behov av ett visitkort som uppmanar till femstj\u00e4rniga recensioner eller ett m\u00e5ngsidigt verktyg f\u00f6r \u00e5tkomstkontroll, passar detta NFC-kort till alla.<\/span><\/p>\n<hr \/>\n<h2 style=\"text-align: center;\"><em><strong><span style=\"color: #000080;\">Produktf\u00f6rdelar<\/span><\/strong><\/em><\/h2>\n<h2>Att investera i\u00a0<strong>NTAG213215216 NFC-kort<\/strong>\u00a0erbjuder m\u00e5nga f\u00f6rdelar:<\/h2>\n<ul>\n<li><strong>S\u00f6ml\u00f6st n\u00e4tverkande<\/strong>: Med ett enkelt tryck kan du dela dina kontaktuppgifter, sociala medieprofiler och mer, vilket g\u00f6r n\u00e4tverkandet effektivt.<\/li>\n<li><strong>Anpassningsalternativ<\/strong>: Anpassa ditt kort med anpassade storlekar, tryck och till och med din unika logotyp \u2013 s\u00e5 att du g\u00f6r ett minnesv\u00e4rt intryck.<\/li>\n<li><strong>H\u00e5llbarhet och p\u00e5litlighet<\/strong>: Designad f\u00f6r att t\u00e5la v\u00e4der och vind, den\u00a0<strong>vattent\u00e4t<\/strong>\u00a0och\u00a0<strong>v\u00e4derbest\u00e4ndig<\/strong>\u00a0funktioner skyddar din information och s\u00e4kerst\u00e4ller att den f\u00f6rblir intakt \u00f6ver tiden.<\/li>\n<li><strong>Avancerad teknik<\/strong>: Genom att anv\u00e4nda NXP:s NTAG-chips ger dessa kort ett p\u00e5litligt kommunikationsgr\u00e4nssnitt som \u00e4r idealiskt f\u00f6r olika applikationer, fr\u00e5n smart konsumentinteraktion till s\u00e4kra system f\u00f6r \u00e5tkomstkontroll.<\/li>\n<\/ul>\n<p>De\u00a0<strong>Google Review NTAG213215216 NFC-kort<\/strong> \u00e4r inte bara ett visitkort; det \u00e4r ett m\u00e5ngfacetterat verktyg som f\u00f6rb\u00e4ttrar din professionella image och samtidigt effektiviserar interaktioner.<\/p>\n<p>&nbsp;<\/p>\n<h2 style=\"text-align: center;\"><span style=\"color: #000080;\"><em><strong>Tekniska specifikationer<\/strong><\/em><\/span><\/h2>\n<p>H\u00e4r \u00e4r de detaljerade tekniska specifikationerna som definierar NTAG213 215 216 NFC-kortet f\u00f6r Google Review:<\/p>\n<div class=\"table-with-header rounded-lg border border-solid border-grey-line2-normal w-fit max-w-full mb-2\">\n<div class=\"h-8 items-center flex justify-between px-2 text-xs border-0 border-b border-solid border-grey-line2-normal\">\n<div class=\"h-[26px] w-[26px] text-text-primary-3 cursor-pointer hover:text-text-primary-2 flex-center\"><\/div>\n<\/div>\n<div class=\"overflow-x-auto custom-scrollbar custom-scrollbar-float max-w-full\">\n<table class=\"w-fit !mb-0 !max-w-none\">\n<thead>\n<tr>\n<th><strong>Specifikation<\/strong><\/th>\n<th><strong>V\u00e4rde<\/strong><\/th>\n<\/tr>\n<\/thead>\n<tbody>\n<tr>\n<td><strong>Material<\/strong><\/td>\n<td>Epoxi, PVC, papper eller PET<\/td>\n<\/tr>\n<tr>\n<td><strong>Frekvens<\/strong><\/td>\n<td>13,56 MHz<\/td>\n<\/tr>\n<tr>\n<td><strong>Storlek<\/strong><\/td>\n<td>Anpassade storlekar tillg\u00e4ngliga<\/td>\n<\/tr>\n<tr>\n<td><strong>Tjocklek<\/strong><\/td>\n<td>Anpassade storlekar tillg\u00e4ngliga<\/td>\n<\/tr>\n<tr>\n<td><strong>Minne<\/strong><\/td>\n<td>144 504 eller 888 byte<\/td>\n<\/tr>\n<tr>\n<td><strong>Chipalternativ<\/strong><\/td>\n<td>NTAG213, NTAG215, NTAG216<\/td>\n<\/tr>\n<tr>\n<td><strong>Utskriftsteknik<\/strong><\/td>\n<td>CMYK offsettryck<\/td>\n<\/tr>\n<tr>\n<td><strong>Typ<\/strong><\/td>\n<td>NFC Forum Typ2<\/td>\n<\/tr>\n<tr>\n<td><strong>Specialfunktioner<\/strong><\/td>\n<td>Vattent\u00e4t, v\u00e4derbest\u00e4ndig<\/td>\n<\/tr>\n<\/tbody>\n<\/table>\n<\/div>\n<\/div>\n<p>Dessa specifikationer illustrerar den tekniska kompetensen hos NTAG213 215 216 NFC-kortet f\u00f6r Google Review , vilket s\u00e4kerst\u00e4ller anv\u00e4ndbarhet och funktionalitet.<\/p>\n<p>&nbsp;<\/p>\n<h2 style=\"text-align: center;\"><em><span style=\"color: #000080;\"><strong>\u00d6versikt \u00f6ver funktioner och attribut<\/strong><\/span><\/em><\/h2>\n<h2 style=\"text-align: center;\"><strong>Nyckelattribut f\u00f6r NFC-kortet<\/strong><\/h2>\n<p>NTAG213 215 216 NFC-kortet f\u00f6r Google Review har flera nyckelegenskaper som skiljer det fr\u00e5n konventionella kort. Driftsfrekvensen f\u00f6r\u00a0<strong>13,56 MHz<\/strong>\u00a0s\u00e4kerst\u00e4ller snabb kommunikation, vilket g\u00f6r att enheter kan ansluta omedelbart f\u00f6r en smidigare anv\u00e4ndarupplevelse. Tillg\u00e4ngliga chipalternativ inkluderar NTAG213, NTAG215 eller NTAG216, som tillgodoser olika minneskrav.<\/p>\n<p>&nbsp;<\/p>\n<h2 style=\"text-align: center;\"><span style=\"color: #000080;\"><em><strong>Branschspecifika applikationer<\/strong><\/em><\/span><\/h2>\n<p>Detta NFC-kort \u00e4r inte enbart utformat f\u00f6r aff\u00e4rsn\u00e4tverk. Dess anpassningsf\u00f6rm\u00e5ga m\u00f6jligg\u00f6r anv\u00e4ndning i olika branscher, s\u00e5som:<\/p>\n<ul>\n<li><strong>\u00c5tkomstkontroll<\/strong>: Integrera s\u00f6ml\u00f6st med ditt kontors s\u00e4kerhetssystem, vilket ger anst\u00e4llda s\u00e4ker intr\u00e4de utan fysiska nycklar.<\/li>\n<li><strong>Kollektivtrafik<\/strong>: Anv\u00e4nd kort f\u00f6r biljettf\u00f6rs\u00e4ljning, till\u00e5t omedelbara transaktioner och minska v\u00e4ntetiderna.<\/li>\n<li><strong>Event Management<\/strong>: Anv\u00e4nd f\u00f6r deltagares intr\u00e4de p\u00e5 konferenser; tryck f\u00f6r att f\u00e5 \u00e5tkomst och ers\u00e4tta traditionella pappersbiljetter.<\/li>\n<\/ul>\n<p>De <strong>NTAG213215216 NFC-kort<\/strong>\u00a0kan anv\u00e4ndas \u00f6ver applikationer, vilket visar upp dess m\u00e5ngsidighet som en smart kontaktl\u00f6sning.<\/p>\n<p>&nbsp;<\/p>\n<h3 style=\"text-align: center;\"><span style=\"color: #000080;\"><em><strong>Specialfunktioner f\u00f6r NFC-kortet<\/strong><\/em><\/span><\/h3>\n<p>De\u00a0<strong>vattent\u00e4t<\/strong>\u00a0och\u00a0<strong>v\u00e4derbest\u00e4ndig<\/strong>\u00a0funktioner i\u00a0<strong>NTAG213215216 NFC-kort<\/strong>\u00a0s\u00e4kerst\u00e4ller h\u00e5llbarhet, vilket g\u00f6r den idealisk f\u00f6r olika f\u00f6rh\u00e5llanden. Gl\u00f6m att oroa dig n\u00e4r du av misstag uts\u00e4tts f\u00f6r spill eller extremt v\u00e4der; ditt korts integritet f\u00f6rblir intakt.<\/p>\n<p>Dessutom har kortets skrivt\u00e5lighet p\u00e5 upp till\u00a0<strong>100 000 g\u00e5nger<\/strong>\u00a0m\u00f6jligg\u00f6r flera anv\u00e4ndningar utan att kompromissa med effektiviteten. Dess f\u00f6rm\u00e5ga att beh\u00e5lla information under l\u00e5nga anv\u00e4ndningsperioder s\u00e4kerst\u00e4ller att ditt n\u00e4tverksverktyg f\u00f6rblir funktionellt i flera \u00e5r.<\/p>\n<p>&nbsp;<\/p>\n<h2 style=\"text-align: center;\"><span style=\"color: #000080;\"><em><strong>Kommunikationsgr\u00e4nssnitt<\/strong><\/em><\/span><\/h2>\n<h3><strong>S\u00f6ml\u00f6s anslutning<\/strong><\/h3>\n<p>Utrustad med ett avancerat kommunikationsgr\u00e4nssnitt som anv\u00e4nder\u00a0<strong>NFC<\/strong>, NTAG213 215 216 NFC-kortet f\u00f6r Google Review s\u00e4kerst\u00e4ller n\u00e4stan omedelbara anslutningar med kompatibla enheter. Anv\u00e4ndare kan trycka sin smartphone mot kortet f\u00f6r att h\u00e4mta kontaktinformation direkt. Den inklusive QR-koden erbjuder ett alternativ f\u00f6r dem utan NFC-funktioner, vilket garanterar att alla kan komma \u00e5t din information utan kr\u00e5ngel.<\/p>","protected":false},"excerpt":{"rendered":"<p>NTAG213 215 216 NFC-kortet f\u00f6r Google Review m\u00f6jligg\u00f6r s\u00f6ml\u00f6sa n\u00e4tverk med anpassningsbar design, vattent\u00e4t h\u00e5llbarhet och avancerad NFC-teknik f\u00f6r snabba anslutningar.<\/p>","protected":false},"featured_media":3471,"template":"","meta":[],"product_brand":[],"product_cat":[46],"product_tag":[],"class_list":{"0":"post-3451","1":"product","2":"type-product","3":"status-publish","4":"has-post-thumbnail","6":"product_cat-nfc-cards","8":"first","9":"instock","10":"shipping-taxable","11":"product-type-simple"},"_links":{"self":[{"href":"https:\/\/nfc-readers.com\/sv\/wp-json\/wp\/v2\/product\/3451","targetHints":{"allow":["GET"]}}],"collection":[{"href":"https:\/\/nfc-readers.com\/sv\/wp-json\/wp\/v2\/product"}],"about":[{"href":"https:\/\/nfc-readers.com\/sv\/wp-json\/wp\/v2\/types\/product"}],"wp:featuredmedia":[{"embeddable":true,"href":"https:\/\/nfc-readers.com\/sv\/wp-json\/wp\/v2\/media\/3471"}],"wp:attachment":[{"href":"https:\/\/nfc-readers.com\/sv\/wp-json\/wp\/v2\/media?parent=3451"}],"wp:term":[{"taxonomy":"product_brand","embeddable":true,"href":"https:\/\/nfc-readers.com\/sv\/wp-json\/wp\/v2\/product_brand?post=3451"},{"taxonomy":"product_cat","embeddable":true,"href":"https:\/\/nfc-readers.com\/sv\/wp-json\/wp\/v2\/product_cat?post=3451"},{"taxonomy":"product_tag","embeddable":true,"href":"https:\/\/nfc-readers.com\/sv\/wp-json\/wp\/v2\/product_tag?post=3451"}],"curies":[{"name":"wp","href":"https:\/\/api.w.org\/{rel}","templated":true}]}}