{"id":3460,"date":"2024-11-04T06:26:42","date_gmt":"2024-11-04T06:26:42","guid":{"rendered":"https:\/\/nfc-readers.com\/?post_type=product&#038;p=3460"},"modified":"2024-11-04T08:39:37","modified_gmt":"2024-11-04T08:39:37","slug":"custom-logo-printing-yelptripadvisor-review-nfc-card","status":"publish","type":"product","link":"https:\/\/nfc-readers.com\/sv\/ic-reader\/custom-logo-printing-yelptripadvisor-review-nfc-card\/","title":{"rendered":"Custom Logo Printing NFC-kort f\u00f6r Yelp\\Tripadvisor Review"},"content":{"rendered":"<h1><span style=\"color: #000080;\"><strong>Custom Logo Printing NFC-kort f\u00f6r Yelp\\Tripadvisor Review<\/strong><\/span><\/h1>\n<p>&nbsp;<\/p>\n<p><span style=\"color: #666699;\">F\u00f6rdelar med att skriva ut anpassad logotyp Yelp\/Tripadvisor Recension NFC-kort Integrationen av\u00a0<strong>NFC-teknik<\/strong>\u00a0strategier f\u00f6r kundernas engagemang dramatiskt kan f\u00f6rb\u00e4ttra bekv\u00e4mligheten och samla in v\u00e4rdefull feedback p\u00e5 ett effektivt s\u00e4tt. Dessa kort kan katalysera konversationer, uppmuntra kundinteraktion och sedan \u00f6ka din Yelp- eller TripAdvisor-ranking. Med funktioner som vattent\u00e4t och v\u00e4derbest\u00e4ndig h\u00e5llbarhet \u00e4r dessa kort designade f\u00f6r en m\u00e4ngd olika milj\u00f6er, vilket g\u00f6r dem till ett v\u00e4rdigt tillskott till din marknadsf\u00f6ringsarsenal.<\/span><\/p>\n<hr \/>\n<h2><\/h2>\n<h2 style=\"text-align: center;\"><em><strong><span style=\"color: #000080;\">Produkt\u00f6versikt<\/span><\/strong><\/em><\/h2>\n<h3><span style=\"color: #333399;\"><strong>1. Vad \u00e4r NFC-kort med anpassad logotyp?<\/strong><\/span><\/h3>\n<p>NFC-kortet f\u00f6r Custom Logo Printing f\u00f6r Yelp\\Tripadvisor Review \u00e4r ett smartkort som anv\u00e4nder\u00a0<strong>NFC (Near Field Communication)<\/strong>\u00a0teknik f\u00f6r att underl\u00e4tta kontaktl\u00f6sa interaktioner. Genom att helt enkelt trycka p\u00e5 kortet med en kompatibel smartphone kan kunderna komma \u00e5t en l\u00e4nk som leder direkt till din recensionssida. Detta eliminerar behovet av manuella inmatningar, effektiviserar feedbackprocessen och f\u00f6rb\u00e4ttrar den \u00f6vergripande svarsfrekvensen.<\/p>\n<p>&nbsp;<\/p>\n<h3><span style=\"color: #333399;\"><strong>2. Nyckelfunktioner hos NFC-kort<\/strong><\/span><\/h3>\n<p><strong>Nyckelattribut<\/strong>\u00a0av v\u00e5ra NFC-kort inkluderar:<\/p>\n<ul>\n<li><strong>Driftsfrekvens<\/strong>:13,56 MHz m\u00f6jligg\u00f6r stabil kommunikation.<\/li>\n<li><strong>L\u00e4savst\u00e5nd<\/strong>: Kort kan l\u00e4sas fr\u00e5n 2 till 10 cm, vilket s\u00e4kerst\u00e4ller enkel anv\u00e4ndning.<\/li>\n<li><strong>Materialsammans\u00e4ttning<\/strong>: Tillverkad av slitstark PVC, vilket s\u00e4kerst\u00e4ller l\u00e5ng livsl\u00e4ngd.<\/li>\n<li><strong>Anpassad utskrift<\/strong>: Tillg\u00e4nglig med CMYK4C-utskrift, vilket m\u00f6jligg\u00f6r levande varum\u00e4rkesbyggande.<\/li>\n<\/ul>\n<p>&nbsp;<\/p>\n<h3><span style=\"color: #333399;\"><strong>3. F\u00f6rdelar med att anv\u00e4nda NFC-kort f\u00f6r kundrecensioner<\/strong><\/span><\/h3>\n<p>NFC-kort \u00e4r inte bara effektiva f\u00f6r att leda trafik till dina recensionssidor utan f\u00f6rb\u00e4ttrar ocks\u00e5 kundn\u00f6jdheten. Genom att g\u00f6ra det enkelt f\u00f6r kunder att ge feedback f\u00e5r du snabbt insikter om deras erfarenheter, vilket leder till f\u00f6rb\u00e4ttringar och visar ditt engagemang f\u00f6r kundservice.<\/p>\n<p>&nbsp;<\/p>\n<h2><span style=\"color: #333399;\"><strong>4. Tekniska specifikationer f\u00f6r NFC-korten<\/strong><\/span><\/h2>\n<p>Nedan finns <strong>tekniska specifikationer<\/strong> av v\u00e5rt NFC-kort f\u00f6r utskrift av anpassad logotyp f\u00f6r Yelp\\Tripadvisor recension:<\/p>\n<div class=\"table-with-header rounded-lg border border-solid border-grey-line2-normal w-fit max-w-full mb-2\">\n<div class=\"overflow-x-auto custom-scrollbar custom-scrollbar-float max-w-full\">\n<table class=\"w-fit !mb-0 !max-w-none\">\n<thead>\n<tr>\n<th>Attribut<\/th>\n<th>Specifikation<\/th>\n<\/tr>\n<\/thead>\n<tbody>\n<tr>\n<td>Ursprungsort<\/td>\n<td>Guangdong, Kina<\/td>\n<\/tr>\n<tr>\n<td>Chip typ<\/td>\n<td>NFC213\/215\/216 (NTAG\u00ae)<\/td>\n<\/tr>\n<tr>\n<td>Minnesstorlek<\/td>\n<td>144\/504\/888 byte<\/td>\n<\/tr>\n<tr>\n<td>Storlek<\/td>\n<td>85,5*54mm\/Anpassad<\/td>\n<\/tr>\n<tr>\n<td>Kommunikationsgr\u00e4nssnitt<\/td>\n<td>RFID, NFC<\/td>\n<\/tr>\n<tr>\n<td>Utskrift<\/td>\n<td>CMYK offsettryck<\/td>\n<\/tr>\n<tr>\n<td>Minsta orderkvantitet (MOQ)<\/td>\n<td>500<\/td>\n<\/tr>\n<tr>\n<td>Specialfunktioner<\/td>\n<td>Vattent\u00e4t \/ v\u00e4derbest\u00e4ndig, MINI TAG<\/td>\n<\/tr>\n<\/tbody>\n<\/table>\n<\/div>\n<\/div>\n<h3><strong><span style=\"color: #333399;\">5. Unika f\u00f6rs\u00e4ljningsargument: <\/span><\/strong><\/h3>\n<h3><strong>Vattent\u00e4t &amp; v\u00e4derbest\u00e4ndig<\/strong><\/h3>\n<p>En av de viktigaste problemen f\u00f6r fysiskt reklammaterial \u00e4r h\u00e5llbarhet. V\u00e5ra NFC-kort medf\u00f6ljer <strong>vattent\u00e4t och v\u00e4derbest\u00e4ndig<\/strong>\u00a0kvaliteter som s\u00e4kerst\u00e4ller att de \u00f6verlever under varierande f\u00f6rh\u00e5llanden, oavsett om det \u00e4r inomhus eller utomhus. Denna speciella funktion g\u00f6r dem l\u00e4mpliga f\u00f6r alla marknadsf\u00f6ringskampanjer, oavsett om det \u00e4r p\u00e5 en restaurang, en butik eller utomhusevenemang.<\/p>\n<p>&nbsp;<\/p>\n<h2 style=\"text-align: center;\"><em><span style=\"color: #000080;\"><strong>Hur man anv\u00e4nder NFC-kort med anpassad logotyp<\/strong><\/span><\/em><\/h2>\n<p>Att anv\u00e4nda NFC-kort \u00e4r enkelt:<\/p>\n<ol>\n<li>Dela ut korten till kunderna och se till att de f\u00f6rst\u00e5r syftet.<\/li>\n<li>Kunder knackar sin mobila enhet mot kortet.<\/li>\n<li>Enheten l\u00e4nkar till din feedbacksida p\u00e5 plattformar som Yelp eller TripAdvisor.<\/li>\n<li>Uppmuntra dem att l\u00e4mna en recension som andra kunder kan se.<\/li>\n<\/ol>\n<p>&nbsp;<\/p>\n<h2 style=\"text-align: center;\"><em><span style=\"color: #000080;\"><strong>Designa det perfekta NFC-kortet med egen logotyp<\/strong><\/span><\/em><\/h2>\n<p>Designen av din <strong>recensionskort<\/strong>\u00a0\u00e4r avg\u00f6rande f\u00f6r att v\u00e4cka uppm\u00e4rksamhet. Inkorporera ditt varum\u00e4rkes f\u00e4rger, logotyp och en tydlig uppmaning till handling. CMYK-utskrifter av h\u00f6g kvalitet s\u00e4kerst\u00e4ller att din design inte bara \u00e4r i\u00f6gonfallande utan ocks\u00e5 reflekterar ditt varum\u00e4rkes etos, vilket g\u00f6r dina kunder glada att interagera med dina kort.<\/p>\n<p>&nbsp;<\/p>\n<h2 style=\"text-align: center;\"><em><span style=\"color: #000080;\"><strong>Milj\u00f6p\u00e5verkan av NFC-kort<\/strong><\/span><\/em><\/h2>\n<p>I en snabbt f\u00f6r\u00e4nderlig v\u00e4rld \u00e4r h\u00e5llbarhet nyckeln. V\u00e5ra NFC-kort \u00e4r gjorda av milj\u00f6v\u00e4nliga PVC-material, vilket minskar milj\u00f6avtrycket i samband med traditionella insamlingsmetoder f\u00f6r recensioner. \u00d6verg\u00e5ng till digitala l\u00f6sningar som t.ex <strong>NFC-teknik<\/strong>\u00a0bidrar till en mer h\u00e5llbar aff\u00e4rsmodell.<\/p>\n<p>&nbsp;<\/p>\n<h2 style=\"text-align: center;\"><em><span style=\"color: #000080;\"><strong>Kundrecensioner<\/strong><\/span><\/em><\/h2>\n<p>Verklig feedback fr\u00e5n anv\u00e4ndareKunder som redan har integrerat <strong>NFC-kort<\/strong>\u00a0i sina verksamheter rapporterar betydande \u00f6kningar av engagemangsniv\u00e5er och feedbackkvalitet. H\u00e4r \u00e4r n\u00e5gra vittnesm\u00e5l:<\/p>\n<ul>\n<li><span style=\"color: #008080;\"><strong>&quot;NFC-korten har gjort det mycket l\u00e4ttare att samla in recensioner. V\u00e5ra kunder \u00e4lskar hur snabbt och enkelt det \u00e4r!\u201d<\/strong><\/span> \u2013 Emily R.<\/li>\n<li><span style=\"color: #666699;\"><strong>&quot;Vi s\u00e5g en 40% \u00f6kning av feedback efter att vi b\u00f6rjade anv\u00e4nda NFC-kort. Det har varit fantastiskt f\u00f6r v\u00e5rt rykte online.\u201d<\/strong><\/span> \u2013 Mike T.<\/li>\n<\/ul>","protected":false},"excerpt":{"rendered":"<p>NFC-kort med anpassad logotyp \u00f6kar kundernas engagemang genom att m\u00f6jligg\u00f6ra enkel, kontaktl\u00f6s recensionsinl\u00e4mning, vilket \u00f6kar ryktet online med vattent\u00e4t h\u00e5llbarhet.<\/p>","protected":false},"featured_media":3462,"template":"","meta":[],"product_brand":[],"product_cat":[46],"product_tag":[],"class_list":{"0":"post-3460","1":"product","2":"type-product","3":"status-publish","4":"has-post-thumbnail","6":"product_cat-nfc-cards","8":"first","9":"instock","10":"shipping-taxable","11":"product-type-simple"},"_links":{"self":[{"href":"https:\/\/nfc-readers.com\/sv\/wp-json\/wp\/v2\/product\/3460","targetHints":{"allow":["GET"]}}],"collection":[{"href":"https:\/\/nfc-readers.com\/sv\/wp-json\/wp\/v2\/product"}],"about":[{"href":"https:\/\/nfc-readers.com\/sv\/wp-json\/wp\/v2\/types\/product"}],"wp:featuredmedia":[{"embeddable":true,"href":"https:\/\/nfc-readers.com\/sv\/wp-json\/wp\/v2\/media\/3462"}],"wp:attachment":[{"href":"https:\/\/nfc-readers.com\/sv\/wp-json\/wp\/v2\/media?parent=3460"}],"wp:term":[{"taxonomy":"product_brand","embeddable":true,"href":"https:\/\/nfc-readers.com\/sv\/wp-json\/wp\/v2\/product_brand?post=3460"},{"taxonomy":"product_cat","embeddable":true,"href":"https:\/\/nfc-readers.com\/sv\/wp-json\/wp\/v2\/product_cat?post=3460"},{"taxonomy":"product_tag","embeddable":true,"href":"https:\/\/nfc-readers.com\/sv\/wp-json\/wp\/v2\/product_tag?post=3460"}],"curies":[{"name":"wp","href":"https:\/\/api.w.org\/{rel}","templated":true}]}}