{"id":3498,"date":"2024-11-04T07:04:41","date_gmt":"2024-11-04T07:04:41","guid":{"rendered":"https:\/\/nfc-readers.com\/?post_type=product&#038;p=3498"},"modified":"2024-11-04T08:28:09","modified_gmt":"2024-11-04T08:28:09","slug":"tap-url-writing-social-business-facebook-review-nfc-cards","status":"publish","type":"product","link":"https:\/\/nfc-readers.com\/sv\/ic-reader\/tap-url-writing-social-business-facebook-review-nfc-cards\/","title":{"rendered":"Tryck p\u00e5 URL Skriva Social Business Facebook Granska NFC-kort"},"content":{"rendered":"<h1><span style=\"color: #000080;\"><strong>Tryck p\u00e5 URL Skriva Social Business Facebook Granska NFC-kort<\/strong><\/span><\/h1>\n<p><span style=\"color: #333399;\">I dagens snabba digitala v\u00e4rld str\u00e4var f\u00f6retag efter s\u00f6ml\u00f6s anslutning och interaktion med sina kunder. NFC-kort har dykt upp som ett revolutionerande verktyg som \u00f6verbryggar klyftan mellan den fysiska och digitala v\u00e4rlden. Med sina anm\u00e4rkningsv\u00e4rda funktioner, inklusive Tap URL Writing, fungerar de som ett kraftfullt medium f\u00f6r integration av sociala f\u00f6retag och f\u00f6r att f\u00f6rb\u00e4ttra kundernas engagemang genom v\u00e4gar som Facebook-recensioner. Den h\u00e4r artikeln g\u00e5r djupt in i charmen och f\u00f6rdelarna med v\u00e5ra NFC-kort och hur de kan f\u00f6r\u00e4ndra din aff\u00e4rsverksamhet.<\/span><\/p>\n<h2><\/h2>\n<h2 style=\"text-align: center;\"><em><strong><span style=\"color: #000080;\">Varf\u00f6r investera i NFC-kort?<\/span><\/strong><\/em><\/h2>\n<p style=\"text-align: left;\">NFC-kort f\u00f6renklar komplexiteten i kundengagemang och varum\u00e4rkesreklam. Med funktioner som att skriva webbadresser och l\u00e4nka till recensioner p\u00e5 sociala medier som Facebook, f\u00f6rb\u00e4ttrar dessa kort kundupplevelsen samtidigt som de skapar nya v\u00e4gar f\u00f6r marknadsf\u00f6ring. Deras vattent\u00e4ta konstruktion och omfattande minnesm\u00f6jligheter s\u00e4kerst\u00e4ller att de inte bara uppfyller kvalitetsstandarder utan ocks\u00e5 kan \u00f6verleva olika milj\u00f6er, vilket g\u00f6r dem till en utm\u00e4rkt investering f\u00f6r f\u00f6retag.<\/p>\n<p>&nbsp;<\/p>\n<p>&nbsp;<\/p>\n<h2 style=\"text-align: center;\"><em><span style=\"color: #000080;\"><strong>Omfattande \u00f6versikt \u00f6ver NFC-kort<\/strong><\/span><\/em><\/h2>\n<h3><span style=\"color: #333399;\"><strong> Nyckelattribut f\u00f6r NFC-kort<\/strong><\/span><\/h3>\n<p>NFC-kort \u00e4r designade med flera nyckelegenskaper som tillgodoser moderna aff\u00e4rsbehov:<br \/>\n<strong>Vattent\u00e4t \/ v\u00e4derbest\u00e4ndig:<\/strong><\/p>\n<p>V\u00e5ra NFC-kort \u00e4r byggda f\u00f6r att h\u00e5lla och t\u00e5l olika milj\u00f6f\u00f6rh\u00e5llanden. Denna h\u00e5llbarhet inneb\u00e4r att du kan anv\u00e4nda dem i utomhusmarknadsf\u00f6ring, evenemang eller n\u00e5gon plats d\u00e4r traditionella kort sannolikt skulle misslyckas.<\/p>\n<p><strong>Kommunikationsgr\u00e4nssnitt:<\/strong><\/p>\n<p>Att anv\u00e4nda NFC-teknik (Near Field Communication) m\u00f6jligg\u00f6r bekv\u00e4m kontaktl\u00f6s kommunikation. Denna funktion f\u00f6renklar inte bara transaktioner utan g\u00f6r det ocks\u00e5 enkelt att dela aff\u00e4rsinformation.<\/p>\n<p><strong>Branschspecifika attribut:<\/strong><\/p>\n<p>NFC-kort \u00e4r s\u00e4rskilt f\u00f6rdelaktiga f\u00f6r specifika branscher som kr\u00e4ver identifierings- och kontrolll\u00f6sningar.<\/p>\n<p>F\u00f6retag som str\u00e4cker sig fr\u00e5n detaljhandel till g\u00e4stfrihet kan utnyttja dessa korts funktioner.<\/p>\n<p><strong>Anpassade storlekar och m\u00f6nster:<\/strong><\/p>\n<p>V\u00e5ra NFC-kort kan anpassas till olika storlekar (85,5 *54 mm standard eller skr\u00e4ddarsydda m\u00e5tt) och design f\u00f6r att matcha ditt f\u00f6retags varum\u00e4rke perfekt.<\/p>\n<p><strong>Avancerad chipteknik:<\/strong><\/p>\n<p>Genom att anv\u00e4nda chips som NTAG213,215 och216 (registrerade varum\u00e4rken som tillh\u00f6r NXP BV), garanterar v\u00e5ra kort h\u00f6g prestanda och snabba datadelningsm\u00f6jligheter.<\/p>\n<h3><span style=\"color: #333399;\"><strong>Specialfunktioner f\u00f6r v\u00e5ra NFC-kort<\/strong><\/span><\/h3>\n<h3><strong>Multifunktionalitet<\/strong><\/h3>\n<p><span style=\"color: #008080;\">Oavsett om de anv\u00e4nds f\u00f6r identifiering, \u00e5tkomstkontroll, lojalitetsprogram eller helt enkelt som ett marknadsf\u00f6ringsverktyg, \u00e4r NFC-kort m\u00e5ngsidiga:<\/span><\/p>\n<p><strong>Tryck p\u00e5 URL-skrivfunktion: <\/strong><\/p>\n<p>Genom att g\u00f6ra det m\u00f6jligt f\u00f6r anv\u00e4ndare att trycka p\u00e5 sina telefoner p\u00e5 NFC-kortet omdirigeras de automatiskt till angivna webbadresser, s\u00e5som f\u00f6retagswebbplatser eller sociala medieprofiler. Denna funktion \u00e4r avg\u00f6rande f\u00f6r att marknadsf\u00f6ra produkter eller tj\u00e4nster effektivt.<\/p>\n<p><strong>Recensioner av sociala f\u00f6retag:<\/strong><\/p>\n<p>Med en dedikerad Facebook-recensionsl\u00e4nk kan potentiella kunder l\u00e4sa vittnesm\u00e5l och upplevelser som skapar f\u00f6rtroende direkt.<\/p>\n<h2><\/h2>\n<h2 style=\"text-align: center;\"><em><span style=\"color: #000080;\"><strong>Milj\u00f6v\u00e4nlig<\/strong><\/span><\/em><\/h2>\n<p>V\u00e5ra NFC-kort \u00e4r tillverkade av milj\u00f6medvetna material som PVC och \u00e4r inte bara robusta utan prioriterar ocks\u00e5 h\u00e5llbarhet:<\/p>\n<p><strong>\u00c5tervinningsbart material:<\/strong> V\u00e5rt engagemang f\u00f6r milj\u00f6ansvar inneb\u00e4r att n\u00e4r kortets livsl\u00e4ngd har tagit slut kan det \u00e5tervinnas, vilket minskar ditt koldioxidavtryck.<\/p>\n<h2 style=\"text-align: center;\"><span style=\"color: #000080;\"><em><strong>Tekniska specifikationer du b\u00f6r k\u00e4nna till<\/strong><\/em><\/span><\/h2>\n<p><strong><span style=\"color: #008080;\">| Specifikation | Detaljer |<\/span><\/strong><br \/>\n<strong><span style=\"color: #008080;\">|&#8212;&#8212;&#8212;&#8212;&#8212;&#8212;&#8212;&#8212;|&#8212;&#8212;&#8212;&#8212;&#8212;&#8212;&#8212;&#8212;&#8212;&#8212;&#8212;&#8212;&#8212;&#8212;&#8212;-|<\/span><\/strong><br \/>\n<strong><span style=\"color: #008080;\">| Frekvens |13,56 MHz |<\/span><\/strong><br \/>\n<strong><span style=\"color: #008080;\">| Minnesalternativ |144\/504\/888 byte |<\/span><\/strong><br \/>\n<strong><span style=\"color: #008080;\">| Material | PVC\/Epoxi\/Papper\/PET |<\/span><\/strong><br \/>\n<strong><span style=\"color: #008080;\">| Storlek | Anpassningsbar, standard85,5 *54 mm |<\/span><\/strong><br \/>\n<strong><span style=\"color: #008080;\">| Mikrochip | NTAG213\/215\/216 |<\/span><\/strong><br \/>\n<strong><span style=\"color: #008080;\">| L\u00e4savst\u00e5nd |2-10 cm |<\/span><\/strong><br \/>\n<strong><span style=\"color: #008080;\">| Hantverk | QR-kod, bl\u00e4ckstr\u00e5leutskrift, lasergravyr|<\/span><\/strong><br \/>\n<strong><span style=\"color: #008080;\">| Minsta orderkvantitet (MOQ) |500 enheter |<\/span><\/strong><\/p>\n<p>&nbsp;<\/p>\n<h2 style=\"text-align: center;\"><em><strong><span style=\"color: #000080;\">Anv\u00e4ndningsinstruktioner<\/span><\/strong><\/em><\/h2>\n<p>Att anv\u00e4nda NFC-kort \u00e4r lika enkelt som att knacka. H\u00e5ll helt enkelt din NFC-aktiverade enhet n\u00e4ra kortet f\u00f6r att utl\u00f6sa \u00e5tg\u00e4rden som definieras p\u00e5 den. H\u00e4r \u00e4r en snabb anv\u00e4ndarguide:<br \/>\nSe till att NFC-funktionalitet \u00e4r aktiverad p\u00e5 din smartphone.<br \/>\nF\u00f6r din enhet n\u00e4ra NFC-kortet.<br \/>\nV\u00e4nta tills meddelandet eller uppmaningen visas p\u00e5 din sk\u00e4rm, vilket leder dig till den \u00f6nskade webbadressen eller sidan f\u00f6r sociala medier.<\/p>\n<h2 style=\"text-align: center;\"><em><span style=\"color: #000080;\"><strong>Kundfeedback och insikter<\/strong><\/span><\/em><\/h2>\n<p><strong>Verkliga applikationer<\/strong><\/p>\n<p>Kunder har anv\u00e4nt v\u00e5ra NFC-kort p\u00e5 olika s\u00e4tt:<br \/>\nLojalitetsprogram: F\u00f6retag integrerar NFC-kort i sina lojalitetsprogram, vilket g\u00f6r det m\u00f6jligt f\u00f6r kunder att f\u00e5 tillg\u00e5ng till bel\u00f6ningar med ett enkelt tryck.<\/p>\n<p><strong>Event Engagemang: <\/strong><\/p>\n<p>Under m\u00e4ssor och evenemang anv\u00e4nder f\u00f6retag dessa kort f\u00f6r att ge bes\u00f6karna omedelbar tillg\u00e5ng till information, vilket \u00f6kar engagemanget.<\/p>","protected":false},"excerpt":{"rendered":"<p>Uppt\u00e4ck hur NFC-kort \u00f6verbryggar den digitala och fysiska v\u00e4rlden, f\u00f6rb\u00e4ttrar kundernas engagemang och f\u00f6renklar tillg\u00e5ngen till sociala recensioner och information.<\/p>","protected":false},"featured_media":3494,"template":"","meta":[],"product_brand":[],"product_cat":[46],"product_tag":[],"class_list":{"0":"post-3498","1":"product","2":"type-product","3":"status-publish","4":"has-post-thumbnail","6":"product_cat-nfc-cards","8":"first","9":"instock","10":"shipping-taxable","11":"product-type-simple"},"_links":{"self":[{"href":"https:\/\/nfc-readers.com\/sv\/wp-json\/wp\/v2\/product\/3498","targetHints":{"allow":["GET"]}}],"collection":[{"href":"https:\/\/nfc-readers.com\/sv\/wp-json\/wp\/v2\/product"}],"about":[{"href":"https:\/\/nfc-readers.com\/sv\/wp-json\/wp\/v2\/types\/product"}],"wp:featuredmedia":[{"embeddable":true,"href":"https:\/\/nfc-readers.com\/sv\/wp-json\/wp\/v2\/media\/3494"}],"wp:attachment":[{"href":"https:\/\/nfc-readers.com\/sv\/wp-json\/wp\/v2\/media?parent=3498"}],"wp:term":[{"taxonomy":"product_brand","embeddable":true,"href":"https:\/\/nfc-readers.com\/sv\/wp-json\/wp\/v2\/product_brand?post=3498"},{"taxonomy":"product_cat","embeddable":true,"href":"https:\/\/nfc-readers.com\/sv\/wp-json\/wp\/v2\/product_cat?post=3498"},{"taxonomy":"product_tag","embeddable":true,"href":"https:\/\/nfc-readers.com\/sv\/wp-json\/wp\/v2\/product_tag?post=3498"}],"curies":[{"name":"wp","href":"https:\/\/api.w.org\/{rel}","templated":true}]}}