{"id":3499,"date":"2024-11-04T07:44:11","date_gmt":"2024-11-04T07:44:11","guid":{"rendered":"https:\/\/nfc-readers.com\/?post_type=product&#038;p=3499"},"modified":"2024-11-04T08:27:35","modified_gmt":"2024-11-04T08:27:35","slug":"mifare-1k-4k-s50-membership-loyalty-colorful-hotel-key-card","status":"publish","type":"product","link":"https:\/\/nfc-readers.com\/sv\/ic-reader\/mifare-1k-4k-s50-membership-loyalty-colorful-hotel-key-card\/","title":{"rendered":"Mifare 1k 4k S50 medlemskap lojalitet f\u00e4rgglada hotellnyckelkort"},"content":{"rendered":"<h1><span style=\"color: #000080;\"><strong>Mifare 1k 4k S50 medlemskap lojalitet f\u00e4rgglada hotellnyckelkort<\/strong><\/span><\/h1>\n<p><span style=\"color: #666699;\">I en tid av digitalisering kan inte betydelsen av effektiv \u00e5tkomstkontroll och kundengagemang underskattas. De <strong>Mifare1k4k S50 medlemskap lojalitet f\u00e4rgglada hotellnyckelkort<\/strong>\u00a0framst\u00e5r som en viktig produkt inom hotell- och medlemssektorerna. Dessa m\u00e5ngsidiga kort integrerar s\u00f6ml\u00f6st RFID-teknik f\u00f6r s\u00e4ker \u00e5tkomst och f\u00f6rb\u00e4ttrar g\u00e4stupplevelser genom lojalitetsprogram. Den h\u00e4r artikeln utforskar de \u00f6vertygande funktionerna, f\u00f6rdelarna och till\u00e4mpningarna f\u00f6r Mifare S50-kortet.<\/span><\/p>\n<p>&nbsp;<\/p>\n<h2 style=\"text-align: center;\"><em><span style=\"color: #000080;\"><strong>Varf\u00f6r investera i Mifare1k4k S50 Medlemskap Lojalitet F\u00e4rgglada hotellnyckelkort?<\/strong><\/span><\/em><\/h2>\n<p><span style=\"color: #333333;\"><strong>Att investera i Mifare-medlemskapslojalitetskort erbjuder f\u00f6retag <span style=\"color: #333399;\">en unik m\u00f6jlighet att f\u00f6rb\u00e4ttra kundupplevelsen och s\u00e4kerheten<\/span>. Med funktioner som \u00e4r skr\u00e4ddarsydda specifikt f\u00f6r bes\u00f6kssektorn, effektiviserar dessa kort g\u00e4stincheckningsprocesser samtidigt som de underl\u00e4ttar personlig kundinteraktion. Oavsett om du \u00e4r ett hotell som hanterar rum eller ett f\u00f6retag som s\u00f6ker lojalitetsl\u00f6sningar, garanterar dessa kort tillf\u00f6rlitlighet och s\u00e4kerhet.<\/strong><\/span><\/p>\n<p><span style=\"color: #333333;\"><strong><span style=\"color: #333399;\">De livfulla f\u00e4rgerna och anpassningsbara m\u00f6nster<\/span> g\u00f6r Mifare-medlemskort inte bara funktionella utan ocks\u00e5 visuellt tilltalande f\u00f6r g\u00e4sterna. De fungerar som b\u00e5de identifiering och marknadsf\u00f6ringsverktyg, eftersom hotell kan inkludera varum\u00e4rkeselement som f\u00f6rb\u00e4ttrar g\u00e4stens igenk\u00e4nning och \u00e5terkallelse.<\/strong><\/span><\/p>\n<p>&nbsp;<\/p>\n<p>&nbsp;<\/p>\n<h2 style=\"text-align: center;\"><em><span style=\"color: #000080;\"><strong>Produkt\u00f6versikt<\/strong><\/span><\/em><\/h2>\n<h3><strong><span style=\"color: #333399;\">1. Nyckelattribut f\u00f6r Mifare-kort<\/span><\/strong><\/h3>\n<h4>De <strong>Mifare1k4k S50<\/strong>\u00a0nyckelkort \u00e4r utformade f\u00f6r att f\u00f6rb\u00e4ttra anv\u00e4ndarupplevelsen genom flera nyckelattribut:<\/h4>\n<h4><span style=\"color: #008080;\"><strong>H\u00e5llbarhet och m\u00e5ngsidighet<\/strong><\/span><\/h4>\n<h4>Konstruerad av\u00a0<strong>PVC\/PET<\/strong>, dessa kort \u00e4r inte bara vattent\u00e4ta utan ocks\u00e5 v\u00e4derbest\u00e4ndiga, vilket s\u00e4kerst\u00e4ller l\u00e5ng livsl\u00e4ngd under olika milj\u00f6f\u00f6rh\u00e5llanden. Oavsett om de anv\u00e4nds inomhus eller utomhus, garanterar deras h\u00e5llbarhet l\u00e5ngvarig anv\u00e4ndbarhet.<\/h4>\n<h4><span style=\"color: #008080;\"><strong>Smart Card-teknik<\/strong><\/span><\/h4>\n<h4>Dessa kort anv\u00e4nder\u00a0<strong>RFID-teknik<\/strong>\u00a0arbetar med en frekvens av\u00a0<strong>13,56 MHz<\/strong>, vilket m\u00f6jligg\u00f6r s\u00e4kra, kontaktl\u00f6sa transaktioner. Integrationen av NXP:s chipteknologi s\u00e4kerst\u00e4ller kompatibilitet med befintliga passersystem samtidigt som den ger h\u00f6g prestanda och tillf\u00f6rlitlighet.<\/h4>\n<p>&nbsp;<\/p>\n<h3><span style=\"color: #333399;\"><strong>2. Branschspecifika applikationer f\u00f6r Mifare-kort<\/strong><\/span><\/h3>\n<p>Mifare-kort anv\u00e4nds ofta i olika branscher, s\u00e4rskilt inom hotellbranschen f\u00f6r \u00e5tkomstkontroll:<\/p>\n<h4><span style=\"color: #008080;\"><strong>Bes\u00f6kssektorn<\/strong><\/span><\/h4>\n<h4>Hotell\u00e4gare anv\u00e4nder Mifare-kort f\u00f6r rums\u00e5tkomst och betalningar. G\u00e4ster kan enkelt komma in i sina rum med ett enkelt tryck p\u00e5 kortet, vilket eliminerar behovet av traditionella nycklar.<\/h4>\n<h4><span style=\"color: #008080;\"><strong>Medlemskap och lojalitetsprogram<\/strong><\/span><\/h4>\n<h4>F\u00f6retag som implementerar lojalitetsprogram kan utf\u00e4rda Mifare-kort som samlar po\u00e4ng f\u00f6r k\u00f6p. Detta uppmuntrar \u00e5terkommande aff\u00e4rer och bel\u00f6nar lojala kunder effektivt.<\/h4>\n<p>&nbsp;<\/p>\n<h3><span style=\"color: #333399;\"><strong>3. Tekniska specifikationer <\/strong><\/span><\/h3>\n<p>That Matter F\u00f6rst\u00e5 de tekniska detaljerna \u00e4r avg\u00f6rande f\u00f6r att f\u00f6retag ska kunna fatta v\u00e4lgrundade beslut. H\u00e4r \u00e4r h\u00f6jdpunkterna f\u00f6r Mifare1k S50-kortet:<\/p>\n<div class=\"table-with-header rounded-lg border border-solid border-grey-line2-normal w-fit max-w-full mb-2\">\n<div class=\"overflow-x-auto custom-scrollbar custom-scrollbar-float max-w-full\">\n<table class=\"w-fit !mb-0 !max-w-none\">\n<thead>\n<tr>\n<th>Specifikation<\/th>\n<th>Detaljer<\/th>\n<\/tr>\n<\/thead>\n<tbody>\n<tr>\n<td>Frekvens<\/td>\n<td>13,56 MHz<\/td>\n<\/tr>\n<tr>\n<td>Minnesalternativ<\/td>\n<td>1k,4k<\/td>\n<\/tr>\n<tr>\n<td>Material<\/td>\n<td>PVC\/PET<\/td>\n<\/tr>\n<tr>\n<td>Storlek<\/td>\n<td>85,5 mm x 54 mm\/Anpassad<\/td>\n<\/tr>\n<tr>\n<td>Chips<\/td>\n<td>MIFARE Classic1K<\/td>\n<\/tr>\n<tr>\n<td>L\u00e4savst\u00e5nd<\/td>\n<td>2-10 cm<\/td>\n<\/tr>\n<tr>\n<td>Hantverk<\/td>\n<td>Laserkod, UV-bl\u00e4ck, serienummer<\/td>\n<\/tr>\n<\/tbody>\n<\/table>\n<p>&nbsp;<\/p>\n<\/div>\n<\/div>\n<h2 style=\"text-align: center;\"><em><span style=\"color: #000080;\"><strong>Milj\u00f6p\u00e5verkan av Mifare-kort<\/strong><\/span><\/em><\/h2>\n<p>Milj\u00f6v\u00e4nlighet \u00e4r allt viktigare p\u00e5 dagens marknad, och Mifare-kort \u00e4r i linje med h\u00e5llbara metoder.<\/p>\n<h3><strong><span style=\"color: #008080;\">H\u00e5llbara material<\/span><\/strong><\/h3>\n<h4>Tillverkad av milj\u00f6medveten\u00a0<strong>PVC- och PET-material<\/strong>, dessa kort minimerar milj\u00f6p\u00e5verkan. I slutet av sin livscykel kan de \u00e5tervinnas, vilket bidrar till en gr\u00f6nare planet.<\/h4>\n<h3><span style=\"color: #008080;\"><strong>Minskning av koldioxidavtryck<\/strong><\/span><\/h3>\n<h4>Genom att underl\u00e4tta kontaktl\u00f6s \u00e5tkomst kan f\u00f6retag s\u00e4nka sina koldioxidavtryck och minska behovet av pappersbaserade biljettsystem, vilket fr\u00e4mjar h\u00e5llbarhet i hela sin verksamhet.<\/h4>\n<p>&nbsp;<\/p>\n<p>&nbsp;<\/p>\n<h2 style=\"text-align: center;\"><em><span style=\"color: #000080;\"><strong>FAQ<\/strong><\/span><\/em><\/h2>\n<h4><span style=\"color: #008080;\"><strong>F1: \u00c4r Mifare-kort kompatibla med befintliga system?<\/strong><\/span><\/h4>\n<p><strong>A1:<\/strong>\u00a0Ja, Mifare-kort \u00e4r designade f\u00f6r att vara kompatibla med ett brett utbud av RFID-l\u00e4sare och passersystem, s\u00e4rskilt de som anv\u00e4nder standarden ISO\/IEC14443 typ A. Denna flexibilitet s\u00e4kerst\u00e4ller att f\u00f6retag enkelt kan integrera Mifare-kort i sin befintliga infrastruktur.<\/p>\n<p>&nbsp;<\/p>\n<h4><strong><span style=\"color: #008080;\">F2: Hur fungerar s\u00e4kerheten f\u00f6r Mifare-kort?<\/span><\/strong><\/h4>\n<p><strong>A2:<\/strong>\u00a0Mifare-kort anv\u00e4nder \u00f6msesidig autentisering och krypteringsprotokoll f\u00f6r att s\u00e4kra data\u00f6verf\u00f6ringen mellan kortet och l\u00e4saren. Detta s\u00e4kerst\u00e4ller att endast auktoriserade enheter kan komma \u00e5t information som \u00e4r lagrad p\u00e5 kortet, vilket ger en h\u00f6g s\u00e4kerhetsniv\u00e5 f\u00f6r k\u00e4nslig data.<\/p>","protected":false},"excerpt":{"rendered":"<p>Uppt\u00e4ck Mifare1k4k S50 f\u00e4rgglada hotellnyckelkort f\u00f6r s\u00e4ker \u00e5tkomst och lojalitetsprogram. F\u00f6rb\u00e4ttra g\u00e4stupplevelser med anpassningsbar, h\u00e5llbar design!<\/p>","protected":false},"featured_media":3356,"template":"","meta":[],"product_brand":[],"product_cat":[46],"product_tag":[],"class_list":{"0":"post-3499","1":"product","2":"type-product","3":"status-publish","4":"has-post-thumbnail","6":"product_cat-nfc-cards","8":"first","9":"instock","10":"shipping-taxable","11":"product-type-simple"},"_links":{"self":[{"href":"https:\/\/nfc-readers.com\/sv\/wp-json\/wp\/v2\/product\/3499","targetHints":{"allow":["GET"]}}],"collection":[{"href":"https:\/\/nfc-readers.com\/sv\/wp-json\/wp\/v2\/product"}],"about":[{"href":"https:\/\/nfc-readers.com\/sv\/wp-json\/wp\/v2\/types\/product"}],"wp:featuredmedia":[{"embeddable":true,"href":"https:\/\/nfc-readers.com\/sv\/wp-json\/wp\/v2\/media\/3356"}],"wp:attachment":[{"href":"https:\/\/nfc-readers.com\/sv\/wp-json\/wp\/v2\/media?parent=3499"}],"wp:term":[{"taxonomy":"product_brand","embeddable":true,"href":"https:\/\/nfc-readers.com\/sv\/wp-json\/wp\/v2\/product_brand?post=3499"},{"taxonomy":"product_cat","embeddable":true,"href":"https:\/\/nfc-readers.com\/sv\/wp-json\/wp\/v2\/product_cat?post=3499"},{"taxonomy":"product_tag","embeddable":true,"href":"https:\/\/nfc-readers.com\/sv\/wp-json\/wp\/v2\/product_tag?post=3499"}],"curies":[{"name":"wp","href":"https:\/\/api.w.org\/{rel}","templated":true}]}}