{"id":3505,"date":"2024-11-04T15:45:07","date_gmt":"2024-11-04T15:45:07","guid":{"rendered":"https:\/\/nfc-readers.com\/?post_type=product&#038;p=3505"},"modified":"2024-11-04T15:45:07","modified_gmt":"2024-11-04T15:45:07","slug":"high-quality-ntag-213-ntag-215-pvc-nfc-business-card","status":"publish","type":"product","link":"https:\/\/nfc-readers.com\/sv\/ic-reader\/high-quality-ntag-213-ntag-215-pvc-nfc-business-card\/","title":{"rendered":"H\u00f6gkvalitativa NTAG 213 NTAG 215 PVC NFC visitkort"},"content":{"rendered":"<h1><span style=\"color: #000080;\"><strong>H\u00f6gkvalitativa NTAG 213 NTAG 215 PVC NFC visitkort<\/strong><\/span><\/h1>\n<p><span style=\"color: #666699;\">I den digitala tids\u00e5ldern \u00e4r effektiv kommunikation och uppkoppling av st\u00f6rsta vikt f\u00f6r f\u00f6retag som vill g\u00f6ra ett best\u00e5ende intryck. De <strong>H\u00f6gkvalitativa NTAG213 NTAG215 PVC NFC visitkort<\/strong>\u00a0fungerar som ett kraftfullt verktyg som kombinerar avancerad teknik med praktiska funktioner. Dessa NFC-visitkort ger s\u00f6ml\u00f6s tillg\u00e5ng till information och effektiviserar inte bara n\u00e4tverksarbetet utan lyfter ocks\u00e5 din professionella image. Den h\u00e4r artikeln g\u00e5r djupt in i de o\u00f6vertr\u00e4ffade f\u00f6rdelarna med dessa visitkort och lyfter fram deras speciella egenskaper, branschspecifika egenskaper och mycket mer.<\/span><\/p>\n<p>&nbsp;<\/p>\n<h2 style=\"text-align: center;\"><em><span style=\"color: #000080;\"><strong>Varf\u00f6r investera i NTAG213 NTAG215 PVC NFC-visitkort?<\/strong><\/span><\/em><\/h2>\n<p>Att investera i\u00a0<strong>NTAG213 NTAG215 PVC NFC visitkort<\/strong>\u00a0kan f\u00f6r\u00e4ndra hur du interagerar med potentiella kunder och partners. Till skillnad fr\u00e5n traditionella visitkort ger dessa NFC-aktiverade kort dig m\u00f6jlighet att dela din kontaktinformation, l\u00e4nkar till sociala medier och reklaminneh\u00e5ll utan anstr\u00e4ngning med ett enkelt tryck. Denna kontaktl\u00f6sa teknik fr\u00e4mjar en mer interaktiv kontakt med din publik, vilket s\u00e4kerst\u00e4ller att du sticker ut i konkurrensutsatta milj\u00f6er.<\/p>\n<p>H\u00e5llbarheten hos dessa kort \u00f6kar deras v\u00e4rde. Tillverkad av h\u00f6g kvalitet\u00a0<strong>svart PVC<\/strong>, \u00e4r NTAG213- och NTAG215-korten\u00a0<strong>vattent\u00e4t<\/strong>\u00a0och\u00a0<strong>v\u00e4derbest\u00e4ndig<\/strong>, som t\u00e5l olika milj\u00f6f\u00f6rh\u00e5llanden. Denna motst\u00e5ndskraft garanterar att dina kort f\u00f6rblir funktionella och visuellt tilltalande \u00f6ver tid, vilket \u00e5terspeglar professionalism och engagemang f\u00f6r kvalitet i varje interaktion.<\/p>\n<p>&nbsp;<\/p>\n<hr \/>\n<h2 style=\"text-align: center;\"><span style=\"color: #000080;\"><em><strong>Tekniska specifikationer<\/strong><\/em><\/span><\/h2>\n<p><span style=\"color: #008080;\"><strong>Att f\u00f6rst\u00e5 de tekniska detaljerna f\u00f6r NTAG-kort \u00e4r avg\u00f6rande f\u00f6r v\u00e4lgrundat beslutsfattande. H\u00e4r \u00e4r en detaljerad \u00f6versikt:<\/strong><\/span><\/p>\n<div class=\"table-with-header rounded-lg border border-solid border-grey-line2-normal w-fit max-w-full mb-2\">\n<div class=\"overflow-x-auto custom-scrollbar custom-scrollbar-float max-w-full\">\n<table class=\"w-fit !mb-0 !max-w-none\" style=\"height: 288px;\" width=\"404\">\n<thead>\n<tr>\n<th>Specifikation<\/th>\n<th>Detaljer<\/th>\n<\/tr>\n<\/thead>\n<tbody>\n<tr>\n<td><strong>Chips<\/strong><\/td>\n<td>NTAG213 \/ NTAG215<\/td>\n<\/tr>\n<tr>\n<td><strong>Material<\/strong><\/td>\n<td>Svart PVC<\/td>\n<\/tr>\n<tr>\n<td><strong>Tjocklek<\/strong><\/td>\n<td>0,84 mm<\/td>\n<\/tr>\n<tr>\n<td><strong>Frekvens<\/strong><\/td>\n<td>13,56 MHz<\/td>\n<\/tr>\n<tr>\n<td><strong>Protokoll<\/strong><\/td>\n<td>ISO14443 Typ A<\/td>\n<\/tr>\n<tr>\n<td><strong>Ytfinish<\/strong><\/td>\n<td>Blank matt \/ frostad<\/td>\n<\/tr>\n<\/tbody>\n<\/table>\n<p>&nbsp;<\/p>\n<\/div>\n<\/div>\n<h2 style=\"text-align: center;\"><span style=\"color: #000080;\"><em><strong>Produkt\u00f6versikt<\/strong><\/em><\/span><\/h2>\n<h4><span style=\"color: #008080;\"><strong>Nyckelattribut f\u00f6r NTAG213- och NTAG215-kort<\/strong><\/span><\/h4>\n<p>N\u00e4r du v\u00e4ljer en\u00a0<strong>NFC visitkort<\/strong>, \u00e4r det viktigt att f\u00f6rst\u00e5 dess k\u00e4rnegenskaper. De\u00a0<strong>NTAG213<\/strong>\u00a0och\u00a0<strong>NTAG215<\/strong>\u00a0modeller inneh\u00e5ller avancerade\u00a0<strong>RFID<\/strong>\u00a0teknik, som m\u00f6jligg\u00f6r kontaktl\u00f6s kommunikation. Fungerar med en frekvens av\u00a0<strong>13,56 MHz<\/strong>, dessa kort st\u00f6der ett l\u00e4savst\u00e5nd p\u00e5\u00a0<strong>2-10 cm<\/strong>, vilket g\u00f6r dem anv\u00e4ndarv\u00e4nliga och effektiva.<\/p>\n<h2 style=\"text-align: center;\"><\/h2>\n<h2 style=\"text-align: center;\"><strong><em><span style=\"color: #000080;\">F\u00f6rdelar<\/span><\/em><\/strong><\/h2>\n<ul>\n<li><strong>Varaktighet<\/strong>: Tillverkad av kvalitet\u00a0<strong>svart PVC<\/strong>, dessa kort \u00e4r robusta och designade f\u00f6r att h\u00e5lla. Deras v\u00e4derbest\u00e4ndighet g\u00f6r dem l\u00e4mpliga att b\u00e4ra varje dag.<\/li>\n<li><strong>M\u00e5ngsidighet<\/strong>: Perfekt f\u00f6r olika applikationer, dessa kort kan anv\u00e4ndas f\u00f6r \u00e5tkomstkontrollsystem, lojalitetsprogram och biljettf\u00f6rs\u00e4ljning.<\/li>\n<\/ul>\n<hr \/>\n<h2><\/h2>\n<h2 style=\"text-align: center;\"><em><span style=\"color: #000080;\"><strong>Specialfunktioner f\u00f6r NFC-visitkort<\/strong><\/span><\/em><\/h2>\n<p>De\u00a0<strong>H\u00f6gkvalitativa NTAG213 NTAG215 PVC NFC visitkort<\/strong> \u00e4r utrustad med unika funktioner skr\u00e4ddarsydda f\u00f6r att m\u00f6ta behoven hos moderna proffs.<\/p>\n<p>&nbsp;<\/p>\n<h2 style=\"text-align: center;\"><em><span style=\"color: #000080;\"><strong>Kommunikationsgr\u00e4nssnitt<\/strong><\/span><\/em><\/h2>\n<p>De avancerade\u00a0<strong>kommunikationsgr\u00e4nssnitt<\/strong>\u00a0tillhandah\u00e5lls av\u00a0<strong>RFID<\/strong>\u00a0teknologi s\u00e4kerst\u00e4ller en smidig och effektiv data\u00f6verf\u00f6ring, vilket m\u00f6jligg\u00f6r omedelbara anslutningar. NTAG-chippen som anv\u00e4nds i dessa kort \u00e4r konstruerade f\u00f6r hastighet och tillf\u00f6rlitlighet.<\/p>\n<ul>\n<li><strong>NTAG213<\/strong>: Idealisk f\u00f6r standarddatalagringsbehov, ger en minnesstorlek p\u00e5 cirka 144 byte.<\/li>\n<li><strong>NTAG215<\/strong>: Erbjuder \u00f6kad minneskapacitet, perfekt f\u00f6r anv\u00e4ndare som vill lagra ytterligare information eller l\u00e4nkar.<\/li>\n<\/ul>\n<hr \/>\n<h2><\/h2>\n<h2 style=\"text-align: center;\"><em><span style=\"color: #000080;\"><strong>Branschspecifika applikationer<\/strong><\/span><\/em><\/h2>\n<p>NTAG213 och NTAG215 NFC visitkort \u00e4r s\u00e4rskilt f\u00f6rdelaktiga inom olika sektorer.<\/p>\n<p>&nbsp;<\/p>\n<h2 style=\"text-align: center;\"><em><span style=\"color: #000080;\"><strong>F\u00f6retagsn\u00e4tverk<\/strong><\/span><\/em><\/h2>\n<p>Inom f\u00f6retagssektorn \u00e4r ett effektivt n\u00e4tverk avg\u00f6rande. Genom att byta NFC-visitkort kan proffs snabbt dela sina profiler. Ist\u00e4llet f\u00f6r att transkribera information kan mottagarna bara trycka p\u00e5 sina smartphones f\u00f6r att h\u00e4mta viktiga detaljer direkt.<\/p>\n<p>&nbsp;<\/p>\n<h2 style=\"text-align: center;\"><span style=\"color: #000080;\"><em><strong>Marknadsf\u00f6ring och varum\u00e4rke<\/strong><\/em><\/span><\/h2>\n<p><strong><span style=\"color: #666699;\">F\u00f6retag kan anv\u00e4nda dessa kort som ett marknadsf\u00f6ringsverktyg, b\u00e4dda in l\u00e4nkar till sina webbplatser eller speciella kampanjer. Som s\u00e5dana fungerar de inte bara som ett s\u00e4tt att identifiera utan fr\u00e4mjar ocks\u00e5 varum\u00e4rket och \u00f6kar medvetenheten genom varje interaktion.<\/span><\/strong><\/p>\n<ul>\n<li><strong>Lojalitetsprogram<\/strong>: F\u00f6rb\u00e4ttra kundernas engagemang genom att integrera lojalitetsrabatter i NFC-kort som konsumenter kan utnyttja i kassan.<\/li>\n<li><strong>Event Management<\/strong>: Effektivisera \u00e5tkomsten till evenemang och konferenser genom att anv\u00e4nda dessa kort f\u00f6r enkel incheckning av registranten.<\/li>\n<\/ul>","protected":false},"excerpt":{"rendered":"<p>Uppt\u00e4ck de h\u00f6gkvalitativa NTAG213\/215 PVC NFC-visitkorten f\u00f6r s\u00f6ml\u00f6sa n\u00e4tverk. Vattent\u00e4ta och m\u00e5ngsidiga, de f\u00f6rb\u00e4ttrar din professionella image utan anstr\u00e4ngning.<\/p>","protected":false},"featured_media":3509,"template":"","meta":[],"product_brand":[],"product_cat":[46],"product_tag":[],"class_list":{"0":"post-3505","1":"product","2":"type-product","3":"status-publish","4":"has-post-thumbnail","6":"product_cat-nfc-cards","8":"first","9":"instock","10":"shipping-taxable","11":"product-type-simple"},"_links":{"self":[{"href":"https:\/\/nfc-readers.com\/sv\/wp-json\/wp\/v2\/product\/3505","targetHints":{"allow":["GET"]}}],"collection":[{"href":"https:\/\/nfc-readers.com\/sv\/wp-json\/wp\/v2\/product"}],"about":[{"href":"https:\/\/nfc-readers.com\/sv\/wp-json\/wp\/v2\/types\/product"}],"wp:featuredmedia":[{"embeddable":true,"href":"https:\/\/nfc-readers.com\/sv\/wp-json\/wp\/v2\/media\/3509"}],"wp:attachment":[{"href":"https:\/\/nfc-readers.com\/sv\/wp-json\/wp\/v2\/media?parent=3505"}],"wp:term":[{"taxonomy":"product_brand","embeddable":true,"href":"https:\/\/nfc-readers.com\/sv\/wp-json\/wp\/v2\/product_brand?post=3505"},{"taxonomy":"product_cat","embeddable":true,"href":"https:\/\/nfc-readers.com\/sv\/wp-json\/wp\/v2\/product_cat?post=3505"},{"taxonomy":"product_tag","embeddable":true,"href":"https:\/\/nfc-readers.com\/sv\/wp-json\/wp\/v2\/product_tag?post=3505"}],"curies":[{"name":"wp","href":"https:\/\/api.w.org\/{rel}","templated":true}]}}