{"id":3515,"date":"2024-11-06T08:47:18","date_gmt":"2024-11-06T08:47:18","guid":{"rendered":"https:\/\/nfc-readers.com\/?post_type=product&#038;p=3515"},"modified":"2024-11-06T14:47:51","modified_gmt":"2024-11-06T14:47:51","slug":"custom-etched-copper-antenna-hf-nfc-inlay","status":"publish","type":"product","link":"https:\/\/nfc-readers.com\/sv\/ic-reader\/custom-etched-copper-antenna-hf-nfc-inlay\/","title":{"rendered":"NTAG-serien etsad kopparantenn HF NFC-inl\u00e4gg"},"content":{"rendered":"<h1 style=\"text-align: center;\">NTAG-serien etsad kopparantenn HF NFC-inl\u00e4gg<\/h1>\n<p>&nbsp;<\/p>\n<p>De <strong>NTAG-serien etsad kopparantenn HF NFC-inl\u00e4gg\u00a0<\/strong>erbjuder en innovativ l\u00f6sning i v\u00e4rlden av NFC-teknik (Near Field Communication). Med sin toppmoderna design och h\u00f6ga prestanda sticker denna produkt ut p\u00e5 en marknad som i allt h\u00f6gre grad v\u00e4rdes\u00e4tter effektivitet, m\u00e5ngsidighet och h\u00e5llbarhet. Oavsett om du vill f\u00f6rb\u00e4ttra dina aff\u00e4rsm\u00f6jligheter eller l\u00e4gga till en unik funktion till din produktlinje, ger dessa NFC-taggar o\u00f6vertr\u00e4ffade f\u00f6rdelar som g\u00f6r dem v\u00e4rda att \u00f6verv\u00e4ga.<\/p>\n<p>&nbsp;<\/p>\n<h3>Varf\u00f6r du b\u00f6r v\u00e4lja den anpassade etsade kopparantennen HF NFC-inl\u00e4gg<\/h3>\n<p>Inkorporerande\u00a0<strong>NFC-teknik<\/strong>\u00a0i dina applikationer m\u00f6jligg\u00f6r s\u00f6ml\u00f6st datautbyte och f\u00f6rb\u00e4ttrar anv\u00e4ndarupplevelsen. De\u00a0<strong>Anpassad etsad kopparantenn HF NFC-inl\u00e4gg<\/strong>\u00a0ger ett tillf\u00f6rlitligt kommunikationsgr\u00e4nssnitt med en frekvens av\u00a0<strong>13,56 MHz<\/strong>, vilket g\u00f6r den kompatibel med olika NFC-aktiverade enheter. Denna NFC-tagg \u00e4r inte bara funktionell; den \u00e4r konstruerad med h\u00f6gkvalitativa material som\u00a0<strong>S\u00c4LLSKAPSDJUR<\/strong>, vilket s\u00e4kerst\u00e4ller h\u00e5llbarhet och motst\u00e5ndskraft.<\/p>\n<p>Oavsett om det anv\u00e4nds i marknadsf\u00f6ring, smarta f\u00f6rpackningar eller f\u00f6r interaktiva applikationer, \u00e4r f\u00f6rdelarna tydliga:<\/p>\n<ul>\n<li><strong>F\u00f6rb\u00e4ttrad kommunikation<\/strong>: Underl\u00e4ttar omedelbar data\u00f6verf\u00f6ring mellan enheter, effektiviserar verksamheten i olika branscher.<\/li>\n<li><strong>M\u00e5ngsidighet<\/strong>: Anpassade storlekar och design s\u00e4kerst\u00e4ller att NFC-inl\u00e4ggen kan passa in i olika applikationer, fr\u00e5n marknadsf\u00f6ringsmaterial till produktf\u00f6rpackningar.<\/li>\n<li><strong>Varaktighet<\/strong>: Vattent\u00e4ta och v\u00e4derbest\u00e4ndiga funktioner f\u00f6rb\u00e4ttrar prestandan, vilket g\u00f6r dem l\u00e4mpliga f\u00f6r b\u00e5de inomhus- och utomhusbruk.<\/li>\n<li><strong>H\u00f6g minneskapacitet<\/strong>: Med\u00a0<strong>416 byte<\/strong>\u00a0av skrivbart minne, m\u00f6jligg\u00f6r effektiv datalagring och h\u00e4mtning.<\/li>\n<\/ul>\n<p>&nbsp;<\/p>\n<h3>Nyckelfunktioner hos den anpassade etsade kopparantennen HF NFC-inl\u00e4gg<\/h3>\n<p>De\u00a0<strong>Anpassad etsad kopparantenn HF NFC-inl\u00e4gg<\/strong>\u00a0\u00e4r designad med en rad funktioner l\u00e4mpade f\u00f6r olika applikationer.<\/p>\n<h3>Avancerad kommunikation<\/h3>\n<p>Denna NFC-tagg anv\u00e4nder en\u00a0<strong>kommunikationsgr\u00e4nssnitt<\/strong>\u00a0som fungerar s\u00f6ml\u00f6st med\u00a0<strong>NFC-aktiverade enheter<\/strong>. Anv\u00e4ndare kan helt enkelt trycka p\u00e5 sina\u00a0<strong>NFC-l\u00e4sare<\/strong>\u00a0eller\u00a0<strong>smartphone<\/strong>\u00a0mot inl\u00e4gget f\u00f6r att uppn\u00e5 omedelbara anslutningar och data\u00f6verf\u00f6ring.<\/p>\n<h3>Anpassningsbara storleksalternativ<\/h3>\n<p>V\u00e5ra NFC-inl\u00e4gg finns i en standardstorlek p\u00e5\u00a0<strong>Diameter 30 mm<\/strong>, med alternativ f\u00f6r\u00a0<strong>anpassad storlek<\/strong>\u00a0f\u00f6r att passa dina unika krav. Oavsett om du beh\u00f6ver en mindre tagg f\u00f6r en specifik produkt eller en st\u00f6rre f\u00f6r marknadsf\u00f6ringsdisplayer, har vi dig t\u00e4ckt.<\/p>\n<h3>Vattent\u00e4t och v\u00e4derbest\u00e4ndig<\/h3>\n<p>Alla NFC-taggar \u00e4r inte skapade lika; v\u00e5r skryta\u00a0<strong>vattent\u00e4ta och v\u00e4derbest\u00e4ndiga egenskaper<\/strong>. Det betyder att du kan anv\u00e4nda dem utomhus utan att oroa dig f\u00f6r deras h\u00e5llbarhet eller prestanda, vilket g\u00f6r dem idealiska f\u00f6r evenemang, marknadsf\u00f6ringskampanjer och produkter som uts\u00e4tts f\u00f6r v\u00e4der och vind.<\/p>\n<p>&nbsp;<\/p>\n<h2>Tekniska specifikationer f\u00f6r NFC-inl\u00e4gget<\/h2>\n<table class=\"w-fit !mb-0 !max-w-none\" style=\"height: 311px;\" width=\"449\">\n<thead>\n<tr>\n<th><strong>Specifikation<\/strong><\/th>\n<th><strong>Detaljer<\/strong><\/th>\n<\/tr>\n<\/thead>\n<tbody>\n<tr>\n<td><strong>Typ<\/strong><\/td>\n<td>NFC-forum typ 4<\/td>\n<\/tr>\n<tr>\n<td><strong>Material<\/strong><\/td>\n<td>S\u00c4LLSKAPSDJUR<\/td>\n<\/tr>\n<tr>\n<td><strong>Storlek<\/strong><\/td>\n<td>Dia 30 mm\/Anpassad storlek<\/td>\n<\/tr>\n<tr>\n<td><strong>Minneskapacitet<\/strong><\/td>\n<td>416 byte<\/td>\n<\/tr>\n<tr>\n<td><strong>Chips<\/strong><\/td>\n<td>NTAG-serien<\/td>\n<\/tr>\n<tr>\n<td><strong>Frekvens<\/strong><\/td>\n<td>13,56 MHz<\/td>\n<\/tr>\n<tr>\n<td><strong>Skriv uth\u00e5llighet<\/strong><\/td>\n<td>100 000 g\u00e5nger<\/td>\n<\/tr>\n<tr>\n<td><strong>Utskrift<\/strong><\/td>\n<td>CMYK offsettryck<\/td>\n<\/tr>\n<tr>\n<td><strong>F\u00f6rpackning<\/strong><\/td>\n<td>200 st\/inre vit kartong, 25 kartonger\/kartong<\/td>\n<\/tr>\n<tr>\n<td><strong>Hamn<\/strong><\/td>\n<td>Shenzhen<\/td>\n<\/tr>\n<tr>\n<td><strong>Enkel bruttovikt<\/strong><\/td>\n<td>0,010 kg<\/td>\n<\/tr>\n<\/tbody>\n<\/table>\n<p>&nbsp;<\/p>\n<p>&nbsp;<\/p>\n<h3>Vanliga fr\u00e5gor (FAQs)<\/h3>\n<h2>1. Vad \u00e4r Custom Etched Copper Antenna HF NFC Inlay?<\/h2>\n<p>De\u00a0<strong>Anpassad etsad kopparantenn HF NFC-inl\u00e4gg<\/strong>\u00a0\u00e4r en h\u00f6gfrekvent NFC-tagg designad f\u00f6r effektivt datautbyte och s\u00f6ml\u00f6s kommunikation med NFC-aktiverade enheter. Den anv\u00e4nder avancerad teknik f\u00f6r h\u00e5llbarhet och m\u00e5ngsidighet i olika applikationer, inklusive marknadsf\u00f6ring, smarta f\u00f6rpackningar och produktinteraktioner.<\/p>\n<h2>2. Hur fungerar NFC-tekniken?<\/h2>\n<p>NFC-teknik (Near Field Communication) m\u00f6jligg\u00f6r tr\u00e5dl\u00f6s data\u00f6verf\u00f6ring mellan enheter \u00f6ver korta avst\u00e5nd. N\u00e4r en NFC-aktiverad enhet, s\u00e5som en smartphone eller en l\u00e4sare, kommer i n\u00e4rheten av NFC-taggen, utbyts data via radiofrekvenskommunikation, vilket g\u00f6r att anv\u00e4ndarna kan komma \u00e5t information eller utl\u00f6sa applikationer snabbt.<\/p>\n<h2>3. Vad \u00e4r minneskapaciteten och skrivh\u00e5llbarheten f\u00f6r NFC-inl\u00e4gget?<\/h2>\n<p>De\u00a0<strong>Anpassad etsad kopparantenn HF NFC-inl\u00e4gg<\/strong>\u00a0har en minneskapacitet p\u00e5\u00a0<strong>416 byte<\/strong>\u00a0och st\u00f6djer upp till\u00a0<strong>100 000 skrivcykler<\/strong>. Detta m\u00f6jligg\u00f6r omfattande datalagring och m\u00f6jligheten att uppdatera information efter behov.<\/p>\n<h2>4. \u00c4r den anpassade etsade kopparantennen HF NFC-inl\u00e4gg vattent\u00e4t och v\u00e4derbest\u00e4ndig?<\/h2>\n<p>Ja, en av de framst\u00e5ende funktionerna i v\u00e5rt NFC-inl\u00e4gg \u00e4r dess\u00a0<strong>vattent\u00e4ta och v\u00e4derbest\u00e4ndiga egenskaper<\/strong>. Detta s\u00e4kerst\u00e4ller att taggen t\u00e5l exponering f\u00f6r v\u00e4der och vind, vilket g\u00f6r den l\u00e4mplig f\u00f6r b\u00e5de inomhus- och utomhusapplikationer.<\/p>","protected":false},"excerpt":{"rendered":"<p>Den Custom Etched Copper Antenna HF NFC Inlay \u00e4r en m\u00e5ngsidig och h\u00e5llbar NFC-l\u00f6sning designad f\u00f6r s\u00f6ml\u00f6s data\u00f6verf\u00f6ring och innovativa applikationer. Dess vattent\u00e4ta design och anpassningsbara alternativ g\u00f6r den idealisk f\u00f6r olika branscher, vilket f\u00f6rb\u00e4ttrar anv\u00e4ndarengagemang och operativ effektivitet.<\/p>","protected":false},"featured_media":3516,"template":"","meta":[],"product_brand":[],"product_cat":[48],"product_tag":[],"class_list":{"0":"post-3515","1":"product","2":"type-product","3":"status-publish","4":"has-post-thumbnail","6":"product_cat-nfc-stickers","8":"first","9":"instock","10":"shipping-taxable","11":"product-type-simple"},"_links":{"self":[{"href":"https:\/\/nfc-readers.com\/sv\/wp-json\/wp\/v2\/product\/3515","targetHints":{"allow":["GET"]}}],"collection":[{"href":"https:\/\/nfc-readers.com\/sv\/wp-json\/wp\/v2\/product"}],"about":[{"href":"https:\/\/nfc-readers.com\/sv\/wp-json\/wp\/v2\/types\/product"}],"wp:featuredmedia":[{"embeddable":true,"href":"https:\/\/nfc-readers.com\/sv\/wp-json\/wp\/v2\/media\/3516"}],"wp:attachment":[{"href":"https:\/\/nfc-readers.com\/sv\/wp-json\/wp\/v2\/media?parent=3515"}],"wp:term":[{"taxonomy":"product_brand","embeddable":true,"href":"https:\/\/nfc-readers.com\/sv\/wp-json\/wp\/v2\/product_brand?post=3515"},{"taxonomy":"product_cat","embeddable":true,"href":"https:\/\/nfc-readers.com\/sv\/wp-json\/wp\/v2\/product_cat?post=3515"},{"taxonomy":"product_tag","embeddable":true,"href":"https:\/\/nfc-readers.com\/sv\/wp-json\/wp\/v2\/product_tag?post=3515"}],"curies":[{"name":"wp","href":"https:\/\/api.w.org\/{rel}","templated":true}]}}