{"id":3530,"date":"2024-11-06T09:00:03","date_gmt":"2024-11-06T09:00:03","guid":{"rendered":"https:\/\/nfc-readers.com\/?post_type=product&#038;p=3530"},"modified":"2024-11-06T09:00:03","modified_gmt":"2024-11-06T09:00:03","slug":"iso14443a-high-security-anti-fake-ntag-424-nfc-sticker","status":"publish","type":"product","link":"https:\/\/nfc-readers.com\/sv\/ic-reader\/iso14443a-high-security-anti-fake-ntag-424-nfc-sticker\/","title":{"rendered":"ISO14443A Anti-Fake NTAG 424 NFC-dekal med h\u00f6g s\u00e4kerhet"},"content":{"rendered":"<h1 style=\"text-align: center;\"><strong>ISO14443A Anti-Fake NTAG 424 NFC-dekal med h\u00f6g s\u00e4kerhet<\/strong><\/h1>\n<p>&nbsp;<\/p>\n<p>De <strong>NTAG 424 DNA NFC-tagg<\/strong>\u00a0\u00e4r en banbrytande l\u00f6sning designad f\u00f6r f\u00f6rb\u00e4ttrade applikationer mot f\u00f6rfalskning. Genom att utnyttja ISO 14443A-protokollet och med avancerade s\u00e4kerhetsfunktioner \u00e4r detta NFC-klisterm\u00e4rke avg\u00f6rande f\u00f6r varum\u00e4rken som vill skydda sina immateriella r\u00e4ttigheter och \u00f6ka kundernas f\u00f6rtroende. Med sina h\u00f6gpresterande funktioner, l\u00e4ttanv\u00e4nd design och m\u00e5ngsidiga applikationer \u00e4r NTAG 424 DNA NFC Sticker inte bara en produkt \u2013 det \u00e4r en s\u00e4ker ink\u00f6rsport till en smartare framtid.<\/p>\n<p>&nbsp;<\/p>\n<h3>Introduktion till NTAG 424 DNA NFC-klisterm\u00e4rke<\/h3>\n<p>De\u00a0<strong>NTAG 424 DNA NFC-tagg<\/strong>\u00a0representerar spetsen f\u00f6r NFC-teknik, med fokus p\u00e5 att maximera s\u00e4kerheten f\u00f6r olika applikationer, s\u00e4rskilt inom produktautentisering. Detta NFC-klisterm\u00e4rke integrerar avancerade funktioner fr\u00e5n NTAG424 DNA-chipet, som kan kommunicera s\u00e4kert och erbjuder utm\u00e4rkt skydd mot f\u00f6rfalskning. Med m\u00e5tt p\u00e5\u00a0<strong>25 mm<\/strong>\u00a0diameter och\u00a0<strong>45 mm x 30 mm<\/strong>\u00a0f\u00f6r rektangul\u00e4ra alternativ \u00e4r denna produkt skr\u00e4ddarsydd f\u00f6r varum\u00e4rken som v\u00e4rdes\u00e4tter effektivitet utan att kompromissa med estetiken.<\/p>\n<p>&nbsp;<\/p>\n<h3>Nyckelfunktioner hos NTAG 424 NFC-taggen<\/h3>\n<p>NTAG 424 DNA NFC Tag har flera specialfunktioner utformade f\u00f6r att f\u00f6rb\u00e4ttra funktionalitet och s\u00e4kerhet:<\/p>\n<ul>\n<li><strong>Protokollefterlevnad<\/strong>: Taggen fungerar p\u00e5\u00a0<strong>ISO 14443A<\/strong>\u00a0protokoll, vilket s\u00e4kerst\u00e4ller kompatibilitet med ett brett utbud av NFC-aktiverade enheter.<\/li>\n<li><strong>H\u00f6g kommunikationsfrekvens<\/strong>: Med en frekvens p\u00e5\u00a0<strong>13,56 MHz<\/strong>, ger dessa klisterm\u00e4rken optimala kommunikationsm\u00f6jligheter f\u00f6r tillf\u00f6rlitligt datautbyte.<\/li>\n<li><strong>Anpassningsbara alternativ<\/strong>: Anv\u00e4ndare kan v\u00e4lja mellan olika storlekar och utskriftsalternativ, inklusive\u00a0<strong>CMYK fullf\u00e4rgstryck<\/strong>,\u00a0<strong>offsettryck<\/strong>, och\u00a0<strong>silkscreentryck<\/strong>, vilket m\u00f6jligg\u00f6r unika varum\u00e4rkesm\u00f6jligheter.<\/li>\n<\/ul>\n<p>NTAG 424 DNA st\u00f6der ocks\u00e5 krypterad kommunikation, vilket g\u00f6r den idealisk f\u00f6r k\u00e4nsliga applikationer som betalningssystem och s\u00e4ker autentisering.<\/p>\n<p>&nbsp;<\/p>\n<h3>F\u00f6rdelar med NFC-klisterm\u00e4rken f\u00f6r varum\u00e4rkesskydd<\/h3>\n<p>Att investera i\u00a0<strong>NFC-teknik<\/strong>\u00a0som NTAG 424 DNA-klisterm\u00e4rket erbjuder m\u00e5nga f\u00f6rdelar:<\/p>\n<ul>\n<li><strong>F\u00f6rb\u00e4ttrad s\u00e4kerhet<\/strong>: Med sina h\u00f6gs\u00e4kerhetsfunktioner erbjuder NFC-taggen sinnesfrid f\u00f6r varum\u00e4rken att deras produkter \u00e4r skyddade mot f\u00f6rfalskare.<\/li>\n<li><strong>\u00d6kat konsumentf\u00f6rtroende<\/strong>: Ge konsumenter ett enkelt s\u00e4tt att verifiera produktens \u00e4kthet via deras\u00a0<strong>NFC-aktiverade smartphones<\/strong>\u00a0kan \u00f6ka varum\u00e4rkeslojalitet och f\u00f6rtroende.<\/li>\n<li><strong>Kostnadseffektivitet<\/strong>: J\u00e4mf\u00f6rt med traditionella s\u00e4kerhets\u00e5tg\u00e4rder ger NFC-taggar ofta en mer prisv\u00e4rd l\u00f6sning f\u00f6r att skydda produkter.<\/li>\n<\/ul>\n<p>&nbsp;<\/p>\n<h3>Tekniska specifikationer f\u00f6r NTAG 424 DNA<\/h3>\n<table class=\"w-fit !mb-0 !max-w-none\">\n<thead>\n<tr>\n<th>Specifikation<\/th>\n<th>Detaljer<\/th>\n<\/tr>\n<\/thead>\n<tbody>\n<tr>\n<td><strong>Chips<\/strong><\/td>\n<td>NTAG424 DNA<\/td>\n<\/tr>\n<tr>\n<td><strong>Frekvens<\/strong><\/td>\n<td>13,56 MHz<\/td>\n<\/tr>\n<tr>\n<td><strong>Kommunikationsgr\u00e4nssnitt<\/strong><\/td>\n<td>NFC, RFID<\/td>\n<\/tr>\n<tr>\n<td><strong>L\u00e4savst\u00e5nd<\/strong><\/td>\n<td>1-10 cm<\/td>\n<\/tr>\n<tr>\n<td><strong>Material<\/strong><\/td>\n<td>Bestruket papper, PET<\/td>\n<\/tr>\n<tr>\n<td><strong>Storleksalternativ<\/strong><\/td>\n<td>Diameter: 25 mm, rektangul\u00e4r: 45 mm x 30 mm eller anpassad<\/td>\n<\/tr>\n<tr>\n<td><strong>F\u00f6rpackningsstorlek<\/strong><\/td>\n<td>0,3 x 0,3 x 0,02 cm<\/td>\n<\/tr>\n<tr>\n<td><strong>Bruttovikt<\/strong><\/td>\n<td>0,001 kg<\/td>\n<\/tr>\n<\/tbody>\n<\/table>\n<p>&nbsp;<\/p>\n<h3>Vanliga fr\u00e5gor (FAQs)<\/h3>\n<h4>1.\u00a0<strong>Vad \u00e4r NTAG 424 DNA NFC-taggen och hur fungerar den?<\/strong><\/h4>\n<p>NTAG 424 DNA NFC Tag \u00e4r ett NFC-klisterm\u00e4rke med h\u00f6g s\u00e4kerhet som l\u00e5ter anv\u00e4ndare autentisera produkter med sina NFC-aktiverade smartphones. Den fungerar enligt ISO 14443A-protokollet med en frekvens p\u00e5 13,56 MHz, vilket m\u00f6jligg\u00f6r s\u00e4ker kommunikation och data\u00f6verf\u00f6ring mellan taggen och kompatibla enheter.<\/p>\n<h4>2.\u00a0<strong>Vilka \u00e4r de viktigaste egenskaperna hos NTAG 424 DNA?<\/strong><\/h4>\n<p>Nyckelfunktioner inkluderar:<\/p>\n<ul>\n<li>Dynamisk autentisering f\u00f6r \u00f6kad s\u00e4kerhet.<\/li>\n<li>Anti-manipuleringsteknik f\u00f6r att f\u00f6rhindra obeh\u00f6rig \u00e5tkomst.<\/li>\n<li>Anpassningsbara storlekar och utskriftsalternativ f\u00f6r branding.<\/li>\n<li>L\u00e4savst\u00e5nd 1-10 cm, l\u00e4mplig f\u00f6r olika applikationer.<\/li>\n<\/ul>\n<h4>3.\u00a0<strong>Hur kan jag anv\u00e4nda NTAG 424 DNA NFC-taggen?<\/strong><\/h4>\n<p>NFC-taggen kan anv\u00e4ndas f\u00f6r:<\/p>\n<ul>\n<li>Produktautentisering f\u00f6r att verifiera objektens legitimitet.<\/li>\n<li>Evenemangsbiljetter genom att tillhandah\u00e5lla en s\u00e4ker och l\u00e4ttl\u00e4sbar \u00e5tkomstmetod.<\/li>\n<li>Smart f\u00f6rpackning f\u00f6r att \u00f6ka kundernas engagemang genom produktinformation och reklaminneh\u00e5ll.<\/li>\n<\/ul>\n<h4>4.\u00a0<strong>Vilka material anv\u00e4nds i NTAG 424 DNA NFC Tag?<\/strong><\/h4>\n<p>NTAG 424 DNA NFC-taggen \u00e4r fr\u00e4mst gjord av bestruket papper och PET, vilket ger h\u00e5llbarhet och flexibilitet f\u00f6r olika applikationer.<\/p>","protected":false},"excerpt":{"rendered":"<p>De\u00a0<strong>ISO14443A Anti-Fake NTAG 424 NFC-dekal med h\u00f6g s\u00e4kerhet<\/strong>\u00a0\u00e4r en banbrytande l\u00f6sning designad f\u00f6r s\u00e4ker produktautentisering och \u00e5tg\u00e4rder mot f\u00f6rfalskning. Med avancerad kryptering och dynamiska autentiseringsfunktioner ger detta NFC-klisterm\u00e4rke varum\u00e4rken m\u00f6jlighet att skydda sina produkter och \u00f6ka konsumenternas f\u00f6rtroende utan anstr\u00e4ngning.<\/p>","protected":false},"featured_media":3531,"template":"","meta":[],"product_brand":[],"product_cat":[48],"product_tag":[],"class_list":{"0":"post-3530","1":"product","2":"type-product","3":"status-publish","4":"has-post-thumbnail","6":"product_cat-nfc-stickers","8":"first","9":"instock","10":"shipping-taxable","11":"product-type-simple"},"_links":{"self":[{"href":"https:\/\/nfc-readers.com\/sv\/wp-json\/wp\/v2\/product\/3530","targetHints":{"allow":["GET"]}}],"collection":[{"href":"https:\/\/nfc-readers.com\/sv\/wp-json\/wp\/v2\/product"}],"about":[{"href":"https:\/\/nfc-readers.com\/sv\/wp-json\/wp\/v2\/types\/product"}],"wp:featuredmedia":[{"embeddable":true,"href":"https:\/\/nfc-readers.com\/sv\/wp-json\/wp\/v2\/media\/3531"}],"wp:attachment":[{"href":"https:\/\/nfc-readers.com\/sv\/wp-json\/wp\/v2\/media?parent=3530"}],"wp:term":[{"taxonomy":"product_brand","embeddable":true,"href":"https:\/\/nfc-readers.com\/sv\/wp-json\/wp\/v2\/product_brand?post=3530"},{"taxonomy":"product_cat","embeddable":true,"href":"https:\/\/nfc-readers.com\/sv\/wp-json\/wp\/v2\/product_cat?post=3530"},{"taxonomy":"product_tag","embeddable":true,"href":"https:\/\/nfc-readers.com\/sv\/wp-json\/wp\/v2\/product_tag?post=3530"}],"curies":[{"name":"wp","href":"https:\/\/api.w.org\/{rel}","templated":true}]}}