{"id":3537,"date":"2024-11-06T10:55:59","date_gmt":"2024-11-06T10:55:59","guid":{"rendered":"https:\/\/nfc-readers.com\/?post_type=product&#038;p=3537"},"modified":"2024-11-06T10:56:00","modified_gmt":"2024-11-06T10:56:00","slug":"customize-replicable-uid-iso14443a-rfid-card-for-attendance","status":"publish","type":"product","link":"https:\/\/nfc-readers.com\/sv\/ic-reader\/customize-replicable-uid-iso14443a-rfid-card-for-attendance\/","title":{"rendered":"anpassa replikerbart uid iso14443A RFID-kort f\u00f6r n\u00e4rvaro"},"content":{"rendered":"<h1 style=\"text-align: center;\"><span style=\"color: #000080;\"><strong>anpassa replikerbart uid iso14443A RFID-kort f\u00f6r n\u00e4rvaro<\/strong><\/span><\/h1>\n<p><span style=\"color: #666699;\"><strong>Det skr\u00e4ddarsydda replikerbara UID ISO14443A RFID-kortet f\u00f6r n\u00e4rvaro revolutionerar hur organisationer hanterar n\u00e4rvaro och \u00e5tkomstkontroll. Dessa kort \u00e4r designade f\u00f6r m\u00e5ngsidighet och tillf\u00f6rlitlighet och erbjuder en s\u00f6ml\u00f6s upplevelse f\u00f6r att sp\u00e5ra n\u00e4rvaro, f\u00f6rb\u00e4ttra s\u00e4kerheten och f\u00f6renkla arbetsfl\u00f6det i olika applikationer. Med robusta funktioner och en anv\u00e4ndarv\u00e4nlig design \u00e4r detta RFID-kort ett m\u00e5ste f\u00f6r f\u00f6retag som s\u00f6ker effektivitet och s\u00e4kerhet.<\/strong><\/span><\/p>\n<p><span style=\"color: #666699;\"><strong>Produktf\u00f6rdelar och varf\u00f6r du b\u00f6r k\u00f6pa - S\u00f6ml\u00f6s n\u00e4rvarosp\u00e5rning: UID ISO14443A RFID-kortet effektiviserar n\u00e4rvaroprocessen. Anv\u00e4ndare kan snabbt trycka p\u00e5 sina kort p\u00e5 en l\u00e4sare och omedelbart logga sin n\u00e4rvaro utan kr\u00e5ngel med manuella incheckningar.<\/strong><\/span><\/p>\n<ul>\n<li><strong>Anpassningsbara alternativ<\/strong>: Skr\u00e4ddarsy designen och funktionaliteten f\u00f6r dessa RFID-kort f\u00f6r att m\u00f6ta specifika organisatoriska behov. Oavsett om det g\u00e4ller en f\u00f6retagsmilj\u00f6, skola eller evenemang, anpassning s\u00e4kerst\u00e4ller att varje kort \u00e4r unikt anpassat f\u00f6r dess syfte.<\/li>\n<li><strong>Tillf\u00f6rlitlighet och h\u00e5llbarhet<\/strong>: Tillverkade av h\u00f6gkvalitativa PVC\/PET-material, dessa kort \u00e4r designade f\u00f6r att t\u00e5la daglig anv\u00e4ndning. Deras vattent\u00e4ta och v\u00e4derbest\u00e4ndiga funktioner s\u00e4kerst\u00e4ller l\u00e5ng livsl\u00e4ngd och tillf\u00f6rlitlighet, vilket \u00e4r viktigt f\u00f6r alla passersystem.<\/li>\n<li><strong>Kostnadseffektiv l\u00f6sning<\/strong>: Att investera i dessa RFID-kort minskar tiden och resurserna som spenderas p\u00e5 manuella n\u00e4rvarosystem. Dessutom g\u00f6r den l\u00e5ga initialkostnaden och h\u00f6ga h\u00e5llbarheten att de h\u00e5ller l\u00e4ngre \u00e4n traditionella papperssystem.<\/li>\n<\/ul>\n<p>&nbsp;<\/p>\n<p>&nbsp;<\/p>\n<h2 style=\"text-align: center;\"><span style=\"color: #000080;\"><em><strong>\u00d6versikt \u00f6ver MIFARE-produkter<\/strong><\/em><\/span><\/h2>\n<p><strong>MIFARE-teknologin, utvecklad av NXP Semiconductors, \u00e4r en ledande l\u00f6sning f\u00f6r kontaktl\u00f6sa smartkort och RFID-applikationer. <\/strong><\/p>\n<p><span style=\"color: #008080;\"><strong>MIFARE Classic1K, som finns i v\u00e5ra skr\u00e4ddarsydda UID-kort, \u00e4r s\u00e4rskilt k\u00e4nd f\u00f6r sin tillf\u00f6rlitlighet i \u00e5tkomstkontroll och s\u00e4kra identifieringssystem. Detta smartkort fungerar s\u00f6ml\u00f6st med olika l\u00e4sare, vilket g\u00f6r det till en industristandard.<\/strong><\/span><\/p>\n<p>&nbsp;<\/p>\n<p>&nbsp;<\/p>\n<h2 style=\"text-align: center;\"><em><span style=\"color: #000080;\"><strong>Nyckelfunktioner hos Customize UID RFID-kortet<\/strong><\/span><\/em><\/h2>\n<h4>De\u00a0<strong>anpassa replikerbart UID ISO14443A RFID-kort f\u00f6r n\u00e4rvaro<\/strong>\u00a0kommer med toppmoderna funktioner:<\/h4>\n<ul>\n<li><strong>Vattent\u00e4t och v\u00e4derbest\u00e4ndig<\/strong>: Dessa kort t\u00e5l tuffa milj\u00f6er, vilket s\u00e4kerst\u00e4ller kontinuerlig prestanda.<\/li>\n<li><strong>Enkel anpassning<\/strong>: V\u00e4lj mellan olika utskriftsalternativ som\u00a0<strong>CMYK4C utskrift<\/strong>, offset, silkscreentryck, laserkodning och UV-bl\u00e4ck, vilket g\u00f6r att organisationer kan anpassa varje kort effektivt.<\/li>\n<li><strong>Kommunikationsgr\u00e4nssnitt<\/strong>: Korten anv\u00e4nder RFID- och NFC-teknik, vilket m\u00f6jligg\u00f6r snabb kommunikation med l\u00e4sare med en frekvens p\u00e5 13,56 MHz.<\/li>\n<\/ul>\n<p>&nbsp;<\/p>\n<p>&nbsp;<\/p>\n<h2 style=\"text-align: center;\"><em><span style=\"color: #000080;\"><strong>Tekniska specifikationer<\/strong><\/span><\/em><\/h2>\n<p style=\"text-align: left;\">\n|\u00a0<strong>Chip modell<\/strong>\u00a0| MIFARE Classic1K |<br \/>\n|\u00a0<strong>L\u00e4savst\u00e5nd<\/strong> |2-10 cm |<br \/>\n|\u00a0<strong>Storlek<\/strong>\u00a0|85,5 x54 mm |<br \/>\n|\u00a0<strong>Material<\/strong>\u00a0| PVC\/PET |<br \/>\n|\u00a0<strong>Specialfunktioner<\/strong>\u00a0| Vattent\u00e4t, v\u00e4derbest\u00e4ndig |<br \/>\n|\u00a0<strong>Ursprungsort<\/strong>\u00a0| Guangdong, Kina |<br \/>\n|\u00a0<strong>Hantverk<\/strong>\u00a0| Laserkod, UV-bl\u00e4ck, serienummer, pr\u00e4gling, termiskt tryck |<br \/>\n|\u00a0<strong>S\u00e4ljande enheter<\/strong>\u00a0| Enstaka f\u00f6rem\u00e5l |<br \/>\n|\u00a0<strong>F\u00f6rpackningsstorlek<\/strong>\u00a0|8,55 x5,4 x0,08 cm |<br \/>\n|\u00a0<strong>Vikt<\/strong>\u00a0|0,006 kg |<\/p>\n<p>&nbsp;<\/p>\n<p>&nbsp;<\/p>\n<h3 style=\"text-align: center;\"><span style=\"color: #000080;\"><em><strong>Till\u00e4mpningar av RFID-kort<\/strong><\/em><\/span><\/h3>\n<h4>De\u00a0<strong>anpassa replikerbart UID ISO14443A RFID-kort f\u00f6r n\u00e4rvaro<\/strong>\u00a0kan anv\u00e4ndas inom olika sektorer, inklusive:<\/h4>\n<ul>\n<li><strong>\u00c5tkomstkontroll<\/strong>: Idealiskt f\u00f6r att kontrollera intr\u00e4de i s\u00e4kra omr\u00e5den, dessa kort s\u00e4kerst\u00e4ller att endast auktoriserad personal kan f\u00e5 \u00e5tkomst.<\/li>\n<li><strong>Uppf\u00f6ljning av n\u00e4rvaro<\/strong>: Perfekt f\u00f6r skolor och f\u00f6retagskontor d\u00e4r n\u00e4rvarologgning \u00e4r avg\u00f6rande. Snabbtappfunktionen minskar avsev\u00e4rt tiden som l\u00e4ggs p\u00e5 manuella loggar.<\/li>\n<li><strong>Kollektivtrafik<\/strong>: F\u00f6rb\u00e4ttra anv\u00e4ndarv\u00e4nligheten i transitsystem genom att till\u00e5ta snabb ombordstigning genom kontaktl\u00f6s teknik.<\/li>\n<\/ul>\n<p>&nbsp;<\/p>\n<p>&nbsp;<\/p>\n<h2 style=\"text-align: center;\"><span style=\"color: #000080;\"><em><strong>Milj\u00f6p\u00e5verkan och h\u00e5llbarhet<\/strong><\/em><\/span><\/h2>\n<p><strong>Att v\u00e4lja de skr\u00e4ddarsydda replikerbara UID ISO14443A RFID-korten bidrar till h\u00e5llbara metoder. Deras h\u00e5llbarhet inneb\u00e4r f\u00e4rre utbyten och sl\u00f6seri, vilket minimerar det milj\u00f6avtryck som \u00e4r f\u00f6rknippat med standardpapper eller plastkort.<\/strong><\/p>\n<p>&nbsp;<\/p>\n<p>&nbsp;<\/p>\n<h2 style=\"text-align: center;\"><em><span style=\"color: #000080;\"><strong>Kundrecensioner och rekommendationer<\/strong><\/span><\/em><\/h2>\n<p><span style=\"color: #008080;\">&quot;Dessa RFID-kort gjorde det s\u00e5 mycket enklare att sp\u00e5ra n\u00e4rvaro i v\u00e5r skola! Anpassningsalternativen var ett stort plus.\u201d \u2013 <em>Emily R., skoladministrat\u00f6r<\/em><\/span><\/p>\n<blockquote><p>&quot;Mycket p\u00e5litlig och h\u00e5llbar. Vi har anv\u00e4nt dem i v\u00e5rt passersystem i flera m\u00e5nader nu utan n\u00e5gra problem.\u201d<\/p><\/blockquote>","protected":false},"excerpt":{"rendered":"<p>Anpassningsbart RFID-kort f\u00f6r effektiv n\u00e4rvarosp\u00e5rning och s\u00e4ker \u00e5tkomstkontroll, med MIFARE Classic1K-teknik och h\u00e5llbart PVC\/PET-material.<\/p>","protected":false},"featured_media":3357,"template":"","meta":[],"product_brand":[],"product_cat":[46],"product_tag":[],"class_list":{"0":"post-3537","1":"product","2":"type-product","3":"status-publish","4":"has-post-thumbnail","6":"product_cat-nfc-cards","8":"first","9":"instock","10":"shipping-taxable","11":"product-type-simple"},"_links":{"self":[{"href":"https:\/\/nfc-readers.com\/sv\/wp-json\/wp\/v2\/product\/3537","targetHints":{"allow":["GET"]}}],"collection":[{"href":"https:\/\/nfc-readers.com\/sv\/wp-json\/wp\/v2\/product"}],"about":[{"href":"https:\/\/nfc-readers.com\/sv\/wp-json\/wp\/v2\/types\/product"}],"wp:featuredmedia":[{"embeddable":true,"href":"https:\/\/nfc-readers.com\/sv\/wp-json\/wp\/v2\/media\/3357"}],"wp:attachment":[{"href":"https:\/\/nfc-readers.com\/sv\/wp-json\/wp\/v2\/media?parent=3537"}],"wp:term":[{"taxonomy":"product_brand","embeddable":true,"href":"https:\/\/nfc-readers.com\/sv\/wp-json\/wp\/v2\/product_brand?post=3537"},{"taxonomy":"product_cat","embeddable":true,"href":"https:\/\/nfc-readers.com\/sv\/wp-json\/wp\/v2\/product_cat?post=3537"},{"taxonomy":"product_tag","embeddable":true,"href":"https:\/\/nfc-readers.com\/sv\/wp-json\/wp\/v2\/product_tag?post=3537"}],"curies":[{"name":"wp","href":"https:\/\/api.w.org\/{rel}","templated":true}]}}