{"id":3538,"date":"2024-11-06T11:31:12","date_gmt":"2024-11-06T11:31:12","guid":{"rendered":"https:\/\/nfc-readers.com\/?post_type=product&#038;p=3538"},"modified":"2024-11-06T11:31:12","modified_gmt":"2024-11-06T11:31:12","slug":"ntag213-nfc-card-with-qr-code-printed-for-whatsapp-marketing","status":"publish","type":"product","link":"https:\/\/nfc-readers.com\/sv\/ic-reader\/ntag213-nfc-card-with-qr-code-printed-for-whatsapp-marketing\/","title":{"rendered":"NTAG213 NFC-kort med QR-kod Tryckt f\u00f6r Whatsapp Marketing"},"content":{"rendered":"<h1><span style=\"color: #000080;\"><strong>NTAG213 NFC-kort med QR-kod Tryckt f\u00f6r Whatsapp Marketing<\/strong><\/span><\/h1>\n<div class=\"chat-list relative custom-scrollbar-reset-margin custom-scrollbar custom-scrollbar-hidden custom-scrollbar-float pb-9 flex-1 overflow-y-auto\">\n<div class=\"mx-auto max-w-[790px]\">\n<div class=\"message-item-outer relative px-4 mb-2\" data-id=\"314708bd-f25a-4472-bc0c-0927c643c147\">\n<div class=\"content-area pl-[0px]\">\n<div class=\"message-item select-text relative\">\n<div class=\"message-inner relative\">\n<div class=\"py-[2px]\">\n<div class=\"flex flex-col gap-2\">\n<div class=\"answer-markdown-box overflow-x-auto select-text custom-scrollbar\">\n<div class=\"markdown-body\">\n<h3><span style=\"color: #008080;\"><strong>Revolutionera ditt kundengagemang<\/strong><\/span><\/h3>\n<p>I dagens digitala tids\u00e5lder letar f\u00f6retag st\u00e4ndigt efter innovativa s\u00e4tt att engagera sig med sina kunder och marknadsf\u00f6ra sitt varum\u00e4rke. Ett effektivt s\u00e4tt att g\u00f6ra detta \u00e4r att anv\u00e4nda NFC-teknik (Near Field Communication), speciellt NTAG213 NFC-kort med QR-kodutskrift.<\/p>\n<p>Dessa kort har blivit allt mer popul\u00e4ra f\u00f6r WhatsApp-marknadsf\u00f6ring, vilket g\u00f6r att f\u00f6retag kan hantera sin privata trafik och f\u00e5 kontakt med kunder p\u00e5 ett mer personligt och interaktivt s\u00e4tt.<\/p>\n<p>&nbsp;<\/p>\n<\/div>\n<\/div>\n<\/div>\n<\/div>\n<p>&nbsp;<\/p>\n<div class=\"py-[2px]\">\n<div class=\"flex flex-col gap-2\">\n<div class=\"answer-markdown-box overflow-x-auto select-text custom-scrollbar\">\n<div class=\"markdown-body\">\n<h2 style=\"text-align: center;\"><span style=\"color: #333399;\"><em><strong>F\u00f6rdelar med NTAG213 NFC-kort<\/strong><\/em><\/span><\/h2>\n<p>NTAG213 NFC-kort med QR-kodutskrift erbjuder en rad f\u00f6rdelar f\u00f6r f\u00f6retag som vill f\u00f6rb\u00e4ttra sitt kundengagemang och marknadsf\u00f6ringsinsatser. Dessa f\u00f6rm\u00e5ner inkluderar:<\/p>\n<ul>\n<li><strong>L\u00e4tt att anv\u00e4nda och hantera<\/strong>: NTAG213 NFC-kort \u00e4r enkla att anv\u00e4nda och hantera, vilket g\u00f6r att f\u00f6retag enkelt kan skapa och dela WhatsApp-l\u00e4nkar med sina kunder.<\/li>\n<li><strong>H\u00f6g kapacitet<\/strong>: NTAG213 NFC-kort har en stor minneskapacitet, vilket g\u00f6r att f\u00f6retag kan lagra en betydande m\u00e4ngd data, som WhatsApp-l\u00e4nkar, kontaktinformation och mer.<\/li>\n<li><strong>Anpassningsbar<\/strong>: NTAG213 NFC-kort kan anpassas med en m\u00e4ngd olika utskriftsalternativ, inklusive QR-koder, vilket g\u00f6r att f\u00f6retag kan anpassa sina marknadsf\u00f6ringsinsatser.<\/li>\n<li><\/li>\n<\/ul>\n<p>&nbsp;<\/p>\n<\/div>\n<p>&nbsp;<\/p>\n<div class=\"markdown-body\">\n<h2 style=\"text-align: center;\"><span style=\"color: #333399;\"><em><strong>Funktioner hos NTAG213 NFC-kort<\/strong><\/em><\/span><\/h2>\n<p>NTAG213 NFC-kort med QR-kodutskrift f\u00f6r WhatsApp marknadsf\u00f6ring har en rad avancerade funktioner, inklusive:<\/p>\n<ul>\n<li><strong>Kompatibilitet med WhatsApp<\/strong>: NTAG213 NFC-kort \u00e4r speciellt utformade f\u00f6r att fungera med WhatsApp, vilket g\u00f6r att f\u00f6retag enkelt kan skapa och dela WhatsApp-l\u00e4nkar med sina kunder.<\/li>\n<li><strong>QR-kod utskrift<\/strong>: NTAG213 NFC-kort har QR-kodutskrift, vilket g\u00f6r att f\u00f6retag enkelt kan anpassa sina marknadsf\u00f6ringsinsatser.<\/li>\n<li><strong>NFC-teknik<\/strong>: NTAG213 NFC-kort anv\u00e4nder avancerad NFC-teknik, vilket m\u00f6jligg\u00f6r snabb och p\u00e5litlig data\u00f6verf\u00f6ring mellan kortet och en mobil enhet.<\/li>\n<li><strong>H\u00f6gs\u00e4kerhetskryptering<\/strong>: NTAG213 NFC-kort har avancerad s\u00e4kerhetskryptering, skyddar mot obeh\u00f6rig \u00e5tkomst och s\u00e4kerst\u00e4ller att kunddata f\u00f6rblir s\u00e4ker.<\/li>\n<\/ul>\n<p>&nbsp;<\/p>\n<\/div>\n<p>&nbsp;<\/p>\n<div class=\"markdown-body\">\n<h2 style=\"text-align: center;\"><span style=\"color: #333399;\"><em><strong>Specifikationer<\/strong><\/em><\/span><\/h2>\n<div class=\"table-with-header rounded-lg border border-solid border-grey-line2-normal w-fit max-w-full mb-2\">\n<div class=\"overflow-x-auto custom-scrollbar custom-scrollbar-float max-w-full\">\n<table class=\"w-fit !mb-0 !max-w-none\">\n<thead>\n<tr>\n<th>Specifikation<\/th>\n<th>V\u00e4rde<\/th>\n<\/tr>\n<\/thead>\n<tbody>\n<tr>\n<td>Material<\/td>\n<td>PVC<\/td>\n<\/tr>\n<tr>\n<td>Storlek<\/td>\n<td>Best\u00e4llnings<\/td>\n<\/tr>\n<tr>\n<td>Minne<\/td>\n<td>144 byte<\/td>\n<\/tr>\n<tr>\n<td>Chips<\/td>\n<td>NTAG213<\/td>\n<\/tr>\n<tr>\n<td>Utskrift<\/td>\n<td>QR-kodsutskrift st\u00f6ds<\/td>\n<\/tr>\n<tr>\n<td>F\u00f6rpackning<\/td>\n<td>200st\/inre vit l\u00e5da ,25 l\u00e5da\/kartong, kartongstorlek:48<em>22.5<\/em>30 cm<\/td>\n<\/tr>\n<tr>\n<td>S\u00e4ljande enheter<\/td>\n<td>Enstaka f\u00f6rem\u00e5l<\/td>\n<\/tr>\n<tr>\n<td>Enkel f\u00f6rpackningsstorlek<\/td>\n<td>35X1,5X0,02 cm<\/td>\n<\/tr>\n<tr>\n<td>Enkel bruttovikt<\/td>\n<td>0,010 kg<\/td>\n<\/tr>\n<\/tbody>\n<\/table>\n<p>&nbsp;<\/p>\n<\/div>\n<\/div>\n<h2 style=\"text-align: center;\"><span style=\"color: #333399;\"><em><strong>Hur man anv\u00e4nder NTAG213 NFC-kort\u00a0<\/strong><\/em><\/span><\/h2>\n<p>Att anv\u00e4nda NTAG213 NFC-kort \u00e4r enkelt och okomplicerat. H\u00e4r \u00e4r en steg-f\u00f6r-steg-guide f\u00f6r att komma ig\u00e5ng:<\/p>\n<ol>\n<li><strong>Skapa en WhatsApp-l\u00e4nk<\/strong>: Skapa en WhatsApp-l\u00e4nk med formatet &quot;<a href=\"https:\/\/wa.me\/WhatsAppnumber\" target=\"_blank\" rel=\"noopener\">https:\/\/wa.me\/WhatsAppnumber<\/a>&quot;, d\u00e4r &quot;WhatsAppnumber&quot; \u00e4r ditt telefonnummer i internationellt format.<\/li>\n<li><strong>Programmera WhatsApp-l\u00e4nken<\/strong>: Programmera WhatsApp-l\u00e4nken p\u00e5 NTAG213 NFC-kortet med en kompatibel enhet och programvara.<\/li>\n<li><strong>Anpassa kortet<\/strong>: Anpassa NTAG213 NFC-kortet med ditt f\u00f6retags varum\u00e4rke och marknadsf\u00f6ringsbudskap.<\/li>\n<li><strong>Dela ut kortet<\/strong>: Dela ut NTAG213 NFC-kortet till dina kunder, antingen personligen eller via posten.<\/li>\n<\/ol>\n<p>&nbsp;<\/p>\n<\/div>\n<p>&nbsp;<\/p>\n<div class=\"markdown-body\">\n<h2 style=\"text-align: center;\"><em><span style=\"color: #333399;\"><strong>F\u00f6rdelar med NTAG213 NFC-kort<\/strong><\/span><\/em><\/h2>\n<p>NTAG213 NFC-kort med QR-kodutskrift f\u00f6r WhatsApp-marknadsf\u00f6ring erbjuder en rad f\u00f6rdelar j\u00e4mf\u00f6rt med traditionella marknadsf\u00f6ringsmetoder. Dessa f\u00f6rdelar inkluderar:<\/p>\n<ul>\n<li><strong>\u00d6kat engagemang<\/strong>: NTAG213 NFC-kort med QR-kodutskrift f\u00f6r WhatsApp-marknadsf\u00f6ring g\u00f6r att f\u00f6retag kan engagera sig med kunder p\u00e5 ett mer personligt och interaktivt s\u00e4tt.<\/li>\n<li><strong>F\u00f6rb\u00e4ttrad varum\u00e4rkesigenk\u00e4nning<\/strong>: NTAG213 NFC-kort med QR-kodutskrift f\u00f6r WhatsApp-marknadsf\u00f6ring kan anpassas med ett f\u00f6retags varum\u00e4rkes- och marknadsf\u00f6ringsbudskap, vilket f\u00f6rb\u00e4ttrar varum\u00e4rkesk\u00e4nnedomen och medvetenheten.<\/li>\n<li><strong>Kostnadseffektivt<\/strong>: NTAG213 NFC-kort med QR-kodutskrift f\u00f6r WhatsApp-marknadsf\u00f6ring \u00e4r en prisv\u00e4rd marknadsf\u00f6ringsl\u00f6sning som erbjuder h\u00f6g avkastning p\u00e5 investeringen f\u00f6r f\u00f6retag.<\/li>\n<\/ul>\n<p>&nbsp;<\/p>\n<h2 style=\"text-align: center;\"><span style=\"color: #008080;\"><em><strong>V\u00c4LJ OSS NU!<\/strong><\/em><\/span><\/h2>\n<p>NTAG213 NFC-kort med QR-kodutskrift f\u00f6r WhatsApp-marknadsf\u00f6ring \u00e4r ett innovativt och effektivt s\u00e4tt att engagera sig med kunder och marknadsf\u00f6ra ditt varum\u00e4rke. Med sin anv\u00e4ndarv\u00e4nlighet, h\u00f6ga kapacitet, s\u00e4kra kryptering och anpassningsbara design \u00e4r NTAG213 NFC-kort med QR-kodutskrift f\u00f6r WhatsApp-marknadsf\u00f6ring en idealisk l\u00f6sning f\u00f6r f\u00f6retag som vill f\u00f6rb\u00e4ttra sitt kundengagemang och marknadsf\u00f6ringsinsatser.<\/p>\n<\/div>\n<\/div>\n<\/div>\n<\/div>\n<\/div>\n<\/div>\n<\/div>\n<\/div>\n<\/div>\n<\/div>","protected":false},"excerpt":{"rendered":"<p><strong>NTAG213 NFC-kort med QR-kod f\u00f6r WhatsApp Marketing<\/strong>: Revolutionera ditt kundengagemang med l\u00e4ttanv\u00e4nda NFC-kort med h\u00f6g kapacitet och anpassningsbara f\u00f6r personlig marknadsf\u00f6ring.<\/p>","protected":false},"featured_media":3543,"template":"","meta":[],"product_brand":[],"product_cat":[46],"product_tag":[],"class_list":{"0":"post-3538","1":"product","2":"type-product","3":"status-publish","4":"has-post-thumbnail","6":"product_cat-nfc-cards","8":"first","9":"instock","10":"shipping-taxable","11":"product-type-simple"},"_links":{"self":[{"href":"https:\/\/nfc-readers.com\/sv\/wp-json\/wp\/v2\/product\/3538","targetHints":{"allow":["GET"]}}],"collection":[{"href":"https:\/\/nfc-readers.com\/sv\/wp-json\/wp\/v2\/product"}],"about":[{"href":"https:\/\/nfc-readers.com\/sv\/wp-json\/wp\/v2\/types\/product"}],"wp:featuredmedia":[{"embeddable":true,"href":"https:\/\/nfc-readers.com\/sv\/wp-json\/wp\/v2\/media\/3543"}],"wp:attachment":[{"href":"https:\/\/nfc-readers.com\/sv\/wp-json\/wp\/v2\/media?parent=3538"}],"wp:term":[{"taxonomy":"product_brand","embeddable":true,"href":"https:\/\/nfc-readers.com\/sv\/wp-json\/wp\/v2\/product_brand?post=3538"},{"taxonomy":"product_cat","embeddable":true,"href":"https:\/\/nfc-readers.com\/sv\/wp-json\/wp\/v2\/product_cat?post=3538"},{"taxonomy":"product_tag","embeddable":true,"href":"https:\/\/nfc-readers.com\/sv\/wp-json\/wp\/v2\/product_tag?post=3538"}],"curies":[{"name":"wp","href":"https:\/\/api.w.org\/{rel}","templated":true}]}}