{"id":3552,"date":"2024-11-06T15:59:31","date_gmt":"2024-11-06T15:59:31","guid":{"rendered":"https:\/\/nfc-readers.com\/?post_type=product&#038;p=3552"},"modified":"2024-11-06T16:18:13","modified_gmt":"2024-11-06T16:18:13","slug":"contactless-cr80-plastic-ntag-216-nfc-loyalty-card","status":"publish","type":"product","link":"https:\/\/nfc-readers.com\/sv\/ic-reader\/contactless-cr80-plastic-ntag-216-nfc-loyalty-card\/","title":{"rendered":"Kontaktl\u00f6st CR80 plast Ntag 216 NFC lojalitetskort"},"content":{"rendered":"<h1 style=\"text-align: center;\"><span style=\"color: #000080;\"><strong>Kontaktl\u00f6st CR80 plast Ntag 216 NFC lojalitetskort<\/strong><\/span><\/h1>\n<p>&nbsp;<\/p>\n<h2 style=\"text-align: center;\"><span style=\"color: #008080;\"><em><strong>Revolutionerande kundengagemang<\/strong><\/em><\/span><\/h2>\n<p><strong><span style=\"color: #666699;\">I dagens digitala tids\u00e5lder letar f\u00f6retag st\u00e4ndigt efter innovativa s\u00e4tt att engagera sig med sina kunder och marknadsf\u00f6ra sitt varum\u00e4rke. Ett effektivt s\u00e4tt att g\u00f6ra detta \u00e4r att anv\u00e4nda NFC-teknik (Near Field Communication), speciellt kontaktl\u00f6sa CR80-plast Ntag216 NFC-lojalitetskort.<\/span><\/strong><\/p>\n<p>&nbsp;<\/p>\n<p>&nbsp;<\/p>\n<h2 style=\"text-align: center;\"><em><strong><span style=\"color: #333399;\">F\u00f6rdelar med Ntag216 NFC-kort<\/span><\/strong><\/em><\/h2>\n<ol>\n<li><strong>Bekv\u00e4mlighet<\/strong>: Kontaktl\u00f6sa CR80-plast Ntag216 NFC-lojalitetskort erbjuder ett bekv\u00e4mt s\u00e4tt f\u00f6r kunder att interagera med f\u00f6retag, utan behov av fysisk kontakt eller manuell datainmatning.<\/li>\n<li><strong>Personlig upplevelse<\/strong>: Kontaktl\u00f6sa CR80 plast Ntag216 NFC lojalitetskort kan anpassas med ett f\u00f6retags varum\u00e4rke och marknadsf\u00f6ringsbudskap, vilket ger en personlig upplevelse f\u00f6r kunderna.<\/li>\n<li><strong>\u00d6kat engagemang<\/strong>: Kontaktl\u00f6sa CR80-plast Ntag216 NFC-lojalitetskort kan hj\u00e4lpa f\u00f6retag att \u00f6ka kundernas engagemang genom att tillhandah\u00e5lla ett unikt och interaktivt s\u00e4tt f\u00f6r kunder att interagera med sitt varum\u00e4rke.<\/li>\n<\/ol>\n<p>&nbsp;<\/p>\n<p>&nbsp;<\/p>\n<h2 style=\"text-align: center;\"><span style=\"color: #333399;\"><em><strong>Anv\u00e4nda kontaktl\u00f6sa Ntag216 NFC-kort<\/strong><\/em><\/span><\/h2>\n<p>Att anv\u00e4nda kontaktl\u00f6sa CR80 plast Ntag216 NFC lojalitetskort \u00e4r enkelt och okomplicerat. H\u00e4r \u00e4r en steg-f\u00f6r-steg-guide f\u00f6r att komma ig\u00e5ng:<\/p>\n<ol>\n<li><strong>Skapa en mobilapp<\/strong>: Skapa en mobilapp som \u00e4r kompatibel med kontaktl\u00f6sa CR80-plast Ntag216 NFC-lojalitetskort.<\/li>\n<li><strong>Programmera kortet<\/strong>: Programmera det kontaktl\u00f6sa CR80-plasten Ntag216 NFC lojalitetskortet med ditt f\u00f6retags varum\u00e4rke och marknadsf\u00f6ringsbudskap.<\/li>\n<li><strong>Dela ut kortet<\/strong>: Dela ut det kontaktl\u00f6sa CR80-plasten Ntag216 NFC-lojalitetskortet till dina kunder.<\/li>\n<li><strong>Engagera dig med kunder<\/strong>: Engagera dig med dina kunder genom att ge en unik och interaktiv upplevelse genom det kontaktl\u00f6sa CR80-lojalitetskortet Ntag216 NFC i plast.<\/li>\n<\/ol>\n<p>&nbsp;<\/p>\n<p style=\"text-align: center;\">\n<h2 style=\"text-align: center;\"><span style=\"color: #333399;\"><em><strong>Tekniska specifikationer<\/strong><\/em><\/span><\/h2>\n<div class=\"table-with-header rounded-lg border border-solid border-grey-line2-normal w-fit max-w-full mb-2\">\n<div class=\"overflow-x-auto custom-scrollbar custom-scrollbar-float max-w-full\">\n<table class=\"w-fit !mb-0 !max-w-none\" style=\"height: 510px;\" width=\"432\">\n<thead>\n<tr>\n<th>Specifikation<\/th>\n<th>V\u00e4rde<\/th>\n<\/tr>\n<\/thead>\n<tbody>\n<tr>\n<td>Ursprungsort<\/td>\n<td>Guangdong, Kina<\/td>\n<\/tr>\n<tr>\n<td>Ans\u00f6kan<\/td>\n<td>Visitkort<\/td>\n<\/tr>\n<tr>\n<td>Produktnamn<\/td>\n<td>NFC-kort<\/td>\n<\/tr>\n<tr>\n<td>Material<\/td>\n<td>PVC<\/td>\n<\/tr>\n<tr>\n<td>Storlek<\/td>\n<td>85,5*54mm\/Anpassad<\/td>\n<\/tr>\n<tr>\n<td><\/td>\n<td><\/td>\n<\/tr>\n<tr>\n<td>Utskrift<\/td>\n<td>offset\/CMYK4C-tryck\/silkscreentryck<\/td>\n<\/tr>\n<tr>\n<td>Frekvens<\/td>\n<td>13,56 MHz<\/td>\n<\/tr>\n<tr>\n<td>Chips<\/td>\n<td>Ntag216<\/td>\n<\/tr>\n<tr>\n<td>Minne<\/td>\n<td>888 Byte<\/td>\n<\/tr>\n<tr>\n<td>Ledtid<\/td>\n<td>7-10 dagar<\/td>\n<\/tr>\n<tr>\n<td>Protokoll<\/td>\n<td>ISO\/IEC14443A<\/td>\n<\/tr>\n<tr>\n<td>L\u00e4savst\u00e5nd<\/td>\n<td>1-10 cm<\/td>\n<\/tr>\n<tr>\n<td>Paketering och leverans<\/td>\n<td>Enstaka f\u00f6rem\u00e5l<\/td>\n<\/tr>\n<tr>\n<td>Enkel f\u00f6rpackningsstorlek<\/td>\n<td>8,55X5,4X0,08 cm<\/td>\n<\/tr>\n<tr>\n<td>Enkel bruttovikt<\/td>\n<td>0,006 kg<\/td>\n<\/tr>\n<\/tbody>\n<\/table>\n<\/div>\n<\/div>\n<p>&nbsp;<\/p>\n<h2 style=\"text-align: center;\"><span style=\"color: #333399;\"><em><strong>Vanliga fr\u00e5gor<\/strong><\/em><\/span><\/h2>\n<ol>\n<li><strong>Vad \u00e4r ett kontaktl\u00f6st CR80-plast Ntag216 NFC-lojalitetskort?<\/strong><br \/>\nEtt kontaktl\u00f6st CR80 plast Ntag216 NFC lojalitetskort \u00e4r en typ av kort som anv\u00e4nder NFC-teknik f\u00f6r att lagra och \u00f6verf\u00f6ra data mellan kortet och en mobil enhet.<\/li>\n<li><strong>Vilka \u00e4r f\u00f6rdelarna med att anv\u00e4nda kontaktl\u00f6sa CR80-plast Ntag216 NFC-lojalitetskort?<\/strong><br \/>\nF\u00f6rdelarna med att anv\u00e4nda kontaktl\u00f6sa CR80 plast Ntag216 NFC lojalitetskort inkluderar bekv\u00e4mlighet, personlig upplevelse och \u00f6kat engagemang.<\/li>\n<\/ol>\n<p>&nbsp;<\/p>\n<p>&nbsp;<\/p>\n<h2 style=\"text-align: center;\"><span style=\"color: #333399;\"><em><strong>Varf\u00f6r v\u00e4lja oss?<\/strong><\/em><\/span><\/h2>\n<p><strong><span style=\"color: #008080;\">Vi erbjuder h\u00f6gkvalitativa kontaktl\u00f6sa CR80-plast Ntag216 NFC-lojalitetskort som \u00e4r designade f\u00f6r att m\u00f6ta behoven hos f\u00f6retag som vill engagera sig med sina kunder p\u00e5 ett unikt och interaktivt s\u00e4tt. H\u00e4r \u00e4r n\u00e5gra anledningar till varf\u00f6r du b\u00f6r v\u00e4lja oss:<\/span><\/strong><\/p>\n<ul>\n<li><strong>Gratis prover<\/strong>: Vi erbjuder gratisprover p\u00e5 v\u00e5ra kontaktl\u00f6sa CR80-plast Ntag216 NFC-lojalitetskort, s\u00e5 att du kan prova innan du k\u00f6per.<\/li>\n<li><strong>L\u00e5gt pris<\/strong>: Vi erbjuder konkurrenskraftiga priser f\u00f6r v\u00e5ra kontaktl\u00f6sa CR80 plast Ntag216 NFC lojalitetskort, vilket g\u00f6r dem till en prisv\u00e4rd l\u00f6sning f\u00f6r f\u00f6retag av alla storlekar.<\/li>\n<li><strong>H\u00f6g kvalitet<\/strong>: V\u00e5ra kontaktl\u00f6sa CR80 plast Ntag216 NFC lojalitetskort \u00e4r gjorda av h\u00f6gkvalitativa material och \u00e4r designade f\u00f6r att h\u00e5lla.<\/li>\n<li><strong>Produktionsfabrik<\/strong>: Vi har en egen produktionsfabrik, vilket inneb\u00e4r att vi kan erbjuda snabba handl\u00e4ggningstider och produktionskapaciteter med h\u00f6g volym.<\/li>\n<li><strong>M\u00e4ngd alternativ<\/strong>: Vi erbjuder en m\u00e4ngd olika alternativ f\u00f6r v\u00e5ra kontaktl\u00f6sa CR80 plast Ntag216 NFC lojalitetskort, inklusive olika storlekar, material och utskriftsalternativ.<\/li>\n<\/ul>","protected":false},"excerpt":{"rendered":"<p>Kontaktl\u00f6st CR80 Plastic Ntag216 NFC-lojalitetskort \u2013 Revolutionera kundengagemang med v\u00e5ra h\u00f6gkvalitativa, anpassningsbara och bekv\u00e4ma NFC-lojalitetskort.<\/p>","protected":false},"featured_media":3592,"template":"","meta":[],"product_brand":[],"product_cat":[46],"product_tag":[],"class_list":{"0":"post-3552","1":"product","2":"type-product","3":"status-publish","4":"has-post-thumbnail","6":"product_cat-nfc-cards","8":"first","9":"instock","10":"shipping-taxable","11":"product-type-simple"},"_links":{"self":[{"href":"https:\/\/nfc-readers.com\/sv\/wp-json\/wp\/v2\/product\/3552","targetHints":{"allow":["GET"]}}],"collection":[{"href":"https:\/\/nfc-readers.com\/sv\/wp-json\/wp\/v2\/product"}],"about":[{"href":"https:\/\/nfc-readers.com\/sv\/wp-json\/wp\/v2\/types\/product"}],"wp:featuredmedia":[{"embeddable":true,"href":"https:\/\/nfc-readers.com\/sv\/wp-json\/wp\/v2\/media\/3592"}],"wp:attachment":[{"href":"https:\/\/nfc-readers.com\/sv\/wp-json\/wp\/v2\/media?parent=3552"}],"wp:term":[{"taxonomy":"product_brand","embeddable":true,"href":"https:\/\/nfc-readers.com\/sv\/wp-json\/wp\/v2\/product_brand?post=3552"},{"taxonomy":"product_cat","embeddable":true,"href":"https:\/\/nfc-readers.com\/sv\/wp-json\/wp\/v2\/product_cat?post=3552"},{"taxonomy":"product_tag","embeddable":true,"href":"https:\/\/nfc-readers.com\/sv\/wp-json\/wp\/v2\/product_tag?post=3552"}],"curies":[{"name":"wp","href":"https:\/\/api.w.org\/{rel}","templated":true}]}}