{"id":3553,"date":"2024-11-06T12:50:53","date_gmt":"2024-11-06T12:50:53","guid":{"rendered":"https:\/\/nfc-readers.com\/?post_type=product&#038;p=3553"},"modified":"2024-11-06T12:50:53","modified_gmt":"2024-11-06T12:50:53","slug":"nfc-rfid-sticker-alien-h9-9662-9654-9610-9640-long-read-range","status":"publish","type":"product","link":"https:\/\/nfc-readers.com\/sv\/ic-reader\/nfc-rfid-sticker-alien-h9-9662-9654-9610-9640-long-read-range\/","title":{"rendered":"NFC RFID-dekal Alien H9 9662 9654 9610 9640 L\u00e5ngt l\u00e4sintervall"},"content":{"rendered":"<h1 style=\"text-align: center;\"><strong>NFC RFID-dekal Alien H9 9662 9654 9610 9640 L\u00e5ngt l\u00e4sintervall<\/strong><\/h1>\n<p>I dagens snabba digitala v\u00e4rld kan effektiv kommunikation och informations\u00f6verf\u00f6ring avsev\u00e4rt f\u00f6rb\u00e4ttra den operativa effektiviteten. De <strong>NFC RFID-dekal Alien H9<\/strong>\u00a0\u00e4r en exceptionell l\u00f6sning, med en\u00a0<strong>l\u00e5ngt l\u00e4sintervall<\/strong>\u00a0och avancerad funktionalitet som tillgodoser olika applikationer, inklusive parkering, lagerhantering och mer. Med ett imponerande l\u00e4savst\u00e5nd p\u00e5\u00a0<strong>3-7 meter<\/strong>, s\u00e4kerst\u00e4ller detta m\u00e5ngsidiga klisterm\u00e4rke s\u00f6ml\u00f6s interaktion mellan NFC-aktiverade enheter, vilket revolutionerar hur anv\u00e4ndare interagerar med data.<\/p>\n<p>Genom att integrera banbrytande teknik i ett kompakt format kan Alien H9-taggen lyfta dina aff\u00e4rsprocesser, f\u00f6rb\u00e4ttra kundupplevelsen och underl\u00e4tta anslutningsm\u00f6jligheter. Uppt\u00e4ck de otroliga f\u00f6rdelarna med Alien H9 NFC RFID-klisterm\u00e4rke f\u00f6r att f\u00f6rst\u00e5 varf\u00f6r det \u00e4r en l\u00f6nsam investering f\u00f6r dina behov.<\/p>\n<p>&nbsp;<\/p>\n<h2>\u00d6versikt \u00f6ver NFC- och RFID-teknik<\/h2>\n<p>NFC (Near Field Communication) och RFID (Radio Frequency Identification) \u00e4r kraftfulla tr\u00e5dl\u00f6sa kommunikationstekniker som underl\u00e4ttar datautbyte mellan enheter. NFC m\u00f6jligg\u00f6r s\u00e4kra transaktioner och interaktioner p\u00e5 n\u00e4ra h\u00e5ll, medan RFID m\u00f6jligg\u00f6r avl\u00e4sningar p\u00e5 l\u00e4ngre r\u00e4ckvidd, vilket g\u00f6r det viktigt f\u00f6r olika branscher. De\u00a0<strong>Alien H9<\/strong>\u00a0NFC RFID-klisterm\u00e4rke kombinerar dessa tv\u00e5 tekniker och utnyttjar en frekvens p\u00e5\u00a0<strong>860-960 MHz<\/strong>, vilket s\u00e4kerst\u00e4ller optimal prestanda f\u00f6r olika applikationer.<\/p>\n<p>&nbsp;<\/p>\n<h2>Viktiga specifikationer f\u00f6r Alien H9 NFC RFID-klisterm\u00e4rke<\/h2>\n<p>De\u00a0<strong>Alien H9 NFC RFID-dekal<\/strong>\u00a0\u00e4r utrustad med en m\u00e4ngd funktioner och specifikationer utformade f\u00f6r att m\u00f6ta moderna tekniska krav:<\/p>\n<ul>\n<li><strong>Chip typ<\/strong>: Alien H9<\/li>\n<li><strong>Tag storlek<\/strong>: 92 x 26 mm<\/li>\n<li><strong>Antennstorlek<\/strong>: 70 x 17 mm<\/li>\n<li><strong>EPC-minne<\/strong>: 128-bitar<\/li>\n<li><strong>L\u00e4savst\u00e5nd<\/strong>: I genomsnitt 3-7 meter<\/li>\n<li><strong>Frekvens<\/strong>: Fungerar vid 860-960 MHz<\/li>\n<li><strong>Produktionsursprung<\/strong>: Guangdong, Kina<\/li>\n<li><strong>Varum\u00e4rke<\/strong>: SX<\/li>\n<li><strong>Modellnummer<\/strong>: SX-050<\/li>\n<\/ul>\n<p>Dessa specifikationer framh\u00e4ver den h\u00f6gpresterande och effektiva designen som g\u00f6r Alien H9 till en ledare p\u00e5 marknaden.<\/p>\n<p>&nbsp;<\/p>\n<h2>Detaljerade tekniska specifikationer<\/h2>\n<table class=\"w-fit !mb-0 !max-w-none\" style=\"height: 196px;\" width=\"401\">\n<thead>\n<tr>\n<th>Specifikation<\/th>\n<th>Detaljer<\/th>\n<\/tr>\n<\/thead>\n<tbody>\n<tr>\n<td><strong>Kommunikationsgr\u00e4nssnitt<\/strong><\/td>\n<td>RFID<\/td>\n<\/tr>\n<tr>\n<td><strong>Korttyp<\/strong><\/td>\n<td>L\u00e4s\/skriv<\/td>\n<\/tr>\n<tr>\n<td><strong>Ytfinish<\/strong><\/td>\n<td>Blank \/ Matt<\/td>\n<\/tr>\n<tr>\n<td><strong>Utskrift<\/strong><\/td>\n<td>CMYK offsetrulletryck<\/td>\n<\/tr>\n<tr>\n<td><strong>Paketstorlek<\/strong><\/td>\n<td>20 x 10 x 1 cm<\/td>\n<\/tr>\n<tr>\n<td><strong>Bruttovikt<\/strong><\/td>\n<td>0,100 kg<\/td>\n<\/tr>\n<\/tbody>\n<\/table>\n<p>&nbsp;<\/p>\n<h2>Vanliga fr\u00e5gor om Alien H9 NFC RFID-klisterm\u00e4rke<\/h2>\n<p><strong>F1: Hur l\u00e5ngt \u00e4r l\u00e4savst\u00e5ndet?<\/strong><br \/>\nA1: L\u00e4savst\u00e5ndet str\u00e4cker sig vanligtvis fr\u00e5n\u00a0<strong>3 till 7 meter<\/strong>, beroende p\u00e5 milj\u00f6f\u00f6rh\u00e5llanden.<\/p>\n<p><strong>F2: \u00c4r klisterm\u00e4rket anpassningsbart?<\/strong><br \/>\nS2: Ja, Alien H9 st\u00f6der anpassning genom kodutskrift och kodning f\u00f6r unika applikationer.<\/p>","protected":false},"excerpt":{"rendered":"<p>NFC RFID Sticker Alien H9 \u00e4r designad f\u00f6r optimal prestanda med ett l\u00e5ngt l\u00e4sintervall, vilket g\u00f6r den idealisk f\u00f6r olika applikationer som lagerhantering och s\u00e4ker \u00e5tkomstkontroll. Dess h\u00e5llbara konstruktion s\u00e4kerst\u00e4ller tillf\u00f6rlitlighet i olika milj\u00f6er.<\/p>","protected":false},"featured_media":3558,"template":"","meta":[],"product_brand":[],"product_cat":[48],"product_tag":[],"class_list":{"0":"post-3553","1":"product","2":"type-product","3":"status-publish","4":"has-post-thumbnail","6":"product_cat-nfc-stickers","8":"first","9":"instock","10":"shipping-taxable","11":"product-type-simple"},"_links":{"self":[{"href":"https:\/\/nfc-readers.com\/sv\/wp-json\/wp\/v2\/product\/3553","targetHints":{"allow":["GET"]}}],"collection":[{"href":"https:\/\/nfc-readers.com\/sv\/wp-json\/wp\/v2\/product"}],"about":[{"href":"https:\/\/nfc-readers.com\/sv\/wp-json\/wp\/v2\/types\/product"}],"wp:featuredmedia":[{"embeddable":true,"href":"https:\/\/nfc-readers.com\/sv\/wp-json\/wp\/v2\/media\/3558"}],"wp:attachment":[{"href":"https:\/\/nfc-readers.com\/sv\/wp-json\/wp\/v2\/media?parent=3553"}],"wp:term":[{"taxonomy":"product_brand","embeddable":true,"href":"https:\/\/nfc-readers.com\/sv\/wp-json\/wp\/v2\/product_brand?post=3553"},{"taxonomy":"product_cat","embeddable":true,"href":"https:\/\/nfc-readers.com\/sv\/wp-json\/wp\/v2\/product_cat?post=3553"},{"taxonomy":"product_tag","embeddable":true,"href":"https:\/\/nfc-readers.com\/sv\/wp-json\/wp\/v2\/product_tag?post=3553"}],"curies":[{"name":"wp","href":"https:\/\/api.w.org\/{rel}","templated":true}]}}