{"id":3564,"date":"2024-11-06T13:06:22","date_gmt":"2024-11-06T13:06:22","guid":{"rendered":"https:\/\/nfc-readers.com\/?post_type=product&#038;p=3564"},"modified":"2024-11-14T14:59:24","modified_gmt":"2024-11-14T14:59:24","slug":"t5577-dia-25mm-coated-paper-programmable-flexible-rfid-tag","status":"publish","type":"product","link":"https:\/\/nfc-readers.com\/sv\/ic-reader\/t5577-dia-25mm-coated-paper-programmable-flexible-rfid-tag\/","title":{"rendered":"T5577 Dia 25mm bestruket papper Programmerbar Flexibel RFID-tagg"},"content":{"rendered":"<h1 style=\"text-align: center;\"><strong>T5577 Dia 25mm bestruket papper Programmerbar Flexibel RFID-tagg<\/strong><\/h1>\n<p>De <strong>T5577 Dia 25 mm bestruket papper Programmerbar flexibel RFID-tagg<\/strong>\u00a0\u00e4r en anm\u00e4rkningsv\u00e4rd produkt i v\u00e4rlden av NFC-teknik, designad f\u00f6r att f\u00f6rb\u00e4ttra biljettl\u00f6sningar och effektivisera identifieringsprocesser inom olika branscher.<\/p>\n<p>Med det avancerade T5577-chippet inb\u00e4ddat i en elastisk och m\u00e5ngsidig design, kombinerar denna RFID-tagg funktionalitet med bekv\u00e4mlighet. Den h\u00e4r beskrivningen guidar dig genom f\u00f6rdelarna, funktionerna, specifikationerna och mer, och belyser varf\u00f6r den h\u00e4r taggen \u00e4r ett m\u00e5ste f\u00f6r ditt f\u00f6retag eller personliga behov.<\/p>\n<p>&nbsp;<\/p>\n<h3><strong>Kommunikationsgr\u00e4nssnitt: Hur RFID fungerar<\/strong><\/h3>\n<p>Utrustad med en kraftfull\u00a0<strong>RFID<\/strong>\u00a0kommunikationsgr\u00e4nssnitt, fungerar 12T5577 med en frekvens p\u00e5\u00a0<strong>125KHz<\/strong>. Detta m\u00f6jligg\u00f6r kommunikation mellan taggen och NFC-aktiverade enheter eller l\u00e4sare, vilket underl\u00e4ttar snabba datautbyten. Tryck bara p\u00e5 din\u00a0<strong>NFC-aktiverad mobiltelefon eller enhet<\/strong>\u00a0mot taggen f\u00f6r att h\u00e4mta eller skriva information direkt.<\/p>\n<p>&nbsp;<\/p>\n<p>&nbsp;<\/p>\n<h3><strong>Anv\u00e4ndningsomr\u00e5den: Fr\u00e5n biljettf\u00f6rs\u00e4ljning till Asset Management<\/strong><\/h3>\n<p>T5577 RFID-taggar \u00e4r fr\u00e4mst designade f\u00f6r <strong>biljettf\u00f6rs\u00e4ljning<\/strong>\u00a0applikationer men kan effektivt anv\u00e4ndas inom olika omr\u00e5den, inklusive lagerhantering i detaljhandeln, \u00e5tkomstkontrollsystem och evenemangshantering. Deras f\u00f6rm\u00e5ga att enkelt programmera och skriva om data g\u00f6r dem exceptionellt anv\u00e4ndbara i dynamiska milj\u00f6er d\u00e4r informationen beh\u00f6ver uppdateras ofta.<\/p>\n<p>&nbsp;<\/p>\n<h3><strong>Varf\u00f6r k\u00f6pa RFID-taggen 12T5577?<\/strong><\/h3>\n<p>Att investera i\u00a0<strong>12T5577 RFID-tagg<\/strong>\u00a0inneb\u00e4r att v\u00e4lja effektivitet, anpassningsf\u00f6rm\u00e5ga och h\u00e5llbarhet. Till skillnad fr\u00e5n traditionella identifieringsmetoder ger RFID-taggar snabb data\u00e5tkomst och kan programmeras f\u00f6r att enkelt lagra en m\u00e4ngd information. F\u00f6r f\u00f6retag som \u00e4r involverade i biljettf\u00f6rs\u00e4ljning, lagerhantering eller tj\u00e4nsteidentifiering f\u00f6renklar dessa taggar verksamheten dramatiskt, minskar m\u00e4nskliga fel och f\u00f6rb\u00e4ttrar kundupplevelsen.<\/p>\n<p>Taggen \u00e4r tillverkad av bestruket papper med en diameter p\u00e5 25 mm och \u00e4r b\u00e5de l\u00e4tt och flexibel, vilket g\u00f6r den idealisk f\u00f6r olika applikationer, allt fr\u00e5n varum\u00e4rken till logistik. Dessutom har den h\u00e4r produkten funktioner som att vara vattent\u00e4t\/v\u00e4derbest\u00e4ndig, ett l\u00e5ngt l\u00e4sintervall p\u00e5 2 till 10 cm och en skrivcykel p\u00e5 upp till 100 000 g\u00e5nger, vilket s\u00e4kerst\u00e4ller l\u00e5ng livsl\u00e4ngd och p\u00e5litlig prestanda.<\/p>\n<p>&nbsp;<\/p>\n<h3><strong>Tekniska specifikationer<\/strong><\/h3>\n<table class=\"w-fit !mb-0 !max-w-none\" style=\"height: 285px;\" width=\"426\">\n<thead>\n<tr>\n<th><strong>Specifikation<\/strong><\/th>\n<th><strong>Detaljer<\/strong><\/th>\n<\/tr>\n<\/thead>\n<tbody>\n<tr>\n<td><strong>Chips<\/strong><\/td>\n<td>T5577<\/td>\n<\/tr>\n<tr>\n<td><strong>Storlek<\/strong><\/td>\n<td>Diameter 25 mm<\/td>\n<\/tr>\n<tr>\n<td><strong>Material<\/strong><\/td>\n<td>Bestruket papper<\/td>\n<\/tr>\n<tr>\n<td><strong>Yta<\/strong><\/td>\n<td>Matt, glansigt, frostat<\/td>\n<\/tr>\n<tr>\n<td><strong>L\u00e4somr\u00e5de<\/strong><\/td>\n<td>2-10 cm<\/td>\n<\/tr>\n<tr>\n<td><strong>Protokoll<\/strong><\/td>\n<td>ISO11784\/11785<\/td>\n<\/tr>\n<tr>\n<td><strong>Skrivcykel<\/strong><\/td>\n<td>100 000 g\u00e5nger<\/td>\n<\/tr>\n<tr>\n<td><strong>Driftstemperatur<\/strong><\/td>\n<td>20~+80\u00b0C<\/td>\n<\/tr>\n<tr>\n<td><strong>Ursprungsort<\/strong><\/td>\n<td>Guangdong, Kina<\/td>\n<\/tr>\n<tr>\n<td><strong>Utskriftsalternativ<\/strong><\/td>\n<td>4C offset\/silk screentryck<\/td>\n<\/tr>\n<\/tbody>\n<\/table>\n<p>&nbsp;<\/p>\n<h2><strong>Vanliga fr\u00e5gor (FAQs)<\/strong><\/h2>\n<h3><strong>1. Vad \u00e4r NFC- och RFID-tekniker?<\/strong><\/h3>\n<p><strong>NFC (Near Field Communication)<\/strong>\u00a0och\u00a0<strong>RFID (Radio Frequency Identification)<\/strong>\u00a0\u00e4r tr\u00e5dl\u00f6s kommunikationsteknik som g\u00f6r att enheter kan utbyta data \u00f6ver korta avst\u00e5nd. NFC anv\u00e4nds ofta f\u00f6r mobila betalningar och data\u00f6verf\u00f6ring, medan RFID vanligtvis anv\u00e4nds f\u00f6r sp\u00e5rning och lagerhantering.<\/p>\n<h3><strong>2. Hur programmerar jag T5577 RFID-taggar?<\/strong><\/h3>\n<p>F\u00f6r att programmera 12T5577 RFID-taggar beh\u00f6ver du en NFC-aktiverad enhet och en kompatibel app. Ladda bara ner en NFC-skrivapp, \u00f6ppna den och f\u00f6lj anvisningarna f\u00f6r att mata in data du vill lagra p\u00e5 taggen. N\u00e4r data v\u00e4l har programmerats kan taggen l\u00e4sas av vilken NFC-aktiverad enhet som helst.<\/p>\n<h3><strong>3. Vad \u00e4r l\u00e4somr\u00e5det f\u00f6r T5577 RFID-taggen?<\/strong><\/h3>\n<p>L\u00e4sintervallet f\u00f6r 12T5577 RFID-taggen \u00e4r\u00a0<strong>2 till 10 centimeter<\/strong>. Detta sortiment \u00e4r optimalt f\u00f6r de flesta applikationer, vilket m\u00f6jligg\u00f6r snabba och effektiva datautbyten utan behov av fysisk kontakt.<\/p>\n<h3><strong>4. \u00c4r dessa taggar vattent\u00e4ta?<\/strong><\/h3>\n<p>Ja, T5577 RFID-taggar \u00e4r designade f\u00f6r att vara vattent\u00e4ta\/v\u00e4derbest\u00e4ndiga, vilket g\u00f6r dem l\u00e4mpliga f\u00f6r b\u00e5de inomhus- och utomhusapplikationer. De t\u00e5l exponering f\u00f6r fukt och olika milj\u00f6f\u00f6rh\u00e5llanden.<\/p>","protected":false},"excerpt":{"rendered":"<p>De <strong>T5577 Dia 25 mm bestruket papper Programmerbar flexibel RFID-tagg<\/strong>\u00a0\u00e4r en m\u00e5ngsidig och h\u00e5llbar l\u00f6sning f\u00f6r effektiv datalagring och h\u00e4mtning, idealisk f\u00f6r biljettf\u00f6rs\u00e4ljning och lagerhantering. Dess vattent\u00e4ta design, i kombination med m\u00f6jligheten att enkelt programmeras och anpassas, g\u00f6r den till ett p\u00e5litligt val f\u00f6r en m\u00e4ngd olika applikationer.<\/p>","protected":false},"featured_media":3565,"template":"","meta":[],"product_brand":[],"product_cat":[47],"product_tag":[],"class_list":{"0":"post-3564","1":"product","2":"type-product","3":"status-publish","4":"has-post-thumbnail","6":"product_cat-nfc-tags","8":"first","9":"instock","10":"shipping-taxable","11":"product-type-simple"},"_links":{"self":[{"href":"https:\/\/nfc-readers.com\/sv\/wp-json\/wp\/v2\/product\/3564","targetHints":{"allow":["GET"]}}],"collection":[{"href":"https:\/\/nfc-readers.com\/sv\/wp-json\/wp\/v2\/product"}],"about":[{"href":"https:\/\/nfc-readers.com\/sv\/wp-json\/wp\/v2\/types\/product"}],"wp:featuredmedia":[{"embeddable":true,"href":"https:\/\/nfc-readers.com\/sv\/wp-json\/wp\/v2\/media\/3565"}],"wp:attachment":[{"href":"https:\/\/nfc-readers.com\/sv\/wp-json\/wp\/v2\/media?parent=3564"}],"wp:term":[{"taxonomy":"product_brand","embeddable":true,"href":"https:\/\/nfc-readers.com\/sv\/wp-json\/wp\/v2\/product_brand?post=3564"},{"taxonomy":"product_cat","embeddable":true,"href":"https:\/\/nfc-readers.com\/sv\/wp-json\/wp\/v2\/product_cat?post=3564"},{"taxonomy":"product_tag","embeddable":true,"href":"https:\/\/nfc-readers.com\/sv\/wp-json\/wp\/v2\/product_tag?post=3564"}],"curies":[{"name":"wp","href":"https:\/\/api.w.org\/{rel}","templated":true}]}}