{"id":3571,"date":"2024-11-06T13:14:59","date_gmt":"2024-11-06T13:14:59","guid":{"rendered":"https:\/\/nfc-readers.com\/?post_type=product&#038;p=3571"},"modified":"2024-11-06T13:14:59","modified_gmt":"2024-11-06T13:14:59","slug":"factory-wholesale-roll-rfid-sticker-nfc-30mm-25mm","status":"publish","type":"product","link":"https:\/\/nfc-readers.com\/sv\/ic-reader\/factory-wholesale-roll-rfid-sticker-nfc-30mm-25mm\/","title":{"rendered":"Fabriksgrossist Rull RFID-dekal NFC 30mm 25mm"},"content":{"rendered":"<h1 style=\"text-align: center;\"><strong>Fabriksgrossist Rull RFID-dekal NFC 30mm 25mm<\/strong><\/h1>\n<p>De <strong>Fabriksgrossistrulle RFID-dekal NFC<\/strong>, tillg\u00e4nglig i storlekarna 30 mm och 25 mm, ligger i framkant av innovativa m\u00e4rkningsl\u00f6sningar. Dessa NFC-klisterm\u00e4rken drivs av det avancerade NXP NTAG213-chippet och erbjuder en anm\u00e4rkningsv\u00e4rd m\u00e5ngsidighet f\u00f6r identifiering, \u00e5tkomstkontroll och produktinteraktion. Designade med optimal prestanda i \u00e5tanke, dessa klisterm\u00e4rken s\u00e4kerst\u00e4ller s\u00f6ml\u00f6s kommunikation mellan enheter, vilket g\u00f6r dem till ett oumb\u00e4rligt verktyg f\u00f6r f\u00f6retag som str\u00e4var efter att f\u00f6rb\u00e4ttra sin operativa effektivitet. V\u00e4lj denna \u00f6verl\u00e4gsna kvalitetsprodukt och \u00f6ppna d\u00f6rrar till en ny v\u00e4rld av m\u00f6jligheter inom NFC-teknik och RFID-l\u00f6sningar.<\/p>\n<p>&nbsp;<\/p>\n<h3><span style=\"font-size: 80%;\"><strong>Produktf\u00f6rdelar: Varf\u00f6r du b\u00f6r k\u00f6pa v\u00e5ra NFC-klisterm\u00e4rken<\/strong><\/span><\/h3>\n<ol>\n<li><strong>Avancerad teknik<\/strong>: Genom att anv\u00e4nda det toppmoderna NTAG213-chippet och kompatibelt med ISO 14443A-protokollet garanterar dessa klisterm\u00e4rken ett robust kommunikationsgr\u00e4nssnitt genom RFID- och NFC-teknik.<\/li>\n<li><strong>H\u00e5llbarhet och m\u00e5ngsidighet<\/strong>: De vattent\u00e4ta och v\u00e4derbest\u00e4ndiga egenskaperna hos v\u00e5ra RFID-klisterm\u00e4rken s\u00e4kerst\u00e4ller att de t\u00e5l h\u00e5rda milj\u00f6f\u00f6rh\u00e5llanden, vilket g\u00f6r dem l\u00e4mpliga f\u00f6r b\u00e5de inomhus- och utomhusapplikationer.<\/li>\n<li><strong>H\u00f6gpresterande<\/strong>: Med ett l\u00e4savst\u00e5nd p\u00e5 1-10 cm erbjuder dessa NFC-dekaler ett tillf\u00f6rlitligt utbud f\u00f6r effektiv data\u00f6verf\u00f6ring och kommunikation.<\/li>\n<li><strong>Anpassningsalternativ<\/strong>: Finns i olika storlekar och anpassningsbara tryck, dessa klisterm\u00e4rken kan skr\u00e4ddarsys f\u00f6r att m\u00f6ta specifika varum\u00e4rkes- och operativa behov.<\/li>\n<li><strong>Kostnadseffektivitet<\/strong>: Fabrikens grossistpriss\u00e4ttning s\u00e4kerst\u00e4ller att f\u00f6retag av alla storlekar har r\u00e5d med denna h\u00f6gkvalitativa teknik utan att bryta banken.<\/li>\n<\/ol>\n<p>&nbsp;<\/p>\n<h3>Vanliga fr\u00e5gor (FAQs)<\/h3>\n<h4>F1: \u00c4r dessa klisterm\u00e4rken vattent\u00e4ta?<\/h4>\n<p><strong>A1<\/strong>: Ja! V\u00e5ra NFC-klisterm\u00e4rken \u00e4r vattent\u00e4ta och v\u00e4derbest\u00e4ndiga, vilket s\u00e4kerst\u00e4ller h\u00e5llbarhet i olika milj\u00f6er.<\/p>\n<h4>F2: Kan jag anpassa min logotyp p\u00e5 dessa klisterm\u00e4rken?<\/h4>\n<p><strong>A2<\/strong>: Absolut! Vi erbjuder olika utskriftsalternativ, inklusive CMYK 4C-utskrift, f\u00f6r att hj\u00e4lpa dig att skapa distinkta varum\u00e4rkeselement p\u00e5 dina klisterm\u00e4rken.<\/p>\n<h4>F3: Vilka enheter \u00e4r kompatibla med dina NFC-dekaler?<\/h4>\n<p><strong>A3<\/strong>: V\u00e5ra klisterm\u00e4rken \u00e4r kompatibla med alla\u00a0<strong>NFC-aktiverad smartphone eller enhet<\/strong>, inklusive Android- och iOS-produkter.<\/p>\n<p>&nbsp;<\/p>\n<h3>Storleksalternativ: 30 mm och 25 mm<\/h3>\n<p>Tillg\u00e5ngen p\u00e5 tv\u00e5 framtr\u00e4dande storlekar,\u00a0<strong>30 mm<\/strong>\u00a0och\u00a0<strong>25 mm<\/strong>, tillgodoser olika behov inom flera branscher. B\u00e5da storlekarna \u00e4r l\u00e4tta att f\u00e4sta och kan appliceras p\u00e5 produkter, f\u00f6rpackningar eller till och med dokument utan att kompromissa med funktionaliteten. Den kompakta karakt\u00e4ren hos dessa klisterm\u00e4rken s\u00e4kerst\u00e4ller att de kan passa utan att hindra den \u00f6vergripande estetiken hos produkten de \u00e4r f\u00e4sta p\u00e5.<\/p>\n<p>&nbsp;<\/p>\n<h3>Praktiska till\u00e4mpningar av v\u00e5ra RFID-klisterm\u00e4rken<\/h3>\n<p>Fr\u00e5n passersystem till produktverifiering\u00a0<strong>ans\u00f6kan<\/strong>\u00a0av v\u00e5ra\u00a0<strong>RFID-klisterm\u00e4rken<\/strong>\u00a0\u00e4r enorma. F\u00f6retag kan f\u00f6rb\u00e4ttra sin kundinteraktion genom att b\u00e4dda in digitalt inneh\u00e5ll eller l\u00e4nkar i klisterm\u00e4rkena, vilket ger kunderna enkel tillg\u00e5ng till kampanjer, ytterligare information eller till och med multimediaupplevelser som berikar deras resa. Branscher som detaljhandel, logistik och h\u00e4lsov\u00e5rd kan dra stor nytta av dessa m\u00e5ngsidiga klisterm\u00e4rken.<\/p>","protected":false},"excerpt":{"rendered":"<p>Vi presenterar v\u00e5ra fabriksgrossister med RFID-dekaler, tillg\u00e4ngliga i storlekarna 30 mm och 25 mm. Dessa h\u00e5llbara, anpassningsbara klisterm\u00e4rken m\u00f6jligg\u00f6r s\u00f6ml\u00f6s NFC-kommunikation f\u00f6r olika applikationer.<\/p>","protected":false},"featured_media":3572,"template":"","meta":[],"product_brand":[],"product_cat":[48],"product_tag":[],"class_list":{"0":"post-3571","1":"product","2":"type-product","3":"status-publish","4":"has-post-thumbnail","6":"product_cat-nfc-stickers","8":"first","9":"instock","10":"shipping-taxable","11":"product-type-simple"},"_links":{"self":[{"href":"https:\/\/nfc-readers.com\/sv\/wp-json\/wp\/v2\/product\/3571","targetHints":{"allow":["GET"]}}],"collection":[{"href":"https:\/\/nfc-readers.com\/sv\/wp-json\/wp\/v2\/product"}],"about":[{"href":"https:\/\/nfc-readers.com\/sv\/wp-json\/wp\/v2\/types\/product"}],"wp:featuredmedia":[{"embeddable":true,"href":"https:\/\/nfc-readers.com\/sv\/wp-json\/wp\/v2\/media\/3572"}],"wp:attachment":[{"href":"https:\/\/nfc-readers.com\/sv\/wp-json\/wp\/v2\/media?parent=3571"}],"wp:term":[{"taxonomy":"product_brand","embeddable":true,"href":"https:\/\/nfc-readers.com\/sv\/wp-json\/wp\/v2\/product_brand?post=3571"},{"taxonomy":"product_cat","embeddable":true,"href":"https:\/\/nfc-readers.com\/sv\/wp-json\/wp\/v2\/product_cat?post=3571"},{"taxonomy":"product_tag","embeddable":true,"href":"https:\/\/nfc-readers.com\/sv\/wp-json\/wp\/v2\/product_tag?post=3571"}],"curies":[{"name":"wp","href":"https:\/\/api.w.org\/{rel}","templated":true}]}}