{"id":3594,"date":"2024-11-07T11:55:05","date_gmt":"2024-11-07T11:55:05","guid":{"rendered":"https:\/\/nfc-readers.com\/?post_type=product&#038;p=3594"},"modified":"2024-11-07T11:55:05","modified_gmt":"2024-11-07T11:55:05","slug":"icodeslix2-iso15693-rfid-card-for-library-management","status":"publish","type":"product","link":"https:\/\/nfc-readers.com\/sv\/ic-reader\/icodeslix2-iso15693-rfid-card-for-library-management\/","title":{"rendered":"ICODESLIX2 ISO15693 RFID-kort f\u00f6r bibliotekshantering"},"content":{"rendered":"<h1 style=\"text-align: center;\"><span style=\"color: #000080;\"><strong>ICODESLIX2 ISO15693 RFID-kort f\u00f6r bibliotekshantering<\/strong><\/span><\/h1>\n<div class=\"chat-list relative custom-scrollbar-reset-margin custom-scrollbar custom-scrollbar-hidden custom-scrollbar-float pb-9 flex-1 overflow-y-auto\">\n<div class=\"mx-auto max-w-[790px]\">\n<div class=\"message-item-outer relative px-4 mb-2\" data-id=\"364de8f7-3595-4f4e-adbf-ca8cd06befd0\">\n<div class=\"content-area pl-[0px]\">\n<div class=\"message-item select-text relative\">\n<div class=\"message-inner relative\">\n<div class=\"py-[2px]\">\n<div class=\"flex flex-col gap-2\">\n<div class=\"answer-markdown-box overflow-x-auto select-text custom-scrollbar\">\n<div class=\"markdown-body\">\n<p><span style=\"color: #666699;\"><strong>I en tid d\u00e4r tekniken snabbt f\u00f6r\u00e4ndrar den dagliga verksamheten, \u00e4r integrationen av ICODESLIX2 ISO15693 RFID-kort f\u00f6r bibliotekshantering en spelomvandlare. Denna innovation effektiviserar inte bara verksamheten utan berikar ocks\u00e5 anv\u00e4ndarupplevelsen, vilket avsev\u00e4rt f\u00f6rb\u00e4ttrar b\u00e5de effektivitet och s\u00e4kerhet inom biblioteken. Dessa smarta kort \u00e4r speciellt utformade f\u00f6r att f\u00f6rb\u00e4ttra hur bibliotek hanterar inventering, sp\u00e5rar resurser och interagerar med sina kunder.<\/strong><\/span><\/p>\n<p>&nbsp;<\/p>\n<\/div>\n<p>&nbsp;<\/p>\n<div class=\"markdown-body\">\n<h2 style=\"text-align: center;\"><span style=\"color: #000080;\"><em><strong>F\u00f6rdelar med ICODESLIX2 ISO15693 RFID-kort<\/strong><\/em><\/span><\/h2>\n<p style=\"text-align: left;\">\n<span style=\"color: #008080;\">ICODESLIX2 ISO15693 RFID-kortet ger biblioteken en s\u00f6ml\u00f6s l\u00f6sning f\u00f6r resurssp\u00e5rning och hantering. Genom att anv\u00e4nda denna banbrytande teknik kan bibliotek automatisera m\u00e5nga processer, minska arbetsbelastningen p\u00e5 personalen och minimera m\u00e4nskliga fel. Dessa RFID-kort handlar inte bara om effektivitet; de erbjuder ocks\u00e5 f\u00f6rb\u00e4ttrad s\u00e4kerhet och anv\u00e4ndarv\u00e4nlighet, vilket g\u00f6r dem till en ov\u00e4rderlig tillg\u00e5ng f\u00f6r alla bibliotek.<\/span><\/p>\n<p>&nbsp;<\/p>\n<p>&nbsp;<\/p>\n<h2 style=\"text-align: center;\"><em><span style=\"color: #000080;\"><strong>Material och design av h\u00f6g kvalitet<\/strong><\/span><\/em><\/h2>\n<p>V\u00e5rt ICODESLIX2 ISO15693 RFID-kort \u00e4r tillverkat av slitstarkt PVC-material, vilket s\u00e4kerst\u00e4ller l\u00e5ng livsl\u00e4ngd och motst\u00e5ndskraft mot slitage. Med m\u00e5tt p\u00e5 <strong>85,5 mm x 54 mm<\/strong>, kortet \u00e4r designat f\u00f6r enkel hantering och f\u00f6rvaring. Kortet har\u00a0<strong>CMYK4C utskrift<\/strong>, vilket g\u00f6r att biblioteken kan anpassa kortet med sitt varum\u00e4rke, vilket g\u00f6r det b\u00e5de till ett funktionellt verktyg och ett reklamobjekt.<\/p>\n<p>&nbsp;<\/p>\n<\/div>\n<p>&nbsp;<\/p>\n<div class=\"markdown-body\">\n<h2 style=\"text-align: center;\"><span style=\"color: #000080;\"><em><strong>Nyckelattribut:<\/strong><\/em><\/span><\/h2>\n<ul>\n<li><strong>Material<\/strong>: PVC<\/li>\n<li><strong>Storlek<\/strong>:85,5 x 54 mm<\/li>\n<li>F\u00f6rb\u00e4ttrat kommunikationsgr\u00e4nssnitt<\/li>\n<li>ICODESLIX2-kortet arbetar med en frekvens p\u00e5 <strong>13,56 MHz<\/strong>, som anv\u00e4nder b\u00e5de RFID- och NFC-kommunikationsgr\u00e4nssnitt. Detta s\u00e4kerst\u00e4ller s\u00f6ml\u00f6s interaktion med olika kortl\u00e4sare, vilket st\u00e4rker integrationen av passersystem och programvara f\u00f6r bibliotekshantering.<\/li>\n<\/ul>\n<p>&nbsp;<\/p>\n<p>&nbsp;<\/p>\n<h2 style=\"text-align: center;\"><em><span style=\"color: #000080;\"><strong>F\u00f6rdelar f\u00f6r bibliotek<\/strong><\/span><\/em><\/h2>\n<ul>\n<li><strong>Dynamisk datahantering<\/strong>: Effektiva uppdateringar hj\u00e4lper till att sp\u00e5ra in-\/utcheckningsprocesser i realtid.<\/li>\n<li><strong>F\u00f6rb\u00e4ttrad lagerkontroll<\/strong>: Minimera f\u00f6rluster med exakta sp\u00e5rningsm\u00f6jligheter.<\/li>\n<\/ul>\n<p>&nbsp;<\/p>\n<h3><strong><span style=\"color: #333399;\">Anv\u00e4ndarv\u00e4nlig applikation<\/span><\/strong><\/h3>\n<p>Till\u00e4mpningen av ICODESLIX2 RFID-teknik str\u00e4cker sig l\u00e4ngre \u00e4n traditionell resurshantering. Bibliotek kan anv\u00e4nda dessa kort f\u00f6r:<\/p>\n<ul>\n<li><strong>Identifiering av beskyddare<\/strong>: Snabbskanningar vid utcheckningsdiskar.<\/li>\n<li><strong>H\u00e4ndelsesp\u00e5rning<\/strong>: N\u00e4rvaroregister f\u00f6r workshops eller evenemang.<\/li>\n<li><strong>Resursf\u00f6rdelning<\/strong>: Automatisk loggning av resurshantering.<\/li>\n<\/ul>\n<p>&nbsp;<\/p>\n<h3><strong><span style=\"color: #333399;\">Anv\u00e4ndarcentrerade funktioner:<\/span><\/strong><\/h3>\n<ul>\n<li><strong>Enkel integration<\/strong>: Enkel att integrera i befintliga bibliotekssystem.<\/li>\n<li><strong>Minimal utbildning kr\u00e4vs<\/strong>: Personalen kommer snabbt att anpassa sig till att anv\u00e4nda nya kortsystem.<\/li>\n<\/ul>\n<p>&nbsp;<\/p>\n<\/div>\n<p>&nbsp;<\/p>\n<div class=\"markdown-body\">\n<h2 style=\"text-align: center;\"><em><span style=\"color: #000080;\"><strong>Tekniska specifikationer och prestanda<\/strong><\/span><\/em><\/h2>\n<p>omfattande f\u00f6rst\u00e5else av kortets specifikationer hj\u00e4lper till att fatta v\u00e4lgrundade beslut.<\/p>\n<div class=\"table-with-header rounded-lg border border-solid border-grey-line2-normal w-fit max-w-full mb-2\">\n<div class=\"overflow-x-auto custom-scrollbar custom-scrollbar-float max-w-full\">\n<table class=\"w-fit !mb-0 !max-w-none\" style=\"height: 226px;\" width=\"440\">\n<thead>\n<tr>\n<th>Specifikation<\/th>\n<th>V\u00e4rde<\/th>\n<\/tr>\n<\/thead>\n<tbody>\n<tr>\n<td>Chips<\/td>\n<td>ICODESLIX2<\/td>\n<\/tr>\n<tr>\n<td>Frekvens<\/td>\n<td>13,56 MHz<\/td>\n<\/tr>\n<tr>\n<td>Minne<\/td>\n<td>2 kbit<\/td>\n<\/tr>\n<tr>\n<td>L\u00e4savst\u00e5nd<\/td>\n<td>2-10 cm<\/td>\n<\/tr>\n<tr>\n<td>Material<\/td>\n<td>PVC<\/td>\n<\/tr>\n<tr>\n<td>Storlek<\/td>\n<td>85<\/td>\n<\/tr>\n<\/tbody>\n<\/table>\n<\/div>\n<\/div>\n<p>&nbsp;<\/p>\n<h2 style=\"text-align: center;\"><em><span style=\"color: #000080;\"><strong>F\u00f6rdelar med NFC:<\/strong><\/span><\/em><\/h2>\n<ul>\n<li><strong>Kontaktl\u00f6sa transaktioner<\/strong>: Anv\u00e4ndare kan snabbt trycka p\u00e5 sina kort f\u00f6r att komma \u00e5t bibliotekssystem utan fysisk kontakt.<\/li>\n<li><strong>Kompatibilitet<\/strong>: Kortets teknologi \u00e4r utvecklad av NXP Semiconductors, vilket s\u00e4kerst\u00e4ller att det fungerar med olika l\u00e4sarsystem.<\/li>\n<li>Robust minne och funktionalitet<\/li>\n<li>Utrustad med <strong style=\"color: #555555;\">2kbit minne<\/strong><span style=\"color: #555555;\">ICODESLIX2 ISO15693 RFID-kortet erbjuder gott om utrymme f\u00f6r att lagra viktig data. L\u00e4s-skriv-funktionen g\u00f6r att biblioteken kan uppdatera data dynamiskt, vilket s\u00e4kerst\u00e4ller att information som boktillg\u00e4nglighet och kundinformation f\u00f6rblir aktuell.<\/span><\/li>\n<\/ul>\n<p>&nbsp;<\/p>\n<\/div>\n<p>&nbsp;<\/p>\n<h2 style=\"text-align: center;\"><span style=\"color: #000080;\"><em><strong>Milj\u00f6p\u00e5verkan<\/strong><\/em><\/span><\/h2>\n<ul>\n<li><strong>H\u00e5llbara material<\/strong>: V\u00e5r PVC \u00e4r \u00e5tervinningsbar och bidrar mindre till milj\u00f6avfall.<\/li>\n<li><strong>L\u00e5ngt liv<\/strong>: Minskar behovet av frekventa byten.<\/li>\n<\/ul>\n<p>&nbsp;<\/p>\n<\/div>\n<p>&nbsp;<\/p>\n<div class=\"answer-markdown-box overflow-x-auto select-text custom-scrollbar\">\n<h3 style=\"text-align: center;\"><span style=\"color: #333399;\"><strong>Effektiva interaktions- och ledningsverktyg<\/strong><\/span><\/h3>\n<p>ICODESLIX2 RFID-kortet f\u00f6renklar interaktioner mellan kunder och bibliotekssystem:<\/p>\n<ul>\n<li><strong>Effektiviserade processer<\/strong>: Minska v\u00e4ntetiderna vid utcheckningsdiskarna, vilket \u00f6kar anv\u00e4ndarnas tillfredsst\u00e4llelse.<\/li>\n<li><strong>Datainsikter<\/strong>: Generera anv\u00e4ndningsrapporter som ger insikter i resursallokering och beskyddaraktivitet.<\/li>\n<\/ul>\n<p>&nbsp;<\/p>\n<h3 style=\"text-align: center;\"><span style=\"color: #333399;\"><strong>Avancerade hanteringsverktyg<\/strong><\/span><\/h3>\n<ul>\n<li><strong>Integration med digitala system<\/strong>: Anslut s\u00f6ml\u00f6st med olika bibliotekshanteringssystem.<\/li>\n<li><strong>Uppdateringar i realtid<\/strong>: Omedelbar synkronisering med inventeringsdatabasen.<\/li>\n<\/ul>\n<\/div>\n<\/div>\n<\/div>\n<\/div>\n<\/div>\n<\/div>\n<\/div>\n<\/div>\n<\/div>","protected":false},"excerpt":{"rendered":"<p>F\u00f6rb\u00e4ttra bibliotekshanteringen med ICODESLIX2 ISO15693 RFID-kort, som erbjuder effektiv resurssp\u00e5rning, enkel integration och f\u00f6rb\u00e4ttrat anv\u00e4ndarengagemang.<\/p>","protected":false},"featured_media":3480,"template":"","meta":[],"product_brand":[],"product_cat":[46],"product_tag":[],"class_list":{"0":"post-3594","1":"product","2":"type-product","3":"status-publish","4":"has-post-thumbnail","6":"product_cat-nfc-cards","8":"first","9":"instock","10":"shipping-taxable","11":"product-type-simple"},"_links":{"self":[{"href":"https:\/\/nfc-readers.com\/sv\/wp-json\/wp\/v2\/product\/3594","targetHints":{"allow":["GET"]}}],"collection":[{"href":"https:\/\/nfc-readers.com\/sv\/wp-json\/wp\/v2\/product"}],"about":[{"href":"https:\/\/nfc-readers.com\/sv\/wp-json\/wp\/v2\/types\/product"}],"wp:featuredmedia":[{"embeddable":true,"href":"https:\/\/nfc-readers.com\/sv\/wp-json\/wp\/v2\/media\/3480"}],"wp:attachment":[{"href":"https:\/\/nfc-readers.com\/sv\/wp-json\/wp\/v2\/media?parent=3594"}],"wp:term":[{"taxonomy":"product_brand","embeddable":true,"href":"https:\/\/nfc-readers.com\/sv\/wp-json\/wp\/v2\/product_brand?post=3594"},{"taxonomy":"product_cat","embeddable":true,"href":"https:\/\/nfc-readers.com\/sv\/wp-json\/wp\/v2\/product_cat?post=3594"},{"taxonomy":"product_tag","embeddable":true,"href":"https:\/\/nfc-readers.com\/sv\/wp-json\/wp\/v2\/product_tag?post=3594"}],"curies":[{"name":"wp","href":"https:\/\/api.w.org\/{rel}","templated":true}]}}