{"id":3595,"date":"2024-11-07T12:13:18","date_gmt":"2024-11-07T12:13:18","guid":{"rendered":"https:\/\/nfc-readers.com\/?post_type=product&#038;p=3595"},"modified":"2024-11-07T12:13:18","modified_gmt":"2024-11-07T12:13:18","slug":"custom-plastic-pvc-nfc-card-printing-for-business","status":"publish","type":"product","link":"https:\/\/nfc-readers.com\/sv\/ic-reader\/custom-plastic-pvc-nfc-card-printing-for-business\/","title":{"rendered":"Anpassad PVC NFC-kortutskrift av plast f\u00f6r f\u00f6retag"},"content":{"rendered":"<h1><span style=\"color: #000080;\"><strong>Anpassad PVC NFC-kortutskrift av plast f\u00f6r f\u00f6retag<\/strong><\/span><\/h1>\n<p><strong><span style=\"color: #666699;\">I dagens snabba digitala v\u00e4rld \u00e4r optimering av aff\u00e4rsverksamheten avg\u00f6rande, och Custom Plastic PVC NFC Card Printing for Business leder v\u00e4gen. NFC-teknik (Near Field Communication) f\u00f6rb\u00e4ttrar hur f\u00f6retag hanterar \u00e5tkomstkontroll, kundinteraktioner och marknadsf\u00f6ringsaktiviteter. Anpassade NFC-kort f\u00f6rb\u00e4ttrar inte bara engagemanget utan m\u00f6jligg\u00f6r ocks\u00e5 s\u00f6ml\u00f6sa transaktioner, anpassat varum\u00e4rke och effektiv datahantering. Oavsett om du letar efter passerkort, Mifare-kort eller lojalitetskort \u00e4r investering i skr\u00e4ddarsydda NFC-l\u00f6sningar ett strategiskt drag som kan h\u00f6ja din verksamhetsfunktionalitet.<\/span><\/strong><\/p>\n<p><span style=\"color: #008080;\">Med m\u00e5nga f\u00f6rdelar som str\u00e4cker sig fr\u00e5n f\u00f6rb\u00e4ttrad s\u00e4kerhet till f\u00f6rb\u00e4ttrad kundupplevelse, kan dessa kort tillgodose olika branscher, inklusive detaljhandel, g\u00e4stfrihet och kollektivtrafik. L\u00e5t oss utforska de m\u00e5ngfacetterade f\u00f6rdelarna och funktionerna med NFC-kort, varf\u00f6r de \u00e4r v\u00e4rda investeringen och hur de avsev\u00e4rt kan f\u00f6rb\u00e4ttra dina aff\u00e4rsprocesser.<\/span><\/p>\n<hr \/>\n<h2><\/h2>\n<h2 style=\"text-align: center;\"><span style=\"color: #333399;\"><em><strong>Nyckelattribut f\u00f6r anpassade NFC-kort<\/strong><\/em><\/span><\/h2>\n<p><strong>N\u00e4r du v\u00e4ljer anpassad plast PVC NFC-kortutskrift f\u00f6r f\u00f6retag, omfamnar du ett m\u00e5ngsidigt verktyg som \u00e4r skr\u00e4ddarsytt f\u00f6r dina unika behov. Dessa kort kan tillverkas av slitstarkt PVC+epoximaterial, vilket s\u00e4kerst\u00e4ller att de t\u00e5l dagligt slitage. Standardstorleken \u00e4r 85,5 mm x 54 mm, men anpassning till\u00e5ter olika dimensioner f\u00f6r att passa dina applikationer. Dessutom kan du v\u00e4lja en anpassad tjocklek p\u00e5 0,85 mm f\u00f6r \u00f6kad h\u00e5llbarhet.<\/strong><\/p>\n<p>&nbsp;<\/p>\n<h2 style=\"text-align: center;\"><em><span style=\"color: #333399;\"><strong>F\u00f6rdelar<\/strong><\/span><\/em><\/h2>\n<ul>\n<li><strong>Varaktighet<\/strong>: Anpassad PVC s\u00e4kerst\u00e4ller l\u00e5ng livsl\u00e4ngd, vilket g\u00f6r din investering v\u00e4rd besv\u00e4ret.<\/li>\n<li><strong>Anpassning<\/strong>: V\u00e4lj f\u00e4rger, logotyper och tryckstilar som speglar din varum\u00e4rkesidentitet.<\/li>\n<\/ul>\n<p>&nbsp;<\/p>\n<h2 style=\"text-align: center;\"><em><span style=\"color: #333399;\"><strong>Specialfunktioner<\/strong><\/span><\/em><\/h2>\n<p><strong>Vattent\u00e4t och v\u00e4derbest\u00e4ndig<\/strong><\/p>\n<p><strong>Anpassade NFC-kort erbjuder specifika funktioner utformade f\u00f6r att f\u00f6rb\u00e4ttra anv\u00e4ndarupplevelsen och maximera m\u00e5ngsidigheten. De kan g\u00f6ras vattent\u00e4ta och v\u00e4derbest\u00e4ndiga, vilket \u00e4r avg\u00f6rande f\u00f6r f\u00f6retag som verkar i olika milj\u00f6er.<\/strong><\/p>\n<h3><span style=\"color: #666699;\"><strong>Varf\u00f6r detta \u00e4r viktigt:<\/strong><\/span><\/h3>\n<ul>\n<li><strong>M\u00e5ngsidighet<\/strong>: Idealisk f\u00f6r utomhusevenemang, \u00e5tkomstkontroll p\u00e5 utomhusarenor och mer.<\/li>\n<li><strong>L\u00e5ngt liv<\/strong>: Kort som motst\u00e5r vattenskador h\u00e5ller l\u00e4ngre, vilket s\u00e4kerst\u00e4ller att du inte \u00e5drar dig t\u00e4ta utbyteskostnader.<\/li>\n<\/ul>\n<p>&nbsp;<\/p>\n<h2 style=\"text-align: center;\"><em><span style=\"color: #333399;\"><strong>Tekniska specifikationer f\u00f6r PVC NFC-kort<\/strong><\/span><\/em><\/h2>\n<p><span style=\"color: #008080;\"><strong>Att f\u00f6rst\u00e5 de tekniska specifikationerna f\u00f6r NFC-kort \u00e4r avg\u00f6rande f\u00f6r v\u00e4lgrundat beslutsfattande. <\/strong><\/span><\/p>\n<p><span style=\"color: #008080;\"><strong>H\u00e4r \u00e4r en sammanfattning av viktiga detaljer:<\/strong><\/span><\/p>\n<div class=\"table-with-header rounded-lg border border-solid border-grey-line2-normal w-fit max-w-full mb-2\">\n<div class=\"overflow-x-auto custom-scrollbar custom-scrollbar-float max-w-full\">\n<table class=\"w-fit !mb-0 !max-w-none\" style=\"height: 265px;\" width=\"435\">\n<thead>\n<tr>\n<th>Attribut<\/th>\n<th>Specifikation<\/th>\n<\/tr>\n<\/thead>\n<tbody>\n<tr>\n<td>Chips<\/td>\n<td>F08\/NTag213\/Tag215\/Tag216 (2k\/4k\/8k)<\/td>\n<\/tr>\n<tr>\n<td>Storlek<\/td>\n<td>85,5 mm x 54 mm\/anpassad<\/td>\n<\/tr>\n<tr>\n<td>Utskriftsalternativ<\/td>\n<td>CMYK4C Tryck\/offset\/silkscreen<\/td>\n<\/tr>\n<tr>\n<td>Frekvens<\/td>\n<td>13,56 MHz<\/td>\n<\/tr>\n<tr>\n<td>Minne<\/td>\n<td>Upp till 8k, anpassningsbar<\/td>\n<\/tr>\n<tr>\n<td>F\u00f6rpackningsstorlek<\/td>\n<td>5,55 cm x 5,4 cm x 0,01 cm<\/td>\n<\/tr>\n<tr>\n<td>Bruttovikt<\/td>\n<td>0,010 kg<\/td>\n<\/tr>\n<\/tbody>\n<\/table>\n<\/div>\n<\/div>\n<h2><span style=\"color: #666699;\"><strong>Ytterligare funktioner:<\/strong><\/span><\/h2>\n<ul>\n<li><strong>Anpassad logotyp<\/strong>: Anv\u00e4ndning av ditt varum\u00e4rke \u00f6kar synlighet och professionalism.<\/li>\n<li><strong>Tunn men stark<\/strong>: En tjocklek p\u00e5 0,85 mm s\u00e4kerst\u00e4ller ett l\u00e4tt kort som \u00e4r h\u00e5llbart.<\/li>\n<\/ul>\n<p>&nbsp;<\/p>\n<h2 style=\"text-align: center;\"><strong><em><span style=\"color: #000080;\">F\u00f6rb\u00e4ttrade kommunikationsgr\u00e4nssnitt RFID och NFC<\/span><\/em><\/strong><\/h2>\n<p>De <strong>kommunikationsgr\u00e4nssnitt<\/strong>\u00a0NFC-kort \u00e4r en del av deras funktion. Arbeta med en frekvens av\u00a0<strong>13,56 MHz<\/strong>, NFC-kort anv\u00e4nder b\u00e5de RFID- och NFC-teknik, vilket m\u00f6jligg\u00f6r snabbt, kontaktl\u00f6st datautbyte.<\/p>\n<h3><span style=\"color: #666699;\"><strong>Nyckelpunkter:<\/strong><\/span><\/h3>\n<ul>\n<li><strong>S\u00f6ml\u00f6sa transaktioner<\/strong>: Snabb och problemfri anv\u00e4ndarinteraktion f\u00f6r betalningar och \u00e5tkomst.<\/li>\n<li><strong>Kompatibilitet<\/strong>: Fungerar felfritt med olika\u00a0<strong>kortl\u00e4sare<\/strong>\u00a0och ledningssystem, vilket g\u00f6r integrationen enkel.<\/li>\n<\/ul>\n<p>&nbsp;<\/p>\n<h3><span style=\"color: #666699;\"><strong>Industriapplikationer: <\/strong><\/span><\/h3>\n<p><strong>Empower Your BusinessCustom NFC-kort \u00e4r otroligt m\u00e5ngsidiga och kan anv\u00e4ndas inom m\u00e5nga industrisektorer. Fr\u00e5n Mifare-kort f\u00f6r kollektivtrafik till passerkort f\u00f6r s\u00e4kra milj\u00f6er, applikationerna \u00e4r enorma.<\/strong><\/p>\n<p>&nbsp;<\/p>\n<h3><span style=\"color: #666699;\"><strong>Applikationsexempel:<\/strong><\/span><\/h3>\n<ul>\n<li><strong>Detaljhandel<\/strong>: Anv\u00e4nd lojalitetskort f\u00f6r att engagera kunder direkt, bel\u00f6na upprepade bes\u00f6k samtidigt som du samlar in v\u00e4rdefull data.<\/li>\n<li><strong>G\u00e4stfrihet<\/strong>: Implementera smarta rumsnycklar f\u00f6r hotell, vilket ger g\u00e4sterna en s\u00f6ml\u00f6s incheckningsupplevelse.<\/li>\n<\/ul>\n<p>&nbsp;<\/p>\n<p>&nbsp;<\/p>\n<h2 style=\"text-align: center;\"><span style=\"color: #333399;\"><em><strong>Milj\u00f6p\u00e5verkan och h\u00e5llbarhet<\/strong><\/em><\/span><\/h2>\n<p><strong>Att inf\u00f6rliva milj\u00f6v\u00e4nliga metoder \u00e4r avg\u00f6rande f\u00f6r dagens f\u00f6retag. V\u00e5ra PVC NFC-kort kan designas f\u00f6r att minska milj\u00f6p\u00e5verkan. Att anv\u00e4nda \u00e5tervinningsbara material tar itu med h\u00e5llbarhetsproblem samtidigt som h\u00f6g funktionalitet bibeh\u00e5lls.<\/strong><\/p>\n<ul>\n<li><strong>L\u00e4gre koldioxidavtryck<\/strong>: Anv\u00e4ndning av h\u00e5llbara material minskar avfallet.<\/li>\n<li><strong>H\u00e5llbar livsl\u00e4ngd<\/strong>: Kort av h\u00f6g kvalitet inneb\u00e4r f\u00e4rre byten, vilket \u00e4r b\u00e4ttre f\u00f6r milj\u00f6n.<\/li>\n<\/ul>\n<p>&nbsp;<\/p>\n<h2 style=\"text-align: center;\"><em><span style=\"color: #333399;\"><strong>Kundrecensioner<\/strong><\/span><\/em><\/h2>\n<ul>\n<li><strong>Sarah K.<\/strong>: \u201cAnpassningsalternativen gjorde det m\u00f6jligt f\u00f6r oss att integrera v\u00e5rt varum\u00e4rke perfekt. V\u00e5ra g\u00e4ster \u00e4lskar de nya smarta rumsnycklarna!\u201d<\/li>\n<li><strong>Mike R.<\/strong>: \u201cDessa kort fungerar s\u00f6ml\u00f6st med v\u00e5rt passersystem. Installationen gick snabbt och vi kan nu hantera v\u00e5ra referenser enkelt.&quot;<\/li>\n<\/ul>","protected":false},"excerpt":{"rendered":"<p>Optimera ditt f\u00f6retag med anpassade PVC NFC-kort, som erbjuder h\u00e5llbarhet, vattent\u00e4ta funktioner, s\u00f6ml\u00f6sa transaktioner och skr\u00e4ddarsytt varum\u00e4rke f\u00f6r olika applikationer.<\/p>","protected":false},"featured_media":3597,"template":"","meta":[],"product_brand":[],"product_cat":[46],"product_tag":[],"class_list":{"0":"post-3595","1":"product","2":"type-product","3":"status-publish","4":"has-post-thumbnail","6":"product_cat-nfc-cards","8":"first","9":"instock","10":"shipping-taxable","11":"product-type-simple"},"_links":{"self":[{"href":"https:\/\/nfc-readers.com\/sv\/wp-json\/wp\/v2\/product\/3595","targetHints":{"allow":["GET"]}}],"collection":[{"href":"https:\/\/nfc-readers.com\/sv\/wp-json\/wp\/v2\/product"}],"about":[{"href":"https:\/\/nfc-readers.com\/sv\/wp-json\/wp\/v2\/types\/product"}],"wp:featuredmedia":[{"embeddable":true,"href":"https:\/\/nfc-readers.com\/sv\/wp-json\/wp\/v2\/media\/3597"}],"wp:attachment":[{"href":"https:\/\/nfc-readers.com\/sv\/wp-json\/wp\/v2\/media?parent=3595"}],"wp:term":[{"taxonomy":"product_brand","embeddable":true,"href":"https:\/\/nfc-readers.com\/sv\/wp-json\/wp\/v2\/product_brand?post=3595"},{"taxonomy":"product_cat","embeddable":true,"href":"https:\/\/nfc-readers.com\/sv\/wp-json\/wp\/v2\/product_cat?post=3595"},{"taxonomy":"product_tag","embeddable":true,"href":"https:\/\/nfc-readers.com\/sv\/wp-json\/wp\/v2\/product_tag?post=3595"}],"curies":[{"name":"wp","href":"https:\/\/api.w.org\/{rel}","templated":true}]}}