{"id":3602,"date":"2024-11-07T15:58:55","date_gmt":"2024-11-07T15:58:55","guid":{"rendered":"https:\/\/nfc-readers.com\/?post_type=product&#038;p=3602"},"modified":"2024-11-07T16:39:39","modified_gmt":"2024-11-07T16:39:39","slug":"write-url-dynamic-qr-code-ntag-213-nfc-card","status":"publish","type":"product","link":"https:\/\/nfc-readers.com\/sv\/ic-reader\/write-url-dynamic-qr-code-ntag-213-nfc-card\/","title":{"rendered":"Skriv URL dynamisk QR-kod Ntag 213 NFC-kort"},"content":{"rendered":"<h1 style=\"text-align: center;\"><span style=\"color: #000080;\"><strong>Skriv URL dynamisk QR-kod Ntag 213 NFC-kort<\/strong><\/span><\/h1>\n<p><span style=\"color: #666699;\"><strong>Skriv URL Dynamisk QR-kod NTAG213 NFC-kort: F\u00f6rvandla dina aff\u00e4rsinteraktioner I en allt mer digital v\u00e4rld \u00e4r effektiv kommunikation och operativ effektivitet avg\u00f6rande f\u00f6r alla f\u00f6retag. Write URL Dynamic QR Code NTAG213 NFC-kortet \u00e4r en revolutionerande produkt som f\u00f6rb\u00e4ttrar interaktioner, effektiviserar processer och g\u00f6r det l\u00e4ttare f\u00f6r kunder och f\u00f6retag att ansluta.<\/strong><\/span><\/p>\n<p>Dessa NFC-kort anv\u00e4nder banbrytande\u00a0<strong>NTAG213-teknik<\/strong>\u00a0f\u00f6r att tillhandah\u00e5lla dynamiska URL-funktioner, s\u00e5 att f\u00f6retag kan dirigera anv\u00e4ndare till vilken webbplats eller digital resurs som helst utan problem. Denna kraftfulla kombination av NFC- och QR-kodteknik m\u00f6jligg\u00f6r m\u00e5ngsidiga applikationer, inklusive marknadsf\u00f6ringskampanjer, evenemangshantering, produktautentisering och mycket mer. Att investera i NTAG213 NFC-kort \u00e4r inte bara ett strategiskt drag utan ett steg mot att modernisera din aff\u00e4rsverksamhet.<\/p>\n<hr \/>\n<p>&nbsp;<\/p>\n<p>&nbsp;<\/p>\n<h2 style=\"text-align: center;\"><em><strong><span style=\"color: #333399;\">Nyckelattribut f\u00f6r NTAG213 NFC-kort<\/span><\/strong><\/em><\/h2>\n<p><span style=\"color: #008080;\"><strong>NTAG213 NFC-kortet sticker ut p\u00e5 grund av sina innovativa funktioner och robusta konstruktion. H\u00e4r \u00e4r de v\u00e4sentliga egenskaperna:<\/strong><\/span><\/p>\n<ul>\n<li><strong>Material<\/strong>: Tillverkad av h\u00f6g kvalitet\u00a0<strong>PVC<\/strong>, dessa kort \u00e4r designade f\u00f6r h\u00e5llbarhet och livsl\u00e4ngd. De t\u00e5l den dagliga anv\u00e4ndningen, oavsett om de delas ut vid evenemang eller anv\u00e4nds i passersystem.<\/li>\n<li><strong>Chipteknik<\/strong>: NTAG213-chippet \u00e4r speciellt konstruerat f\u00f6r applikationer som kr\u00e4ver dynamisk data och erbjuder en minneskapacitet p\u00e5\u00a0<strong>144 byte<\/strong>\u00a0och m\u00f6jligheten att skriva om webbadresser n\u00e4r som helst utan att beh\u00f6va skriva ut nya kort.<\/li>\n<li><strong>Storlek och anpassning<\/strong>: Standardm\u00e5tt \u00e4r\u00a0<strong>85,5 mm x 54 mm<\/strong>, vilket m\u00f6jligg\u00f6r enhetlighet med traditionella kreditkortsstorlekar, vilket g\u00f6r dem l\u00e4tta att b\u00e4ra. Anpassningar i storlek och design \u00e4r ocks\u00e5 m\u00f6jliga f\u00f6r att passa dina varum\u00e4rkesbehov.<\/li>\n<\/ul>\n<p>&nbsp;<\/p>\n<p>&nbsp;<\/p>\n<h2 style=\"text-align: center;\"><em><strong><span style=\"color: #333399;\">Specialfunktioner<\/span><\/strong><\/em><\/h2>\n<p style=\"text-align: left;\"><strong>Vattent\u00e4t och v\u00e4derbest\u00e4ndig design<\/strong><\/p>\n<p style=\"text-align: left;\">En av de utm\u00e4rkande egenskaperna hos Write URL NFC-korten \u00e4r deras\u00a0<strong>vattent\u00e4t och v\u00e4derbest\u00e4ndig<\/strong>\u00a0fastigheter. F\u00f6retag som verkar i olika milj\u00f6er kan dra stor nytta av dessa funktioner.<\/p>\n<ul>\n<li><strong>M\u00e5ngsidighet<\/strong>: Dessa kort \u00e4r idealiska f\u00f6r utomhusevenemang, d\u00e4r exponering f\u00f6r fukt kan skada standardkort. Oavsett om det \u00e4r en musikfestival, ett sportevenemang eller marknadsf\u00f6ringskampanjer utomhus, din\u00a0<strong>NTAG213 NFC-kort<\/strong>\u00a0kommer att fungera tillf\u00f6rlitligt.<\/li>\n<li><strong>L\u00e5ngt liv<\/strong>: Att motst\u00e5 vattenskador f\u00f6rl\u00e4nger inte bara kortets livsl\u00e4ngd utan sparar dig ocks\u00e5 kostnader i samband med frekventa byten.<\/li>\n<\/ul>\n<p>&nbsp;<\/p>\n<h2 style=\"text-align: center;\"><em><strong><span style=\"color: #333399;\">Kommunikationsgr\u00e4nssnitt<\/span><\/strong><\/em><\/h2>\n<ul>\n<li><strong>RFID och NFC<\/strong>: Fungerar med en frekvens p\u00e5\u00a0<strong>13,56 MHz<\/strong>, dessa kort anv\u00e4nder b\u00e5de RFID- och NFC-teknik f\u00f6r att m\u00f6jligg\u00f6ra kontaktl\u00f6s kommunikation. Detta s\u00e4kerst\u00e4ller snabbt och effektivt datautbyte, vilket f\u00f6rb\u00e4ttrar anv\u00e4ndarupplevelsen under transaktioner.<\/li>\n<li><strong>S\u00f6ml\u00f6sa transaktioner<\/strong>: Integreringen av NFC-teknik m\u00f6jligg\u00f6r en enkel interaktion. Anv\u00e4ndare kan helt enkelt trycka sitt kort mot en kompatibel l\u00e4sare och omedelbart f\u00e5 upp den l\u00e4nkade URL:en, som kan dirigera dem till en webbplats, ett formul\u00e4r eller multimediainneh\u00e5ll.<\/li>\n<\/ul>\n<p>&nbsp;<\/p>\n<p>&nbsp;<\/p>\n<h2 style=\"text-align: center;\"><em><span style=\"color: #333399;\"><strong>Tekniska specifikationer<\/strong><\/span><\/em><\/h2>\n<p><span style=\"color: #008080;\"><strong>F\u00f6r informerat beslutsfattande, h\u00e4r \u00e4r de detaljerade tekniska specifikationerna f\u00f6r Write URL Dynamic QR Code NTAG213 NFC-kortet:<\/strong><\/span><\/p>\n<div class=\"table-with-header rounded-lg border border-solid border-grey-line2-normal w-fit max-w-full mb-2\">\n<div class=\"overflow-x-auto custom-scrollbar custom-scrollbar-float max-w-full\">\n<table class=\"w-fit !mb-0 !max-w-none\">\n<thead>\n<tr>\n<th><strong>Attribut<\/strong><\/th>\n<th><strong>Specifikation<\/strong><\/th>\n<\/tr>\n<\/thead>\n<tbody>\n<tr>\n<td><strong>Chips<\/strong><\/td>\n<td>NTAG213 (NXP\u00ae-registrerat varum\u00e4rke)<\/td>\n<\/tr>\n<tr>\n<td><strong>Material<\/strong><\/td>\n<td>PVC<\/td>\n<\/tr>\n<tr>\n<td><strong>Storlek<\/strong><\/td>\n<td>85,5 mm x 54 mm<\/td>\n<\/tr>\n<tr>\n<td><strong>Minne<\/strong><\/td>\n<td>144 byte (anpassade alternativ tillg\u00e4ngliga)<\/td>\n<\/tr>\n<tr>\n<td><strong>Frekvens<\/strong><\/td>\n<td>13,56 MHz<\/td>\n<\/tr>\n<tr>\n<td><strong>Utskriftsalternativ<\/strong><\/td>\n<td>CMYK offsettryck<\/td>\n<\/tr>\n<tr>\n<td><strong>L\u00e4savst\u00e5nd<\/strong><\/td>\n<td>2-10 cm<\/td>\n<\/tr>\n<tr>\n<td><strong>Ursprungsort<\/strong><\/td>\n<td>Guangdong, Kina<\/td>\n<\/tr>\n<tr>\n<td><strong>Hantverk<\/strong><\/td>\n<td>Olika alternativ: Laser Code, UV Ink, etc.<\/td>\n<\/tr>\n<\/tbody>\n<\/table>\n<p>&nbsp;<\/p>\n<\/div>\n<\/div>\n<h2 style=\"text-align: center;\"><em><strong><span style=\"color: #333399;\">Till\u00e4mpningar \u00f6ver branscher<\/span><\/strong><\/em><\/h2>\n<p><span style=\"color: #008080;\"><strong>Write URL Dynamic QR Code NTAG213 NFC-kortet har olika applikationer inom olika sektorer:<\/strong><\/span><\/p>\n<ul>\n<li><strong>Detaljhandel och marknadsf\u00f6ring<\/strong>: Anv\u00e4nd dessa kort f\u00f6r lojalitetsprogram, s\u00e5 att kunderna enkelt kan komma \u00e5t reklaml\u00e4nkar eller specialerbjudanden. De\u00a0<strong>dynamisk URL<\/strong>\u00a0funktionen inneb\u00e4r att du kan uppdatera kampanjer omedelbart utan att beh\u00f6va nya kort.<\/li>\n<li><strong>Event Management<\/strong>: Perfekt f\u00f6r konferenser, konserter eller m\u00e4ssor, dessa kort kan ge kontaktl\u00f6s \u00e5tkomst till scheman, talarinformation och eventuppdateringar via QR-koder kopplade till NFC-chippet.<\/li>\n<\/ul>","protected":false},"excerpt":{"rendered":"<p>Skriv URL dynamisk QR-kod NTAG213 NFC-kort f\u00f6rb\u00e4ttrar aff\u00e4rsinteraktioner med dynamiska webbadresser, NFC-teknik, vattent\u00e4t design och m\u00e5ngsidiga applikationer.<\/p>","protected":false},"featured_media":3604,"template":"","meta":[],"product_brand":[],"product_cat":[46],"product_tag":[],"class_list":{"0":"post-3602","1":"product","2":"type-product","3":"status-publish","4":"has-post-thumbnail","6":"product_cat-nfc-cards","8":"first","9":"instock","10":"shipping-taxable","11":"product-type-simple"},"_links":{"self":[{"href":"https:\/\/nfc-readers.com\/sv\/wp-json\/wp\/v2\/product\/3602","targetHints":{"allow":["GET"]}}],"collection":[{"href":"https:\/\/nfc-readers.com\/sv\/wp-json\/wp\/v2\/product"}],"about":[{"href":"https:\/\/nfc-readers.com\/sv\/wp-json\/wp\/v2\/types\/product"}],"wp:featuredmedia":[{"embeddable":true,"href":"https:\/\/nfc-readers.com\/sv\/wp-json\/wp\/v2\/media\/3604"}],"wp:attachment":[{"href":"https:\/\/nfc-readers.com\/sv\/wp-json\/wp\/v2\/media?parent=3602"}],"wp:term":[{"taxonomy":"product_brand","embeddable":true,"href":"https:\/\/nfc-readers.com\/sv\/wp-json\/wp\/v2\/product_brand?post=3602"},{"taxonomy":"product_cat","embeddable":true,"href":"https:\/\/nfc-readers.com\/sv\/wp-json\/wp\/v2\/product_cat?post=3602"},{"taxonomy":"product_tag","embeddable":true,"href":"https:\/\/nfc-readers.com\/sv\/wp-json\/wp\/v2\/product_tag?post=3602"}],"curies":[{"name":"wp","href":"https:\/\/api.w.org\/{rel}","templated":true}]}}