{"id":3610,"date":"2024-11-08T02:46:18","date_gmt":"2024-11-08T02:46:18","guid":{"rendered":"https:\/\/nfc-readers.com\/?post_type=product&#038;p=3610"},"modified":"2024-11-08T02:46:18","modified_gmt":"2024-11-08T02:46:18","slug":"nfc-soft-pvc-vinyl-wristband-card-for-rfid-fabric-wristband","status":"publish","type":"product","link":"https:\/\/nfc-readers.com\/sv\/ic-reader\/nfc-soft-pvc-vinyl-wristband-card-for-rfid-fabric-wristband\/","title":{"rendered":"NFC Mjuk PVC Vinyl Armbandskort f\u00f6r Rfid Fabric Armband"},"content":{"rendered":"<h1><strong>NFC mjuk PVC vinylarmbandskort f\u00f6r RFID-tygarmband<\/strong><\/h1>\n<p>&nbsp;<\/p>\n<p>I dagens snabba, teknikdrivna v\u00e4rld \u00e4r <strong>NFC mjuk PVC vinylarmbandskort f\u00f6r RFID-tygarmband<\/strong>\u00a0framst\u00e5r som ett viktigt verktyg f\u00f6r s\u00f6ml\u00f6s \u00e5tkomstkontroll, kontantl\u00f6sa transaktioner och f\u00f6rb\u00e4ttrade anv\u00e4ndarupplevelser. Tillverkade av h\u00f6gkvalitativ vinyl, dessa armband \u00e4r l\u00e4tta, f\u00e4rgglada och otroligt m\u00e5ngsidiga, vilket g\u00f6r dem perfekta f\u00f6r olika evenemang som konserter, festivaler, n\u00f6jesparker och f\u00f6retagssammankomster. Med en driftsfrekvens p\u00e5\u00a0<strong>13,56 MHz<\/strong>\u00a0och kompatibilitet med RFID- och NFC-teknik, dessa armband erbjuder unika l\u00f6sningar f\u00f6r arrang\u00f6rer och f\u00f6retag som vill f\u00f6rb\u00e4ttra s\u00e4kerheten och effektivisera verksamheten.<\/p>\n<p>&nbsp;<\/p>\n<h3><strong>Varf\u00f6r v\u00e4lja NFC Mjuk PVC Vinylarmband?<\/strong><\/h3>\n<p>Att investera i NFC-armband \u00e4r inte bara ett modestatement utan en funktionell uppgradering f\u00f6r att hantera evenemang och anv\u00e4ndarinteraktioner effektivt. Dessa armband eliminerar behovet av traditionella biljett- och passersystem, vilket minskar v\u00e4ntetiderna och f\u00f6rb\u00e4ttrar g\u00e4stupplevelsen. Med anpassade varum\u00e4rkesalternativ tillg\u00e4ngliga kan f\u00f6retag \u00f6ka sin synlighet samtidigt som de tillhandah\u00e5ller en p\u00e5litlig och s\u00e4ker metod f\u00f6r kontantl\u00f6sa betalningar. Oavsett om du organiserar musikfestivaler, sportevenemang eller n\u00f6jesparker erbjuder dessa armband den tillf\u00f6rlitlighet och funktionalitet du beh\u00f6ver.<\/p>\n<p>&nbsp;<\/p>\n<h2>Funktioner hos RFID och NFC-teknik<\/h2>\n<h3>F\u00f6rb\u00e4ttrad \u00e5tkomstkontroll<\/h3>\n<p>De\u00a0<strong>RFID-teknik<\/strong>\u00a0inb\u00e4ddade i dessa armband m\u00f6jligg\u00f6r\u00a0<strong>snabb \u00e5tkomstkontroll<\/strong>\u00a0vid evenemang, vilket s\u00e4kerst\u00e4ller att intr\u00e4despunkter \u00e4r s\u00e4krade samtidigt som g\u00e4sterna tillbringar tid i k\u00f6. Eventarrang\u00f6rer kan anv\u00e4nda\u00a0<strong>RFID-armband<\/strong>\u00a0f\u00f6r olika funktioner, inklusive:<\/p>\n<ul>\n<li><strong>VIP Access<\/strong>: G\u00f6r skillnad p\u00e5 allm\u00e4nt tilltr\u00e4de och VIP-deltagare f\u00f6r speciella omr\u00e5den.<\/li>\n<li><strong>Kontantl\u00f6sa betalningar<\/strong>: Aktivera kontantl\u00f6sa transaktioner f\u00f6r varor, mat och dryck p\u00e5 plats, vilket g\u00f6r den \u00f6vergripande upplevelsen mer bekv\u00e4m.<\/li>\n<\/ul>\n<h3>Effektiviserad verksamhet<\/h3>\n<p>Anv\u00e4nder\u00a0<strong>NFC-armbandsteknik<\/strong>\u00a0effektiviserar h\u00e4ndelseverksamheten avsev\u00e4rt. F\u00f6rm\u00e5gan att f\u00f6ra\u00a0<strong>datainsamling<\/strong>\u00a0Genom dessa enheter kan leverant\u00f6rer analysera deltagarnas beteende och utgiftsm\u00f6nster effektivt. Denna information kan sedan anv\u00e4ndas f\u00f6r att f\u00f6rb\u00e4ttra framtida evenemang, f\u00f6rb\u00e4ttra marknadsf\u00f6ringsstrategier och optimera kundupplevelser.<\/p>\n<p>&nbsp;<\/p>\n<h3><strong>F\u00f6rdelar med att anv\u00e4nda vinylarmband<\/strong><\/h3>\n<h3>H\u00e5llbarhet och komfort<\/h3>\n<p>Tillverkad av h\u00f6g kvalitet\u00a0<strong>vinylmaterial<\/strong>, NFC-armband \u00e4r designade f\u00f6r att t\u00e5la olika element i samband med festivaler, konserter och utomhusevenemang. Till skillnad fr\u00e5n pappersbiljetter eller tygarmband som l\u00e4tt kan slitas s\u00f6nder eller skadas, \u00e4r vinylarmband vattent\u00e4ta, rivbest\u00e4ndiga och svettbest\u00e4ndiga, vilket s\u00e4kerst\u00e4ller att de f\u00f6rblir intakta under hela evenemanget.<\/p>\n<h3>Eng\u00e5ngsanv\u00e4ndning och manipulationss\u00e4ker<\/h3>\n<p>De\u00a0<strong>eng\u00e5ngsanv\u00e4ndning<\/strong>\u00a0arten av dessa armband garanterar maximal s\u00e4kerhet. N\u00e4r ett armband v\u00e4l har anv\u00e4nts f\u00f6r att komma in, blir det ogiltigt och kan inte \u00e5teranv\u00e4ndas. Detta minskar avsev\u00e4rt risken f\u00f6r biljettbedr\u00e4gerier, vilket \u00e4r ett vanligt problem vid stora evenemang. Eventarrang\u00f6rer kan vara s\u00e4kra p\u00e5 att deras tillg\u00e5ngar och verksamhet \u00e4r skyddade.<\/p>\n<p>&nbsp;<\/p>\n<h3><strong>Anpassningsbara alternativ f\u00f6r varum\u00e4rkesbyggande<\/strong><\/h3>\n<h3>Skapa ett best\u00e5ende intryck<\/h3>\n<p>NFC-armband erbjuder flera anpassningsalternativ f\u00f6r varum\u00e4rkessyfte. F\u00f6retag kan f\u00f6rb\u00e4ttra sin synlighet med anpassade\u00a0<strong>v\u00e4rme\u00f6verf\u00f6ringsutskrift<\/strong>, logotyper, streckkoder eller QR-koder p\u00e5 b\u00e5de armbanden och medf\u00f6ljande kort. Dessa varum\u00e4rkesm\u00f6jligheter skapar ett professionellt utseende som l\u00e4mnar ett best\u00e5ende intryck p\u00e5 g\u00e4sterna, vilket fr\u00e4mjar varum\u00e4rkesk\u00e4nnedom \u00e4ven efter evenemanget.<\/p>\n<h3>Marknadsf\u00f6ringsf\u00f6rdelar<\/h3>\n<p>Branding genom anpassade armband har visat sig vara ett effektivt marknadsf\u00f6ringsverktyg. Deltagare som b\u00e4r ditt varum\u00e4rkes armband blir vandrande reklam som visar upp din logotyp och design l\u00e5ngt efter att evenemanget avslutats. Detta \u00f6kar varum\u00e4rkets synlighet och kan potentiellt locka nya kunder som ser ditt varum\u00e4rke i olika sammanhang.<\/p>\n<p>&nbsp;<\/p>\n<h3><strong>Vanliga fr\u00e5gor (FAQs)<\/strong><\/h3>\n<h2>1. Vad \u00e4r NFC Soft PVC Vinylarmband?<\/h2>\n<p>NFC Soft PVC Vinyl Armband \u00e4r b\u00e4rbar teknologi som anv\u00e4nder Near Field Communication (NFC) och Radio Frequency Identification (RFID) f\u00f6r att ge kontaktl\u00f6s \u00e5tkomstkontroll, datainsamling och kontantfria betalningsalternativ vid evenemang. De \u00e4r gjorda av slitstarkt vinylmaterial och \u00e4r designade f\u00f6r anv\u00e4ndarkomfort och bekv\u00e4mlighet.<\/p>\n<h2>2. Vilken frekvens har dessa armband?<\/h2>\n<p>Dessa armband arbetar med en frekvens p\u00e5\u00a0<strong>13,56 MHz<\/strong>, vilket \u00e4r vanligt f\u00f6r NFC- och RFID-tekniker, vilket s\u00e4kerst\u00e4ller kompatibilitet med de flesta RFID-l\u00e4sare och NFC-aktiverade enheter.<\/p>\n<h2>3. \u00c4r armbanden \u00e5teranv\u00e4ndbara?<\/h2>\n<p>Nej, NFC Soft PVC Vinylarmband \u00e4r designade f\u00f6r\u00a0<strong>eng\u00e5ngsbruk<\/strong>. Denna funktion \u00e4r avsedd att f\u00f6rb\u00e4ttra s\u00e4kerheten och minimera risken f\u00f6r biljettbedr\u00e4gerier, vilket g\u00f6r dem idealiska f\u00f6r evenemang d\u00e4r \u00e5tkomstkontroll \u00e4r avg\u00f6rande.<\/p>\n<h2>4. Kan armbanden anpassas?<\/h2>\n<p>Ja! Du kan anpassa armbanden p\u00e5 olika s\u00e4tt, inklusive:<\/p>\n<ul>\n<li><strong>Logotyp utskrift<\/strong><\/li>\n<li><strong>Streckkoder och QR-koder<\/strong><\/li>\n<li><strong>F\u00e4rgdesigner<\/strong><\/li>\n<li><strong>Speciella hantverkstekniker<\/strong>\u00a0s\u00e5som v\u00e4rme\u00f6verf\u00f6ringstryck och laserkodning.<\/li>\n<\/ul>\n<p>Denna anpassning g\u00f6r att f\u00f6retag kan f\u00f6rb\u00e4ttra varum\u00e4rket och skapa ett professionellt utseende f\u00f6r evenemang.<\/p>","protected":false},"excerpt":{"rendered":"<p>NFC Soft PVC Vinyl Armband Card \u00e4r en h\u00e5llbar, anpassningsbar l\u00f6sning f\u00f6r s\u00e4ker \u00e5tkomst och kontantl\u00f6sa transaktioner vid evenemang. Dessa armband \u00e4r designade f\u00f6r komfort och funktionalitet och f\u00f6rb\u00e4ttrar den \u00f6vergripande g\u00e4stupplevelsen samtidigt som de s\u00e4kerst\u00e4ller tillf\u00f6rlitlig \u00e5tkomstkontroll.<\/p>","protected":false},"featured_media":3611,"template":"","meta":[],"product_brand":[],"product_cat":[50],"product_tag":[],"class_list":{"0":"post-3610","1":"product","2":"type-product","3":"status-publish","4":"has-post-thumbnail","6":"product_cat-silicone-rfid-nfc-wristbands","8":"first","9":"instock","10":"shipping-taxable","11":"product-type-simple"},"_links":{"self":[{"href":"https:\/\/nfc-readers.com\/sv\/wp-json\/wp\/v2\/product\/3610","targetHints":{"allow":["GET"]}}],"collection":[{"href":"https:\/\/nfc-readers.com\/sv\/wp-json\/wp\/v2\/product"}],"about":[{"href":"https:\/\/nfc-readers.com\/sv\/wp-json\/wp\/v2\/types\/product"}],"wp:featuredmedia":[{"embeddable":true,"href":"https:\/\/nfc-readers.com\/sv\/wp-json\/wp\/v2\/media\/3611"}],"wp:attachment":[{"href":"https:\/\/nfc-readers.com\/sv\/wp-json\/wp\/v2\/media?parent=3610"}],"wp:term":[{"taxonomy":"product_brand","embeddable":true,"href":"https:\/\/nfc-readers.com\/sv\/wp-json\/wp\/v2\/product_brand?post=3610"},{"taxonomy":"product_cat","embeddable":true,"href":"https:\/\/nfc-readers.com\/sv\/wp-json\/wp\/v2\/product_cat?post=3610"},{"taxonomy":"product_tag","embeddable":true,"href":"https:\/\/nfc-readers.com\/sv\/wp-json\/wp\/v2\/product_tag?post=3610"}],"curies":[{"name":"wp","href":"https:\/\/api.w.org\/{rel}","templated":true}]}}