{"id":3619,"date":"2024-11-08T04:21:11","date_gmt":"2024-11-08T04:21:11","guid":{"rendered":"https:\/\/nfc-readers.com\/?post_type=product&#038;p=3619"},"modified":"2024-11-08T04:21:11","modified_gmt":"2024-11-08T04:21:11","slug":"mifare-ultralight-ev1-rfid-stretchy-woven-nfc-rfid-wristband","status":"publish","type":"product","link":"https:\/\/nfc-readers.com\/sv\/ic-reader\/mifare-ultralight-ev1-rfid-stretchy-woven-nfc-rfid-wristband\/","title":{"rendered":"MIFARE Ultralight Ev1 RFID Stretchy Woven NFC RFID-armband"},"content":{"rendered":"<h1 style=\"text-align: center;\"><strong>MIFARE Ultralight Ev1 RFID Stretchy Woven NFC RFID-armband<\/strong><\/h1>\n<p>&nbsp;<\/p>\n<p>De <strong>MIFARE Ultralight EV1 RFID Stretchy Woven NFC-armband<\/strong>\u00a0\u00e4r den ultimata l\u00f6sningen f\u00f6r modern evenemangshantering, som ger s\u00f6ml\u00f6s \u00e5tkomstkontroll, kontantl\u00f6sa betalningsl\u00f6sningar och f\u00f6rb\u00e4ttrad g\u00e4stupplevelse. Tillverkat med innovation i \u00e5tanke, kombinerar detta armband banbrytande RFID-teknik med anpassningsbara design, och blir ett viktigt verktyg f\u00f6r b\u00e5de arrang\u00f6rer och deltagare. Oavsett om du \u00e4r v\u00e4rd f\u00f6r en musikfestival, en vattenparksattraktion eller ett f\u00f6retagsevent, garanterar detta RFID-armband str\u00f6mlinjeformad drift, \u00f6kad s\u00e4kerhet och en minnesv\u00e4rd upplevelse f\u00f6r alla inblandade.<\/p>\n<p>&nbsp;<\/p>\n<h3><strong>Produktf\u00f6rdelar<\/strong><\/h3>\n<ul>\n<li><strong>F\u00f6rb\u00e4ttrad s\u00e4kerhet<\/strong>: MIFARE Ultralight EV1-chippet s\u00e4kerst\u00e4ller att ditt armband inte bara \u00e4r manipuleringss\u00e4kert utan ocks\u00e5 kan s\u00e4kert data\u00f6verf\u00f6ring.<\/li>\n<li><strong>Vattent\u00e4t och h\u00e5llbar<\/strong>: Klassat till IP68, detta armband \u00e4r b\u00e5de vattent\u00e4tt och v\u00e4derbest\u00e4ndigt, designat f\u00f6r att motst\u00e5 olika milj\u00f6f\u00f6rh\u00e5llanden s\u00e5 att det inte skadas under utomhusevenemang eller vattenrelaterade aktiviteter.<\/li>\n<li><strong>Anv\u00e4ndarv\u00e4nlig<\/strong>: RFID-armbandet eliminerar behovet av kontanttransaktioner, vilket m\u00f6jligg\u00f6r kontantl\u00f6sa betalningar som \u00f6kar effektiviteten och minskar v\u00e4ntetiderna f\u00f6r g\u00e4sterna.<\/li>\n<li><strong>Anpassningsbara m\u00f6nster<\/strong>: Med alternativet f\u00f6r CMYK-utskrift i fullf\u00e4rg kan arrang\u00f6rer skapa visuellt tilltalande armband som f\u00f6rb\u00e4ttrar varum\u00e4rkets synlighet.<\/li>\n<li><strong>Flexibla storlekar och f\u00e4rger<\/strong>: Finns i olika storlekar (145x25x1,5 mm och 185x25x1,5 mm) och f\u00e4rger (bl\u00e5, r\u00f6d, vit, svart, gr\u00f6n, gul, orange, gr\u00e5), armbanden tillgodoser olika estetiska preferenser.<\/li>\n<\/ul>\n<p>&nbsp;<\/p>\n<h2><strong>Nyckelfunktioner och specifikationer<\/strong><\/h2>\n<h3>H\u00f6gpresterande MIFARE-chip<\/h3>\n<p>Hj\u00e4rtat i armbandet \u00e4r\u00a0<strong>MIFARE Ultralight EV1-chip<\/strong>, som ger tillf\u00f6rlitlig prestanda f\u00f6r \u00e5tkomstkontroll och datahantering. Chipet s\u00e4kerst\u00e4ller s\u00e4ker kommunikation med RFID-l\u00e4sare, vilket g\u00f6r det idealiskt f\u00f6r h\u00e4ndelser med h\u00f6g trafik d\u00e4r snabb bearbetning \u00e4r avg\u00f6rande.<\/p>\n<h3>Vattent\u00e4t och v\u00e4derbest\u00e4ndig design<\/h3>\n<p>Med en\u00a0<strong>IP68-klassning<\/strong>, armbandet \u00e4r vattent\u00e4tt, vilket g\u00f6r att det f\u00f6rblir funktionellt \u00e4ven i utmanande v\u00e4derf\u00f6rh\u00e5llanden. Oavsett om det regnar p\u00e5 en konsert eller plask i en vattenpark kan anv\u00e4ndarna njuta av sina aktiviteter utan att oroa sig.<\/p>\n<h3>Kontantl\u00f6sa betalningsl\u00f6sningar<\/h3>\n<p>Dagarna f\u00f6r att b\u00e4ra kontanter eller kort \u00e4r f\u00f6rbi. Detta armband g\u00f6r det snabbt och enkelt\u00a0<strong>kontantl\u00f6sa betalningar<\/strong>, perfekt f\u00f6r hektiska evenemang d\u00e4r effektivitet \u00e4r nyckeln. Eventarrang\u00f6rer kan enkelt \u00f6vervaka transaktioner och effektivisera verksamheten.<\/p>\n<h3>Anpassning och varum\u00e4rke<\/h3>\n<p>Eventplanerare kan dra nytta av\u00a0<strong>CMYK-utskrift i fullf\u00e4rg<\/strong>\u00a0m\u00f6jlighet att skapa skr\u00e4ddarsydda m\u00f6nster. Detta f\u00f6rb\u00e4ttrar inte bara varum\u00e4rket utan ger ocks\u00e5 en unik touch, vilket g\u00f6r att deltagarna kan visa upp sina evenemangsupplevelser.<\/p>\n<p>&nbsp;<\/p>\n<h2><strong>Vanliga fr\u00e5gor (FAQs)<\/strong><\/h2>\n<h3>1.\u00a0<strong>Vad \u00e4r ett RFID-armband?<\/strong><\/h3>\n<p>Ett RFID-armband \u00e4r en b\u00e4rbar enhet som anv\u00e4nder RFID-teknik (Radio Frequency Identification) f\u00f6r att \u00f6verf\u00f6ra data via radiov\u00e5gor. Det m\u00f6jligg\u00f6r s\u00e4ker \u00e5tkomstkontroll, kontantl\u00f6sa betalningar och datainsamling vid evenemang.<\/p>\n<h3>2.\u00a0<strong>Hur fungerar MIFARE Ultralight EV1 RFID-armbandet?<\/strong><\/h3>\n<p>Armbandet fungerar med ett chip som kommunicerar med RFID-l\u00e4sare. N\u00e4r armbandet knackas mot en l\u00e4sare, \u00f6verf\u00f6r det lagrad data, ger \u00e5tkomst eller behandlar betalning.<\/p>\n<h3>3.\u00a0<strong>\u00c4r armbandet vattent\u00e4tt?<\/strong><\/h3>\n<p>Ja, v\u00e5rt MIFARE Ultralight EV1 RFID-armband \u00e4r klassificerat IP68, vilket betyder att det \u00e4r helt vattent\u00e4tt och t\u00e5l neds\u00e4nkning i vatten, vilket g\u00f6r det l\u00e4mpligt f\u00f6r olika utomhusevenemang, inklusive vattenparker.<\/p>\n<h3>4.\u00a0<strong>Kan armbandet anpassas?<\/strong><\/h3>\n<p>Absolut! Vi erbjuder anpassningsbara f\u00e4rgalternativ och CMYK-utskrift i fullf\u00e4rg, s\u00e5 att du kan designa armband som passar ditt evenemangs varum\u00e4rke och tema.<\/p>\n<p>&nbsp;<\/p>","protected":false},"excerpt":{"rendered":"<p>MIFARE Ultralight EV1 RFID Stretchy Woven NFC-armband \u00e4r designat f\u00f6r s\u00e4ker \u00e5tkomstkontroll och kontantl\u00f6sa transaktioner vid evenemang. Dess vattent\u00e4ta och anpassningsbara funktioner g\u00f6r den idealisk f\u00f6r olika tillf\u00e4llen.<\/p>","protected":false},"featured_media":3620,"template":"","meta":[],"product_brand":[],"product_cat":[50],"product_tag":[],"class_list":{"0":"post-3619","1":"product","2":"type-product","3":"status-publish","4":"has-post-thumbnail","6":"product_cat-silicone-rfid-nfc-wristbands","8":"first","9":"instock","10":"shipping-taxable","11":"product-type-simple"},"_links":{"self":[{"href":"https:\/\/nfc-readers.com\/sv\/wp-json\/wp\/v2\/product\/3619","targetHints":{"allow":["GET"]}}],"collection":[{"href":"https:\/\/nfc-readers.com\/sv\/wp-json\/wp\/v2\/product"}],"about":[{"href":"https:\/\/nfc-readers.com\/sv\/wp-json\/wp\/v2\/types\/product"}],"wp:featuredmedia":[{"embeddable":true,"href":"https:\/\/nfc-readers.com\/sv\/wp-json\/wp\/v2\/media\/3620"}],"wp:attachment":[{"href":"https:\/\/nfc-readers.com\/sv\/wp-json\/wp\/v2\/media?parent=3619"}],"wp:term":[{"taxonomy":"product_brand","embeddable":true,"href":"https:\/\/nfc-readers.com\/sv\/wp-json\/wp\/v2\/product_brand?post=3619"},{"taxonomy":"product_cat","embeddable":true,"href":"https:\/\/nfc-readers.com\/sv\/wp-json\/wp\/v2\/product_cat?post=3619"},{"taxonomy":"product_tag","embeddable":true,"href":"https:\/\/nfc-readers.com\/sv\/wp-json\/wp\/v2\/product_tag?post=3619"}],"curies":[{"name":"wp","href":"https:\/\/api.w.org\/{rel}","templated":true}]}}