{"id":3626,"date":"2024-11-08T04:27:49","date_gmt":"2024-11-08T04:27:49","guid":{"rendered":"https:\/\/nfc-readers.com\/?post_type=product&#038;p=3626"},"modified":"2024-11-08T04:27:50","modified_gmt":"2024-11-08T04:27:50","slug":"concert-access-identification-tickets-nfc-elastic-wristband","status":"publish","type":"product","link":"https:\/\/nfc-readers.com\/sv\/ic-reader\/concert-access-identification-tickets-nfc-elastic-wristband\/","title":{"rendered":"konsert tillg\u00e5ng identifieringsbiljetter NFC elastiskt armband"},"content":{"rendered":"<h1 style=\"text-align: center;\"><strong>konsert tillg\u00e5ng identifieringsbiljetter NFC elastiskt armband<\/strong><\/h1>\n<p>&nbsp;<\/p>\n<p>Att navigera i en v\u00e4rld av evenemang och festivaler har aldrig varit enklare, tack vare introduktionen av elastiska NFC-armband. I ett landskap som i allt h\u00f6gre grad \u00e4r beroende av teknik f\u00f6r s\u00e4kerhet och bekv\u00e4mlighet <strong>NFC armband<\/strong> framst\u00e5r som en spelv\u00e4xlare f\u00f6r identifiering av konsertaccess och biljettf\u00f6rs\u00e4ljning. Tillverkade av h\u00e5llbara material och genomsyrade av banbrytande RFID-teknik, dessa armband erbjuder en effektiv, problemfri l\u00f6sning f\u00f6r b\u00e5de arrang\u00f6rer och deltagare. Oavsett om du styr en livlig musikfestival eller en intim konsert, kan investeringar i dessa avancerade armband effektivisera \u00e5tkomstkontrollen och f\u00f6rb\u00e4ttra g\u00e4stupplevelsen.<\/p>\n<p>&nbsp;<\/p>\n<h2><strong>Varf\u00f6r v\u00e4lja det elastiska NFC-armbandet?<\/strong><\/h2>\n<p>Det elastiska NFC-armbandet \u00e4r designat f\u00f6r att f\u00f6renkla intr\u00e4desprocessen samtidigt som det garanterar s\u00e4kerhet och tillf\u00f6rlitlighet. Dessa armband \u00e4r vattent\u00e4ta, anpassningsbara och utrustade med avancerad NFC-teknik, vilket m\u00f6jligg\u00f6r kontantl\u00f6sa betalningsl\u00f6sningar och snabb intr\u00e4de. Genom att inkludera funktioner som \u00e4r speciellt utformade f\u00f6r evenemang med h\u00f6g kapacitet kan du avsev\u00e4rt minska v\u00e4ntetiderna och f\u00f6rb\u00e4ttra s\u00e4kerheten, samtidigt som du ger en minnesv\u00e4rd upplevelse f\u00f6r deltagarna.<\/p>\n<p>Den h\u00e4r omfattande guiden utforskar de olika funktionerna och f\u00f6rdelarna med det elastiska NFC-armbandet, och tar upp varf\u00f6r det \u00e4r en v\u00e4rdig investering f\u00f6r alla evenemang.<\/p>\n<p>&nbsp;<\/p>\n<h2><strong>Produktegenskaper och f\u00f6rdelar<\/strong><\/h2>\n<h3>1.\u00a0<strong>Avancerad RFID- och NFC-teknik<\/strong><\/h3>\n<p>Det elastiska NFC-armbandet anv\u00e4nder avancerade\u00a0<strong>RFID<\/strong>\u00a0(Radio Frequency Identification) och\u00a0<strong>NFC<\/strong>\u00a0(Near Field Communication) teknologier, som arbetar med en frekvens av\u00a0<strong>13,56 MHz<\/strong>. Denna integration s\u00e4kerst\u00e4ller snabb kommunikation mellan armbandet och skanningsutrustningen, vilket underl\u00e4ttar s\u00f6ml\u00f6s \u00e5tkomstkontroll utan att beh\u00f6va leta efter fysiska biljetter.<\/p>\n<p>Inkorporerar b\u00e5da\u00a0<strong>RFID<\/strong>\u00a0och\u00a0<strong>NFC<\/strong>\u00a0nyanser i din evenemangsinst\u00e4llning m\u00f6jligg\u00f6r effektiv datainsamling, framtida marknadsf\u00f6ringsinsikter och f\u00f6rb\u00e4ttrade g\u00e4stupplevelser. B\u00e5da teknikerna har visat sig vara det\u00a0<strong>vattent\u00e4t<\/strong>, vilket g\u00f6r dem idealiska f\u00f6r utomhuskonserter och festivaler d\u00e4r of\u00f6rutsedda v\u00e4derf\u00f6rh\u00e5llanden annars kan st\u00f6ra evenemang.<\/p>\n<h3>2.\u00a0<strong>Anpassningsalternativ<\/strong><\/h3>\n<p>En av de framst\u00e5ende funktionerna i\u00a0<strong>NFC armband<\/strong>\u00a0\u00e4r dess anpassningsbarhet. Genom\u00a0<strong>v\u00e4rme\u00f6verf\u00f6ringsutskrift<\/strong>, kan du anpassa dessa armband med logotyper, f\u00e4rger och grafik som \u00e4r relevanta f\u00f6r ditt evenemang. Oavsett om du organiserar en f\u00f6retagsgala, en sommarfestival eller en konsert, st\u00e4rker det varum\u00e4rkesk\u00e4nnedomen bland deltagarna att se till att ditt varum\u00e4rke \u00e4r synligt.<\/p>\n<p>Dessutom finns v\u00e5ra armband i en m\u00e4ngd olika storlekar, inklusive\u00a0<strong>180x20mm<\/strong>, eller kan skr\u00e4ddarsys f\u00f6r att m\u00f6ta dina specifika krav. Denna niv\u00e5 av anpassning hj\u00e4lper till att fr\u00e4mja en k\u00e4nsla av tillh\u00f6righet och identitet f\u00f6r dina deltagare.<\/p>\n<h3>3.\u00a0<strong>F\u00f6rb\u00e4ttrad g\u00e4stupplevelse<\/strong><\/h3>\n<p>Effektiv\u00a0<strong>\u00e5tkomstkontroll<\/strong>\u00a0\u00e4r avg\u00f6rande vid stora evenemang. V\u00e5ra elastiska NFC-armband ger omedelbar verifiering, vilket g\u00f6r att g\u00e4sterna snabbt kan komma in p\u00e5 arenor. Genom att minimera flaskhalsar och minska v\u00e4ntetiderna skapar du en mer gynnsam och njutbar upplevelse f\u00f6r din publik.<\/p>\n<p>Dessutom \u00e4r dessa armband \u00e5teranv\u00e4ndbara; de \u00e4r gjorda av h\u00e5llbart\u00a0<strong>tyg\/PVC<\/strong>\u00a0material som t\u00e5l olika milj\u00f6f\u00f6rh\u00e5llanden samtidigt som de beh\u00e5ller sin integritet. Denna motst\u00e5ndskraft \u00e4r viktig vid utomhusevenemang d\u00e4r armband kan uts\u00e4ttas f\u00f6r vatten, svett eller till och med grov hantering.<\/p>\n<h3>4.\u00a0<strong>Effektiva betalningsl\u00f6sningar<\/strong><\/h3>\n<p>I dagens kontantl\u00f6sa samh\u00e4lle erbjuder\u00a0<strong>kontantl\u00f6s betalning<\/strong>\u00a0alternativ har blivit avg\u00f6rande. De elastiska NFC-armbanden underl\u00e4ttar kontaktl\u00f6sa transaktioner, vilket g\u00f6r det m\u00f6jligt f\u00f6r anv\u00e4ndare att g\u00f6ra ink\u00f6p i matst\u00e5nd, handelsbodar och mer utan att beh\u00f6va fysiska kontanter. Detta f\u00f6rb\u00e4ttrar inte bara g\u00e4stupplevelsen utan effektiviserar ocks\u00e5 evenemangsverksamheten genom att minska bekymmer med kontanthantering.<\/p>\n<p>G\u00e4sterna kan helt enkelt knacka p\u00e5 sitt armband vid valfri NFC-aktiverad f\u00f6rs\u00e4ljningsplats, vilket drastiskt minskar transaktionstiderna \u2013 vilket s\u00e4kerst\u00e4ller att ingen g\u00e5r miste om popul\u00e4ra f\u00f6rem\u00e5l!<\/p>\n<h3>5.\u00a0<strong>S\u00e4kerhet och datainsamling<\/strong><\/h3>\n<p>Anv\u00e4nder\u00a0<strong>RFID<\/strong>\u00a0tekniken \u00f6kar ditt evenemangs s\u00e4kerhet avsev\u00e4rt. Varje armband kan b\u00e4ddas in med unika identifierare som hj\u00e4lper till att sp\u00e5ra och hantera g\u00e4st\u00e5tkomst; denna teknik m\u00f6jligg\u00f6r realtids\u00f6vervakning av g\u00e4stfl\u00f6det inom lokalen.<\/p>\n<p>Dessutom inneb\u00e4r datainsamlingsm\u00f6jligheter att du kan analysera trender, f\u00f6rst\u00e5 deltagarnas beteende och implementera dynamiska priss\u00e4ttningsstrategier f\u00f6r kommande evenemang. Denna insikt kan leda till f\u00f6rb\u00e4ttrad planering och utf\u00f6rande f\u00f6r\u00a0<strong>RFID-h\u00e4ndelser<\/strong>\u00a0i framtiden.<\/p>\n<p>&nbsp;<\/p>\n<h2>Tekniska specifikationer<\/h2>\n<table class=\"w-fit !mb-0 !max-w-none\">\n<thead>\n<tr>\n<th><strong>Attribut<\/strong><\/th>\n<th><strong>Beskrivning<\/strong><\/th>\n<\/tr>\n<\/thead>\n<tbody>\n<tr>\n<td><strong>Produktnamn<\/strong><\/td>\n<td>NFC elastiskt armband<\/td>\n<\/tr>\n<tr>\n<td><strong>Material<\/strong><\/td>\n<td>Tyg\/PVC<\/td>\n<\/tr>\n<tr>\n<td><strong>Kommunikationsgr\u00e4nssnitt<\/strong><\/td>\n<td>RFID, NFC<\/td>\n<\/tr>\n<tr>\n<td><strong>Frekvens<\/strong><\/td>\n<td>13,56 MHz<\/td>\n<\/tr>\n<tr>\n<td><strong>Chipalternativ<\/strong><\/td>\n<td>Tag213\/tag215\/tag216\/2k\/4k\/8k\/tk4100\/t5577<\/td>\n<\/tr>\n<tr>\n<td><strong>Protokoll<\/strong><\/td>\n<td>ISO 14443A<\/td>\n<\/tr>\n<tr>\n<td><strong>L\u00e4savst\u00e5nd<\/strong><\/td>\n<td>1-10 cm<\/td>\n<\/tr>\n<tr>\n<td><strong>Anpassning<\/strong><\/td>\n<td>Logotyp, f\u00e4rg, grafik<\/td>\n<\/tr>\n<\/tbody>\n<\/table>\n<p>&nbsp;<\/p>\n<h2><strong>Vanliga fr\u00e5gor (FAQs)<\/strong><\/h2>\n<h3>1.\u00a0<strong>Vad \u00e4r ett elastiskt NFC-armband?<\/strong><\/h3>\n<p>Ett elastiskt NFC-armband \u00e4r en b\u00e4rbar enhet inb\u00e4ddad med NFC (Near Field Communication) och RFID (Radio Frequency Identification) teknologi. Det m\u00f6jligg\u00f6r snabb \u00e5tkomstkontroll, kontantl\u00f6sa betalningar och datainsamling vid evenemang, vilket f\u00f6rb\u00e4ttrar den \u00f6vergripande g\u00e4stupplevelsen.<\/p>\n<h3>2.\u00a0<strong>Hur fungerar NFC-armband?<\/strong><\/h3>\n<p>NFC-armband fungerar genom att s\u00e4nda data via radiov\u00e5gor n\u00e4r de f\u00f6rs n\u00e4ra en kompatibel l\u00e4sare. Detta m\u00f6jligg\u00f6r kontaktl\u00f6sa interaktioner, s\u00e5som intr\u00e4desskanning eller betalningshantering, genom att helt enkelt knacka armbandet mot en sensor.<\/p>\n<h3>3.\u00a0<strong>\u00c4r NFC-armband vattent\u00e4ta?<\/strong><\/h3>\n<p>Ja, v\u00e5ra elastiska NFC-armband \u00e4r designade f\u00f6r att vara vattent\u00e4ta, vilket g\u00f6r dem l\u00e4mpliga f\u00f6r anv\u00e4ndning i olika milj\u00f6er, inklusive konserter och utomhusevenemang d\u00e4r exponering f\u00f6r vatten kan f\u00f6rekomma.<\/p>\n<h3>4.\u00a0<strong>Kan armbanden anpassas?<\/strong><\/h3>\n<p>Absolut! De elastiska NFC-armbanden kan anpassas med din logotyp, f\u00e4rger och grafik genom v\u00e4rme\u00f6verf\u00f6ringstryck. Denna anpassning \u00e4r idealisk f\u00f6r att skapa varum\u00e4rke och f\u00f6rb\u00e4ttra evenemangsupplevelsen.<\/p>","protected":false},"excerpt":{"rendered":"<p>De\u00a0<strong>Concert Access Identification NFC Elastiskt armband<\/strong>\u00a0\u00e4r en banbrytande l\u00f6sning utformad f\u00f6r att effektivisera evenemangsintr\u00e4de och f\u00f6rb\u00e4ttra g\u00e4stupplevelser. Med avancerad RFID-teknik m\u00f6jligg\u00f6r dessa anpassningsbara och vattent\u00e4ta armband s\u00f6ml\u00f6s \u00e5tkomstkontroll och kontantl\u00f6sa betalningar, vilket g\u00f6r dem idealiska f\u00f6r konserter och festivaler av alla skala.<\/p>","protected":false},"featured_media":3627,"template":"","meta":[],"product_brand":[],"product_cat":[50],"product_tag":[],"class_list":{"0":"post-3626","1":"product","2":"type-product","3":"status-publish","4":"has-post-thumbnail","6":"product_cat-silicone-rfid-nfc-wristbands","8":"first","9":"instock","10":"shipping-taxable","11":"product-type-simple"},"_links":{"self":[{"href":"https:\/\/nfc-readers.com\/sv\/wp-json\/wp\/v2\/product\/3626","targetHints":{"allow":["GET"]}}],"collection":[{"href":"https:\/\/nfc-readers.com\/sv\/wp-json\/wp\/v2\/product"}],"about":[{"href":"https:\/\/nfc-readers.com\/sv\/wp-json\/wp\/v2\/types\/product"}],"wp:featuredmedia":[{"embeddable":true,"href":"https:\/\/nfc-readers.com\/sv\/wp-json\/wp\/v2\/media\/3627"}],"wp:attachment":[{"href":"https:\/\/nfc-readers.com\/sv\/wp-json\/wp\/v2\/media?parent=3626"}],"wp:term":[{"taxonomy":"product_brand","embeddable":true,"href":"https:\/\/nfc-readers.com\/sv\/wp-json\/wp\/v2\/product_brand?post=3626"},{"taxonomy":"product_cat","embeddable":true,"href":"https:\/\/nfc-readers.com\/sv\/wp-json\/wp\/v2\/product_cat?post=3626"},{"taxonomy":"product_tag","embeddable":true,"href":"https:\/\/nfc-readers.com\/sv\/wp-json\/wp\/v2\/product_tag?post=3626"}],"curies":[{"name":"wp","href":"https:\/\/api.w.org\/{rel}","templated":true}]}}