{"id":3640,"date":"2024-11-08T04:40:44","date_gmt":"2024-11-08T04:40:44","guid":{"rendered":"https:\/\/nfc-readers.com\/?post_type=product&#038;p=3640"},"modified":"2024-11-08T04:40:44","modified_gmt":"2024-11-08T04:40:44","slug":"silicone-wristband-rfid-locker-silicone-wristband","status":"publish","type":"product","link":"https:\/\/nfc-readers.com\/sv\/ic-reader\/silicone-wristband-rfid-locker-silicone-wristband\/","title":{"rendered":"silikonarmband RFID Locker silikonarmband"},"content":{"rendered":"<h1 style=\"text-align: center;\"><strong>silikonarmband RFID Locker silikonarmband<\/strong><\/h1>\n<p>&nbsp;<\/p>\n<p>I dagens snabba digitala v\u00e4rld \u00e4r effektiva passerkontrolll\u00f6sningar avg\u00f6rande f\u00f6r evenemang, arenor och organisationer. De <strong>Silikon RFID-armband<\/strong>\u00a0\u00e4r inte bara ett trendigt tillbeh\u00f6r utan en ink\u00f6rsport till \u00f6kad s\u00e4kerhet, effektivitet och bekv\u00e4mlighet. V\u00e5ra armband \u00e4r designade med banbrytande RFID-teknik och s\u00e4kerst\u00e4ller s\u00f6ml\u00f6s \u00e5tkomstkontroll samtidigt som de ger ett vattent\u00e5ligt och h\u00e5llbart alternativ f\u00f6r olika applikationer. Oavsett om det \u00e4r f\u00f6r en musikfestival, n\u00f6jespark eller f\u00f6retagsevent \u00e4r dessa armband ett m\u00e5ste.<\/p>\n<p>&nbsp;<\/p>\n<h3><strong>Varf\u00f6r v\u00e4lja v\u00e5rt silikon RFID-armband?<\/strong><\/h3>\n<p>V\u00e5r\u00a0<strong>RFID-armband<\/strong>\u00a0kombinera funktionalitet med stil, vilket s\u00e4kerst\u00e4ller att ditt evenemang eller anl\u00e4ggning fungerar smidigt och s\u00e4kert. Med funktioner som anpassningsbara logotyper och robusta RFID-funktioner \u00e4r dessa armband perfekta f\u00f6r att f\u00f6rb\u00e4ttra anv\u00e4ndarupplevelsen samtidigt som de bibeh\u00e5ller h\u00f6ga s\u00e4kerhetsniv\u00e5er. Armbanden \u00e4r inte bara vattent\u00e4ta utan ocks\u00e5 designade f\u00f6r h\u00f6g h\u00e5llbarhet, vilket inneb\u00e4r att de kommer att klara alla evenemang. Om du letar efter en effektiv och snygg l\u00f6sning f\u00f6r\u00a0<strong>\u00e5tkomstkontroll<\/strong>, leta inte l\u00e4ngre!<\/p>\n<p>&nbsp;<\/p>\n<h2>F\u00f6rdelar med att anv\u00e4nda RFID-armband av silikon<\/h2>\n<h3>F\u00f6rb\u00e4ttrad s\u00e4kerhet<\/h3>\n<p>En av v\u00e5ra starkaste f\u00f6rdelar\u00a0<strong>RFID-armband i silikon<\/strong>\u00a0\u00e4r den \u00f6kade s\u00e4kerheten de ger. Med\u00a0<strong>manipuleringss\u00e4ker<\/strong>\u00a0design, hj\u00e4lper dessa armband till att s\u00e4kerst\u00e4lla att obeh\u00f6riga inte kan f\u00e5 tillg\u00e5ng till begr\u00e4nsade omr\u00e5den. Dessutom m\u00f6jligg\u00f6r RFID-teknik sp\u00e5rning och datainsamling i realtid, vilket g\u00f6r det l\u00e4ttare att \u00f6vervaka n\u00e4rvaro och r\u00f6relser.<\/p>\n<h3>Anv\u00e4ndarv\u00e4nlig upplevelse<\/h3>\n<p>V\u00e5r\u00a0<strong>RFID-armband<\/strong>\u00a0\u00e4r exceptionellt anv\u00e4ndarv\u00e4nliga. Med en enkel sv\u00e4ngning av handleden kan anv\u00e4ndare f\u00e5 tillg\u00e5ng till VIP-omr\u00e5den, kontantl\u00f6sa betalningssystem och mer. Denna funktion h\u00f6jer inte bara den \u00f6vergripande g\u00e4stupplevelsen utan uppmuntrar ocks\u00e5 till en mer engagerande och interaktiv milj\u00f6.<\/p>\n<p>&nbsp;<\/p>\n<hr \/>\n<h2>Viktiga egenskaper hos ShunXin RFID-armband<\/h2>\n<h3>Vattent\u00e4t och v\u00e4derbest\u00e4ndig design<\/h3>\n<p>V\u00e5ra armband \u00e4r byggda f\u00f6r att t\u00e5la varierande milj\u00f6f\u00f6rh\u00e5llanden och har en vattent\u00e4t och v\u00e4derbest\u00e4ndig design. Detta g\u00f6r dem l\u00e4mpliga f\u00f6r utomhusevenemang som festivaler och vattenparker, vilket s\u00e4kerst\u00e4ller h\u00e5llbarhet och tillf\u00f6rlitlighet oavsett v\u00e4der.<\/p>\n<h3>Anpassningsalternativ<\/h3>\n<p>Anpassning \u00e4r nyckeln n\u00e4r det kommer till\u00a0<strong>anpassade RFID-armband<\/strong>. V\u00e5ra armband kan anpassas med logotyper och f\u00e4rger, vilket hj\u00e4lper dig att marknadsf\u00f6ra ditt varum\u00e4rke samtidigt som s\u00e4kerheten f\u00f6rb\u00e4ttras. M\u00f6jligheten att trycka unik design g\u00f6r dessa armband till ett utm\u00e4rkt val f\u00f6r f\u00f6retagsevent och speciella tillf\u00e4llen.<\/p>\n<p>&nbsp;<\/p>\n<h2>Tekniska specifikationer<\/h2>\n<table class=\"w-fit !mb-0 !max-w-none\" style=\"height: 266px;\" width=\"401\">\n<thead>\n<tr>\n<th>Specifikation<\/th>\n<th>Detalj<\/th>\n<\/tr>\n<\/thead>\n<tbody>\n<tr>\n<td><strong>Produktnamn<\/strong><\/td>\n<td>RFID-armband<\/td>\n<\/tr>\n<tr>\n<td><strong>Varum\u00e4rke<\/strong><\/td>\n<td>ShunXin<\/td>\n<\/tr>\n<tr>\n<td><strong>Modellnummer<\/strong><\/td>\n<td>SX-008<\/td>\n<\/tr>\n<tr>\n<td><strong>Material<\/strong><\/td>\n<td>Silikon<\/td>\n<\/tr>\n<tr>\n<td><strong>Frekvens<\/strong><\/td>\n<td>13,56 MHz<\/td>\n<\/tr>\n<tr>\n<td><strong>Chips<\/strong><\/td>\n<td>Icodeslix<\/td>\n<\/tr>\n<tr>\n<td><strong>L\u00e4savst\u00e5nd<\/strong><\/td>\n<td>1-30 cm<\/td>\n<\/tr>\n<tr>\n<td><strong>Storlek<\/strong><\/td>\n<td>Anpassad storlek<\/td>\n<\/tr>\n<tr>\n<td><strong>Logotyp<\/strong><\/td>\n<td>Anpassad logotyp accepteras<\/td>\n<\/tr>\n<\/tbody>\n<\/table>\n<p>&nbsp;<\/p>\n<h3><strong>Vanliga fr\u00e5gor (FAQs) om silikon RFID-armband<\/strong><\/h3>\n<h3>1. Vad anv\u00e4nds RFID-armband av silikon till?<\/h3>\n<p>RFID-armband av silikon anv\u00e4nds fr\u00e4mst f\u00f6r \u00e5tkomstkontroll vid evenemang, festivaler, n\u00f6jesparker och f\u00f6retagsfunktioner. De underl\u00e4ttar intr\u00e4de, kontantl\u00f6sa betalningar, datainsamling och f\u00f6rb\u00e4ttrade s\u00e4kerhets\u00e5tg\u00e4rder.<\/p>\n<h3>2. \u00c4r RFID-armband av silikon vattent\u00e4ta?<\/h3>\n<p>Ja, v\u00e5ra RFID-armband i silikon \u00e4r designade f\u00f6r att vara vattent\u00e4ta och v\u00e4derbest\u00e4ndiga, vilket g\u00f6r dem l\u00e4mpliga f\u00f6r utomhusevenemang och scenarier d\u00e4r exponering f\u00f6r vatten \u00e4r sannolikt.<\/p>\n<h3>3. Hur anpassningsbara \u00e4r armbanden?<\/h3>\n<p>V\u00e5ra armband kan anpassas med logotyper, f\u00e4rger och storlekar f\u00f6r att m\u00f6ta dina specifika varum\u00e4rkesbehov. Detta anpassningsalternativ s\u00e4kerst\u00e4ller att ditt varum\u00e4rke sticker ut vid alla evenemang.<\/p>\n<h3>4. Vad \u00e4r l\u00e4savst\u00e5ndet f\u00f6r RFID-armband?<\/h3>\n<p>L\u00e4savst\u00e5ndet f\u00f6r v\u00e5ra RFID-armband i silikon \u00e4r vanligtvis mellan 1 och 10 centimeter, vilket m\u00f6jligg\u00f6r snabb och effektiv \u00e5tkomsth\u00e4mtning n\u00e4r den skannas.<\/p>","protected":false},"excerpt":{"rendered":"<div class=\"chat-list relative custom-scrollbar-reset-margin custom-scrollbar custom-scrollbar-hidden custom-scrollbar-float pb-9 flex-1 overflow-y-auto\">\n<div class=\"mx-auto max-w-[790px]\">\n<div class=\"message-item-outer relative px-4 mb-2\" data-id=\"89b7e141-4a8f-450b-a58e-15b6a9288c93\">\n<div class=\"content-area pl-[0px]\">\n<div class=\"message-item select-text relative\">\n<div class=\"message-inner relative\">\n<div class=\"py-[2px]\">\n<div class=\"flex flex-col gap-2\">\n<div class=\"answer-markdown-box overflow-x-auto select-text custom-scrollbar\">\n<div class=\"markdown-body\"><\/div>\n<\/div>\n<\/div>\n<\/div>\n<\/div>\n<\/div>\n<\/div>\n<\/div>\n<\/div>\n<\/div>\n<div>\n<div class=\"input-box relative max-w-[790px] mx-auto\">\n<div class=\"chat-input-box relative bg-grey-layer2-normal px-3 max-w-[790px] mx-auto pb-1\">\n<div class=\"main-input-area\">\n<div class=\"chat-input-top-bar gap-2 py-2 flex justify-start items-center\">\n<div class=\"flex gap-[6px] min-w-[90px] max-w-[calc(100%-40px)]\">\n<div class=\"flex gap-0\">\n<div class=\"topbar-btn h-[30px] w-[30px] text-text-primary-1 flex overflow-hidden  items-center justify-center text-xs leading-4 rounded-lg model-btn model-btn-no-bg\" role=\"button\">De <strong>Silikon RFID armbandssk\u00e5p<\/strong>\u00a0kombinerar snygg design och avancerad RFID-teknik f\u00f6r att ge s\u00e4ker och bekv\u00e4m \u00e5tkomst till sk\u00e5pssystem. Perfekt f\u00f6r gym, vattenparker och evenemang, detta h\u00e5llbara armband garanterar enkel intr\u00e4de samtidigt som anv\u00e4ndarupplevelsen f\u00f6rb\u00e4ttras med sin bekv\u00e4ma passform och anpassningsbara alternativ.<\/div>\n<\/div>\n<\/div>\n<\/div>\n<\/div>\n<\/div>\n<\/div>\n<\/div>","protected":false},"featured_media":3641,"template":"","meta":[],"product_brand":[],"product_cat":[50],"product_tag":[],"class_list":{"0":"post-3640","1":"product","2":"type-product","3":"status-publish","4":"has-post-thumbnail","6":"product_cat-silicone-rfid-nfc-wristbands","8":"first","9":"instock","10":"shipping-taxable","11":"product-type-simple"},"_links":{"self":[{"href":"https:\/\/nfc-readers.com\/sv\/wp-json\/wp\/v2\/product\/3640","targetHints":{"allow":["GET"]}}],"collection":[{"href":"https:\/\/nfc-readers.com\/sv\/wp-json\/wp\/v2\/product"}],"about":[{"href":"https:\/\/nfc-readers.com\/sv\/wp-json\/wp\/v2\/types\/product"}],"wp:featuredmedia":[{"embeddable":true,"href":"https:\/\/nfc-readers.com\/sv\/wp-json\/wp\/v2\/media\/3641"}],"wp:attachment":[{"href":"https:\/\/nfc-readers.com\/sv\/wp-json\/wp\/v2\/media?parent=3640"}],"wp:term":[{"taxonomy":"product_brand","embeddable":true,"href":"https:\/\/nfc-readers.com\/sv\/wp-json\/wp\/v2\/product_brand?post=3640"},{"taxonomy":"product_cat","embeddable":true,"href":"https:\/\/nfc-readers.com\/sv\/wp-json\/wp\/v2\/product_cat?post=3640"},{"taxonomy":"product_tag","embeddable":true,"href":"https:\/\/nfc-readers.com\/sv\/wp-json\/wp\/v2\/product_tag?post=3640"}],"curies":[{"name":"wp","href":"https:\/\/api.w.org\/{rel}","templated":true}]}}