{"id":3654,"date":"2024-11-10T06:01:49","date_gmt":"2024-11-10T06:01:49","guid":{"rendered":"https:\/\/nfc-readers.com\/?post_type=product&#038;p=3654"},"modified":"2024-11-10T06:01:49","modified_gmt":"2024-11-10T06:01:49","slug":"passive-iso-15693-protocol-5050mm-nfc-rfid-sticker","status":"publish","type":"product","link":"https:\/\/nfc-readers.com\/sv\/ic-reader\/passive-iso-15693-protocol-5050mm-nfc-rfid-sticker\/","title":{"rendered":"Passiv ISO 15693-protokoll 50*50mm NFC RFID-dekal"},"content":{"rendered":"<h1 style=\"text-align: center;\"><strong>Passiv ISO 15693-protokoll 50*50mm NFC RFID-dekal<\/strong><\/h1>\n<p>&nbsp;<\/p>\n<p>Introduktion av <strong>Passiv ISO 15693-protokoll 50*50mm NFC RFID-dekal<\/strong>\u00a0\u2013 en kompakt men kraftfull l\u00f6sning f\u00f6r olika applikationer, allt f\u00f6rpackat i en bekv\u00e4m och m\u00e5ngsidig design. Perfekt f\u00f6r bibliotekshantering, n\u00f6jesbiljetter och mer, denna NFC-dekal anv\u00e4nder avancerad RFID-teknik f\u00f6r att erbjuda effektiv data\u00f6verf\u00f6ring och sp\u00e5rningsm\u00f6jligheter. Vattent\u00e4t och designad f\u00f6r h\u00e5llbarhet, det \u00e4r ett utm\u00e4rkt val f\u00f6r f\u00f6retag som letar efter kvalitet, tillf\u00f6rlitlighet och m\u00e5ngsidighet.<\/p>\n<p>&nbsp;<\/p>\n<h2>Produktf\u00f6rdelar<\/h2>\n<p>Det passiva ISO 15693-protokollet NFC RFID-klisterm\u00e4rke har m\u00e5nga f\u00f6rdelar:<\/p>\n<ul>\n<li><strong>Varaktighet:<\/strong>\u00a0Konstruerad av robusta material som PET och bestruket papper, kan detta klisterm\u00e4rke motst\u00e5 olika milj\u00f6f\u00f6rh\u00e5llanden.<\/li>\n<li><strong>H\u00f6g prestanda:<\/strong>\u00a0Med en kommunikationsgr\u00e4nssnittsfrekvens p\u00e5 13,56 MHz s\u00e4kerst\u00e4ller den snabba och effektiva datautbyten.<\/li>\n<li><strong>S\u00e4kerhet:<\/strong>\u00a0Funktioner som 32-bitars l\u00f6senordsskydd skyddar din data, vilket g\u00f6r den perfekt f\u00f6r k\u00e4nsliga applikationer.<\/li>\n<\/ul>\n<p>Att investera i detta NFC-klisterm\u00e4rke inneb\u00e4r att du f\u00f6rb\u00e4ttrar din aff\u00e4rsverksamhet med en p\u00e5litlig produkt som uppfyller moderna krav p\u00e5 data\u00f6verf\u00f6ring.<\/p>\n<p>&nbsp;<\/p>\n<h3>S\u00e4kerhetsfunktioner: EAS-skydd och l\u00f6senordss\u00e4kerhet<\/h3>\n<p>S\u00e4kerhet \u00e4r ett prim\u00e4rt problem i dagens teknikdrivna v\u00e4rld. Det passiva ISO 15693 NFC RFID-dekalet inneh\u00e5ller olika s\u00e4kerhetsfunktioner.<\/p>\n<h4>EAS-skydd<\/h4>\n<p>Utrustad med\u00a0<strong>EAS-skydd<\/strong>, kan klisterm\u00e4rket f\u00f6rhindra st\u00f6ld och obeh\u00f6rig \u00e5tkomst till information. Detta extra lager av s\u00e4kerhet \u00e4r viktigt f\u00f6r k\u00e4nsliga applikationer, vilket s\u00e4kerst\u00e4ller att dina data skyddas effektivt.<\/p>\n<h4>32-bitars l\u00f6senordsskydd<\/h4>\n<p>De\u00a0<strong>32-bitars l\u00f6senordsskydd<\/strong>\u00a0funktionen ger en annan s\u00e4kerhetsniv\u00e5, vilket till\u00e5ter anv\u00e4ndare att begr\u00e4nsa \u00e5tkomsten och s\u00e4kerst\u00e4lla att endast beh\u00f6rig personal kan l\u00e4sa eller skriva data till klisterm\u00e4rket. Detta \u00e4r s\u00e4rskilt v\u00e4rdefullt i milj\u00f6er som hanterar konfidentiell information.<\/p>\n<p>&nbsp;<\/p>\n<h3>Utskriftsm\u00f6jligheter f\u00f6r anpassade varum\u00e4rken<\/h3>\n<p>Anpassningsalternativ f\u00f6r utskrift g\u00f6r att f\u00f6retag kan f\u00f6rb\u00e4ttra varum\u00e4rkets synlighet samtidigt som de anv\u00e4nder den passiva ISO 15693 NFC RFID-dekalen.<\/p>\n<h4>CMYK offsettryck<\/h4>\n<p>Anv\u00e4nder\u00a0<strong>CMYK offsettryck<\/strong>, kan klisterm\u00e4rket tryckas med livfulla f\u00e4rger och h\u00f6gkvalitativa bilder. Denna f\u00f6rm\u00e5ga g\u00f6r den perfekt f\u00f6r varum\u00e4rkesbyggande, reklammaterial eller andra visuella identitetsbehov.<\/p>\n<h4>Anpassningsalternativ<\/h4>\n<p>F\u00f6retag kan v\u00e4lja att skriva ut sina logotyper, m\u00f6nster eller annan v\u00e4rdefull information direkt p\u00e5 NFC-dekalen. Detta \u00f6kar varum\u00e4rkesk\u00e4nnedomen, vilket g\u00f6r det till ett f\u00f6redraget val f\u00f6r reklamartiklar eller evenemangsm\u00e4rken.<\/p>\n<p>&nbsp;<\/p>\n<h1>Vanliga fr\u00e5gor (FAQs) om det passiva ISO 15693 NFC RFID-dekalet<\/h1>\n<p>Nedan finns en omfattande lista med vanliga fr\u00e5gor ang\u00e5ende det passiva ISO 15693 NFC RFID-klisterm\u00e4rket, som tar upp fr\u00e5gor om dess funktionalitet, applikationer och specifikationer.<\/p>\n<h2>Allm\u00e4nna fr\u00e5gor<\/h2>\n<h3>1. Vad \u00e4r en NFC RFID-dekal?<\/h3>\n<p>En\u00a0<strong>NFC RFID-dekal<\/strong>\u00a0\u00e4r en liten, sj\u00e4lvh\u00e4ftande etikett inb\u00e4ddad med ett RFID-chip (radio frequency identification). Den m\u00f6jligg\u00f6r tr\u00e5dl\u00f6s data\u00f6verf\u00f6ring n\u00e4r den skannas med en NFC-aktiverad enhet, till exempel en smartphone eller en RFID-l\u00e4sare.<\/p>\n<h3>2. Vilka \u00e4r de typiska anv\u00e4ndningsomr\u00e5dena f\u00f6r denna dekal?<\/h3>\n<p>Det passiva ISO 15693 NFC RFID-klisterm\u00e4rket \u00e4r m\u00e5ngsidigt och kan anv\u00e4ndas i olika applikationer, inklusive:<\/p>\n<ul>\n<li>Bibliotekshantering<\/li>\n<li>Biljetter till n\u00f6jen<\/li>\n<li>Lagersp\u00e5rning<\/li>\n<li>Tilltr\u00e4deskontroll<\/li>\n<li>Personlig identifiering<\/li>\n<\/ul>","protected":false},"excerpt":{"rendered":"<p>Passive ISO 15693 Protocol 50x50mm NFC RFID Sticker \u00e4r en h\u00e5llbar och vattent\u00e4t tagg designad f\u00f6r effektiv data\u00f6verf\u00f6ring och sp\u00e5rning. Idealisk f\u00f6r applikationer inom bibliotekshantering, evenemangsbiljetter och lagerkontroll, den har robusta s\u00e4kerhets\u00e5tg\u00e4rder och anpassningsalternativ f\u00f6r att f\u00f6rb\u00e4ttra varum\u00e4rket.<\/p>","protected":false},"featured_media":3661,"template":"","meta":[],"product_brand":[],"product_cat":[48],"product_tag":[],"class_list":{"0":"post-3654","1":"product","2":"type-product","3":"status-publish","4":"has-post-thumbnail","6":"product_cat-nfc-stickers","8":"first","9":"instock","10":"shipping-taxable","11":"product-type-simple"},"_links":{"self":[{"href":"https:\/\/nfc-readers.com\/sv\/wp-json\/wp\/v2\/product\/3654","targetHints":{"allow":["GET"]}}],"collection":[{"href":"https:\/\/nfc-readers.com\/sv\/wp-json\/wp\/v2\/product"}],"about":[{"href":"https:\/\/nfc-readers.com\/sv\/wp-json\/wp\/v2\/types\/product"}],"wp:featuredmedia":[{"embeddable":true,"href":"https:\/\/nfc-readers.com\/sv\/wp-json\/wp\/v2\/media\/3661"}],"wp:attachment":[{"href":"https:\/\/nfc-readers.com\/sv\/wp-json\/wp\/v2\/media?parent=3654"}],"wp:term":[{"taxonomy":"product_brand","embeddable":true,"href":"https:\/\/nfc-readers.com\/sv\/wp-json\/wp\/v2\/product_brand?post=3654"},{"taxonomy":"product_cat","embeddable":true,"href":"https:\/\/nfc-readers.com\/sv\/wp-json\/wp\/v2\/product_cat?post=3654"},{"taxonomy":"product_tag","embeddable":true,"href":"https:\/\/nfc-readers.com\/sv\/wp-json\/wp\/v2\/product_tag?post=3654"}],"curies":[{"name":"wp","href":"https:\/\/api.w.org\/{rel}","templated":true}]}}