{"id":3667,"date":"2024-11-10T06:11:18","date_gmt":"2024-11-10T06:11:18","guid":{"rendered":"https:\/\/nfc-readers.com\/?post_type=product&#038;p=3667"},"modified":"2024-11-10T06:11:19","modified_gmt":"2024-11-10T06:11:19","slug":"custom-nfc-sticker-for-brand-authentication-anti-counterfeiting","status":"publish","type":"product","link":"https:\/\/nfc-readers.com\/sv\/ic-reader\/custom-nfc-sticker-for-brand-authentication-anti-counterfeiting\/","title":{"rendered":"Anpassat NFC-klisterm\u00e4rke f\u00f6r varum\u00e4rkesautentisering mot f\u00f6rfalskning"},"content":{"rendered":"<h1 style=\"text-align: center;\"><strong>Anpassat NFC-klisterm\u00e4rke f\u00f6r varum\u00e4rkesautentisering mot f\u00f6rfalskning<\/strong><\/h1>\n<p>P\u00e5 dagens snabbt utvecklande marknad har det blivit viktigare \u00e4n n\u00e5gonsin att s\u00e4kerst\u00e4lla produkternas legitimitet. Anpassade NFC-klisterm\u00e4rken fungerar som en innovativ l\u00f6sning f\u00f6r varum\u00e4rkesautentisering och \u00e5tg\u00e4rder mot f\u00f6rfalskning. Dessa avancerade klisterm\u00e4rken utnyttjar Near Field Communication-teknik (NFC) f\u00f6r att tillhandah\u00e5lla en s\u00f6ml\u00f6s verifieringsprocess, vilket f\u00f6rb\u00e4ttrar varum\u00e4rkets integritet och kundernas f\u00f6rtroende. Denna produkt fungerar inte bara som en s\u00e4kerhets\u00e5tg\u00e4rd utan underl\u00e4ttar ocks\u00e5 en engagerande kundupplevelse. Med en rad anpassningsbara alternativ \u00e4r dessa NFC-klisterm\u00e4rken en v\u00e4rdefull investering f\u00f6r alla f\u00f6retag som vill skydda sin varum\u00e4rkesidentitet.<\/p>\n<p>&nbsp;<\/p>\n<h2>Varf\u00f6r v\u00e4lja anpassade NFC-klisterm\u00e4rken?<\/h2>\n<p>Anpassade NFC-klisterm\u00e4rken erbjuder m\u00e5nga f\u00f6rdelar som g\u00f6r dem till ett v\u00e4rdigt tillskott till ditt varum\u00e4rkes s\u00e4kerhetsarsenal. Genom att integrera NFC-teknik m\u00f6jligg\u00f6r dessa klisterm\u00e4rken snabb och enkel autentisering genom NFC-aktiverade smartphones och enheter. Med funktioner som vattent\u00e4t h\u00e5llbarhet, olika storlekar och former och anpassningsbara utskriftsalternativ, st\u00e4rker dessa klisterm\u00e4rken inte bara s\u00e4kerheten utan f\u00f6rb\u00e4ttrar ocks\u00e5 utseendet p\u00e5 dina produkter.<\/p>\n<p>Investeringen i anpassade NFC-klisterm\u00e4rken kan avsev\u00e4rt minska risken f\u00f6r f\u00f6rfalskning, vilket ger konsumenterna f\u00f6rtroende f\u00f6r \u00e4ktheten av sina k\u00f6p. Genom att transparent tillhandah\u00e5lla information om produktens ursprung och tillverkningsdetaljer kan dessa klisterm\u00e4rken ocks\u00e5 h\u00f6ja konsumentupplevelsen och engagemanget.<\/p>\n<p>&nbsp;<\/p>\n<h2>Funktioner hos anpassade NFC-klisterm\u00e4rken<\/h2>\n<h3>Avancerad teknik och s\u00e4kerhet<\/h3>\n<p>Anpassade NFC-klisterm\u00e4rken \u00e4r utrustade med banbrytande teknologi, s\u00e5som RFID-kommunikationsgr\u00e4nssnitt, vilket g\u00f6r dem exceptionellt effektiva i varum\u00e4rkesautentisering. Att anv\u00e4nda\u00a0<strong>NXP NTAG213<\/strong>\u00a0chip, dessa klisterm\u00e4rken fungerar med en frekvens p\u00e5\u00a0<strong>13,56 MHz<\/strong>, vilket s\u00e4kerst\u00e4ller en p\u00e5litlig anslutning med andra NFC-aktiverade enheter. Oavsett om de \u00e4r f\u00e4sta p\u00e5 produktf\u00f6rpackningar eller etiketter, ger dessa klisterm\u00e4rken en sofistikerad l\u00f6sning f\u00f6r att bek\u00e4mpa f\u00f6rfalskning med minimal anstr\u00e4ngning.<\/p>\n<h3>M\u00e5ngsidiga applikationer<\/h3>\n<p>M\u00e5ngsidigheten hos anpassade NFC-dekaler g\u00f6r dem l\u00e4mpliga f\u00f6r ett brett spektrum av industrier, fr\u00e5n lyxvaror till hemelektronik. De kan f\u00e4stas p\u00e5 olika ytor, inklusive\u00a0<strong>PVC, PET<\/strong>, och metall \u2013 vilket g\u00f6r det m\u00f6jligt f\u00f6r f\u00f6retag att integrera dem i sitt varum\u00e4rke s\u00f6ml\u00f6st. F\u00f6retag kan v\u00e4lja mellan flera m\u00f6nster, inklusive\u00a0<strong>rund, fyrkantig<\/strong>, och anpassade konfigurationer, f\u00f6r att b\u00e4st passa deras produkts estetik.<\/p>\n<h2>2. H\u00e5llbarhet och anv\u00e4ndbarhet<\/h2>\n<h3>Vattent\u00e4t och v\u00e4derbest\u00e4ndig design<\/h3>\n<p>N\u00e4r det kommer till produktm\u00e4rkning \u00e4r h\u00e5llbarhet avg\u00f6rande. Anpassade NFC-klisterm\u00e4rken \u00e4r designade f\u00f6r att t\u00e5la tuffa milj\u00f6f\u00f6rh\u00e5llanden. Deras\u00a0<strong>vattent\u00e4t<\/strong>\u00a0och\u00a0<strong>v\u00e4derbest\u00e4ndig<\/strong>\u00a0funktioner g\u00f6r dem idealiska f\u00f6r utomhusapplikationer eller produkter som uts\u00e4tts f\u00f6r fukt. Detta s\u00e4kerst\u00e4ller att NFC-tekniken f\u00f6rblir fullt fungerande, oavsett den yttre milj\u00f6n, vilket skyddar ditt varum\u00e4rkes integritet.<\/p>\n<h3>Anv\u00e4ndarv\u00e4nligt gr\u00e4nssnitt<\/h3>\n<p>Enkelheten med att anv\u00e4nda anpassade NFC-klisterm\u00e4rken \u00e4r en annan betydande f\u00f6rdel. Kunder kan enkelt autentisera produkter genom att trycka p\u00e5 deras\u00a0<strong>NFC-aktiverade smartphones<\/strong>\u00a0mot klisterm\u00e4rket. Denna intuitiva interaktion eliminerar komplexa processer, vilket g\u00f6r att anv\u00e4ndarna kan verifiera \u00e4ktheten och snabbt f\u00e5 tillg\u00e5ng till ytterligare produktinformation. Som ett resultat \u00f6kar detta kundn\u00f6jdheten och engagemanget.<\/p>\n<p>&nbsp;<\/p>\n<p>&nbsp;<\/p>\n<h2>Tekniska specifikationer<\/h2>\n<table class=\"w-fit !mb-0 !max-w-none\">\n<thead>\n<tr>\n<th>Specifikation<\/th>\n<th>Detalj<\/th>\n<\/tr>\n<\/thead>\n<tbody>\n<tr>\n<td><strong>Chips<\/strong><\/td>\n<td>Ntag213, Ntag215, Ntag216<\/td>\n<\/tr>\n<tr>\n<td><strong>Frekvens<\/strong><\/td>\n<td>13,56 MHz<\/td>\n<\/tr>\n<tr>\n<td><strong>Protokoll<\/strong><\/td>\n<td>ISO 14443A<\/td>\n<\/tr>\n<tr>\n<td><strong>Skrivbara datatyper<\/strong><\/td>\n<td>Webbplats, text, QR-koder, andra format<\/td>\n<\/tr>\n<tr>\n<td><strong>Utskriftsalternativ<\/strong><\/td>\n<td>Offsettryck, Digitaltryck, Anpassning<\/td>\n<\/tr>\n<tr>\n<td><strong>Hantverksalternativ<\/strong><\/td>\n<td>Blank, matt, epoxi, hologram<\/td>\n<\/tr>\n<tr>\n<td><strong>Storleksalternativ<\/strong><\/td>\n<td>Rund (30 mm diameter), fyrkantig, anpassad<\/td>\n<\/tr>\n<tr>\n<td><strong>F\u00f6rpackningsdetaljer<\/strong><\/td>\n<td>200 st i en innerl\u00e5da, 25 l\u00e5dor per kartong; kartongstorlek: 48<em>22.5<\/em>30 cm<\/td>\n<\/tr>\n<tr>\n<td><strong>Vikt<\/strong><\/td>\n<td>0,010 kg per klisterm\u00e4rke<\/td>\n<\/tr>\n<\/tbody>\n<\/table>\n<p>&nbsp;<\/p>\n<p>&nbsp;<\/p>\n<h2>Vanliga fr\u00e5gor (FAQs)<\/h2>\n<h3>1.\u00a0<strong>Vad \u00e4r NFC-teknik och hur fungerar det?<\/strong><\/h3>\n<p>NFC (Near Field Communication) \u00e4r en tr\u00e5dl\u00f6s teknik med kort r\u00e4ckvidd som m\u00f6jligg\u00f6r kommunikation mellan kompatibla enheter n\u00e4r de f\u00f6rs n\u00e4ra varandra, vanligtvis inom n\u00e5gra centimeter. Anpassade NFC-klisterm\u00e4rken inneh\u00e5ller ett NFC-chip som \u00f6verf\u00f6r data till NFC-aktiverade smartphones och enheter n\u00e4r de trycks p\u00e5, vilket g\u00f6r att anv\u00e4ndare snabbt kan verifiera produktens \u00e4kthet eller f\u00e5 tillg\u00e5ng till ytterligare information.<\/p>\n<h3>2.\u00a0<strong>Hur h\u00e5llbara \u00e4r anpassade NFC-dekaler?<\/strong><\/h3>\n<p>Anpassade NFC-klisterm\u00e4rken \u00e4r designade f\u00f6r att vara vattent\u00e4ta och v\u00e4derbest\u00e4ndiga, vilket g\u00f6r dem l\u00e4mpliga f\u00f6r b\u00e5de inomhus- och utomhusapplikationer. De kan motst\u00e5 olika milj\u00f6f\u00f6rh\u00e5llanden, vilket s\u00e4kerst\u00e4ller att NFC-tekniken f\u00f6rblir funktionell under en l\u00e4ngre period.<\/p>\n<h3>3.\u00a0<strong>Kan dessa klisterm\u00e4rken anpassas?<\/strong><\/h3>\n<p>Ja! V\u00e5ra anpassade NFC-klisterm\u00e4rken erbjuder en rad alternativ f\u00f6r anpassning, inklusive storlek, form, design och utskriftsmetoder. Du kan skriva ut logotyper, produktinformation, QR-koder och andra varum\u00e4rkeselement f\u00f6r att passa din varum\u00e4rkesidentitet.<\/p>\n<h3>4.\u00a0<strong>Vilka material anv\u00e4nds f\u00f6r klisterm\u00e4rkena?<\/strong><\/h3>\n<p>Anpassade NFC-klisterm\u00e4rken kan tillverkas av olika material som PVC, PET eller bestruket papper. Varje material \u00e4r valt f\u00f6r dess h\u00e5llbarhet och l\u00e4mplighet f\u00f6r olika applikationer, vilket s\u00e4kerst\u00e4ller att klisterm\u00e4rkena kan f\u00e4sta effektivt p\u00e5 dina produkter.<\/p>","protected":false},"excerpt":{"rendered":"<p>Anpassade NFC-klisterm\u00e4rken erbjuder en sofistikerad l\u00f6sning f\u00f6r varum\u00e4rkesautentisering och anti-f\u00f6rfalskning. Verifiera enkelt produktens legitimitet med ett enkelt tryck p\u00e5 en smartphone.<\/p>","protected":false},"featured_media":3668,"template":"","meta":[],"product_brand":[],"product_cat":[48],"product_tag":[],"class_list":{"0":"post-3667","1":"product","2":"type-product","3":"status-publish","4":"has-post-thumbnail","6":"product_cat-nfc-stickers","8":"first","9":"instock","10":"shipping-taxable","11":"product-type-simple"},"_links":{"self":[{"href":"https:\/\/nfc-readers.com\/sv\/wp-json\/wp\/v2\/product\/3667","targetHints":{"allow":["GET"]}}],"collection":[{"href":"https:\/\/nfc-readers.com\/sv\/wp-json\/wp\/v2\/product"}],"about":[{"href":"https:\/\/nfc-readers.com\/sv\/wp-json\/wp\/v2\/types\/product"}],"wp:featuredmedia":[{"embeddable":true,"href":"https:\/\/nfc-readers.com\/sv\/wp-json\/wp\/v2\/media\/3668"}],"wp:attachment":[{"href":"https:\/\/nfc-readers.com\/sv\/wp-json\/wp\/v2\/media?parent=3667"}],"wp:term":[{"taxonomy":"product_brand","embeddable":true,"href":"https:\/\/nfc-readers.com\/sv\/wp-json\/wp\/v2\/product_brand?post=3667"},{"taxonomy":"product_cat","embeddable":true,"href":"https:\/\/nfc-readers.com\/sv\/wp-json\/wp\/v2\/product_cat?post=3667"},{"taxonomy":"product_tag","embeddable":true,"href":"https:\/\/nfc-readers.com\/sv\/wp-json\/wp\/v2\/product_tag?post=3667"}],"curies":[{"name":"wp","href":"https:\/\/api.w.org\/{rel}","templated":true}]}}