{"id":3675,"date":"2024-11-10T06:17:39","date_gmt":"2024-11-10T06:17:39","guid":{"rendered":"https:\/\/nfc-readers.com\/?post_type=product&#038;p=3675"},"modified":"2024-11-10T06:17:39","modified_gmt":"2024-11-10T06:17:39","slug":"13-56mhz-iso14443a-mifare-ntag-424dna-rfid-nfc-coin-tag-token","status":"publish","type":"product","link":"https:\/\/nfc-readers.com\/sv\/ic-reader\/13-56mhz-iso14443a-mifare-ntag-424dna-rfid-nfc-coin-tag-token\/","title":{"rendered":"13,56mhz ISO14443A MIfare NTAG 424DNA RFID NFC Coin Tag Token"},"content":{"rendered":"<h1 style=\"text-align: center;\"><span style=\"font-size: 95%;\"><strong>13,56mhz ISO14443A MIfare NTAG 424DNA RFID NFC Coin Tag Token<\/strong><\/span><\/h1>\n<p>&nbsp;<\/p>\n<p>I den snabbv\u00e4xande v\u00e4rlden av kontaktl\u00f6sa teknologier,\u00a0<strong>13,56mhz ISO14443A MIfare NTAG 424DNA RFID NFC Coin Tag Token<\/strong>\u00a0framst\u00e5r som en m\u00e5ngsidig och kraftfull l\u00f6sning. Dessa NFC-taggar erbjuder exceptionell anv\u00e4ndbarhet f\u00f6r olika applikationer, fr\u00e5n spel till s\u00e4ker kommunikation. Dessa tokens \u00e4r designade med precision och kombinerar avancerade funktioner med anv\u00e4ndarv\u00e4nliga funktioner, vilket g\u00f6r dem till ett m\u00e5ste f\u00f6r b\u00e5de entusiaster och proffs. Oavsett om du vill f\u00f6rb\u00e4ttra din verksamhet, effektivisera datadelning eller helt enkelt utforska innovativ teknik, kan investeringar i dessa NFC-taggar l\u00e5sa upp nya m\u00f6jligheter.<\/p>\n<p>&nbsp;<\/p>\n<h2>Produktf\u00f6rdelar<\/h2>\n<ol>\n<li><strong>F\u00f6rb\u00e4ttrad Utility<\/strong>: NTAG 424DNA-chippet ger robust minne (416 byte) och s\u00e4kert datautbyte, idealiskt f\u00f6r applikationer som kr\u00e4ver h\u00f6g s\u00e4kerhetsniv\u00e5.<\/li>\n<li><strong>Varaktighet<\/strong>: Konstruerade med vattent\u00e4ta och v\u00e4derbest\u00e4ndiga egenskaper, dessa taggar trivs i utomhusmilj\u00f6er, vilket s\u00e4kerst\u00e4ller l\u00e5ng livsl\u00e4ngd \u00e4ven i utmanande milj\u00f6er.<\/li>\n<li><strong>Bred kompatibilitet<\/strong>: Dessa taggar \u00e4r kompatibla med olika NFC-aktiverade enheter och kan enkelt integreras i befintliga arbetsfl\u00f6den, vilket g\u00f6r \u00f6verg\u00e5ngen till kontaktl\u00f6s teknologi s\u00f6ml\u00f6s.<\/li>\n<\/ol>\n<p>Med dessa \u00f6vertygande f\u00f6rdelar \u00e4r det tydligt varf\u00f6r\u00a0<strong>NTAG 424DNA NFC mynttagg<\/strong>\u00a0\u00e4r v\u00e4rt att k\u00f6pa.<\/p>\n<p>&nbsp;<\/p>\n<h3>Tekniska specifikationer<\/h3>\n<p>De tekniska specifikationerna f\u00f6r\u00a0<strong>NTAG 424DNA<\/strong>\u00a0RFID NFC Coin Tag framh\u00e4ver dess robusthet och m\u00e5ngsidighet. H\u00e4r \u00e4r de viktigaste punkterna att t\u00e4nka p\u00e5:<\/p>\n<ul>\n<li><strong>Chips<\/strong>: NTAG 424 DNA<\/li>\n<li><strong>Minneskapacitet<\/strong>: 416 byte<\/li>\n<li><strong>Frekvens<\/strong>: 13,56 MHz<\/li>\n<li><strong>L\u00e4savst\u00e5nd<\/strong>: 2-10 cm<\/li>\n<li><strong>Material<\/strong>: PVC<\/li>\n<li><strong>Storlek<\/strong>: Diameter p\u00e5 25mm\/30mm<\/li>\n<li><strong>Tjocklek<\/strong>: 0,84 mm (anpassningsbar)<\/li>\n<li><strong>Vikt<\/strong>: 6,5 g<\/li>\n<\/ul>\n<p>Dessa specifikationer s\u00e4kerst\u00e4ller att NFC-taggen kan m\u00f6ta olika anv\u00e4ndarbehov, fr\u00e5n spelapplikationer till s\u00e4ker aff\u00e4rsverksamhet.<\/p>\n<p>&nbsp;<\/p>\n<h3>Till\u00e4mpningar av NTAG 424DNA Coin Tag<\/h3>\n<p>Ans\u00f6kningarna f\u00f6r\u00a0<strong>NTAG 424DNA<\/strong>\u00a0mynttag \u00e4r omfattande. I spelindustrin kan dessa taggar f\u00f6rb\u00e4ttra anv\u00e4ndarupplevelsen genom att till\u00e5ta interaktion med element i spelet via NFC-aktiverade enheter. De kan programmeras f\u00f6r att l\u00e5sa upp exklusivt inneh\u00e5ll, ge omedelbara bel\u00f6ningar eller l\u00e4nka till onlineplattformar, vilket \u00f6kar anv\u00e4ndarens engagemang.<\/p>\n<p>Dessutom, i aff\u00e4rssammanhang, kan NFC-taggar fungera som digitala visitkort och ge omedelbar tillg\u00e5ng till kontaktuppgifter eller portf\u00f6ljl\u00e4nkar, eller s\u00e5 kan de anv\u00e4ndas f\u00f6r tillg\u00e5ngssp\u00e5rning och lagerhantering. M\u00e5ngsidigheten i applikationer visar\u00a0<strong>NFC-taggars funktionalitet i b\u00e5de vardagsliv och specialiserade industrier.<\/strong><\/p>\n<p>&nbsp;<\/p>\n<p>&nbsp;<\/p>\n<h2>Vanliga fr\u00e5gor (FAQs) f\u00f6r NTAG 424DNA RFID NFC Coin Tag<\/h2>\n<h3>1. Vad \u00e4r NFC-teknik och hur fungerar den?<\/h3>\n<p>NFC-teknik (Near Field Communication) g\u00f6r att enheter kan kommunicera tr\u00e5dl\u00f6st \u00f6ver korta avst\u00e5nd (vanligtvis 2-10 cm). Det m\u00f6jligg\u00f6r datautbyte mellan NFC-aktiverade enheter och taggar, som NTAG 424DNA, genom en process som kallas elektromagnetisk induktion. F\u00f6r att interagera, h\u00e5ll helt enkelt din NFC-aktiverade telefon eller enhet n\u00e4ra taggen, s\u00e5 kommer data att \u00f6verf\u00f6ras direkt.<\/p>\n<h3>2. Vilka enheter \u00e4r kompatibla med NTAG 424DNA NFC Coin Tag?<\/h3>\n<p>NTAG 424DNA NFC Coin Tag \u00e4r kompatibel med alla NFC-aktiverade mobila enheter, inklusive ett brett utbud av Android-smarttelefoner och surfplattor, s\u00e5v\u00e4l som vissa modeller av iPhones (iPhone 7 och senare). De flesta moderna enheter med NFC-funktioner kan l\u00e4sa och skriva data till dessa taggar.<\/p>\n<h3>3. \u00c4r NTAG 424DNA NFC-mynttaggen omskrivbar?<\/h3>\n<p>Ja, NTAG 424DNA NFC Coin Tag \u00e4r omskrivbar. Minnet kan modifieras, s\u00e5 att anv\u00e4ndare kan uppdatera lagrad data n\u00e4r det beh\u00f6vs. Denna funktion g\u00f6r den mycket m\u00e5ngsidig f\u00f6r olika applikationer, som att \u00e4ndra kontaktuppgifter p\u00e5 ett digitalt visitkort eller uppdatera spelrelaterad information.<\/p>","protected":false},"excerpt":{"rendered":"<div class=\"message-item-outer relative px-4 mb-2\" data-id=\"ab1b65d0-6e69-4f08-ab26-216071361a06\">\n<div class=\"content-area pl-[0px]\">\n<div class=\"message-item select-text relative\">\n<div class=\"message-inner relative\">\n<div class=\"py-[2px]\">\n<div class=\"flex flex-col gap-2\">\n<div class=\"answer-markdown-box overflow-x-auto select-text custom-scrollbar\">\n<div class=\"markdown-body\">\n<p>13,56MHz ISO14443A Mifare NTAG 424DNA RFID NFC Coin Tag Token erbjuder avancerad datas\u00e4kerhet med sitt 416 byte minne, vilket g\u00f6r den idealisk f\u00f6r applikationer som s\u00e4kra transaktioner och interaktiv marknadsf\u00f6ring. Dess vattent\u00e4ta design och kompatibilitet med olika NFC-aktiverade enheter s\u00e4kerst\u00e4ller m\u00e5ngsidig anv\u00e4ndning b\u00e5de inomhus och utomhus.<\/p>\n<\/div>\n<\/div>\n<\/div>\n<\/div>\n<\/div>\n<\/div>\n<\/div>\n<\/div>","protected":false},"featured_media":3676,"template":"","meta":[],"product_brand":[],"product_cat":[47],"product_tag":[],"class_list":{"0":"post-3675","1":"product","2":"type-product","3":"status-publish","4":"has-post-thumbnail","6":"product_cat-nfc-tags","8":"first","9":"instock","10":"shipping-taxable","11":"product-type-simple"},"_links":{"self":[{"href":"https:\/\/nfc-readers.com\/sv\/wp-json\/wp\/v2\/product\/3675","targetHints":{"allow":["GET"]}}],"collection":[{"href":"https:\/\/nfc-readers.com\/sv\/wp-json\/wp\/v2\/product"}],"about":[{"href":"https:\/\/nfc-readers.com\/sv\/wp-json\/wp\/v2\/types\/product"}],"wp:featuredmedia":[{"embeddable":true,"href":"https:\/\/nfc-readers.com\/sv\/wp-json\/wp\/v2\/media\/3676"}],"wp:attachment":[{"href":"https:\/\/nfc-readers.com\/sv\/wp-json\/wp\/v2\/media?parent=3675"}],"wp:term":[{"taxonomy":"product_brand","embeddable":true,"href":"https:\/\/nfc-readers.com\/sv\/wp-json\/wp\/v2\/product_brand?post=3675"},{"taxonomy":"product_cat","embeddable":true,"href":"https:\/\/nfc-readers.com\/sv\/wp-json\/wp\/v2\/product_cat?post=3675"},{"taxonomy":"product_tag","embeddable":true,"href":"https:\/\/nfc-readers.com\/sv\/wp-json\/wp\/v2\/product_tag?post=3675"}],"curies":[{"name":"wp","href":"https:\/\/api.w.org\/{rel}","templated":true}]}}