{"id":3683,"date":"2024-11-10T06:22:41","date_gmt":"2024-11-10T06:22:41","guid":{"rendered":"https:\/\/nfc-readers.com\/?post_type=product&#038;p=3683"},"modified":"2024-11-10T06:22:41","modified_gmt":"2024-11-10T06:22:41","slug":"wholesale-high-security-tamper-proof-nfc-tag-rfid-sticker","status":"publish","type":"product","link":"https:\/\/nfc-readers.com\/sv\/ic-reader\/wholesale-high-security-tamper-proof-nfc-tag-rfid-sticker\/","title":{"rendered":"Grossist h\u00f6gs\u00e4kerhet manipuleringss\u00e4ker NFC-tagg RFID-klisterm\u00e4rke"},"content":{"rendered":"<h1 style=\"text-align: center;\"><strong>Grossist h\u00f6gs\u00e4kerhet manipuleringss\u00e4ker NFC-tagg RFID-klisterm\u00e4rke<\/strong><\/h1>\n<p>&nbsp;<\/p>\n<p>L\u00e5s upp framtiden f\u00f6r s\u00e4ker informationsdelning med v\u00e5ra <strong>Grossist h\u00f6gs\u00e4kerhet manipuleringss\u00e4ker NFC-tagg RFID-klisterm\u00e4rke<\/strong>. Dessa innovativa NFC-klisterm\u00e4rken \u00e4r perfekta f\u00f6r l\u00f6sningar mot f\u00f6rfalskning och kombinerar f\u00f6rstklassiga s\u00e4kerhetsfunktioner med bred applikationsm\u00e5ngsidighet. Designade f\u00f6r f\u00f6retag som prioriterar s\u00e4kerhet och effektivitet, dessa NFC-taggar representerar n\u00e4sta steg i kontaktl\u00f6s teknologi f\u00f6r olika sektorer, inklusive detaljhandel, logistik och evenemangshantering.<\/p>\n<p>&nbsp;<\/p>\n<p><strong>Varf\u00f6r k\u00f6pa v\u00e5ra NFC-taggar?<\/strong><br \/>\nV\u00e5ra NFC-taggar ger en s\u00e4ker, effektiv och bekv\u00e4m l\u00f6sning f\u00f6r en rad applikationer \u2013 fr\u00e5n autentisering av produkter till att ge s\u00f6ml\u00f6sa anv\u00e4ndarupplevelser i digitala transaktioner. Genom att s\u00e4kerst\u00e4lla att din information \u00e4r s\u00e4ker fr\u00e5n f\u00f6rfalskning f\u00f6rb\u00e4ttrar v\u00e5ra manipuleringss\u00e4kra NFC-taggar inte bara s\u00e4kerheten utan tillf\u00f6r ocks\u00e5 v\u00e4rde till ditt varum\u00e4rke. Dessutom s\u00e4kerst\u00e4ller den anpassningsbara naturen att varje tagg kan skr\u00e4ddarsys f\u00f6r att m\u00f6ta dina specifika krav, vilket g\u00f6r dem till ett m\u00e5ngsidigt val f\u00f6r alla f\u00f6retag.<\/p>\n<p>&nbsp;<\/p>\n<h2>Funktioner hos den manipuleringss\u00e4kra NFC-taggen<\/h2>\n<p>N\u00e4r det g\u00e4ller s\u00e4kerhet, v\u00e5r\u00a0<strong>Grossist h\u00f6gs\u00e4kerhet manipuleringss\u00e4ker NFC-tagg RFID-klisterm\u00e4rke<\/strong>\u00a0sticker ut p\u00e5 grund av sin\u00a0<strong>specialfunktioner<\/strong>\u00a0utformad f\u00f6r att bek\u00e4mpa f\u00f6rfalskning.<\/p>\n<ul>\n<li><strong>S\u00e4ker design<\/strong>: N\u00e4r de v\u00e4l \u00e4r f\u00e4sta \u00e4r dessa NFC-taggar praktiskt taget om\u00f6jliga att ta bort utan betydande skada, vilket s\u00e4kerst\u00e4ller att eventuell manipulering l\u00e4tt kan uppt\u00e4ckas.<\/li>\n<li><strong>Anpassad storlek och utskrift<\/strong>: V\u00e5ra taggar kommer i en anpassningsbar storlek och skrivs ut med hj\u00e4lp av\u00a0<strong>CMYK 4C offsettryck<\/strong>\u00a0f\u00f6r levande, h\u00f6gkvalitativ grafik som f\u00f6rb\u00e4ttrar varum\u00e4rket.<\/li>\n<li><strong>Minneskapacitet<\/strong>: Varje tagg har\u00a0<strong>416 byte<\/strong>\u00a0minne, vilket m\u00f6jligg\u00f6r lagring av viktig information s\u00e4kert.<\/li>\n<\/ul>\n<p>Dessa attribut g\u00f6r NFC-taggen b\u00e5de tillf\u00f6rlitlig och effektiv, vilket g\u00f6r den till ett viktigt verktyg f\u00f6r f\u00f6retag som str\u00e4var efter s\u00e4kerhets\u00e5tg\u00e4rder p\u00e5 toppniv\u00e5 i sin verksamhet.<\/p>\n<p>&nbsp;<\/p>\n<h2>Till\u00e4mpningar av NFC-taggar<\/h2>\n<p>M\u00e5ngsidigheten hos v\u00e5ra NFC-taggar g\u00f6r att de kan appliceras i m\u00e5nga sektorer, vilket f\u00f6rb\u00e4ttrar aff\u00e4rsprocesserna samtidigt som s\u00e4kra transaktioner bibeh\u00e5lls:<\/p>\n<ul>\n<li><strong>Anti-f\u00f6rfalskning<\/strong>: F\u00f6retag kan anv\u00e4nda dessa taggar f\u00f6r att s\u00e4kerst\u00e4lla produktens \u00e4kthet, eftersom de \u00e4r utformade f\u00f6r att vara s\u00e4kert f\u00e4sta och manipuleringss\u00e4kra, vilket motverkar f\u00f6rfalskningsmetoder.<\/li>\n<li><strong>Event Management<\/strong>: Anv\u00e4nd NFC-taggar f\u00f6r biljettf\u00f6rs\u00e4ljning, vilket m\u00f6jligg\u00f6r s\u00f6ml\u00f6s \u00e5tkomstkontroll och minskar f\u00f6rekomsten av biljettbedr\u00e4gerier.<\/li>\n<li><strong>Smart marknadsf\u00f6ring<\/strong>: Dessa taggar kan integreras i marknadsf\u00f6ringsmaterial, vilket g\u00f6r att kunderna kan engagera sig direkt i ditt varum\u00e4rke genom att trycka p\u00e5 sina telefoner f\u00f6r att komma \u00e5t kampanjer, produktinformation eller digitala visitkort.<\/li>\n<\/ul>\n<p>Genom att utnyttja kraften i dessa applikationer kan f\u00f6retag effektivt skydda sin verksamhet och optimera kundinteraktionen.<\/p>\n<p>&nbsp;<\/p>\n<h2>Vanliga fr\u00e5gor (FAQs)<\/h2>\n<h3>1.\u00a0<strong>Vad \u00e4r en NFC-tagg?<\/strong><\/h3>\n<p>En NFC-tagg (Near Field Communication) \u00e4r en liten enhet som anv\u00e4nder RFID-teknik (Radio Frequency Identification) f\u00f6r att \u00f6verf\u00f6ra information tr\u00e5dl\u00f6st \u00f6ver korta avst\u00e5nd (vanligtvis inom ett omr\u00e5de p\u00e5 1-10 cm). Anv\u00e4ndare kan trycka sina NFC-aktiverade enheter mot taggen f\u00f6r att komma \u00e5t lagrad information eller utf\u00f6ra en \u00e5tg\u00e4rd.<\/p>\n<h3>2.\u00a0<strong>Hur programmerar jag en NFC-tagg?<\/strong><\/h3>\n<p>Att programmera en NFC-tagg inneb\u00e4r vanligtvis att man anv\u00e4nder en NFC-aktiverad smartphone eller andra kompatibla enheter med en NFC-app. Du kan skriva data till taggen (som webbadresser eller kontaktinformation) med dessa appar. V\u00e4lj helt enkelt den data du vill skriva, tryck p\u00e5 din enhet mot taggen och data kommer att lagras.<\/p>\n<h3>3.\u00a0<strong>Vilka typer av data kan NFC-taggar lagra?<\/strong><\/h3>\n<p>NFC-taggar kan lagra olika typer av data, inklusive webbadresser, text, kontaktinformation, produktinformation, kommandon f\u00f6r appar och mer. Den specifika m\u00e4ngden data som kan lagras beror p\u00e5 taggens minneskapacitet, med st\u00f6d f\u00f6r v\u00e5ra NFC-taggar\u00a0<strong>416 byte<\/strong>.<\/p>\n<h3>4.\u00a0<strong>\u00c4r dina NFC-taggar omskrivbara?<\/strong><\/h3>\n<p>Ja, v\u00e5ra NFC-taggar \u00e4r omskrivbara, vilket inneb\u00e4r att du kan programmera dem med olika data efter behov. Den h\u00e4r funktionen \u00e4r s\u00e4rskilt anv\u00e4ndbar f\u00f6r f\u00f6retag som vill ha flexibilitet i sina applikationer.<\/p>","protected":false},"excerpt":{"rendered":"<p>\u00d6ka ditt varum\u00e4rkes s\u00e4kerhet med v\u00e5ra h\u00f6gs\u00e4kerhets- och manipuleringss\u00e4kra NFC-taggar RFID-dekaler i grossistledet. Designade f\u00f6r att motverka f\u00f6rfalskning, erbjuder de anpassningsbara l\u00f6sningar och s\u00f6ml\u00f6s data\u00e5tkomst.<\/p>","protected":false},"featured_media":3684,"template":"","meta":[],"product_brand":[],"product_cat":[47],"product_tag":[],"class_list":{"0":"post-3683","1":"product","2":"type-product","3":"status-publish","4":"has-post-thumbnail","6":"product_cat-nfc-tags","8":"first","9":"instock","10":"shipping-taxable","11":"product-type-simple"},"_links":{"self":[{"href":"https:\/\/nfc-readers.com\/sv\/wp-json\/wp\/v2\/product\/3683","targetHints":{"allow":["GET"]}}],"collection":[{"href":"https:\/\/nfc-readers.com\/sv\/wp-json\/wp\/v2\/product"}],"about":[{"href":"https:\/\/nfc-readers.com\/sv\/wp-json\/wp\/v2\/types\/product"}],"wp:featuredmedia":[{"embeddable":true,"href":"https:\/\/nfc-readers.com\/sv\/wp-json\/wp\/v2\/media\/3684"}],"wp:attachment":[{"href":"https:\/\/nfc-readers.com\/sv\/wp-json\/wp\/v2\/media?parent=3683"}],"wp:term":[{"taxonomy":"product_brand","embeddable":true,"href":"https:\/\/nfc-readers.com\/sv\/wp-json\/wp\/v2\/product_brand?post=3683"},{"taxonomy":"product_cat","embeddable":true,"href":"https:\/\/nfc-readers.com\/sv\/wp-json\/wp\/v2\/product_cat?post=3683"},{"taxonomy":"product_tag","embeddable":true,"href":"https:\/\/nfc-readers.com\/sv\/wp-json\/wp\/v2\/product_tag?post=3683"}],"curies":[{"name":"wp","href":"https:\/\/api.w.org\/{rel}","templated":true}]}}