{"id":3691,"date":"2024-11-10T06:28:41","date_gmt":"2024-11-10T06:28:41","guid":{"rendered":"https:\/\/nfc-readers.com\/?post_type=product&#038;p=3691"},"modified":"2024-11-10T06:28:41","modified_gmt":"2024-11-10T06:28:41","slug":"nfc-ntag-424-dna-sticker-anti-metal-tag-anti-fake","status":"publish","type":"product","link":"https:\/\/nfc-readers.com\/sv\/ic-reader\/nfc-ntag-424-dna-sticker-anti-metal-tag-anti-fake\/","title":{"rendered":"NFC Ntag 424 DNA Sticker Anti metalletikett Anti-fake"},"content":{"rendered":"<h1 style=\"text-align: center;\"><strong>NFC Ntag 424 DNA Sticker Anti metalletikett Anti-fake<\/strong><\/h1>\n<p>I en tid d\u00e4r digital s\u00e4kerhet och autenticitet \u00e4r av st\u00f6rsta vikt, <strong>NFC Ntag 424 DNA Sticker Anti-Metal Tag<\/strong>\u00a0framst\u00e5r som en banbrytande l\u00f6sning. Oavsett om du vill skydda ditt varum\u00e4rke med anti-fake-teknik, f\u00f6rb\u00e4ttra anv\u00e4ndarinteraktionen genom s\u00f6ml\u00f6s kommunikation eller helt enkelt ta till dig det senaste inom NFC-teknik, \u00e4r denna produkt utformad f\u00f6r att m\u00f6ta dina behov. S\u00e4g adj\u00f6 till oro \u00f6ver f\u00f6rfalskningar och se till att dina produkter f\u00f6rmedlar f\u00f6rtroende.<\/p>\n<p>&nbsp;<\/p>\n<h2>Produkt\u00f6versikt och f\u00f6rdelar<\/h2>\n<p>De\u00a0<strong>NFC Ntag 424 DNA-klisterm\u00e4rke<\/strong>\u00a0erbjuder avancerade funktioner som g\u00f6r det till ett m\u00e5ste f\u00f6r b\u00e5de f\u00f6retag och konsumenter. Den tar itu med utmaningen att autentisera f\u00f6rem\u00e5l och s\u00e4kerst\u00e4lla s\u00e4ker kommunikation via NFC-teknik (Near Field Communication). Med sin kompakta design och specialiserade material \u00e4r den perfekt f\u00f6r olika applikationer, inklusive produktm\u00e4rkning, marknadsf\u00f6ring och \u00e5tkomstkontroll.<\/p>\n<p>&nbsp;<\/p>\n<h3>F\u00f6rdelar med att v\u00e4lja NFC Ntag 424 DNA-klisterm\u00e4rken<\/h3>\n<ul>\n<li><strong>Anti-Fake Technology:<\/strong>\u00a0Integrationen av avancerade anti-fake-protokoll skyddar ditt varum\u00e4rke mot f\u00f6rfalskning.<\/li>\n<li><strong>Anv\u00e4ndarv\u00e4nlig:<\/strong>\u00a0L\u00e4tt att anv\u00e4nda med NFC-aktiverade smartphones, surfplattor och andra enheter, vilket s\u00e4kerst\u00e4ller omedelbar tillg\u00e5ng till digitalt inneh\u00e5ll.<\/li>\n<li><strong>H\u00e5llbar och v\u00e4derbest\u00e4ndig:<\/strong>\u00a0Tillverkad med antimetallmaterial, vilket g\u00f6r den l\u00e4mplig f\u00f6r olika milj\u00f6er.<\/li>\n<li><strong>Anpassningsbara l\u00f6sningar:<\/strong>\u00a0Finns i olika storlekar och former, f\u00f6r att tillgodose specifika aff\u00e4rsbehov.<\/li>\n<\/ul>\n<p>Att v\u00e4lja\u00a0<strong>NFC Ntag 424 DNA Sticker Anti-Metal Tag Anti-Fake<\/strong>\u00a0inneb\u00e4r att investera i kvalitet, s\u00e4kerhet och den senaste tekniken, vilket g\u00f6r det v\u00e4rt varenda krona.<\/p>\n<p>&nbsp;<\/p>\n<h3>Tekniska specifikationer<\/h3>\n<p>De\u00a0<strong>NFC Ntag 424 DNA-klisterm\u00e4rke<\/strong>\u00a0\u00e4r utrustad med banbrytande specifikationer designade f\u00f6r \u00f6verl\u00e4gsen prestanda. Nyckelfunktioner inkluderar:<\/p>\n<ul>\n<li><strong>Chip modell<\/strong>: Ntag 424 DNA<\/li>\n<li><strong>Minneskapacitet<\/strong>: 416 byte<\/li>\n<li><strong>Driftsfrekvens<\/strong>: 13,56 MHz<\/li>\n<li><strong>Efterlevnad<\/strong>: ISO 14443A-standard, som s\u00e4kerst\u00e4ller kompatibilitet med en m\u00e4ngd olika NFC-enheter.<\/li>\n<\/ul>\n<p>&nbsp;<\/p>\n<h3>Specialfunktioner f\u00f6r NFC Ntag 424 DNA-tagg<\/h3>\n<p><strong>Vattent\u00e4ta\/v\u00e4derbest\u00e4ndiga egenskaper<\/strong>: En av de utm\u00e4rkande aspekterna av denna NFC-tagg \u00e4r dess f\u00f6rm\u00e5ga att motst\u00e5 olika milj\u00f6f\u00f6rh\u00e5llanden. Oavsett om det regnar eller uts\u00e4tts f\u00f6r damm, beh\u00e5ller taggen sin funktionalitet tack vare sin robusta design.<\/p>\n<p><strong>MINI TAG Design<\/strong>: Med en diameter p\u00e5 endast 30 mm \u00e4r den h\u00e4r minietiketten otroligt m\u00e5ngsidig. Dess kompakta storlek g\u00f6r den l\u00e4mplig f\u00f6r ett brett spektrum av applikationer d\u00e4r utrymmet \u00e4r en begr\u00e4nsning.<\/p>\n<p>&nbsp;<\/p>\n<h3>Vanliga fr\u00e5gor om NFC Ntag 424 DNA-klisterm\u00e4rken<\/h3>\n<p><strong>F: Kan dessa klisterm\u00e4rken anv\u00e4ndas utomhus?<\/strong><br \/>\nS: Ja, de vattent\u00e4ta och v\u00e4derbest\u00e4ndiga funktionerna m\u00f6jligg\u00f6r utomhusanv\u00e4ndning, vilket g\u00f6r dem l\u00e4mpliga f\u00f6r olika milj\u00f6er.<\/p>\n<p><strong>F: Hur kan jag best\u00e4lla anpassade m\u00f6nster?<\/strong><br \/>\nS: Intresserade kunder kan kontakta v\u00e5rt s\u00e4ljteam via f\u00f6rfr\u00e5gningsformul\u00e4ret som finns p\u00e5 v\u00e5r webbplats f\u00f6r att diskutera anpassningsalternativ.<\/p>\n<p><strong>F: Beh\u00f6vs det n\u00e5gon speciell app f\u00f6r att l\u00e4sa dessa taggar?<\/strong><br \/>\nS: Ingen speciell app kr\u00e4vs f\u00f6rutom att ha en standard NFC-aktiverad enhet, som automatiskt kan tolka NFC-signalerna.<\/p>","protected":false},"excerpt":{"rendered":"<div class=\"message-item-outer relative px-4 mb-2\" data-id=\"54844065-da5f-474c-98ea-c1f5db113a22\">\n<div class=\"content-area pl-[0px]\">\n<div class=\"message-item select-text relative\">\n<div class=\"message-inner relative\">\n<div class=\"py-[2px]\">\n<div class=\"flex flex-col gap-2\">\n<div class=\"answer-markdown-box overflow-x-auto select-text custom-scrollbar\">\n<div class=\"markdown-body\">\n<p>De\u00a0<strong>NFC Ntag 424 DNA Sticker Anti-Metal Tag<\/strong> \u00e4r en banbrytande l\u00f6sning designad f\u00f6r att bek\u00e4mpa f\u00f6rfalskning med avancerad anti-fake-teknik. Dess kompakta, h\u00e5llbara design s\u00e4kerst\u00e4ller s\u00f6ml\u00f6s drift p\u00e5 metalliska ytor, vilket g\u00f6r den idealisk f\u00f6r att s\u00e4kerst\u00e4lla produktens \u00e4kthet och \u00f6ka konsumenternas f\u00f6rtroende.<\/p>\n<\/div>\n<\/div>\n<\/div>\n<\/div>\n<\/div>\n<\/div>\n<\/div>\n<\/div>\n<div class=\"message-item-outer relative px-4 mb-2\" data-id=\"46d94813-0d14-49f1-b71b-49c37dfa1a29\">\n<div class=\"content-area pl-[0px]\">\n<div class=\"message-item select-text relative self ms-[22px]\">\n<div class=\"message-inner relative\">\n<div class=\"py-[2px] flex-row-reverse\">\n<div class=\"flex flex-row-reverse\">\n<div class=\"max-w-full\">\n<div class=\"mt-1 border overflow-hidden max-w-[360px] border-solid text-text-primary-4 border-grey-line2-normal rounded-xl mb-2 py-[10px] px-[12px] cursor-pointer hover:border-grey-line2-hover\">\n<div class=\"transition-[max-height] duration-300 ease-in-out\">\n<div class=\"text-xs opacity-100 transition-opacity duration-700 ease-in-out\"><\/div>\n<\/div>\n<\/div>\n<\/div>\n<\/div>\n<\/div>\n<\/div>\n<\/div>\n<\/div>\n<\/div>","protected":false},"featured_media":3693,"template":"","meta":[],"product_brand":[],"product_cat":[48],"product_tag":[],"class_list":{"0":"post-3691","1":"product","2":"type-product","3":"status-publish","4":"has-post-thumbnail","6":"product_cat-nfc-stickers","8":"first","9":"instock","10":"shipping-taxable","11":"product-type-simple"},"_links":{"self":[{"href":"https:\/\/nfc-readers.com\/sv\/wp-json\/wp\/v2\/product\/3691","targetHints":{"allow":["GET"]}}],"collection":[{"href":"https:\/\/nfc-readers.com\/sv\/wp-json\/wp\/v2\/product"}],"about":[{"href":"https:\/\/nfc-readers.com\/sv\/wp-json\/wp\/v2\/types\/product"}],"wp:featuredmedia":[{"embeddable":true,"href":"https:\/\/nfc-readers.com\/sv\/wp-json\/wp\/v2\/media\/3693"}],"wp:attachment":[{"href":"https:\/\/nfc-readers.com\/sv\/wp-json\/wp\/v2\/media?parent=3691"}],"wp:term":[{"taxonomy":"product_brand","embeddable":true,"href":"https:\/\/nfc-readers.com\/sv\/wp-json\/wp\/v2\/product_brand?post=3691"},{"taxonomy":"product_cat","embeddable":true,"href":"https:\/\/nfc-readers.com\/sv\/wp-json\/wp\/v2\/product_cat?post=3691"},{"taxonomy":"product_tag","embeddable":true,"href":"https:\/\/nfc-readers.com\/sv\/wp-json\/wp\/v2\/product_tag?post=3691"}],"curies":[{"name":"wp","href":"https:\/\/api.w.org\/{rel}","templated":true}]}}