{"id":3700,"date":"2024-11-10T06:34:49","date_gmt":"2024-11-10T06:34:49","guid":{"rendered":"https:\/\/nfc-readers.com\/?post_type=product&#038;p=3700"},"modified":"2024-11-10T06:38:34","modified_gmt":"2024-11-10T06:38:34","slug":"custom-nfc-fragile-sticker-for-commodity-label-product-tag","status":"publish","type":"product","link":"https:\/\/nfc-readers.com\/sv\/ic-reader\/custom-nfc-fragile-sticker-for-commodity-label-product-tag\/","title":{"rendered":"Anpassad NFC br\u00e4cklig klisterm\u00e4rke f\u00f6r varuetikett Produkttagg"},"content":{"rendered":"<h1 style=\"text-align: center;\"><strong>Anpassad NFC br\u00e4cklig klisterm\u00e4rke f\u00f6r varuetikett Produkttagg<\/strong><\/h1>\n<p>&nbsp;<\/p>\n<p>De <strong>Anpassad NFC br\u00e4cklig klisterm\u00e4rke<\/strong>\u00a0f\u00f6r varum\u00e4rkning \u00e4r en revolutionerande produkt som integrerar avancerade\u00a0<strong>NFC (Near Field Communication)<\/strong>\u00a0teknik i vardagliga m\u00e4rkningsl\u00f6sningar. Dessa klisterm\u00e4rken \u00e4r utformade f\u00f6r att s\u00e4kerst\u00e4lla s\u00e4ker och p\u00e5litlig m\u00e4rkning av \u00f6mt\u00e5liga f\u00f6rem\u00e5l och g\u00f6r det m\u00f6jligt f\u00f6r f\u00f6retag att f\u00f6rb\u00e4ttra sina produktverifierings- och s\u00e4kerhetsprotokoll. Med en blandning av praktisk och modernitet har det aldrig varit mer kritiskt att investera i NFC-teknik f\u00f6r m\u00e4rkning. Den h\u00e4r artikeln f\u00f6rdjupar sig i funktionerna, f\u00f6rdelarna och \u00f6vergripande anv\u00e4ndbarheten av Custom NFC Fragile Sticker, och v\u00e4gleder dig att fatta ett v\u00e4lgrundat beslut.<\/p>\n<p>&nbsp;<\/p>\n<h2>Varf\u00f6r v\u00e4lja NFC Fragile Stickers?<\/h2>\n<p>De\u00a0<strong>Anpassad NFC br\u00e4cklig klisterm\u00e4rke<\/strong>\u00a0\u00e4r utformad f\u00f6r att m\u00f6ta behoven hos f\u00f6retag som kr\u00e4ver en p\u00e5litlig metod f\u00f6r att m\u00e4rka och sp\u00e5ra \u00f6mt\u00e5liga varor. H\u00e4r \u00e4r n\u00e5gra \u00f6vertygande sk\u00e4l till varf\u00f6r du b\u00f6r \u00f6verv\u00e4ga att uppgradera din m\u00e4rkningsprocess med denna innovativa produkt:<\/p>\n<ol>\n<li><strong>F\u00f6rb\u00e4ttrad s\u00e4kerhet och verifiering<\/strong>: Dessa klisterm\u00e4rken s\u00e4kerst\u00e4ller att verifieringsprocesserna \u00e4r b\u00e5de effektiva och fels\u00e4kra. Med det inb\u00e4ddade NTAG213-chippet kan varje klisterm\u00e4rke s\u00e4kert lagra information och verifiera paketets \u00e4kthet med ett enkelt tryck p\u00e5 en\u00a0<strong>NFC-aktiverad smartphone<\/strong>.<\/li>\n<li><strong>Anv\u00e4ndarv\u00e4nlig applikation<\/strong>: Gl\u00f6m komplicerade installationsprocesser. Att till\u00e4mpa\u00a0<strong>NFC \u00f6mt\u00e5lig klisterm\u00e4rke<\/strong>\u00a0\u00e4r otroligt okomplicerat \u2013 bara skala och sticka \u2013 vilket g\u00f6r det tillg\u00e4ngligt f\u00f6r alla anv\u00e4ndare i din leveranskedja.<\/li>\n<li><strong>H\u00e5llbarhet och v\u00e4derbest\u00e4ndighet<\/strong>: Tillverkad av h\u00f6g kvalitet\u00a0<strong>PET\/PVC\/papper<\/strong>\u00a0material, dessa klisterm\u00e4rken \u00e4r designade f\u00f6r att t\u00e5la olika milj\u00f6f\u00f6rh\u00e5llanden. Oavsett om de uts\u00e4tts f\u00f6r fukt eller varierande temperaturer, bibeh\u00e5ller v\u00e5ra NFC-klisterm\u00e4rken h\u00f6g prestanda och tillf\u00f6rlitlighet.<\/li>\n<li><strong>Anpassningsbar och m\u00e5ngsidig<\/strong>: V\u00e5rt\u00a0<strong>anpassat NFC-klisterm\u00e4rke<\/strong>\u00a0kan skr\u00e4ddarsys f\u00f6r att m\u00f6ta specifika varum\u00e4rkes- och informationsbehov, vilket m\u00f6jligg\u00f6r b\u00e5de funktionella och marknadsf\u00f6ringsapplikationer.<\/li>\n<\/ol>\n<p>&nbsp;<\/p>\n<h2>Nyckelfunktioner hos NFC Fragile Stickers<\/h2>\n<p>Anv\u00e4nder\u00a0<strong>NFC (Near Field Communication)<\/strong>\u00a0teknik \u00e4r v\u00e5ra skr\u00e4ddarsydda \u00f6mt\u00e5liga klisterm\u00e4rken utrustade med en rad specialfunktioner som g\u00f6r att de sticker ut:<\/p>\n<ul>\n<li><strong>Vattent\u00e4t\/v\u00e4derbest\u00e4ndig design<\/strong>: Dessa klisterm\u00e4rken t\u00e5l tuffa milj\u00f6f\u00f6rh\u00e5llanden, vilket g\u00f6r dem l\u00e4mpliga f\u00f6r b\u00e5de inomhus- och utomhusapplikationer.<\/li>\n<li><strong>Kompatibilitet<\/strong>: Den\u00a0<strong>ntag213 chip<\/strong>\u00a0\u00e4r k\u00e4nt f\u00f6r sin utbredda kompatibilitet med olika\u00a0<strong>NFC-enheter<\/strong>, vilket s\u00e4kerst\u00e4ller anv\u00e4ndarv\u00e4nlighet.<\/li>\n<\/ul>\n<h3>Hur det fungerar<\/h3>\n<p>Tryck bara p\u00e5 din\u00a0<strong>NFC-aktiverad smartphone<\/strong>\u00a0mot klisterm\u00e4rket f\u00f6r att komma \u00e5t f\u00f6rlagrad information eller verifiera produktdetaljer, vilket dramatiskt kan effektivisera lager- och f\u00f6rs\u00e4ljningsprocesser.<\/p>\n<p>&nbsp;<\/p>\n<h2>Tekniska specifikationer<\/h2>\n<table class=\"w-fit !mb-0 !max-w-none\">\n<thead>\n<tr>\n<th><strong>Specifikation<\/strong><\/th>\n<th><strong>Detaljer<\/strong><\/th>\n<\/tr>\n<\/thead>\n<tbody>\n<tr>\n<td><strong>Chips<\/strong><\/td>\n<td>NTAG213<\/td>\n<\/tr>\n<tr>\n<td><strong>Frekvens<\/strong><\/td>\n<td>13,56 Mhz<\/td>\n<\/tr>\n<tr>\n<td><strong>Minnesstorlek<\/strong><\/td>\n<td>144 byte<\/td>\n<\/tr>\n<tr>\n<td><strong>Material<\/strong><\/td>\n<td>PET\/PVC\/papper<\/td>\n<\/tr>\n<tr>\n<td><strong>Diameter<\/strong><\/td>\n<td>30 mm<\/td>\n<\/tr>\n<tr>\n<td><strong>Skriva ut<\/strong><\/td>\n<td>CMYK offsettryck<\/td>\n<\/tr>\n<tr>\n<td><strong>Vattent\u00e4t<\/strong><\/td>\n<td>Ja<\/td>\n<\/tr>\n<tr>\n<td><strong>F\u00f6rpackningsstorlek<\/strong><\/td>\n<td>200 st\/innerl\u00e5da; 25 l\u00e5dor\/kartong<\/td>\n<\/tr>\n<tr>\n<td><strong>Kartongstorlek<\/strong><\/td>\n<td>48 x 22,5 x 30 cm<\/td>\n<\/tr>\n<tr>\n<td><strong>F\u00f6rs\u00f6rjningsf\u00f6rm\u00e5ga<\/strong><\/td>\n<td>5 000 000 stycken per m\u00e5nad<\/td>\n<\/tr>\n<tr>\n<td><strong>Enkel paketstorlek<\/strong><\/td>\n<td>35 x 1,5 x 0,02 cm<\/td>\n<\/tr>\n<tr>\n<td><strong>Bruttovikt<\/strong><\/td>\n<td>0,010 kg<\/td>\n<\/tr>\n<\/tbody>\n<\/table>\n<p>&nbsp;<\/p>\n<h2>Vanliga fr\u00e5gor<\/h2>\n<h3>F: \u00c4r NFC Fragile Stickers kompatibla med alla smartphones?<\/h3>\n<p><strong>A<\/strong>: Ja, s\u00e5 l\u00e4nge smarttelefonen har NFC-funktion aktiverad.<\/p>\n<h3>F: Hur l\u00e4nge h\u00e5ller klisterm\u00e4rkena?<\/h3>\n<p><strong>A<\/strong>: V\u00e5ra klisterm\u00e4rken \u00e4r h\u00e5llbara och designade f\u00f6r att klara olika f\u00f6rh\u00e5llanden, vilket s\u00e4kerst\u00e4ller att de h\u00e5ller under produktens livscykel.<\/p>\n<h3>F: Kan jag sp\u00e5ra anv\u00e4ndningen i realtid?<\/h3>\n<p><strong>A<\/strong>: \u00c4ven om dessa klisterm\u00e4rken ger omedelbar verifiering, kan realtidssp\u00e5rning kr\u00e4va integration med specifika lagerhanteringssystem.<\/p>","protected":false},"excerpt":{"rendered":"<p>Det anpassade NFC-br\u00e4ckliga klisterm\u00e4rket f\u00f6r varum\u00e4rkning \u00e4r designat f\u00f6r att ge s\u00e4ker sp\u00e5rning och \u00e4kthetsverifiering f\u00f6r \u00f6mt\u00e5liga produkter. Dess anv\u00e4ndarv\u00e4nliga design s\u00e4kerst\u00e4ller enkel applicering samtidigt som lagerhanteringen f\u00f6rb\u00e4ttras.<\/p>","protected":false},"featured_media":3708,"template":"","meta":[],"product_brand":[],"product_cat":[48],"product_tag":[],"class_list":{"0":"post-3700","1":"product","2":"type-product","3":"status-publish","4":"has-post-thumbnail","6":"product_cat-nfc-stickers","8":"first","9":"instock","10":"shipping-taxable","11":"product-type-simple"},"_links":{"self":[{"href":"https:\/\/nfc-readers.com\/sv\/wp-json\/wp\/v2\/product\/3700","targetHints":{"allow":["GET"]}}],"collection":[{"href":"https:\/\/nfc-readers.com\/sv\/wp-json\/wp\/v2\/product"}],"about":[{"href":"https:\/\/nfc-readers.com\/sv\/wp-json\/wp\/v2\/types\/product"}],"wp:featuredmedia":[{"embeddable":true,"href":"https:\/\/nfc-readers.com\/sv\/wp-json\/wp\/v2\/media\/3708"}],"wp:attachment":[{"href":"https:\/\/nfc-readers.com\/sv\/wp-json\/wp\/v2\/media?parent=3700"}],"wp:term":[{"taxonomy":"product_brand","embeddable":true,"href":"https:\/\/nfc-readers.com\/sv\/wp-json\/wp\/v2\/product_brand?post=3700"},{"taxonomy":"product_cat","embeddable":true,"href":"https:\/\/nfc-readers.com\/sv\/wp-json\/wp\/v2\/product_cat?post=3700"},{"taxonomy":"product_tag","embeddable":true,"href":"https:\/\/nfc-readers.com\/sv\/wp-json\/wp\/v2\/product_tag?post=3700"}],"curies":[{"name":"wp","href":"https:\/\/api.w.org\/{rel}","templated":true}]}}