{"id":1493,"date":"2024-04-07T02:35:08","date_gmt":"2024-04-07T02:35:08","guid":{"rendered":"https:\/\/nfc-readers.com\/?post_type=product&#038;p=1493"},"modified":"2024-10-16T07:54:06","modified_gmt":"2024-10-16T07:54:06","slug":"acr1255u-j1-bluetooth-nfc-reader-writer","status":"publish","type":"product","link":"https:\/\/nfc-readers.com\/tr\/ic-reader\/acr1255u-j1-bluetooth-nfc-reader-writer\/","title":{"rendered":"ACR1255U-J1 \u2013 Bluetooth\u00ae NFC Okuyucu\/Yaz\u0131c\u0131"},"content":{"rendered":"<h1>ACR1255U-J1 \u2013 Bluetooth\u00ae NFC Okuyucu\/Yaz\u0131c\u0131<\/h1>\n<p>ACR1255U-J1 ACS Secure Bluetooth\u00ae NFC Okuyucu\/Yaz\u0131c\u0131, mobil ak\u0131ll\u0131 kart ve NFC uygulamalar\u0131n\u0131 kolayl\u0131kla etkinle\u015ftirmek i\u00e7in tasarlanm\u0131\u015ft\u0131r. Geli\u015fmi\u015f 13,56 MHz temass\u0131z teknolojiyi Bluetooth\u00ae entegrasyonunun yan\u0131 s\u0131ra birle\u015ftiren bu cihaz, modern ta\u015f\u0131nabilir teknolojinin bir kan\u0131t\u0131d\u0131r. ISO 14443 Tip A ve B ak\u0131ll\u0131 kartlar, MIFARE\u00ae, FeliCa\u00ae ve \u00e7o\u011fu NFC etiketi ve dahil olmak \u00fczere \u00e7e\u015fitli formatlar\u0131 destekler. ISO 18092 standard\u0131n\u0131 kar\u015f\u0131layan cihazlar, ACR1255U-J1&#039;in \u00e7ok \u00e7e\u015fitli kullan\u0131mlara uygulanabilirli\u011fini sa\u011flar. Eri\u015fim kontrol\u00fc i\u00e7in dokunmadan kimlik do\u011frulamadan lojistik envanter y\u00f6netimine kadar uygulama yelpazesi \u00e7ok \u00e7e\u015fitlidir. ACR1255U-J1, ikili aray\u00fcz \u00f6zellikleri sunar. Mobil ba\u011flant\u0131 i\u00e7in Bluetooth olarak da bilinen Bluetooth D\u00fc\u015f\u00fck Enerjiyi (BLE) ve do\u011frudan bilgisayar etkile\u015fimleri i\u00e7in USB Tam H\u0131z\u0131n\u0131 kullan\u0131r. Cihaz, okuma\/yazma i\u015flemlerini 424 Kbps&#039;ye ula\u015fan h\u0131zlarda ger\u00e7ekle\u015ftirerek temass\u0131z ak\u0131ll\u0131 kartlar ve NFC cihazlar\u0131yla h\u0131zl\u0131 veri aktar\u0131m\u0131na olanak tan\u0131r. Hareket halindeyken yap\u0131lacak aktiviteler i\u00e7in tasarlanan ACR1255U-J1, kompakt bir yap\u0131ya sahiptir ve g\u00fcc\u00fcn\u00fc dahili \u015farj edilebilir Lityum \u0130yondan al\u0131r. pil. Ta\u015f\u0131nabilirli\u011fi, onu nerede olursan\u0131z olun \u00e7o\u011fu Bluetooth \u00f6zellikli ak\u0131ll\u0131 telefon ve tabletle \u00e7al\u0131\u015fmaya haz\u0131r bir ara\u00e7 haline getirir. Sahada y\u00fckseltilebilir \u00fcr\u00fcn yaz\u0131l\u0131m\u0131, ACR1255U-J1&#039;in ek bir avantaj\u0131d\u0131r ve h\u0131zl\u0131 tempoya ayak uydururken uygun maliyetli ve zaman tasarrufu sa\u011flayan avantajlar sunar. teknolojik ilerleme ve \u00e7e\u015fitli kullan\u0131c\u0131 gereksinimlerine uyum. AES-128 \u015fifrelemeyle g\u00fcvenli\u011fi sa\u011flanan NFC Bluetooth okuyucu, Android\u2122 (s\u00fcr\u00fcm 4.3 ve \u00fczeri), iOS (s\u00fcr\u00fcm 8.0 ve \u00fczeri) ve Windows\u00ae ( 7 ve \u00fczeri) ve Mac OS\u00ae (10.7 ve \u00fczeri). Masa\u00fcst\u00fc kullan\u0131m\u0131 i\u00e7in ACR1255U-J1&#039;in PC\/SC ve CCID uyumlulu\u011fu sayesinde Windows\u00ae y\u00fckl\u00fc bilgisayarlara kurulumu \u00e7ok kolayd\u0131r. Ayr\u0131ca Linux\u00ae ve Mac OS\u00ae s\u00fcr\u00fcc\u00fcleri ile uyumludur.<\/p>\n<ul>\n<li>\n<h2>Bluetooth\u00ae Aray\u00fcz\u00fc<\/h2>\n<\/li>\n<li>\n<h2>USB 2.0 Tam H\u0131zl\u0131 Aray\u00fcz<\/h2>\n<\/li>\n<li>\n<h2>G\u00fc\u00e7 kayna\u011f\u0131:<\/h2>\n<ul>\n<li>\n<h3>Pille \u00c7al\u0131\u015fan (USB Mini-B ba\u011flant\u0131 noktas\u0131 arac\u0131l\u0131\u011f\u0131yla \u015farj edilebilen bir Lityum iyon pil i\u00e7erir)<\/h3>\n<\/li>\n<li>\n<h3>USB ile G\u00fc\u00e7lendirilmi\u015f (PC ba\u011flant\u0131l\u0131 mod arac\u0131l\u0131\u011f\u0131yla)<\/h3>\n<\/li>\n<\/ul>\n<\/li>\n<li>\n<h2>CCID Uyumlulu\u011fu<\/h2>\n<\/li>\n<li>\n<h2>Ak\u0131ll\u0131 kart okuyucu:<\/h2>\n<ul>\n<li>\n<h3>Temass\u0131z Aray\u00fcz:<\/h3>\n<ul>\n<li>\n<h4>424 kbps&#039;ye kadar okuma\/yazma h\u0131z\u0131<\/h4>\n<\/li>\n<li>\n<h4>Temass\u0131z etiket eri\u015fimi i\u00e7in 60 mm&#039;ye kadar kart okuma mesafesine sahip Dahili Anten (etiket t\u00fcr\u00fcne ba\u011fl\u0131 olarak)<\/h4>\n<\/li>\n<li>\n<h4>ISO 14443 Tip A ve B kartlar\u0131, MIFARE, FeliCa ve 4 tip NFC (ISO\/IEC 18092) etiketinin t\u00fcm\u00fcn\u00fc destekler<\/h4>\n<\/li>\n<li>\n<h4>Yerle\u015fik \u00e7arp\u0131\u015fma \u00f6nleme \u00f6zelli\u011fi (herhangi bir zamanda yaln\u0131zca 1 etikete eri\u015filir)<\/h4>\n<\/li>\n<li>\n<h4>NFC Deste\u011fi<\/h4>\n<\/li>\n<li>\n<h4>Kart Okuyucu\/Yaz\u0131c\u0131 Modu<\/h4>\n<\/li>\n<\/ul>\n<\/li>\n<\/ul>\n<\/li>\n<li>\n<h2>Yerle\u015fik \u00c7evre Birimleri:<\/h2>\n<ul>\n<li>\n<h3>Kullan\u0131c\u0131 taraf\u0131ndan kontrol edilebilen iki renkli LED<\/h3>\n<\/li>\n<li>\n<h3>Kullan\u0131c\u0131 taraf\u0131ndan kontrol edilebilen buzzer<\/h3>\n<\/li>\n<\/ul>\n<\/li>\n<li>\n<h2>Uygulama programlama Aray\u00fcz\u00fc:<\/h2>\n<ul>\n<li>\n<h3>PC\/SC&#039;yi destekler<\/h3>\n<\/li>\n<li>\n<h3>CT-API&#039;yi destekler (PC\/SC&#039;nin \u00fcst\u00fcndeki sarmalay\u0131c\u0131 arac\u0131l\u0131\u011f\u0131yla)<\/h3>\n<\/li>\n<\/ul>\n<\/li>\n<li>\n<h2>USB Firmware Y\u00fckseltilebilirli\u011fi<\/h2>\n<\/li>\n<li>\n<h2>Android\u2122 4.3 ve sonraki s\u00fcr\u00fcmleri destekler<\/h2>\n<\/li>\n<li>\n<h2>\u0130OS 8.0 ve \u00fcst\u00fcn\u00fc destekler<\/h2>\n<\/li>\n<li>\n<table width=\"719\">\n<tbody>\n<tr>\n<td colspan=\"2\" width=\"719\">Fiziksel \u00f6zellikler<\/td>\n<\/tr>\n<tr>\n<td width=\"326\">Boyutlar (mm)<\/td>\n<td width=\"393\">85 mm (U) x 54 mm (G) x 10 mm (Y)<\/td>\n<\/tr>\n<tr>\n<td width=\"326\">A\u011f\u0131rl\u0131k (g)<\/td>\n<td width=\"393\">37,5 g (kablo ile 74,1 g \u00b1 5 g tolerans)<\/td>\n<\/tr>\n<tr>\n<td colspan=\"2\" width=\"719\">Bluetooth Aray\u00fcz\u00fc<\/td>\n<\/tr>\n<tr>\n<td width=\"326\">Protokol<\/td>\n<td width=\"393\">Bluetooth\u00ae(Bluetooth 4.0)<\/td>\n<\/tr>\n<tr>\n<td width=\"326\">G\u00fc\u00e7 kayna\u011f\u0131<\/td>\n<td width=\"393\">\u015earj Edilebilir Lityum \u0130yon Pil (USB \u00fczerinden \u015farj etme)<\/td>\n<\/tr>\n<tr>\n<td width=\"326\">H\u0131z<\/td>\n<td width=\"393\">1 Mb\/sn<\/td>\n<\/tr>\n<tr>\n<td colspan=\"2\" width=\"719\">USB arabirimi<\/td>\n<\/tr>\n<tr>\n<td width=\"326\">Protokol<\/td>\n<td width=\"393\">USB CCID&#039;si<\/td>\n<\/tr>\n<tr>\n<td width=\"326\">Ba\u011flay\u0131c\u0131 T\u00fcr\u00fc<\/td>\n<td width=\"393\">USB Mini-B<\/td>\n<\/tr>\n<tr>\n<td width=\"326\">G\u00fc\u00e7 kayna\u011f\u0131<\/td>\n<td width=\"393\">USB Ba\u011flant\u0131 Noktas\u0131ndan<\/td>\n<\/tr>\n<tr>\n<td width=\"326\">H\u0131z<\/td>\n<td width=\"393\">USB Tam H\u0131z (12 Mbps)<\/td>\n<\/tr>\n<tr>\n<td width=\"326\">Kablo uzunlu\u011fu<\/td>\n<td width=\"393\">1 m, Ayr\u0131labilir<\/td>\n<\/tr>\n<tr>\n<td colspan=\"2\" width=\"719\">Temass\u0131z Ak\u0131ll\u0131 Kart Aray\u00fcz\u00fc<\/td>\n<\/tr>\n<tr>\n<td width=\"326\">Standart<\/td>\n<td width=\"393\">ISO\/IEC 18092 NFC, ISO 14443 Tip A ve B, MIFARE, FeliCa<\/td>\n<\/tr>\n<tr>\n<td width=\"326\">Protokol<\/td>\n<td width=\"393\">ISO 14443-4 Uyumlu Kart, T=CL<br \/>\nMIFARE Klasik Kart, T=CL<br \/>\nISO 18092, NFC Etiketleri<br \/>\nFeliCa<\/td>\n<\/tr>\n<tr>\n<td colspan=\"2\" width=\"719\">Yerle\u015fik \u00c7evre Birimleri<\/td>\n<\/tr>\n<tr>\n<td width=\"326\">NEDEN OLMU\u015e<\/td>\n<td width=\"393\">2 \u00c7ift Renk: K\u0131rm\u0131z\u0131 ve Mavi, K\u0131rm\u0131z\u0131 ve Ye\u015fil<\/td>\n<\/tr>\n<tr>\n<td width=\"326\">Zil<\/td>\n<td width=\"393\">Monoton<\/td>\n<\/tr>\n<tr>\n<td colspan=\"2\" width=\"719\">Di\u011fer \u00f6zellikler<\/td>\n<\/tr>\n<tr>\n<td width=\"326\">\u015eifreleme<\/td>\n<td width=\"393\">Cihaz i\u00e7i AES \u015fifreleme algoritmas\u0131<\/td>\n<\/tr>\n<tr>\n<td width=\"326\">Ayg\u0131t Yaz\u0131l\u0131m\u0131 Y\u00fckseltmesi<\/td>\n<td width=\"393\">Destekleniyor<\/td>\n<\/tr>\n<tr>\n<td colspan=\"2\" width=\"719\">Sertifikalar\/Uyumluluk<\/td>\n<\/tr>\n<tr>\n<td rowspan=\"14\" width=\"326\">Sertifikalar\/Uyumluluk<\/td>\n<td>EN 60950\/IEC 60950<\/td>\n<\/tr>\n<tr>\n<td>ISO 18092<\/td>\n<\/tr>\n<tr>\n<td>ISO 14443<\/td>\n<\/tr>\n<tr>\n<td>USB Tam H\u0131z<\/td>\n<\/tr>\n<tr>\n<td>Bluetooth\u00ae<\/td>\n<\/tr>\n<tr>\n<td>PC\/SC<\/td>\n<\/tr>\n<tr>\n<td>CCID<\/td>\n<\/tr>\n<tr>\n<td>CE<\/td>\n<\/tr>\n<tr>\n<td>FCC<\/td>\n<\/tr>\n<tr>\n<td>RoHS<\/td>\n<\/tr>\n<tr>\n<td>ULA\u015eMAK<\/td>\n<\/tr>\n<tr>\n<td>VCCI (Japonya)<\/td>\n<\/tr>\n<tr>\n<td>BIS (Hindistan)<\/td>\n<\/tr>\n<tr>\n<td>Microsoft\u00ae WHQL<\/td>\n<\/tr>\n<tr>\n<td colspan=\"2\" width=\"719\">Ayg\u0131t S\u00fcr\u00fcc\u00fcs\u00fc \u0130\u015fletim Sistemi Deste\u011fi<\/td>\n<\/tr>\n<tr>\n<td rowspan=\"5\" width=\"326\">Ayg\u0131t S\u00fcr\u00fcc\u00fcs\u00fc \u0130\u015fletim Sistemi Deste\u011fi<\/td>\n<td width=\"393\">Windows\u00ae<\/td>\n<\/tr>\n<tr>\n<td width=\"393\">Linux\u00ae<\/td>\n<\/tr>\n<tr>\n<td width=\"393\">MAC OS\u00ae 10.7 ve \u00fczeri<\/td>\n<\/tr>\n<tr>\n<td width=\"393\">Android\u2122 4.3 ve \u00fczeri<\/td>\n<\/tr>\n<tr>\n<td width=\"393\">iOS 8.0 ve \u00fczeri<\/td>\n<\/tr>\n<\/tbody>\n<\/table>\n<\/li>\n<\/ul>","protected":false},"excerpt":{"rendered":"<p>ACR1255U-J1, ak\u0131ll\u0131 kartlar ve NFC cihazlar\u0131yla sorunsuz mobil ve masa\u00fcst\u00fc etkile\u015fimleri sa\u011flayan RFID teknolojisiyle donat\u0131lm\u0131\u015f \u00e7ok y\u00f6nl\u00fc bir Bluetooth\u00ae NFC Okuyucusudur.<\/p>","protected":false},"featured_media":1496,"template":"","meta":[],"product_brand":[],"product_cat":[38,40],"product_tag":[],"class_list":{"0":"post-1493","1":"product","2":"type-product","3":"status-publish","4":"has-post-thumbnail","6":"product_cat-mobile-ble-nfc-reader","7":"product_cat-rfid-nfc-reader","9":"first","10":"instock","11":"shipping-taxable","12":"product-type-simple"},"_links":{"self":[{"href":"https:\/\/nfc-readers.com\/tr\/wp-json\/wp\/v2\/product\/1493","targetHints":{"allow":["GET"]}}],"collection":[{"href":"https:\/\/nfc-readers.com\/tr\/wp-json\/wp\/v2\/product"}],"about":[{"href":"https:\/\/nfc-readers.com\/tr\/wp-json\/wp\/v2\/types\/product"}],"wp:featuredmedia":[{"embeddable":true,"href":"https:\/\/nfc-readers.com\/tr\/wp-json\/wp\/v2\/media\/1496"}],"wp:attachment":[{"href":"https:\/\/nfc-readers.com\/tr\/wp-json\/wp\/v2\/media?parent=1493"}],"wp:term":[{"taxonomy":"product_brand","embeddable":true,"href":"https:\/\/nfc-readers.com\/tr\/wp-json\/wp\/v2\/product_brand?post=1493"},{"taxonomy":"product_cat","embeddable":true,"href":"https:\/\/nfc-readers.com\/tr\/wp-json\/wp\/v2\/product_cat?post=1493"},{"taxonomy":"product_tag","embeddable":true,"href":"https:\/\/nfc-readers.com\/tr\/wp-json\/wp\/v2\/product_tag?post=1493"}],"curies":[{"name":"wp","href":"https:\/\/api.w.org\/{rel}","templated":true}]}}