{"id":1511,"date":"2024-04-07T02:55:34","date_gmt":"2024-04-07T02:55:34","guid":{"rendered":"https:\/\/nfc-readers.com\/?post_type=product&#038;p=1511"},"modified":"2024-10-16T08:11:19","modified_gmt":"2024-10-16T08:11:19","slug":"acr1311u-n2-nfc-bluetooth-reader","status":"publish","type":"product","link":"https:\/\/nfc-readers.com\/tr\/ic-reader\/acr1311u-n2-nfc-bluetooth-reader\/","title":{"rendered":"ACR1311U-N2 NFC Bluetooth okuyucu"},"content":{"rendered":"<h1>ACR1311U-N2 NFC Bluetooth okuyucu<\/h1>\n<p>ACR1311U-N2, uyarlanabilir ve verimli bir NFC okuyucu Bluetooth cihaz\u0131n\u0131 \u00f6rneklendirir. \u00c7e\u015fitli ak\u0131ll\u0131 kart ve NFC standartlar\u0131yla geni\u015f uyumlulu\u011fu, kullan\u0131c\u0131 dostu, y\u00fckseltilebilir ayg\u0131t yaz\u0131l\u0131m\u0131yla birle\u015fti\u011finde, \u00e7e\u015fitli RFID ve NFC uygulamalar\u0131na uygun, gelece\u011fe d\u00f6n\u00fck ve \u00e7ok i\u015flevli bir ara\u00e7 olarak \u00f6ne \u00e7\u0131kmas\u0131n\u0131 sa\u011flar.<\/p>\n<ul>\n<li><iframe loading=\"lazy\" title=\"ACR1311 Bluetooth NFC Okuyucu Yaz\u0131c\u0131\" width=\"1020\" height=\"574\" src=\"https:\/\/www.youtube.com\/embed\/gTAp1gC83Q8?feature=oembed\" frameborder=\"0\" allow=\"accelerometer; autoplay; clipboard-write; encrypted-media; gyroscope; picture-in-picture; web-share\" referrerpolicy=\"strict-origin-when-cross-origin\" allowfullscreen><\/iframe>\n<p>Bluetooth\u00ae Aray\u00fcz\u00fc<\/li>\n<li>\n<h2>USB 2.0 Tam H\u0131zl\u0131 Aray\u00fcz<\/h2>\n<\/li>\n<li>\n<h2>G\u00fc\u00e7 kayna\u011f\u0131:<\/h2>\n<ul>\n<li>\n<h3>Pille \u00c7al\u0131\u015fan (USB Mini-B ba\u011flant\u0131 noktas\u0131 arac\u0131l\u0131\u011f\u0131yla \u015farj edilebilen bir Lityum iyon pil i\u00e7erir)<\/h3>\n<\/li>\n<li>\n<h3>USB ile G\u00fc\u00e7lendirilmi\u015f (PC ba\u011flant\u0131l\u0131 mod arac\u0131l\u0131\u011f\u0131yla)<\/h3>\n<\/li>\n<\/ul>\n<\/li>\n<li>\n<h2>CCID Uyumlulu\u011fu<\/h2>\n<\/li>\n<li>\n<h2>Ak\u0131ll\u0131 kart okuyucu:<\/h2>\n<ul>\n<li>\n<h3>Temass\u0131z Aray\u00fcz:<\/h3>\n<ul>\n<li>\n<h4>424 kbps&#039;ye kadar okuma\/yazma h\u0131z\u0131<\/h4>\n<\/li>\n<li>\n<h4>Temass\u0131z etiket eri\u015fimi i\u00e7in 60 mm&#039;ye kadar kart okuma mesafesine sahip Dahili Anten (etiket t\u00fcr\u00fcne ba\u011fl\u0131 olarak)<\/h4>\n<\/li>\n<li>\n<h4>ISO 14443 Tip A ve B kartlar\u0131, MIFARE, FeliCa ve 4 tip NFC (ISO\/IEC 18092) etiketinin t\u00fcm\u00fcn\u00fc destekler<\/h4>\n<\/li>\n<li>\n<h4>Yerle\u015fik \u00e7arp\u0131\u015fma \u00f6nleme \u00f6zelli\u011fi (herhangi bir zamanda yaln\u0131zca 1 etikete eri\u015filir)<\/h4>\n<\/li>\n<li>\n<h4>NFC Deste\u011fi<\/h4>\n<\/li>\n<li>\n<h4>Kart Okuyucu\/Yaz\u0131c\u0131 Modu<\/h4>\n<\/li>\n<\/ul>\n<\/li>\n<\/ul>\n<\/li>\n<li>\n<h2>Yerle\u015fik \u00c7evre Birimleri:<\/h2>\n<ul>\n<li>\n<h3>Kullan\u0131c\u0131 taraf\u0131ndan kontrol edilebilen iki renkli LED<\/h3>\n<\/li>\n<li>\n<h3>Kullan\u0131c\u0131 taraf\u0131ndan kontrol edilebilen buzzer<\/h3>\n<\/li>\n<\/ul>\n<\/li>\n<li>\n<h2>Uygulama programlama Aray\u00fcz\u00fc:<\/h2>\n<ul>\n<li>\n<h3>PC\/SC&#039;yi destekler<\/h3>\n<\/li>\n<li>\n<h3>CT-API&#039;yi destekler (PC\/SC&#039;nin \u00fcst\u00fcndeki sarmalay\u0131c\u0131 arac\u0131l\u0131\u011f\u0131yla)<\/h3>\n<\/li>\n<\/ul>\n<\/li>\n<li>\n<h2>USB Firmware Y\u00fckseltilebilirli\u011fi<\/h2>\n<\/li>\n<li>\n<h2>Android\u2122 4.3 ve sonraki s\u00fcr\u00fcmleri destekler<\/h2>\n<\/li>\n<li>\n<h2>\u0130OS 8.0 ve \u00fcst\u00fcn\u00fc destekler<\/h2>\n<\/li>\n<\/ul>\n<p><iframe loading=\"lazy\" title=\"Kablosuz NFC Kart Okuyucu Yaz\u0131c\u0131 | ACR1311U N2\" width=\"1020\" height=\"574\" src=\"https:\/\/www.youtube.com\/embed\/mSzbe8xRJLQ?feature=oembed\" frameborder=\"0\" allow=\"accelerometer; autoplay; clipboard-write; encrypted-media; gyroscope; picture-in-picture; web-share\" referrerpolicy=\"strict-origin-when-cross-origin\" allowfullscreen><\/iframe><\/p>\n<ul>\n<li>\n<table style=\"height: 1029px;\" width=\"722\">\n<tbody>\n<tr>\n<td colspan=\"2\" width=\"775\">Fiziksel \u00f6zellikler<\/td>\n<\/tr>\n<tr>\n<td width=\"382\">Boyutlar (mm)<\/td>\n<td width=\"393\">60 mm (U) \u00d7 47,98 mm (G) \u00d7 12 mm (Y)<\/td>\n<\/tr>\n<tr>\n<td width=\"382\">A\u011f\u0131rl\u0131k (g)<\/td>\n<td width=\"393\">30g<\/td>\n<\/tr>\n<tr>\n<td colspan=\"2\" width=\"775\">Bluetooth Aray\u00fcz\u00fc<\/td>\n<\/tr>\n<tr>\n<td width=\"382\">Protokol<\/td>\n<td width=\"393\">Bluetooth\u00ae(Bluetooth 4.0)<\/td>\n<\/tr>\n<tr>\n<td width=\"382\">G\u00fc\u00e7 kayna\u011f\u0131<\/td>\n<td width=\"393\">\u015earj Edilebilir Lityum \u0130yon Pil (USB \u00fczerinden \u015farj etme)<\/td>\n<\/tr>\n<tr>\n<td width=\"382\">H\u0131z<\/td>\n<td width=\"393\">1 Mb\/sn<\/td>\n<\/tr>\n<tr>\n<td colspan=\"2\" width=\"775\">USB arabirimi<\/td>\n<\/tr>\n<tr>\n<td width=\"382\">Protokol<\/td>\n<td width=\"393\">USB CCID&#039;si<\/td>\n<\/tr>\n<tr>\n<td width=\"382\">Ba\u011flay\u0131c\u0131 T\u00fcr\u00fc<\/td>\n<td width=\"393\">USB Mikro<\/td>\n<\/tr>\n<tr>\n<td width=\"382\">G\u00fc\u00e7 kayna\u011f\u0131<\/td>\n<td width=\"393\">USB Ba\u011flant\u0131 Noktas\u0131ndan<\/td>\n<\/tr>\n<tr>\n<td width=\"382\">H\u0131z<\/td>\n<td width=\"393\">USB Tam H\u0131z (12 Mbps)<\/td>\n<\/tr>\n<tr>\n<td width=\"382\">Kablo uzunlu\u011fu<\/td>\n<td width=\"393\">1 m, Ayr\u0131labilir<\/td>\n<\/tr>\n<tr>\n<td colspan=\"2\" width=\"775\">Temass\u0131z Ak\u0131ll\u0131 Kart Aray\u00fcz\u00fc<\/td>\n<\/tr>\n<tr>\n<td width=\"382\">Standart<\/td>\n<td width=\"393\">ISO 14443 Tip A ve B, MIFARE, DESFire<\/td>\n<\/tr>\n<tr>\n<td width=\"382\">Protokol<\/td>\n<td width=\"393\">ISO14443-4 uyumlu kartlar i\u00e7in ISO 14443 T=CL ve MIFARE Classic 1K\/4K ve NFC etiketleri i\u00e7in T=CL Em\u00fclasyonu<\/td>\n<\/tr>\n<tr>\n<td colspan=\"2\" width=\"775\">Yerle\u015fik \u00c7evre Birimleri<\/td>\n<\/tr>\n<tr>\n<td width=\"382\">NEDEN OLMU\u015e<\/td>\n<td width=\"393\">2 \u00c7ift Renk: K\u0131rm\u0131z\u0131 ve Mavi, K\u0131rm\u0131z\u0131 ve Ye\u015fil<\/td>\n<\/tr>\n<tr>\n<td width=\"382\">Zil<\/td>\n<td width=\"393\">Monoton<\/td>\n<\/tr>\n<tr>\n<td colspan=\"2\" width=\"775\">Di\u011fer \u00f6zellikler<\/td>\n<\/tr>\n<tr>\n<td width=\"382\">Ayg\u0131t Yaz\u0131l\u0131m\u0131 Y\u00fckseltmesi<\/td>\n<td width=\"393\">Destekleniyor<\/td>\n<\/tr>\n<tr>\n<td colspan=\"2\" width=\"775\">Sertifikalar\/Uyumluluk<\/td>\n<\/tr>\n<tr>\n<td rowspan=\"9\" width=\"382\">Sertifikalar\/Uyumluluk<\/td>\n<td>EN 60950\/IEC 60950<\/td>\n<\/tr>\n<tr>\n<td>ISO 14443<\/td>\n<\/tr>\n<tr>\n<td>USB Tam H\u0131z<\/td>\n<\/tr>\n<tr>\n<td>Bluetooth\u00ae<\/td>\n<\/tr>\n<tr>\n<td>PC\/SC<\/td>\n<\/tr>\n<tr>\n<td>CCID<\/td>\n<\/tr>\n<tr>\n<td>RoHS2<\/td>\n<\/tr>\n<tr>\n<td>ULA\u015eMAK<\/td>\n<\/tr>\n<tr>\n<td>Microsoft\u00ae WHQL<\/td>\n<\/tr>\n<tr>\n<td colspan=\"2\" width=\"775\">Ayg\u0131t S\u00fcr\u00fcc\u00fcs\u00fc \u0130\u015fletim Sistemi Deste\u011fi<\/td>\n<\/tr>\n<tr>\n<td rowspan=\"5\" width=\"382\">Ayg\u0131t S\u00fcr\u00fcc\u00fcs\u00fc \u0130\u015fletim Sistemi Deste\u011fi<\/td>\n<td width=\"393\">Windows\u00ae<\/td>\n<\/tr>\n<tr>\n<td width=\"393\">Linux\u00ae<\/td>\n<\/tr>\n<tr>\n<td width=\"393\">MAC OS\u00ae 10.7 ve \u00fczeri<\/td>\n<\/tr>\n<tr>\n<td width=\"393\">Android\u2122 4.3 ve \u00fczeri<\/td>\n<\/tr>\n<tr>\n<td width=\"393\">iOS 8.0 ve \u00fczeri<\/td>\n<\/tr>\n<\/tbody>\n<\/table>\n<\/li>\n<\/ul>","protected":false},"excerpt":{"rendered":"<p>ACR1311U-N2, eri\u015fim kontrol\u00fc ve envanter y\u00f6netimi i\u00e7in RFID uygulamalar\u0131n\u0131 destekleyen \u00e7ok y\u00f6nl\u00fc bir Bluetooth NFC G\u00fcvenli Okuyucudur.<\/p>","protected":false},"featured_media":1507,"template":"","meta":[],"product_brand":[],"product_cat":[38,40],"product_tag":[],"class_list":{"0":"post-1511","1":"product","2":"type-product","3":"status-publish","4":"has-post-thumbnail","6":"product_cat-mobile-ble-nfc-reader","7":"product_cat-rfid-nfc-reader","9":"first","10":"instock","11":"shipping-taxable","12":"product-type-simple"},"_links":{"self":[{"href":"https:\/\/nfc-readers.com\/tr\/wp-json\/wp\/v2\/product\/1511","targetHints":{"allow":["GET"]}}],"collection":[{"href":"https:\/\/nfc-readers.com\/tr\/wp-json\/wp\/v2\/product"}],"about":[{"href":"https:\/\/nfc-readers.com\/tr\/wp-json\/wp\/v2\/types\/product"}],"wp:featuredmedia":[{"embeddable":true,"href":"https:\/\/nfc-readers.com\/tr\/wp-json\/wp\/v2\/media\/1507"}],"wp:attachment":[{"href":"https:\/\/nfc-readers.com\/tr\/wp-json\/wp\/v2\/media?parent=1511"}],"wp:term":[{"taxonomy":"product_brand","embeddable":true,"href":"https:\/\/nfc-readers.com\/tr\/wp-json\/wp\/v2\/product_brand?post=1511"},{"taxonomy":"product_cat","embeddable":true,"href":"https:\/\/nfc-readers.com\/tr\/wp-json\/wp\/v2\/product_cat?post=1511"},{"taxonomy":"product_tag","embeddable":true,"href":"https:\/\/nfc-readers.com\/tr\/wp-json\/wp\/v2\/product_tag?post=1511"}],"curies":[{"name":"wp","href":"https:\/\/api.w.org\/{rel}","templated":true}]}}