{"id":1512,"date":"2024-04-07T03:03:03","date_gmt":"2024-04-07T03:03:03","guid":{"rendered":"https:\/\/nfc-readers.com\/?post_type=product&#038;p=1512"},"modified":"2024-10-16T08:13:55","modified_gmt":"2024-10-16T08:13:55","slug":"acr35-nfc-mobilemate-card-reader","status":"publish","type":"product","link":"https:\/\/nfc-readers.com\/tr\/ic-reader\/acr35-nfc-mobilemate-card-reader\/","title":{"rendered":"ACR35 NFC MobileMate Kart Okuyucu"},"content":{"rendered":"<h1>ACR35 NFC MobileMate Kart Okuyucu<\/h1>\n<p>ACR35 NFC MobileMate Kart Okuyucu, g\u00fcvenli, kullan\u0131c\u0131 dostu bir deneyim sunan kompakt, \u015f\u0131k ve ta\u015f\u0131nabilir bir NFC okuyucudur. Geli\u015fmi\u015f \u015fifreleme \u00f6zellikleri ve \u015farj edilebilir g\u00fc\u00e7 kayna\u011f\u0131n\u0131n rahatl\u0131\u011f\u0131, onu g\u00fcvenli mobil i\u015flemler i\u00e7in de\u011ferli bir varl\u0131k haline getiriyor ve aktif kullan\u0131c\u0131lar i\u00e7in i\u015flevsellik ve ta\u015f\u0131nabilirli\u011fin m\u00fckemmel kar\u0131\u015f\u0131m\u0131n\u0131 b\u00fcnyesinde bar\u0131nd\u0131r\u0131yor.<\/p>\n<p>&nbsp;<\/p>\n<p>3,5 mm Ses Jak\u0131 Aray\u00fcz\u00fc<br \/>\nLityum iyon pille \u00e7al\u0131\u015f\u0131r (PC ba\u011flant\u0131l\u0131 mod arac\u0131l\u0131\u011f\u0131yla \u015farj edilebilir)<br \/>\nAk\u0131ll\u0131 kart okuyucu:<br \/>\nTemass\u0131z etiket eri\u015fimi i\u00e7in 50 mm&#039;ye kadar okuma mesafesine sahip dahili anten (etiket t\u00fcr\u00fcne ba\u011fl\u0131 olarak)<br \/>\nISO 14443 B\u00f6l\u00fcm 4 Tip A ve B kartlar\u0131n\u0131 destekler<br \/>\nMIFARE&#039;yi destekler<br \/>\nFeliCa&#039;y\u0131 destekler<br \/>\nISO 18092 Etiketlerini (NFC Etiketleri) destekler*<br \/>\nDahili \u00e7arp\u0131\u015fma \u00f6nleme \u00f6zelli\u011fi<br \/>\nNFC Deste\u011fi:<br \/>\nKart okuyucu\/yaz\u0131c\u0131 modu<br \/>\nManyetik \u015eeritli Kart Okuyucu:<br \/>\n\u0130ki par\u00e7aya kadar kart verisini okur (Par\u00e7a 1 \/ Par\u00e7a 2)<br \/>\n\u00c7ift y\u00f6nl\u00fc okuma \u00f6zelli\u011fi<br \/>\nAES128 \u015fifreleme algoritmas\u0131n\u0131 destekler<br \/>\nDUKPT Anahtar Y\u00f6netim Sistemini destekler<br \/>\nISO 7810\/7811 manyetik kartlar\u0131 destekler<br \/>\nY\u00fcksek Zorlay\u0131c\u0131 ve D\u00fc\u015f\u00fck Zorlay\u0131c\u0131 manyetik kartlar\u0131 destekler<br \/>\nJIS1 ve JIS2&#039;yi destekleyin<\/p>\n<table width=\"769\">\n<tbody>\n<tr>\n<td colspan=\"2\" width=\"769\">Fiziksel \u00f6zellikler<\/td>\n<\/tr>\n<tr>\n<td width=\"376\">Boyutlar (mm)<\/td>\n<td width=\"393\">60,0 mm (U) x 45,0 mm (G) x 13,3 mm (Y)<\/td>\n<\/tr>\n<tr>\n<td width=\"376\">A\u011f\u0131rl\u0131k (g)<\/td>\n<td width=\"393\">29,0 gr (pil ile)<\/td>\n<\/tr>\n<tr>\n<td colspan=\"2\" width=\"769\">Ses Jak\u0131 \u0130leti\u015fim Aray\u00fcz\u00fc<\/td>\n<\/tr>\n<tr>\n<td width=\"376\">Protokol<\/td>\n<td width=\"393\">\u00c7ift Y\u00f6nl\u00fc Ses Jak\u0131 Aray\u00fcz\u00fc<\/td>\n<\/tr>\n<tr>\n<td width=\"376\">Ba\u011flay\u0131c\u0131 T\u00fcr\u00fc<\/td>\n<td width=\"393\">3,5 mm 4 kutuplu Ses Jak\u0131<\/td>\n<\/tr>\n<tr>\n<td width=\"376\">G\u00fc\u00e7 kayna\u011f\u0131<\/td>\n<td width=\"393\">Pille \u00e7al\u0131\u015fan<\/td>\n<\/tr>\n<tr>\n<td colspan=\"2\" width=\"769\">USB arabirimi<\/td>\n<\/tr>\n<tr>\n<td width=\"376\">Ba\u011flay\u0131c\u0131 T\u00fcr\u00fc<\/td>\n<td width=\"393\">Mikro USB<\/td>\n<\/tr>\n<tr>\n<td width=\"376\">G\u00fc\u00e7 kayna\u011f\u0131<\/td>\n<td width=\"393\">USB Ba\u011flant\u0131 Noktas\u0131ndan<\/td>\n<\/tr>\n<tr>\n<td width=\"376\">Kablo uzunlu\u011fu<\/td>\n<td width=\"393\">1 m, Ayr\u0131labilir<\/td>\n<\/tr>\n<tr>\n<td colspan=\"2\" width=\"769\">Temass\u0131z Ak\u0131ll\u0131 Kart Aray\u00fcz\u00fc<\/td>\n<\/tr>\n<tr>\n<td width=\"376\">Standart<\/td>\n<td width=\"393\">ISO\/IEC 18092 NFC, ISO 14443 Tip A ve B, MIFARE, FeliCa<\/td>\n<\/tr>\n<tr>\n<td rowspan=\"4\" width=\"376\">Protokol<\/td>\n<td width=\"393\">ISO 14443-4 Uyumlu Kart, T=CL<\/td>\n<\/tr>\n<tr>\n<td width=\"393\">MIFARE Klasik Kart, T=CL<\/td>\n<\/tr>\n<tr>\n<td width=\"393\">ISO 18092, NFC Etiketleri<\/td>\n<\/tr>\n<tr>\n<td width=\"393\">FeliCa<\/td>\n<\/tr>\n<tr>\n<td colspan=\"2\" width=\"769\">Manyetik Kart Aray\u00fcz\u00fc<\/td>\n<\/tr>\n<tr>\n<td rowspan=\"2\" width=\"376\">Standart<\/td>\n<td width=\"393\">ISO 7810\/7811 Hi-Co ve Low-Co Manyetik Kartlar<\/td>\n<\/tr>\n<tr>\n<td width=\"393\">JIS 1 ve JIS 2<\/td>\n<\/tr>\n<tr>\n<td colspan=\"2\" width=\"769\">Di\u011fer \u00f6zellikler<\/td>\n<\/tr>\n<tr>\n<td rowspan=\"2\" width=\"376\">\u015eifreleme<\/td>\n<td width=\"393\">Cihaz i\u00e7i AES \u015fifreleme algoritmas\u0131<\/td>\n<\/tr>\n<tr>\n<td width=\"393\">DUKPT Anahtar Y\u00f6netim Sistemi<\/td>\n<\/tr>\n<tr>\n<td colspan=\"2\" width=\"769\">Sertifikalar\/Uyumluluk<\/td>\n<\/tr>\n<tr>\n<td rowspan=\"10\" width=\"376\">Sertifikalar\/Uyumluluk<\/td>\n<td>EN 60950\/IEC 60950<\/td>\n<\/tr>\n<tr>\n<td>ISO 7811<\/td>\n<\/tr>\n<tr>\n<td>ISO 18092<\/td>\n<\/tr>\n<tr>\n<td>ISO 14443<\/td>\n<\/tr>\n<tr>\n<td>VCCI (Japonya)<\/td>\n<\/tr>\n<tr>\n<td>KC (Kore)<\/td>\n<\/tr>\n<tr>\n<td>CE<\/td>\n<\/tr>\n<tr>\n<td>FCC<\/td>\n<\/tr>\n<tr>\n<td>RoHS2<\/td>\n<\/tr>\n<tr>\n<td>ULA\u015eMAK<\/td>\n<\/tr>\n<tr>\n<td colspan=\"2\" width=\"769\">Ayg\u0131t S\u00fcr\u00fcc\u00fcs\u00fc \u0130\u015fletim Sistemi Deste\u011fi<\/td>\n<\/tr>\n<tr>\n<td rowspan=\"2\" width=\"376\">Ayg\u0131t S\u00fcr\u00fcc\u00fcs\u00fc \u0130\u015fletim Sistemi Deste\u011fi<\/td>\n<td>Android\u2122 2.0 ve \u00fczeri<\/td>\n<\/tr>\n<tr>\n<td>iOS 5.0 ve \u00fczeri<\/td>\n<\/tr>\n<\/tbody>\n<\/table>","protected":false},"excerpt":{"rendered":"<p>ACR35 NFC MobileMate Reader, hareket halindeki kullan\u0131c\u0131lara g\u00fcvenli NFC i\u015flemleri sunarak mobil cihazlar\u0131 geli\u015ftiren ta\u015f\u0131nabilir bir temass\u0131z Okuyucudur.<\/p>","protected":false},"featured_media":1499,"template":"","meta":[],"product_brand":[],"product_cat":[38],"product_tag":[],"class_list":{"0":"post-1512","1":"product","2":"type-product","3":"status-publish","4":"has-post-thumbnail","6":"product_cat-mobile-ble-nfc-reader","8":"first","9":"instock","10":"shipping-taxable","11":"product-type-simple"},"_links":{"self":[{"href":"https:\/\/nfc-readers.com\/tr\/wp-json\/wp\/v2\/product\/1512","targetHints":{"allow":["GET"]}}],"collection":[{"href":"https:\/\/nfc-readers.com\/tr\/wp-json\/wp\/v2\/product"}],"about":[{"href":"https:\/\/nfc-readers.com\/tr\/wp-json\/wp\/v2\/types\/product"}],"wp:featuredmedia":[{"embeddable":true,"href":"https:\/\/nfc-readers.com\/tr\/wp-json\/wp\/v2\/media\/1499"}],"wp:attachment":[{"href":"https:\/\/nfc-readers.com\/tr\/wp-json\/wp\/v2\/media?parent=1512"}],"wp:term":[{"taxonomy":"product_brand","embeddable":true,"href":"https:\/\/nfc-readers.com\/tr\/wp-json\/wp\/v2\/product_brand?post=1512"},{"taxonomy":"product_cat","embeddable":true,"href":"https:\/\/nfc-readers.com\/tr\/wp-json\/wp\/v2\/product_cat?post=1512"},{"taxonomy":"product_tag","embeddable":true,"href":"https:\/\/nfc-readers.com\/tr\/wp-json\/wp\/v2\/product_tag?post=1512"}],"curies":[{"name":"wp","href":"https:\/\/api.w.org\/{rel}","templated":true}]}}