{"id":1527,"date":"2024-04-07T04:11:14","date_gmt":"2024-04-07T04:11:14","guid":{"rendered":"https:\/\/nfc-readers.com\/?post_type=product&#038;p=1527"},"modified":"2024-10-16T08:04:40","modified_gmt":"2024-10-16T08:04:40","slug":"acr39u-nf-pocketmate-ii-usb-type-c-smart-card-reader","status":"publish","type":"product","link":"https:\/\/nfc-readers.com\/tr\/ic-reader\/acr39u-nf-pocketmate-ii-usb-type-c-smart-card-reader\/","title":{"rendered":"ACR39U-NF PocketMate II (USB Type-C) Ak\u0131ll\u0131 Kart Okuyucu"},"content":{"rendered":"<h1>ACR39U-NF PocketMate II (USB Type-C) Ak\u0131ll\u0131 Kart Okuyucu<\/h1>\n<p>ACR39 PocketMate II, geni\u015f bir yelpazedeki g\u00fcvenli uygulamalara hitap eden kompakt ama sa\u011flam bir ta\u015f\u0131nabilir NFC okuyucu ve Ak\u0131ll\u0131 Kart Okuyucu \u00e7\u00f6z\u00fcm\u00fcn\u00fc temsil eder. Son teknoloji \u00fcr\u00fcn\u00fc USB Tip C ba\u011flant\u0131s\u0131, geni\u015f kart deste\u011fi ve \u00e7oklu platform entegrasyonu, onu hem bilgisayar hem de mobil alanlarda g\u00fcvenli ve esnek i\u015flemler i\u00e7in vazge\u00e7ilmez bir ara\u00e7 haline getiriyor.<\/p>\n<ul>\n<li>\n<h2>USB 2.0 Tam H\u0131zl\u0131 Aray\u00fcz<\/h2>\n<\/li>\n<li>\n<h2>USB Tip-C Konekt\u00f6r\u00fc<\/h2>\n<\/li>\n<li>\n<h2>Tak ve \u00c7al\u0131\u015ft\u0131r \u2013 CCID deste\u011fi en \u00fcst d\u00fczeyde mobilite sa\u011flar<\/h2>\n<\/li>\n<li>\n<h2>D\u00f6ner Hareket Tasar\u0131m\u0131<\/h2>\n<\/li>\n<li>\n<h2>Ak\u0131ll\u0131 kart okuyucu:<\/h2>\n<ul>\n<li>\n<h3>ISO 7816 S\u0131n\u0131f A, B ve C (5 V, 3 V, 1,8 V) kartlar\u0131 destekler<\/h3>\n<\/li>\n<li>\n<h3>CAC&#039;yi destekler<\/h3>\n<\/li>\n<li>\n<h3>SIPRNET Kart\u0131n\u0131 destekler<\/h3>\n<\/li>\n<li>\n<h3>J-LIS Kart\u0131n\u0131 destekler<\/h3>\n<\/li>\n<li>\n<h3>Mykad Kart\u0131n\u0131 destekler<\/h3>\n<\/li>\n<li>\n<h3>T=0 veya T=1 protokoll\u00fc mikroi\u015flemci kartlar\u0131n\u0131 destekler<\/h3>\n<\/li>\n<li>\n<h3>Haf\u0131za kartlar\u0131n\u0131 destekler<\/h3>\n<\/li>\n<li>\n<h3>PPS&#039;yi (Protokol ve Parametre Se\u00e7imi) destekler<\/h3>\n<\/li>\n<li>\n<h3>K\u0131sa Devre Korumas\u0131 \u00d6zellikleri<\/h3>\n<\/li>\n<\/ul>\n<\/li>\n<li>\n<h2>Uygulama programlama Aray\u00fcz\u00fc:<\/h2>\n<ul>\n<li>\n<h3>PC\/SC&#039;yi destekler<\/h3>\n<\/li>\n<li>\n<h3>CT-API CT-API&#039;yi destekler (PC\/SC&#039;nin \u00fcst\u00fcndeki sarmalay\u0131c\u0131 arac\u0131l\u0131\u011f\u0131yla)<\/h3>\n<\/li>\n<\/ul>\n<\/li>\n<li>\n<h2>Android\u2122 3.1 ve \u00fczerini destekler<\/h2>\n<\/li>\n<li>\n<div>\n<table width=\"719\">\n<tbody>\n<tr>\n<td colspan=\"2\" width=\"719\">Fiziksel \u00f6zellikler<\/td>\n<\/tr>\n<tr>\n<td width=\"326\">Boyutlar (mm)<\/td>\n<td width=\"393\">58,0 mm (U) x 20,0 mm (G) x13,9 mm (Y)<\/td>\n<\/tr>\n<tr>\n<td width=\"326\">A\u011f\u0131rl\u0131k (g)<\/td>\n<td width=\"393\">10 gr<\/td>\n<\/tr>\n<tr>\n<td colspan=\"2\" width=\"719\">USB arabirimi<\/td>\n<\/tr>\n<tr>\n<td width=\"326\">Protokol<\/td>\n<td width=\"393\">USB CCID&#039;si<\/td>\n<\/tr>\n<tr>\n<td width=\"326\">Ba\u011flay\u0131c\u0131 T\u00fcr\u00fc<\/td>\n<td width=\"393\">Standart Tip C<\/td>\n<\/tr>\n<tr>\n<td width=\"326\">G\u00fc\u00e7 kayna\u011f\u0131<\/td>\n<td width=\"393\">USB ba\u011flant\u0131 noktas\u0131ndan<\/td>\n<\/tr>\n<tr>\n<td width=\"326\">H\u0131z<\/td>\n<td width=\"393\">USB Tam H\u0131z (12 Mbps)<\/td>\n<\/tr>\n<tr>\n<td colspan=\"2\" width=\"719\">Ak\u0131ll\u0131 Kart Aray\u00fcz\u00fc ile ileti\u015fime ge\u00e7in<\/td>\n<\/tr>\n<tr>\n<td width=\"326\">Slot Say\u0131s\u0131<\/td>\n<td width=\"393\">1 Tam Boyutlu Kart Yuvas\u0131<\/td>\n<\/tr>\n<tr>\n<td width=\"326\">Standart<\/td>\n<td width=\"393\">ISO 7816 Par\u00e7a 1-3, S\u0131n\u0131f A, B, C (5 V, 3 V, 1,8 V)<\/td>\n<\/tr>\n<tr>\n<td width=\"326\">Protokol<\/td>\n<td width=\"393\">T=0; T=1; Haf\u0131za Kart\u0131 Deste\u011fi<\/td>\n<\/tr>\n<tr>\n<td width=\"326\">Di\u011ferleri<\/td>\n<td width=\"393\">CAC, PIV, SIPRNET, J-LIS Ak\u0131ll\u0131 Kartlar<\/td>\n<\/tr>\n<tr>\n<td colspan=\"2\" width=\"719\">Sertifikalar\/Uyumluluk<\/td>\n<\/tr>\n<tr>\n<td rowspan=\"16\" width=\"326\">Sertifikalar\/Uyumluluk<\/td>\n<td>EN 60950\/IEC 60950<\/td>\n<\/tr>\n<tr>\n<td>ISO 7816<\/td>\n<\/tr>\n<tr>\n<td>USB Tam H\u0131z<\/td>\n<\/tr>\n<tr>\n<td>EMV\u2122 Seviye 1 (\u0130leti\u015fim)<\/td>\n<\/tr>\n<tr>\n<td>PC\/SC<\/td>\n<\/tr>\n<tr>\n<td>CCID<\/td>\n<\/tr>\n<tr>\n<td>TAA (ABD)<\/td>\n<\/tr>\n<tr>\n<td>VCCI (Japonya)<\/td>\n<\/tr>\n<tr>\n<td>J-LIS (Japonya)<\/td>\n<\/tr>\n<tr>\n<td>PBOC (\u00c7in)<\/td>\n<\/tr>\n<tr>\n<td>CE<\/td>\n<\/tr>\n<tr>\n<td>FCC<\/td>\n<\/tr>\n<tr>\n<td>WEEE<\/td>\n<\/tr>\n<tr>\n<td>RoHS2<\/td>\n<\/tr>\n<tr>\n<td>ULA\u015eMAK<\/td>\n<\/tr>\n<tr>\n<td>Microsoft\u00ae WHQL<\/td>\n<\/tr>\n<tr>\n<td colspan=\"2\" width=\"719\">Ayg\u0131t S\u00fcr\u00fcc\u00fcs\u00fc \u0130\u015fletim Sistemi Deste\u011fi<\/td>\n<\/tr>\n<tr>\n<td rowspan=\"5\" width=\"326\">Ayg\u0131t S\u00fcr\u00fcc\u00fcs\u00fc \u0130\u015fletim Sistemi Deste\u011fi<\/td>\n<td>Windows\u00ae<\/td>\n<\/tr>\n<tr>\n<td>Linux\u00ae<\/td>\n<\/tr>\n<tr>\n<td>MAC OS\u00ae<\/td>\n<\/tr>\n<tr>\n<td>Solaris<\/td>\n<\/tr>\n<tr>\n<td>Android\u2122 3.1 ve \u00fczeri<\/td>\n<\/tr>\n<\/tbody>\n<\/table>\n<\/div>\n<\/li>\n<\/ul>","protected":false},"excerpt":{"rendered":"<p>ACR39U PocketMate II, dijital imzalar ve g\u00fcvenli bankac\u0131l\u0131k da dahil olmak \u00fczere ak\u0131ll\u0131 kart uygulamalar\u0131 i\u00e7in y\u00fcksek h\u0131zl\u0131 performans sunan kompakt bir USB Type C G\u00fcvenli Okuyucudur.<\/p>","protected":false},"featured_media":1530,"template":"","meta":[],"product_brand":[],"product_cat":[39],"product_tag":[],"class_list":{"0":"post-1527","1":"product","2":"type-product","3":"status-publish","4":"has-post-thumbnail","6":"product_cat-usb-ic-smartcard-reader","8":"first","9":"instock","10":"shipping-taxable","11":"product-type-simple"},"_links":{"self":[{"href":"https:\/\/nfc-readers.com\/tr\/wp-json\/wp\/v2\/product\/1527","targetHints":{"allow":["GET"]}}],"collection":[{"href":"https:\/\/nfc-readers.com\/tr\/wp-json\/wp\/v2\/product"}],"about":[{"href":"https:\/\/nfc-readers.com\/tr\/wp-json\/wp\/v2\/types\/product"}],"wp:featuredmedia":[{"embeddable":true,"href":"https:\/\/nfc-readers.com\/tr\/wp-json\/wp\/v2\/media\/1530"}],"wp:attachment":[{"href":"https:\/\/nfc-readers.com\/tr\/wp-json\/wp\/v2\/media?parent=1527"}],"wp:term":[{"taxonomy":"product_brand","embeddable":true,"href":"https:\/\/nfc-readers.com\/tr\/wp-json\/wp\/v2\/product_brand?post=1527"},{"taxonomy":"product_cat","embeddable":true,"href":"https:\/\/nfc-readers.com\/tr\/wp-json\/wp\/v2\/product_cat?post=1527"},{"taxonomy":"product_tag","embeddable":true,"href":"https:\/\/nfc-readers.com\/tr\/wp-json\/wp\/v2\/product_tag?post=1527"}],"curies":[{"name":"wp","href":"https:\/\/api.w.org\/{rel}","templated":true}]}}