{"id":1537,"date":"2024-04-07T06:01:23","date_gmt":"2024-04-07T06:01:23","guid":{"rendered":"https:\/\/nfc-readers.com\/?post_type=product&#038;p=1537"},"modified":"2024-10-16T07:57:49","modified_gmt":"2024-10-16T07:57:49","slug":"acr3901u-s1-bluetooth-smart-card-reader-writer","status":"publish","type":"product","link":"https:\/\/nfc-readers.com\/tr\/ic-reader\/acr3901u-s1-bluetooth-smart-card-reader-writer\/","title":{"rendered":"ACR3901U-S1 Bluetooth\u00ae Ak\u0131ll\u0131 Kart Okuyucu \u2013 Yaz\u0131c\u0131"},"content":{"rendered":"<h1>ACR3901U-S1 Bluetooth\u00ae Ak\u0131ll\u0131 Kart Okuyucu \u2013 Yaz\u0131c\u0131<\/h1>\n<p>ACR3901U-S1, kendisini modern teknoloji merakl\u0131s\u0131 bireyler i\u00e7in \u00e7ok uygun, y\u00fcksek teknolojili, nfc okuyuculu bir bluetooth olarak sunar. Ak\u0131ll\u0131 kartlar ve ki\u015fisel cihazlarla geni\u015f uyumluluk sa\u011flar, h\u0131zl\u0131 veri aktar\u0131m h\u0131zlar\u0131n\u0131 ta\u015f\u0131nabilirlik ile e\u015fle\u015ftirir, kablosuz Bluetooth \u00f6zelli\u011fi sayesinde g\u00fcvenli ve esnek ak\u0131ll\u0131 kart i\u015flemleri talep edenler i\u00e7in vazge\u00e7ilmez bir ara\u00e7 haline gelir.<\/p>\n<ul>\n<li>\n<h2>Bluetooth\u00ae Aray\u00fcz\u00fc<\/h2>\n<\/li>\n<li>\n<h2>USB 2.0 Tam H\u0131zl\u0131 Aray\u00fcz<\/h2>\n<\/li>\n<li>\n<h2>G\u00fc\u00e7 kayna\u011f\u0131<\/h2>\n<ul>\n<li>\n<h3>Pille \u00c7al\u0131\u015fan (Mikro USB ba\u011flant\u0131 noktas\u0131 arac\u0131l\u0131\u011f\u0131yla \u015farj edilebilen bir Lityum iyon pil i\u00e7erir)<\/h3>\n<\/li>\n<li>\n<h3>USB ile G\u00fc\u00e7lendirilmi\u015f (PC ba\u011flant\u0131l\u0131 mod arac\u0131l\u0131\u011f\u0131yla)<\/h3>\n<\/li>\n<\/ul>\n<\/li>\n<li>\n<h2>CCID Uyumlulu\u011fu<\/h2>\n<\/li>\n<li>\n<h2>Ak\u0131ll\u0131 kart okuyucu:<\/h2>\n<ul>\n<li>\n<h3>\u0130leti\u015fim Aray\u00fcz\u00fc:<\/h3>\n<ul>\n<li>\n<h4>ISO 7816 S\u0131n\u0131f A, B ve C (5 V, 3 V, 1,8 V) kartlar\u0131 destekler<\/h4>\n<\/li>\n<li>\n<h4>T=0 veya T=1 protokoll\u00fc mikroi\u015flemci kartlar\u0131n\u0131 destekler<\/h4>\n<\/li>\n<li>\n<h4>Haf\u0131za kartlar\u0131n\u0131 destekler<\/h4>\n<\/li>\n<li>\n<h4>PPS&#039;yi (Protokol ve Parametre Se\u00e7imi) destekler<\/h4>\n<\/li>\n<li>\n<h4>K\u0131sa Devre Korumas\u0131 \u00d6zellikleri<\/h4>\n<\/li>\n<li>\n<h4>AES-128 \u015fifreleme algoritmas\u0131n\u0131 destekler<\/h4>\n<\/li>\n<\/ul>\n<\/li>\n<\/ul>\n<\/li>\n<li>\n<h2>Dahili \u00c7evre Birimi:<\/h2>\n<ul>\n<li>\n<h3>\u00dc\u00e7 adet tek renkli LED<\/h3>\n<\/li>\n<\/ul>\n<\/li>\n<li>\n<h2>Uygulama programlama Aray\u00fcz\u00fc:<\/h2>\n<ul>\n<li>\n<h3>PC\/SC&#039;yi destekler<\/h3>\n<\/li>\n<li>\n<h3>CT-API&#039;yi destekler (PC\/SC&#039;nin \u00fcst\u00fcndeki sarmalay\u0131c\u0131 arac\u0131l\u0131\u011f\u0131yla)<\/h3>\n<\/li>\n<\/ul>\n<\/li>\n<li>\n<h2>USB Firmware Y\u00fckseltilebilirli\u011fi<\/h2>\n<\/li>\n<li>\n<h2>Android\u2122 4.3 ve sonraki s\u00fcr\u00fcmleri destekler<\/h2>\n<\/li>\n<li>\n<h2>\u0130OS 8.0 ve \u00fcst\u00fcn\u00fc destekler<\/h2>\n<\/li>\n<li>\n<div>\n<table width=\"556\">\n<tbody>\n<tr>\n<td colspan=\"2\" width=\"556\">Fiziksel \u00f6zellikler<\/td>\n<\/tr>\n<tr>\n<td width=\"190\">Boyutlar (mm)<\/td>\n<td width=\"366\">94 mm (U) \u00d7 60 mm (G) \u00d7 12 mm (Y)<\/td>\n<\/tr>\n<tr>\n<td width=\"190\">A\u011f\u0131rl\u0131k (g)<\/td>\n<td width=\"366\">30,8 g (kablo ile 59,7 g \u00b1 5 g tolerans)<\/td>\n<\/tr>\n<tr>\n<td colspan=\"2\" width=\"556\">Bluetooth Aray\u00fcz\u00fc<\/td>\n<\/tr>\n<tr>\n<td width=\"190\">Protokol<\/td>\n<td width=\"366\">Bluetooth\u00ae (Bluetooth D\u00fc\u015f\u00fck Enerji \/ Bluetooth 4.0)<\/td>\n<\/tr>\n<tr>\n<td width=\"190\">G\u00fc\u00e7 kayna\u011f\u0131<\/td>\n<td width=\"366\">\u015earj Edilebilir Lityum \u0130yon Pil (USB \u00fczerinden \u015farj etme)<\/td>\n<\/tr>\n<tr>\n<td width=\"190\">H\u0131z<\/td>\n<td width=\"366\">1 Mb\/sn<\/td>\n<\/tr>\n<tr>\n<td colspan=\"2\" width=\"556\">USB arabirimi<\/td>\n<\/tr>\n<tr>\n<td width=\"190\">Protokol<\/td>\n<td width=\"366\">USB CCID&#039;si<\/td>\n<\/tr>\n<tr>\n<td width=\"190\">Ba\u011flay\u0131c\u0131 T\u00fcr\u00fc<\/td>\n<td width=\"366\">Mikro USB<\/td>\n<\/tr>\n<tr>\n<td width=\"190\">G\u00fc\u00e7 kayna\u011f\u0131<\/td>\n<td width=\"366\">USB ba\u011flant\u0131 noktas\u0131ndan<\/td>\n<\/tr>\n<tr>\n<td width=\"190\">H\u0131z<\/td>\n<td width=\"366\">USB Tam H\u0131z (12 Mbps)<\/td>\n<\/tr>\n<tr>\n<td width=\"190\">Kablo uzunlu\u011fu<\/td>\n<td width=\"366\">1 m, Ayr\u0131labilir<\/td>\n<\/tr>\n<tr>\n<td colspan=\"2\" width=\"556\">Ak\u0131ll\u0131 Kart Aray\u00fcz\u00fc ile ileti\u015fime ge\u00e7in<\/td>\n<\/tr>\n<tr>\n<td width=\"190\">Slot Say\u0131s\u0131<\/td>\n<td width=\"366\">1 Tam Boyutlu Kart Yuvas\u0131<\/td>\n<\/tr>\n<tr>\n<td width=\"190\">Standart<\/td>\n<td width=\"366\">ISO 7816 Par\u00e7a 1-4, S\u0131n\u0131f A, B, C (5 V, 3 V, 1,8 V)<\/td>\n<\/tr>\n<tr>\n<td width=\"190\">Protokol<\/td>\n<td width=\"366\">T=0; T=1; Haf\u0131za Kart\u0131 Deste\u011fi<\/td>\n<\/tr>\n<tr>\n<td colspan=\"2\" width=\"556\">Yerle\u015fik \u00c7evre Birimleri<\/td>\n<\/tr>\n<tr>\n<td width=\"190\">NEDEN OLMU\u015e<\/td>\n<td width=\"366\">3 tek renk: K\u0131rm\u0131z\u0131, Mavi ve Ye\u015fil<\/td>\n<\/tr>\n<tr>\n<td colspan=\"2\" width=\"556\">Di\u011fer \u00f6zellikler<\/td>\n<\/tr>\n<tr>\n<td width=\"190\">\u015eifreleme<\/td>\n<td width=\"366\">Cihaz i\u00e7i AES \u015fifreleme algoritmas\u0131<\/td>\n<\/tr>\n<tr>\n<td width=\"190\">Ayg\u0131t Yaz\u0131l\u0131m\u0131 Y\u00fckseltmesi<\/td>\n<td width=\"366\">Destekleniyor<\/td>\n<\/tr>\n<tr>\n<td colspan=\"2\" width=\"556\">Sertifikalar\/Uyumluluk<\/td>\n<\/tr>\n<tr>\n<td rowspan=\"14\" width=\"190\">Sertifikalar\/Uyumluluk<\/td>\n<td width=\"366\">EN 60950\/IEC 60950<\/td>\n<\/tr>\n<tr>\n<td width=\"366\">ISO 7816<\/td>\n<\/tr>\n<tr>\n<td width=\"366\">USB Tam H\u0131z<\/td>\n<\/tr>\n<tr>\n<td width=\"366\">Bluetooth\u00ae<\/td>\n<\/tr>\n<tr>\n<td width=\"366\">EMV\u2122 Seviye 1 (\u0130leti\u015fim)<\/td>\n<\/tr>\n<tr>\n<td width=\"366\">PC\/SC<\/td>\n<\/tr>\n<tr>\n<td width=\"366\">CCID<\/td>\n<\/tr>\n<tr>\n<td width=\"366\">CE<\/td>\n<\/tr>\n<tr>\n<td width=\"366\">FCC<\/td>\n<\/tr>\n<tr>\n<td width=\"366\">RoHS<\/td>\n<\/tr>\n<tr>\n<td width=\"366\">ULA\u015eMAK<\/td>\n<\/tr>\n<tr>\n<td width=\"366\">VCCI (Japonya)<\/td>\n<\/tr>\n<tr>\n<td width=\"366\">MIC (Japonya)<\/td>\n<\/tr>\n<tr>\n<td width=\"366\">Microsoft\u00ae WHQL<\/td>\n<\/tr>\n<tr>\n<td colspan=\"2\" width=\"556\">Ayg\u0131t S\u00fcr\u00fcc\u00fcs\u00fc \u0130\u015fletim Sistemi Deste\u011fi<\/td>\n<\/tr>\n<tr>\n<td rowspan=\"5\" width=\"190\">Ayg\u0131t S\u00fcr\u00fcc\u00fcs\u00fc \u0130\u015fletim Sistemi Deste\u011fi<\/td>\n<td width=\"366\">Windows\u00ae<\/td>\n<\/tr>\n<tr>\n<td width=\"366\">Linux\u00ae<\/td>\n<\/tr>\n<tr>\n<td width=\"366\">MAC OS\u00ae 10.7 ve \u00fczeri<\/td>\n<\/tr>\n<tr>\n<td width=\"366\">Android\u2122 4.3 ve \u00fczeri<\/td>\n<\/tr>\n<tr>\n<td width=\"366\">iOS 8.0 ve \u00fczeri<\/td>\n<\/tr>\n<\/tbody>\n<\/table>\n<\/div>\n<\/li>\n<\/ul>","protected":false},"excerpt":{"rendered":"<p>ACR3901U-S1, hareket halindeyken ak\u0131ll\u0131 kart uygulamalar\u0131 i\u00e7in y\u00fcksek h\u0131zl\u0131 performans sunan ta\u015f\u0131nabilir bir USB G\u00fcvenli Okuyucu ve Bluetooth\u00ae Temasl\u0131 Okuyucudur.<\/p>","protected":false},"featured_media":1538,"template":"","meta":[],"product_brand":[],"product_cat":[39],"product_tag":[],"class_list":{"0":"post-1537","1":"product","2":"type-product","3":"status-publish","4":"has-post-thumbnail","6":"product_cat-usb-ic-smartcard-reader","8":"first","9":"instock","10":"shipping-taxable","11":"product-type-simple"},"_links":{"self":[{"href":"https:\/\/nfc-readers.com\/tr\/wp-json\/wp\/v2\/product\/1537","targetHints":{"allow":["GET"]}}],"collection":[{"href":"https:\/\/nfc-readers.com\/tr\/wp-json\/wp\/v2\/product"}],"about":[{"href":"https:\/\/nfc-readers.com\/tr\/wp-json\/wp\/v2\/types\/product"}],"wp:featuredmedia":[{"embeddable":true,"href":"https:\/\/nfc-readers.com\/tr\/wp-json\/wp\/v2\/media\/1538"}],"wp:attachment":[{"href":"https:\/\/nfc-readers.com\/tr\/wp-json\/wp\/v2\/media?parent=1537"}],"wp:term":[{"taxonomy":"product_brand","embeddable":true,"href":"https:\/\/nfc-readers.com\/tr\/wp-json\/wp\/v2\/product_brand?post=1537"},{"taxonomy":"product_cat","embeddable":true,"href":"https:\/\/nfc-readers.com\/tr\/wp-json\/wp\/v2\/product_cat?post=1537"},{"taxonomy":"product_tag","embeddable":true,"href":"https:\/\/nfc-readers.com\/tr\/wp-json\/wp\/v2\/product_tag?post=1537"}],"curies":[{"name":"wp","href":"https:\/\/api.w.org\/{rel}","templated":true}]}}