{"id":1542,"date":"2024-04-07T06:09:00","date_gmt":"2024-04-07T06:09:00","guid":{"rendered":"https:\/\/nfc-readers.com\/?post_type=product&#038;p=1542"},"modified":"2024-10-16T07:16:12","modified_gmt":"2024-10-16T07:16:12","slug":"acr122u-nfc-reader-writer","status":"publish","type":"product","link":"https:\/\/nfc-readers.com\/tr\/ic-reader\/acr122u-nfc-reader-writer\/","title":{"rendered":"ACR122U NFC okuyucu yaz\u0131c\u0131"},"content":{"rendered":"<h1>ACR122U NFC okuyucu yaz\u0131c\u0131<\/h1>\n<p><span style=\"color: #555555;\">ACR122U, geni\u015f kart uyumlulu\u011fu, entegrasyon kolayl\u0131\u011f\u0131 ve h\u0131zl\u0131 \u00e7al\u0131\u015fma h\u0131zlar\u0131yla \u00f6ne \u00e7\u0131kan, birinci s\u0131n\u0131f bir NFC kart okuyucu ve yaz\u0131c\u0131d\u0131r. NFC okuyucu \u00f6zelliklerine sahip, g\u00fcvenli, kullan\u0131c\u0131 dostu bir POS terminali g\u00f6revi g\u00f6r\u00fcr. Geli\u015ftirici dostu SDK, dayan\u0131kl\u0131 form fakt\u00f6r\u00fc ve sa\u011flam \u015fifreleme gibi ek \u00f6zelliklerle g\u00fc\u00e7lendirilen ACR122U, operasyonel altyap\u0131lar\u0131nda geli\u015fmi\u015f ve g\u00fcvenli temass\u0131z etkile\u015fime ihtiya\u00e7 duyan herkes i\u00e7in eksiksiz, g\u00fcvenilir bir \u00e7\u00f6z\u00fcm anlam\u0131na gelir.<\/span><\/p>\n<p><iframe loading=\"lazy\" title=\"ACR122U NFC Okuyucu Yaz\u0131c\u0131\" width=\"1020\" height=\"574\" src=\"https:\/\/www.youtube.com\/embed\/uWYpJXXT7_Q?feature=oembed\" frameborder=\"0\" allow=\"accelerometer; autoplay; clipboard-write; encrypted-media; gyroscope; picture-in-picture; web-share\" referrerpolicy=\"strict-origin-when-cross-origin\" allowfullscreen><\/iframe><\/p>\n<ul>\n<li>\n<h2>USB Tam H\u0131zl\u0131 Aray\u00fcz<\/h2>\n<\/li>\n<li>\n<h2>CCID Uyumlulu\u011fu<\/h2>\n<\/li>\n<li>\n<h2>Ak\u0131ll\u0131 kart okuyucu:<\/h2>\n<ul>\n<li>\n<h3>Temass\u0131z Aray\u00fcz:<\/h3>\n<ul>\n<li>\n<h4>424 kbps&#039;ye kadar okuma\/yazma h\u0131z\u0131<\/h4>\n<\/li>\n<li>\n<h4>Temass\u0131z etiket eri\u015fimi i\u00e7in 30 mm&#039;ye kadar kart okuma mesafesine sahip Dahili Anten (etiket t\u00fcr\u00fcne ba\u011fl\u0131 olarak)<\/h4>\n<\/li>\n<li>\n<h4>ISO 14443 Tip A ve B kartlar\u0131, MIFARE\u00ae, FeliCa ve 4 tip NFC (ISO\/IEC 18092) etiketinin t\u00fcm\u00fcn\u00fc destekler<\/h4>\n<\/li>\n<li>\n<h4>Yerle\u015fik \u00e7arp\u0131\u015fma \u00f6nleme \u00f6zelli\u011fi (herhangi bir zamanda yaln\u0131zca 1 etikete eri\u015filir)<\/h4>\n<\/li>\n<li>\n<h4>NFC Deste\u011fi<\/h4>\n<\/li>\n<li>\n<h4>Kart Okuyucu\/Yaz\u0131c\u0131 Modu<\/h4>\n<\/li>\n<\/ul>\n<\/li>\n<\/ul>\n<\/li>\n<li>\n<h2>Yerle\u015fik \u00c7evre Birimleri:<\/h2>\n<ul>\n<li>\n<h3>LED&#039;ler:<\/h3>\n<ul>\n<li>\n<h4>Kullan\u0131c\u0131 taraf\u0131ndan kontrol edilebilen \u0130ki renkli LED<\/h4>\n<\/li>\n<\/ul>\n<\/li>\n<\/ul>\n<\/li>\n<li>\n<h2>Uygulama programlama Aray\u00fcz\u00fc:<\/h2>\n<ul>\n<li>\n<h3>PC\/SC&#039;yi destekler<\/h3>\n<\/li>\n<li>\n<h3>CT-API&#039;yi destekler (PC\/SC&#039;nin \u00fcst\u00fcndeki sarmalay\u0131c\u0131 arac\u0131l\u0131\u011f\u0131yla)<\/h3>\n<\/li>\n<\/ul>\n<\/li>\n<li>\n<h2>USB Firmware Y\u00fckseltilebilirli\u011fi<\/h2>\n<\/li>\n<li>\n<h2>Android\u2122 3.1 ve \u00fczerini destekler<\/h2>\n<\/li>\n<li>\n<div>\n<table width=\"854\">\n<tbody>\n<tr>\n<td colspan=\"3\" width=\"854\">Fiziksel \u00f6zellikler<\/td>\n<\/tr>\n<tr>\n<td width=\"400\">Boyutlar (mm)<\/td>\n<td width=\"61\"><\/td>\n<td width=\"393\">98,0 mm (U) x 65,0 mm (G) x 12,8 mm (Y)<\/td>\n<\/tr>\n<tr>\n<td width=\"400\">A\u011f\u0131rl\u0131k (g)<\/td>\n<td width=\"61\"><\/td>\n<td width=\"393\">70 gr<\/td>\n<\/tr>\n<tr>\n<td colspan=\"3\" width=\"854\">USB arabirimi<\/td>\n<\/tr>\n<tr>\n<td width=\"400\">Protokol<\/td>\n<td width=\"61\"><\/td>\n<td width=\"393\">USB CCID&#039;si<\/td>\n<\/tr>\n<tr>\n<td width=\"400\">G\u00fc\u00e7 kayna\u011f\u0131<\/td>\n<td width=\"61\"><\/td>\n<td width=\"393\">USB ba\u011flant\u0131 noktas\u0131ndan<\/td>\n<\/tr>\n<tr>\n<td width=\"400\">H\u0131z<\/td>\n<td width=\"61\"><\/td>\n<td width=\"393\">USB Tam H\u0131z (12 Mbps)<\/td>\n<\/tr>\n<tr>\n<td width=\"400\">Kablo uzunlu\u011fu<\/td>\n<td width=\"61\"><\/td>\n<td width=\"393\">1,0 m, Sabit<\/td>\n<\/tr>\n<tr>\n<td colspan=\"3\" width=\"854\">Temass\u0131z Ak\u0131ll\u0131 Kart Aray\u00fcz\u00fc<\/td>\n<\/tr>\n<tr>\n<td width=\"400\">Standart<\/td>\n<td width=\"61\"><\/td>\n<td width=\"393\">ISO\/IEC 18092 NFC, ISO 14443 Tip A ve B, MIFARE\u00ae, FeliCa<\/td>\n<\/tr>\n<tr>\n<td rowspan=\"4\" width=\"400\">Protokol<\/td>\n<td width=\"61\"><\/td>\n<td width=\"393\">ISO 14443-4 Uyumlu Kart, T=CL<\/td>\n<\/tr>\n<tr>\n<td width=\"61\"><\/td>\n<td width=\"393\">MIFARE\u00ae Klasik Kart, T=CL<\/td>\n<\/tr>\n<tr>\n<td width=\"61\"><\/td>\n<td width=\"393\">ISO18092, NFC Etiketler<\/td>\n<\/tr>\n<tr>\n<td width=\"61\"><\/td>\n<td width=\"393\">FeliCa<\/td>\n<\/tr>\n<tr>\n<td colspan=\"3\" width=\"854\">Yerle\u015fik \u00c7evre Birimleri<\/td>\n<\/tr>\n<tr>\n<td width=\"400\">NEDEN OLMU\u015e<\/td>\n<td width=\"61\"><\/td>\n<td width=\"393\">1 adet iki renkli: K\u0131rm\u0131z\u0131 ve Ye\u015fil<\/td>\n<\/tr>\n<tr>\n<td width=\"400\">Zil<\/td>\n<td width=\"61\"><\/td>\n<td width=\"393\">Monoton<\/td>\n<\/tr>\n<tr>\n<td colspan=\"3\" width=\"854\">Sertifikalar\/Uyumluluk<\/td>\n<\/tr>\n<tr>\n<td rowspan=\"13\" width=\"400\">Sertifikalar\/Uyumluluk<\/td>\n<td width=\"61\"><\/td>\n<td width=\"393\">EN 60950\/IEC 60950<\/td>\n<\/tr>\n<tr>\n<td width=\"61\"><\/td>\n<td width=\"393\">ISO 18092<\/td>\n<\/tr>\n<tr>\n<td width=\"61\"><\/td>\n<td width=\"393\">ISO 14443<\/td>\n<\/tr>\n<tr>\n<td width=\"61\"><\/td>\n<td width=\"393\">USB Tam H\u0131z<\/td>\n<\/tr>\n<tr>\n<td width=\"61\"><\/td>\n<td width=\"393\">PC\/SC<\/td>\n<\/tr>\n<tr>\n<td width=\"61\"><\/td>\n<td width=\"393\">CCID<\/td>\n<\/tr>\n<tr>\n<td width=\"61\"><\/td>\n<td width=\"393\">VCCI (Japonya)<\/td>\n<\/tr>\n<tr>\n<td width=\"61\"><\/td>\n<td width=\"393\">KC (Kore)<\/td>\n<\/tr>\n<tr>\n<td width=\"61\"><\/td>\n<td width=\"393\">Microsoft\u00ae WHQL<\/td>\n<\/tr>\n<tr>\n<td width=\"61\"><\/td>\n<td width=\"393\">CE<\/td>\n<\/tr>\n<tr>\n<td width=\"61\"><\/td>\n<td width=\"393\">FCC<\/td>\n<\/tr>\n<tr>\n<td width=\"61\"><\/td>\n<td width=\"393\">RoHS2<\/td>\n<\/tr>\n<tr>\n<td width=\"61\"><\/td>\n<td width=\"393\">ULA\u015eMAK<\/td>\n<\/tr>\n<tr>\n<td colspan=\"3\" width=\"854\">Ayg\u0131t S\u00fcr\u00fcc\u00fcs\u00fc \u0130\u015fletim Sistemi Deste\u011fi<\/td>\n<\/tr>\n<tr>\n<td rowspan=\"6\" width=\"400\">Ayg\u0131t S\u00fcr\u00fcc\u00fcs\u00fc \u0130\u015fletim Sistemi Deste\u011fi<\/td>\n<td width=\"61\"><\/td>\n<td width=\"393\">Windows\u00aeCE<\/td>\n<\/tr>\n<tr>\n<td width=\"61\"><\/td>\n<td width=\"393\">Windows\u00ae<\/td>\n<\/tr>\n<tr>\n<td width=\"61\"><\/td>\n<td width=\"393\">Linux\u00ae<\/td>\n<\/tr>\n<tr>\n<td width=\"61\"><\/td>\n<td width=\"393\">MAC OS\u00ae<\/td>\n<\/tr>\n<tr>\n<td width=\"61\"><\/td>\n<td width=\"393\">Solaris<\/td>\n<\/tr>\n<tr>\n<td width=\"61\"><\/td>\n<td width=\"393\">Android\u2122<\/td>\n<\/tr>\n<\/tbody>\n<\/table>\n<\/div>\n<\/li>\n<\/ul>","protected":false},"excerpt":{"rendered":"<div class=\"auto-hide-last-sibling-br paragraph_4183d\">ACR122U, ak\u0131ll\u0131 kartlarla kesintisiz temass\u0131z ileti\u015fim i\u00e7in CCID ve PC\/SC standartlar\u0131n\u0131 destekleyen RFID teknolojisini kullanan \u00e7ok y\u00f6nl\u00fc bir USB NFC Okuyucudur.<\/div>\n<div class=\"auto-hide-last-sibling-br paragraph_4183d\"><\/div>","protected":false},"featured_media":1544,"template":"","meta":[],"product_brand":[],"product_cat":[45,40],"product_tag":[],"class_list":{"0":"post-1542","1":"product","2":"type-product","3":"status-publish","4":"has-post-thumbnail","6":"product_cat-contactless-nfc-reader","7":"product_cat-rfid-nfc-reader","9":"first","10":"instock","11":"shipping-taxable","12":"product-type-simple"},"_links":{"self":[{"href":"https:\/\/nfc-readers.com\/tr\/wp-json\/wp\/v2\/product\/1542","targetHints":{"allow":["GET"]}}],"collection":[{"href":"https:\/\/nfc-readers.com\/tr\/wp-json\/wp\/v2\/product"}],"about":[{"href":"https:\/\/nfc-readers.com\/tr\/wp-json\/wp\/v2\/types\/product"}],"wp:featuredmedia":[{"embeddable":true,"href":"https:\/\/nfc-readers.com\/tr\/wp-json\/wp\/v2\/media\/1544"}],"wp:attachment":[{"href":"https:\/\/nfc-readers.com\/tr\/wp-json\/wp\/v2\/media?parent=1542"}],"wp:term":[{"taxonomy":"product_brand","embeddable":true,"href":"https:\/\/nfc-readers.com\/tr\/wp-json\/wp\/v2\/product_brand?post=1542"},{"taxonomy":"product_cat","embeddable":true,"href":"https:\/\/nfc-readers.com\/tr\/wp-json\/wp\/v2\/product_cat?post=1542"},{"taxonomy":"product_tag","embeddable":true,"href":"https:\/\/nfc-readers.com\/tr\/wp-json\/wp\/v2\/product_tag?post=1542"}],"curies":[{"name":"wp","href":"https:\/\/api.w.org\/{rel}","templated":true}]}}