{"id":1545,"date":"2024-04-07T06:11:51","date_gmt":"2024-04-07T06:11:51","guid":{"rendered":"https:\/\/nfc-readers.com\/?post_type=product&#038;p=1545"},"modified":"2024-10-16T06:54:40","modified_gmt":"2024-10-16T06:54:40","slug":"acr1251u-nfc-reader-writer","status":"publish","type":"product","link":"https:\/\/nfc-readers.com\/tr\/ic-reader\/acr1251u-nfc-reader-writer\/","title":{"rendered":"ACR1251U NFC okuyucu\/yaz\u0131c\u0131"},"content":{"rendered":"<h1>ACR1251U NFC okuyucu\/yaz\u0131c\u0131<\/h1>\n<p>ACR1251U-A1, ayg\u0131t yaz\u0131l\u0131m\u0131 y\u00fckseltme, SAM (G\u00fcvenli Eri\u015fim Mod\u00fcl\u00fc) yuvas\u0131 ve NFC etiketleri ve cihazlar\u0131yla etkile\u015fim kurma yetene\u011fi gibi \u00f6zelliklerle kullan\u0131c\u0131 deneyimini geli\u015ftiren yeni nesil Temass\u0131z NFC Okuyucu olarak ortaya \u00e7\u0131k\u0131yor. Temass\u0131z i\u015flevler alan\u0131nda \u00f6ne \u00e7\u0131k\u0131yor ve ekstra bir g\u00fcvenlik katman\u0131 sunuyor. SAM sayesinde anahtar \u00e7e\u015fitlendirmesi ve kar\u015f\u0131l\u0131kl\u0131 kimlik do\u011frulamas\u0131 ger\u00e7ekle\u015ftirebilir, anahtar if\u015fas\u0131n\u0131 \u00f6nemli \u00f6l\u00e7\u00fcde azalt\u0131r ve anahtar ihlali riskini en aza indirir, b\u00f6ylece temass\u0131z i\u015flemlerin g\u00fcvenli\u011fini art\u0131r\u0131r. \u00c7e\u015fitli temass\u0131z ak\u0131ll\u0131 kart ama\u00e7lar\u0131 i\u00e7in tasarlanan ACR1251U-A1, ki\u015fisel kimlik do\u011frulama, a\u011f eri\u015fimi, e-bankac\u0131l\u0131k ve k\u00fc\u00e7\u00fck \u00f6l\u00e7ekli i\u015flemler gibi uygulamalar i\u00e7in uygundur. Geli\u015fmi\u015f NFC \u00f6zellikleri, onu reklamc\u0131l\u0131k ve geni\u015f bir NFC uyumlu ak\u0131ll\u0131 telefon yelpazesiyle ileti\u015fim i\u00e7in Ak\u0131ll\u0131 Posterler gibi yenilik\u00e7i kullan\u0131mlar i\u00e7in de uygun hale getirir. PC\/SC ile uyumluluk, sorunsuz bir \u00e7apraz platform, uygulama \u00e7ap\u0131nda entegrasyon sa\u011flar. ACR1251U-A1 ayr\u0131ca da\u011f\u0131t\u0131m sonras\u0131 uzaktan ayg\u0131t yaz\u0131l\u0131m\u0131 g\u00fcncellemelerini destekleyerek fiziksel donan\u0131m de\u011fi\u015fikliklerine olan ihtiyac\u0131 ortadan kald\u0131r\u0131r. \u015e\u0131k, alan bilincine sahip tasar\u0131m\u0131 ve kapsaml\u0131 i\u015flevselli\u011fi, ACR1251U-A1&#039;i NFC teknolojisinin t\u00fcm faydalar\u0131n\u0131 arayan herkes i\u00e7in birinci s\u0131n\u0131f bir ara\u00e7 haline getirir.<\/p>\n<p><iframe loading=\"lazy\" title=\"ACR1251U C1 NFC OKUYUCU\" width=\"1020\" height=\"574\" src=\"https:\/\/www.youtube.com\/embed\/8QiOKOoec6k?feature=oembed\" frameborder=\"0\" allow=\"accelerometer; autoplay; clipboard-write; encrypted-media; gyroscope; picture-in-picture; web-share\" referrerpolicy=\"strict-origin-when-cross-origin\" allowfullscreen><\/iframe><\/p>\n<ul>\n<li>\n<h2>USB Tam H\u0131zl\u0131 Aray\u00fcz<\/h2>\n<\/li>\n<li>\n<h2>CCID Uyumlulu\u011fu<\/h2>\n<\/li>\n<li>\n<h2>Ak\u0131ll\u0131 kart okuyucu:<\/h2>\n<ul>\n<li>\n<h3>Temass\u0131z Aray\u00fcz:<\/h3>\n<ul>\n<li>\n<h4>424 kbps&#039;ye kadar okuma\/yazma h\u0131z\u0131<\/h4>\n<\/li>\n<li>\n<h4>Temass\u0131z etiket eri\u015fimi i\u00e7in 30 mm&#039;ye kadar kart okuma mesafesine sahip Dahili Anten (etiket t\u00fcr\u00fcne ba\u011fl\u0131 olarak)<\/h4>\n<\/li>\n<li>\n<h4>ISO 14443 Tip A ve B kartlar\u0131, MIFARE\u00ae, FeliCa ve 4 tip NFC (ISO\/IEC 18092) etiketinin t\u00fcm\u00fcn\u00fc destekler<\/h4>\n<\/li>\n<li>\n<h4>Yerle\u015fik \u00e7arp\u0131\u015fma \u00f6nleme \u00f6zelli\u011fi (herhangi bir zamanda yaln\u0131zca 1 etikete eri\u015filir)<\/h4>\n<\/li>\n<li>\n<h4>NFC Deste\u011fi<\/h4>\n<\/li>\n<li>\n<h4>Kart Okuyucu\/Yaz\u0131c\u0131 Modu<\/h4>\n<\/li>\n<\/ul>\n<\/li>\n<\/ul>\n<\/li>\n<li>\n<h2>Yerle\u015fik \u00c7evre Birimleri:<\/h2>\n<ul>\n<li>\n<h3>LED&#039;ler:<\/h3>\n<ul>\n<li>\n<h4>Kullan\u0131c\u0131 taraf\u0131ndan kontrol edilebilen \u0130ki renkli LED<\/h4>\n<\/li>\n<\/ul>\n<\/li>\n<\/ul>\n<\/li>\n<li>\n<h2>Uygulama programlama Aray\u00fcz\u00fc:<\/h2>\n<ul>\n<li>\n<h3>PC\/SC&#039;yi destekler<\/h3>\n<\/li>\n<li>\n<h3>CT-API&#039;yi destekler (PC\/SC&#039;nin \u00fcst\u00fcndeki sarmalay\u0131c\u0131 arac\u0131l\u0131\u011f\u0131yla)<\/h3>\n<\/li>\n<\/ul>\n<\/li>\n<li>\n<h2>USB Firmware Y\u00fckseltilebilirli\u011fi<\/h2>\n<\/li>\n<li>\n<h2>Android\u2122 3.1 ve \u00fczerini destekler<\/h2>\n<\/li>\n<li>\n<div>\n<table width=\"843\">\n<tbody>\n<tr>\n<td colspan=\"2\" width=\"843\">Fiziksel \u00f6zellikler<\/td>\n<\/tr>\n<tr>\n<td width=\"450\">Boyutlar (mm)<\/td>\n<td width=\"393\">98,0 mm (U) x 65,0 mm (G) x 12,8 mm (Y)<\/td>\n<\/tr>\n<tr>\n<td width=\"450\">A\u011f\u0131rl\u0131k (g)<\/td>\n<td width=\"393\">70 gr<\/td>\n<\/tr>\n<tr>\n<td colspan=\"2\" width=\"843\">USB arabirimi<\/td>\n<\/tr>\n<tr>\n<td width=\"450\">Protokol<\/td>\n<td width=\"393\">USB CCID&#039;si<\/td>\n<\/tr>\n<tr>\n<td width=\"450\">G\u00fc\u00e7 kayna\u011f\u0131<\/td>\n<td width=\"393\">USB ba\u011flant\u0131 noktas\u0131ndan<\/td>\n<\/tr>\n<tr>\n<td width=\"450\">H\u0131z<\/td>\n<td width=\"393\">USB Tam H\u0131z (12 Mbps)<\/td>\n<\/tr>\n<tr>\n<td width=\"450\">Kablo uzunlu\u011fu<\/td>\n<td width=\"393\">1,0 m, Sabit<\/td>\n<\/tr>\n<tr>\n<td colspan=\"2\" width=\"843\">Temass\u0131z Ak\u0131ll\u0131 Kart Aray\u00fcz\u00fc<\/td>\n<\/tr>\n<tr>\n<td width=\"450\">Standart<\/td>\n<td width=\"393\">ISO\/IEC 18092 NFC, ISO 14443 Tip A ve B, MIFARE\u00ae, FeliCa<\/td>\n<\/tr>\n<tr>\n<td rowspan=\"4\" width=\"450\">Protokol<\/td>\n<td width=\"393\">ISO 14443-4 Uyumlu Kart, T=CL<\/td>\n<\/tr>\n<tr>\n<td width=\"393\">MIFARE\u00ae Klasik Kart, T=CL<\/td>\n<\/tr>\n<tr>\n<td width=\"393\">ISO18092, NFC Etiketler<\/td>\n<\/tr>\n<tr>\n<td width=\"393\">FeliCa<\/td>\n<\/tr>\n<tr>\n<td colspan=\"2\" width=\"843\">Yerle\u015fik \u00c7evre Birimleri<\/td>\n<\/tr>\n<tr>\n<td width=\"450\">NEDEN OLMU\u015e<\/td>\n<td width=\"393\">1 adet iki renkli: K\u0131rm\u0131z\u0131 ve Ye\u015fil<\/td>\n<\/tr>\n<tr>\n<td width=\"450\">Zil<\/td>\n<td width=\"393\">Monoton<\/td>\n<\/tr>\n<tr>\n<td colspan=\"2\" width=\"843\">Sertifikalar\/Uyumluluk<\/td>\n<\/tr>\n<tr>\n<td rowspan=\"13\" width=\"450\">Sertifikalar\/Uyumluluk<\/td>\n<td width=\"393\">EN 60950\/IEC 60950<\/td>\n<\/tr>\n<tr>\n<td width=\"393\">ISO 18092<\/td>\n<\/tr>\n<tr>\n<td width=\"393\">ISO 14443<\/td>\n<\/tr>\n<tr>\n<td width=\"393\">USB Tam H\u0131z<\/td>\n<\/tr>\n<tr>\n<td width=\"393\">PC\/SC<\/td>\n<\/tr>\n<tr>\n<td width=\"393\">CCID<\/td>\n<\/tr>\n<tr>\n<td width=\"393\">VCCI (Japonya)<\/td>\n<\/tr>\n<tr>\n<td width=\"393\">KC (Kore)<\/td>\n<\/tr>\n<tr>\n<td width=\"393\">Microsoft\u00ae WHQL<\/td>\n<\/tr>\n<tr>\n<td width=\"393\">CE<\/td>\n<\/tr>\n<tr>\n<td width=\"393\">FCC<\/td>\n<\/tr>\n<tr>\n<td width=\"393\">RoHS2<\/td>\n<\/tr>\n<tr>\n<td width=\"393\">ULA\u015eMAK<\/td>\n<\/tr>\n<tr>\n<td colspan=\"2\" width=\"843\">Ayg\u0131t S\u00fcr\u00fcc\u00fcs\u00fc \u0130\u015fletim Sistemi Deste\u011fi<\/td>\n<\/tr>\n<tr>\n<td rowspan=\"6\" width=\"450\">Ayg\u0131t S\u00fcr\u00fcc\u00fcs\u00fc \u0130\u015fletim Sistemi Deste\u011fi<\/td>\n<td width=\"393\">Windows\u00aeCE<\/td>\n<\/tr>\n<tr>\n<td width=\"393\">Windows\u00ae<\/td>\n<\/tr>\n<tr>\n<td width=\"393\">Linux\u00ae<\/td>\n<\/tr>\n<tr>\n<td width=\"393\">MAC OS\u00ae<\/td>\n<\/tr>\n<tr>\n<td width=\"393\">Solaris<\/td>\n<\/tr>\n<tr>\n<td width=\"393\">Android\u2122<\/td>\n<\/tr>\n<\/tbody>\n<\/table>\n<\/div>\n<\/li>\n<\/ul>","protected":false},"excerpt":{"rendered":"<p>ACR1251U-A1, \u00e7e\u015fitli temass\u0131z uygulamalar i\u00e7in geli\u015fmi\u015f g\u00fcvenlik ve \u00e7ok y\u00f6nl\u00fcl\u00fck sunan, SAM yuvas\u0131na sahip son teknoloji bir USB NFC Okuyucudur.<\/p>","protected":false},"featured_media":1549,"template":"","meta":[],"product_brand":[],"product_cat":[45,40],"product_tag":[],"class_list":{"0":"post-1545","1":"product","2":"type-product","3":"status-publish","4":"has-post-thumbnail","6":"product_cat-contactless-nfc-reader","7":"product_cat-rfid-nfc-reader","9":"first","10":"instock","11":"shipping-taxable","12":"product-type-simple"},"_links":{"self":[{"href":"https:\/\/nfc-readers.com\/tr\/wp-json\/wp\/v2\/product\/1545","targetHints":{"allow":["GET"]}}],"collection":[{"href":"https:\/\/nfc-readers.com\/tr\/wp-json\/wp\/v2\/product"}],"about":[{"href":"https:\/\/nfc-readers.com\/tr\/wp-json\/wp\/v2\/types\/product"}],"wp:featuredmedia":[{"embeddable":true,"href":"https:\/\/nfc-readers.com\/tr\/wp-json\/wp\/v2\/media\/1549"}],"wp:attachment":[{"href":"https:\/\/nfc-readers.com\/tr\/wp-json\/wp\/v2\/media?parent=1545"}],"wp:term":[{"taxonomy":"product_brand","embeddable":true,"href":"https:\/\/nfc-readers.com\/tr\/wp-json\/wp\/v2\/product_brand?post=1545"},{"taxonomy":"product_cat","embeddable":true,"href":"https:\/\/nfc-readers.com\/tr\/wp-json\/wp\/v2\/product_cat?post=1545"},{"taxonomy":"product_tag","embeddable":true,"href":"https:\/\/nfc-readers.com\/tr\/wp-json\/wp\/v2\/product_tag?post=1545"}],"curies":[{"name":"wp","href":"https:\/\/api.w.org\/{rel}","templated":true}]}}