{"id":1550,"date":"2024-04-07T06:15:08","date_gmt":"2024-04-07T06:15:08","guid":{"rendered":"https:\/\/nfc-readers.com\/?post_type=product&#038;p=1550"},"modified":"2024-10-16T06:43:39","modified_gmt":"2024-10-16T06:43:39","slug":"acr1281u-c1-usb-dual-interface-reader","status":"publish","type":"product","link":"https:\/\/nfc-readers.com\/tr\/ic-reader\/acr1281u-c1-usb-dual-interface-reader\/","title":{"rendered":"ACR1281U-C1 usb \u00e7ift aray\u00fczl\u00fc okuyucu"},"content":{"rendered":"<h1>ACR1281U-C1 usb \u00e7ift aray\u00fczl\u00fc okuyucu<\/h1>\n<p>ACR1281U-C1 DualBoost II, ACR128 DualBoost Okuyucunun y\u00fckseltilmi\u015f bir versiyonudur. Ak\u0131ll\u0131 Kart Okuyucusu olarak hizmet vererek, ISO 7816 ve ISO 14443 standartlar\u0131na uygun t\u00fcm ak\u0131ll\u0131 kartlarla aray\u00fcz olu\u015fturabilen verimli bir ikili aray\u00fcz sa\u011flar. Bu ikinci nesil DualBoost II, geleneksel olarak farkl\u0131 temasl\u0131 ve temass\u0131z ak\u0131ll\u0131 kart i\u015flemlerini tek bir birle\u015fik \u00fcnitede birle\u015ftirerek, farkl\u0131 uygulamalar i\u00e7in tek bir kart\u0131n kullan\u0131lmas\u0131na olanak tan\u0131r. Faydas\u0131 e-ticarette parl\u0131yor, kredi kartlar\u0131 arac\u0131l\u0131\u011f\u0131yla \u00e7evrimi\u00e7i \u00f6demelerin g\u00fcvenli bir \u015fekilde i\u015flenmesini sa\u011fl\u0131yor ve toplu ta\u015f\u0131mada otomatik \u00fccret sistemleri dahilinde temass\u0131z kartlar\u0131n yeniden \u015farj edilmesine yard\u0131mc\u0131 olarak \u00f6nemli bir rol oynuyor. \u00c7ok say\u0131da ak\u0131ll\u0131 kart i\u015flevinin tek bir kartta birle\u015ftirildi\u011fi tek kartl\u0131 \u00e7\u00f6z\u00fcm vizyonunu somutla\u015ft\u0131r\u0131r. Y\u00fckseltilmi\u015f DualBoost Serisi, hem temasl\u0131 hem de temass\u0131z aray\u00fczlerle kusursuz etkile\u015fim i\u00e7in tamamen PC\/SC uyumludur. Ta\u015f\u0131nabilir bir NFC okuyucu olarak, temass\u0131z kartlar i\u00e7in ileti\u015fimi 848 kbps&#039;ye kadar h\u0131zlara \u00e7\u0131kararak y\u00fcksek performans gerektiren geli\u015fmi\u015f uygulamalara hitap eder. Okuyucu ayn\u0131 zamanda hibrit ve kombi kartlar\u0131 i\u015flemek i\u00e7in ak\u0131ll\u0131 mekanizmalarla donat\u0131lm\u0131\u015f olup, ki\u015fi kart\u0131 yuvas\u0131na yanl\u0131\u015f girilen temass\u0131z kartlar\u0131 tan\u0131mlama olana\u011f\u0131 sunar. Tasar\u0131m\u0131n\u0131n ayr\u0131lmaz bir par\u00e7as\u0131, her iki aray\u00fczde g\u00fcvenli\u011fi g\u00fc\u00e7lendiren SAM yuvas\u0131d\u0131r. Firmware&#039;i USB arac\u0131l\u0131\u011f\u0131yla y\u00fckseltme yetene\u011fi, kontak haf\u0131za kartlar\u0131yla uyumluluk ve geni\u015fletilmi\u015f APDU komutlar\u0131 deste\u011fi gibi geli\u015fmi\u015f \u00f6zellikler, ACR1281U-C1 DualBoost II&#039;nin maliyet a\u00e7\u0131s\u0131ndan alt\u0131n\u0131 \u00e7iziyor. \u00c7ok say\u0131da ak\u0131ll\u0131 kart sisteminde rahatl\u0131\u011f\u0131 ve \u00e7ok y\u00f6nl\u00fcl\u00fc\u011f\u00fc art\u0131ran etkili ve g\u00fc\u00e7l\u00fc, her \u015fey dahil bir ara\u00e7.<\/p>\n<p><iframe loading=\"lazy\" title=\"ACR1281U C1 Temasl\u0131 ve Temass\u0131z Ak\u0131ll\u0131 Kart Okuyucu\" width=\"1020\" height=\"574\" src=\"https:\/\/www.youtube.com\/embed\/dABTVMG9dvI?feature=oembed\" frameborder=\"0\" allow=\"accelerometer; autoplay; clipboard-write; encrypted-media; gyroscope; picture-in-picture; web-share\" referrerpolicy=\"strict-origin-when-cross-origin\" allowfullscreen><\/iframe><\/p>\n<ul>\n<li>\n<h2>USB 2.0 Tam H\u0131zl\u0131 Aray\u00fcz<\/h2>\n<\/li>\n<li>\n<h2>CCID Uyumlulu\u011fu<\/h2>\n<\/li>\n<li>\n<h2>Temass\u0131z Ak\u0131ll\u0131 Kart Okuyucusu:<\/h2>\n<ul>\n<li>\n<h3>848 kbps&#039;ye kadar okuma\/yazma h\u0131z\u0131<\/h3>\n<\/li>\n<li>\n<h3>Temass\u0131z etiket eri\u015fimi i\u00e7in, 50 mm&#039;ye kadar kart okuma mesafesine sahip dahili anten (etiket t\u00fcr\u00fcne ba\u011fl\u0131 olarak)<\/h3>\n<\/li>\n<li>\n<h3>ISO 14443 B\u00f6l\u00fcm 4 Tip A ve B kartlar\u0131n\u0131 ve MIFARE\u00ae serisini destekler<\/h3>\n<\/li>\n<li>\n<h3>Yerle\u015fik \u00e7arp\u0131\u015fma \u00f6nleme \u00f6zelli\u011fi (herhangi bir zamanda yaln\u0131zca bir etikete eri\u015filir)<\/h3>\n<\/li>\n<li>\n<h3>Geni\u015fletilmi\u015f APDU&#039;yu destekler (maks. 64 kbyte)<\/h3>\n<\/li>\n<\/ul>\n<\/li>\n<li>\n<h2>Ak\u0131ll\u0131 Kart Okuyucuyla ileti\u015fime ge\u00e7in:<\/h2>\n<ul>\n<li>\n<h3>ISO 7816 S\u0131n\u0131f A, B ve C&#039;yi destekler (5 V, 3V ve 1,8 V)<\/h3>\n<\/li>\n<li>\n<h3>CAC&#039;yi (Ortak Eri\u015fim Kart\u0131) destekler<\/h3>\n<\/li>\n<li>\n<h3>PIV&#039;i (Ki\u015fisel Kimlik Do\u011frulama Kart\u0131) destekler<\/h3>\n<\/li>\n<li>\n<h3>T=0 veya T=1 protokoll\u00fc mikroi\u015flemci kartlar\u0131n\u0131 destekler<\/h3>\n<\/li>\n<li>\n<h3>Haf\u0131za kartlar\u0131n\u0131 destekler<\/h3>\n<\/li>\n<li>\n<h3>ISO 7816 uyumlu SAM yuvas\u0131<\/h3>\n<\/li>\n<\/ul>\n<\/li>\n<li>\n<h2>Uygulama programlama Aray\u00fcz\u00fc:<\/h2>\n<ul>\n<li>\n<h3>PC\/SC&#039;yi destekler<\/h3>\n<\/li>\n<li>\n<h3>CT-API&#039;yi destekler (PC\/SC&#039;nin \u00fcst\u00fcndeki sarmalay\u0131c\u0131 arac\u0131l\u0131\u011f\u0131yla)<\/h3>\n<\/li>\n<\/ul>\n<\/li>\n<li>\n<h2>Yerle\u015fik \u00c7evre Birimleri:<\/h2>\n<ul>\n<li>\n<h3>Kullan\u0131c\u0131 taraf\u0131ndan kontrol edilebilen iki LED<\/h3>\n<\/li>\n<li>\n<h3>Kullan\u0131c\u0131 taraf\u0131ndan kontrol edilebilen buzzer<\/h3>\n<\/li>\n<\/ul>\n<\/li>\n<li>\n<h2>USB Firmware Y\u00fckseltilebilirli\u011fi<\/h2>\n<\/li>\n<li>\n<div>\n<table width=\"551\">\n<tbody>\n<tr>\n<td colspan=\"2\" width=\"551\">Fiziksel \u00f6zellikler<\/td>\n<\/tr>\n<tr>\n<td width=\"230\">Boyutlar (mm)<\/td>\n<td width=\"321\">120,5 mm (U) x 72,0 mm (G) x 20,4 mm (Y)<\/td>\n<\/tr>\n<tr>\n<td width=\"230\">A\u011f\u0131rl\u0131k (g)<\/td>\n<td width=\"321\">140 gr<\/td>\n<\/tr>\n<tr>\n<td colspan=\"2\" width=\"551\">USB arabirimi<\/td>\n<\/tr>\n<tr>\n<td width=\"230\">Protokol<\/td>\n<td width=\"321\">USB CCID&#039;si<\/td>\n<\/tr>\n<tr>\n<td width=\"230\">Ba\u011flay\u0131c\u0131 T\u00fcr\u00fc<\/td>\n<td width=\"321\">Standart Tip A<\/td>\n<\/tr>\n<tr>\n<td width=\"230\">G\u00fc\u00e7 kayna\u011f\u0131<\/td>\n<td width=\"321\">USB ba\u011flant\u0131 noktas\u0131ndan<\/td>\n<\/tr>\n<tr>\n<td width=\"230\">H\u0131z<\/td>\n<td width=\"321\">USB Tam H\u0131z (12 Mbps)<\/td>\n<\/tr>\n<tr>\n<td width=\"230\">Kablo uzunlu\u011fu<\/td>\n<td width=\"321\">2,0 m, Sabit<\/td>\n<\/tr>\n<tr>\n<td colspan=\"2\" width=\"551\">Ak\u0131ll\u0131 Kart Aray\u00fcz\u00fc ile ileti\u015fime ge\u00e7in<\/td>\n<\/tr>\n<tr>\n<td width=\"230\">Slot Say\u0131s\u0131<\/td>\n<td width=\"321\">1 Tam Boyutlu Kart Yuvas\u0131<\/td>\n<\/tr>\n<tr>\n<td width=\"230\">Standart<\/td>\n<td width=\"321\">ISO 7816 S\u0131n\u0131f A, B, C (5 V, 3 V, 1,8 V)<\/td>\n<\/tr>\n<tr>\n<td width=\"230\">Protokol<\/td>\n<td width=\"321\">T=0; T=1<\/td>\n<\/tr>\n<tr>\n<td colspan=\"2\" width=\"551\">Temass\u0131z Ak\u0131ll\u0131 Kart Aray\u00fcz\u00fc<\/td>\n<\/tr>\n<tr>\n<td width=\"230\">Standart<\/td>\n<td width=\"321\">ISO 14443 A ve B B\u00f6l\u00fcm 1-4<\/td>\n<\/tr>\n<tr>\n<td rowspan=\"2\" width=\"230\">Protokol<\/td>\n<td width=\"321\">ISO 14443-4 Uyumlu Kart, T=CL<\/td>\n<\/tr>\n<tr>\n<td width=\"321\">MIFARE\u00ae Klasik Kart, T=CL<\/td>\n<\/tr>\n<tr>\n<td colspan=\"2\" width=\"551\">SAM Kart Aray\u00fcz\u00fc<\/td>\n<\/tr>\n<tr>\n<td width=\"230\">Slot Say\u0131s\u0131<\/td>\n<td width=\"321\">1 Standart SIM boyutlu Kart Yuvas\u0131<\/td>\n<\/tr>\n<tr>\n<td width=\"230\">Standart<\/td>\n<td width=\"321\">ISO 7816 S\u0131n\u0131f A (5V)<\/td>\n<\/tr>\n<tr>\n<td width=\"230\">Protokol<\/td>\n<td width=\"321\">T=0; T=1<\/td>\n<\/tr>\n<tr>\n<td colspan=\"2\" width=\"551\">Yerle\u015fik \u00c7evre Birimleri<\/td>\n<\/tr>\n<tr>\n<td width=\"230\">NEDEN OLMU\u015e<\/td>\n<td width=\"321\">2 adet tek renk: K\u0131rm\u0131z\u0131 ve Ye\u015fil<\/td>\n<\/tr>\n<tr>\n<td width=\"230\">Zil<\/td>\n<td width=\"321\">Monoton<\/td>\n<\/tr>\n<tr>\n<td colspan=\"2\" width=\"551\">Di\u011fer \u00f6zellikler<\/td>\n<\/tr>\n<tr>\n<td width=\"230\">Ayg\u0131t Yaz\u0131l\u0131m\u0131 Y\u00fckseltmesi<\/td>\n<td width=\"321\">Destekleniyor<\/td>\n<\/tr>\n<tr>\n<td colspan=\"2\" width=\"551\">Sertifikalar\/Uyumluluk<\/td>\n<\/tr>\n<tr>\n<td rowspan=\"10\" width=\"230\">Sertifikalar\/Uyumluluk<\/td>\n<td width=\"321\">ISO 14443<\/td>\n<\/tr>\n<tr>\n<td width=\"321\">ISO 7816<\/td>\n<\/tr>\n<tr>\n<td width=\"321\">USB Tam H\u0131z<\/td>\n<\/tr>\n<tr>\n<td width=\"321\">PC\/SC<\/td>\n<\/tr>\n<tr>\n<td width=\"321\">CCID<\/td>\n<\/tr>\n<tr>\n<td width=\"321\">Microsoft\u00ae WHQL<\/td>\n<\/tr>\n<tr>\n<td width=\"321\">CE<\/td>\n<\/tr>\n<tr>\n<td width=\"321\">FCC<\/td>\n<\/tr>\n<tr>\n<td width=\"321\">RoHS<\/td>\n<\/tr>\n<tr>\n<td width=\"321\">ULA\u015eMAK<\/td>\n<\/tr>\n<tr>\n<td colspan=\"2\" width=\"551\">Ayg\u0131t S\u00fcr\u00fcc\u00fcs\u00fc \u0130\u015fletim Sistemi Deste\u011fi<\/td>\n<\/tr>\n<tr>\n<td rowspan=\"5\" width=\"230\">Ayg\u0131t S\u00fcr\u00fcc\u00fcs\u00fc \u0130\u015fletim Sistemi Deste\u011fi<\/td>\n<td width=\"321\">Windows\u00ae<\/td>\n<\/tr>\n<tr>\n<td width=\"321\">Linux\u00ae<\/td>\n<\/tr>\n<tr>\n<td width=\"321\">MAC OS\u00ae<\/td>\n<\/tr>\n<tr>\n<td width=\"321\">Solaris<\/td>\n<\/tr>\n<tr>\n<td width=\"321\">Android\u2122<\/td>\n<\/tr>\n<\/tbody>\n<\/table>\n<\/div>\n<\/li>\n<\/ul>","protected":false},"excerpt":{"rendered":"<p>ACR1281U-C1, ak\u0131ll\u0131 kart uygulamalar\u0131nda geli\u015fmi\u015f performans i\u00e7in SAM yuvas\u0131 ve ta\u015f\u0131nabilir NFC \u00f6zelliklerine sahip \u00e7ok y\u00f6nl\u00fc bir USB temasl\u0131 ve temass\u0131z Okuyucudur.<\/p>","protected":false},"featured_media":1557,"template":"","meta":[],"product_brand":[],"product_cat":[45],"product_tag":[],"class_list":{"0":"post-1550","1":"product","2":"type-product","3":"status-publish","4":"has-post-thumbnail","6":"product_cat-contactless-nfc-reader","8":"first","9":"instock","10":"shipping-taxable","11":"product-type-simple"},"_links":{"self":[{"href":"https:\/\/nfc-readers.com\/tr\/wp-json\/wp\/v2\/product\/1550","targetHints":{"allow":["GET"]}}],"collection":[{"href":"https:\/\/nfc-readers.com\/tr\/wp-json\/wp\/v2\/product"}],"about":[{"href":"https:\/\/nfc-readers.com\/tr\/wp-json\/wp\/v2\/types\/product"}],"wp:featuredmedia":[{"embeddable":true,"href":"https:\/\/nfc-readers.com\/tr\/wp-json\/wp\/v2\/media\/1557"}],"wp:attachment":[{"href":"https:\/\/nfc-readers.com\/tr\/wp-json\/wp\/v2\/media?parent=1550"}],"wp:term":[{"taxonomy":"product_brand","embeddable":true,"href":"https:\/\/nfc-readers.com\/tr\/wp-json\/wp\/v2\/product_brand?post=1550"},{"taxonomy":"product_cat","embeddable":true,"href":"https:\/\/nfc-readers.com\/tr\/wp-json\/wp\/v2\/product_cat?post=1550"},{"taxonomy":"product_tag","embeddable":true,"href":"https:\/\/nfc-readers.com\/tr\/wp-json\/wp\/v2\/product_tag?post=1550"}],"curies":[{"name":"wp","href":"https:\/\/api.w.org\/{rel}","templated":true}]}}