{"id":1564,"date":"2024-04-07T06:24:04","date_gmt":"2024-04-07T06:24:04","guid":{"rendered":"https:\/\/nfc-readers.com\/?post_type=product&#038;p=1564"},"modified":"2024-10-16T06:23:32","modified_gmt":"2024-10-16T06:23:32","slug":"acm1281u-c7-usb-contactless-reader-module-with-sam-slot","status":"publish","type":"product","link":"https:\/\/nfc-readers.com\/tr\/ic-reader\/acm1281u-c7-usb-contactless-reader-module-with-sam-slot\/","title":{"rendered":"ACM1281U-C7 SAM Yuval\u0131 USB Temass\u0131z Okuyucu Mod\u00fcl\u00fc"},"content":{"rendered":"<h1>ACM1281U-C7 SAM Yuval\u0131 USB Temass\u0131z Okuyucu Mod\u00fcl\u00fc<\/h1>\n<p>ACM1281U-C7, \u00e7e\u015fitli g\u00f6m\u00fcl\u00fc sistemlere kusursuz entegrasyon i\u00e7in tasarlanm\u0131\u015f geli\u015fmi\u015f bir Ak\u0131ll\u0131 Kart Okuyucusu olarak \u00f6ne \u00e7\u0131k\u0131yor. Ba\u015fl\u0131ca kart teknolojileri i\u00e7in ISO 14443 A\/B&#039;yi destekleyen ve uyumlu SAM yuvas\u0131 arac\u0131l\u0131\u011f\u0131yla derinlemesine g\u00fcvenlik sunan, sahada y\u00fckseltilebilir \u00fcr\u00fcn yaz\u0131l\u0131m\u0131 esnekli\u011fi sunan bu ta\u015f\u0131nabilir NFC okuyucu, g\u00fcvenlik ve g\u00fcvenilirli\u011fin \u00e7ok \u00f6nemli oldu\u011fu ortamlar i\u00e7in \u00f6zel olarak tasarlanm\u0131\u015ft\u0131r. \u00f6deme ve oyun sistemleri.<\/p>\n<ul>\n<li>\n<h2>USB 2.0 Tam H\u0131zl\u0131 Aray\u00fcz<\/h2>\n<\/li>\n<li>\n<h2>CCID Uyumlulu\u011fu<\/h2>\n<\/li>\n<li>\n<h2>USB Firmware Y\u00fckseltilebilirli\u011fi<\/h2>\n<\/li>\n<li>\n<h2>Ak\u0131ll\u0131 kart okuyucu:<\/h2>\n<ul>\n<li>\n<h3>Temass\u0131z Aray\u00fcz:<\/h3>\n<ul>\n<li>\n<h4>848 kbps&#039;ye kadar okuma\/yazma h\u0131z\u0131<\/h4>\n<\/li>\n<li>\n<h4>Temass\u0131z etiket eri\u015fimi i\u00e7in, 50 mm&#039;ye kadar kart okuma mesafesine sahip dahili anten (etiket t\u00fcr\u00fcne ba\u011fl\u0131 olarak)<\/h4>\n<\/li>\n<li>\n<h4>ISO 14443 B\u00f6l\u00fcm 4 Tip A ve B kartlar\u0131n\u0131 ve MIFARE\u00ae Classic serisini destekler<\/h4>\n<\/li>\n<li>\n<h4>Yerle\u015fik \u00e7arp\u0131\u015fma \u00f6nleme \u00f6zelli\u011fi (herhangi bir zamanda yaln\u0131zca 1 etikete eri\u015filir)<\/h4>\n<\/li>\n<li>\n<h4>Geni\u015fletilmi\u015f APDU&#039;yu destekler (maks. 64 kbyte)<\/h4>\n<\/li>\n<\/ul>\n<\/li>\n<li>\n<h3>SAM Aray\u00fcz\u00fc:<\/h3>\n<ul>\n<li>\n<h4>ISO 7816 uyumlu SAM yuvas\u0131, S\u0131n\u0131f A (5V)<\/h4>\n<\/li>\n<\/ul>\n<\/li>\n<\/ul>\n<\/li>\n<li>\n<h2>Uygulama programlama Aray\u00fcz\u00fc:<\/h2>\n<ul>\n<li>\n<h3>PC\/SC&#039;yi destekler<\/h3>\n<\/li>\n<li>\n<h3>CT-API&#039;yi destekler (PC\/SC&#039;nin \u00fcst\u00fcndeki sarmalay\u0131c\u0131 arac\u0131l\u0131\u011f\u0131yla)<\/h3>\n<\/li>\n<\/ul>\n<\/li>\n<li>\n<h2>\u00c7evre birimleri:<\/h2>\n<ul>\n<li>\n<h3>Kullan\u0131c\u0131 taraf\u0131ndan kontrol edilebilen iki renkli LED<\/h3>\n<\/li>\n<li>\n<h3>Kullan\u0131c\u0131 taraf\u0131ndan kontrol edilebilen buzzer<\/h3>\n<\/li>\n<li>\n<div>\n<table width=\"558\">\n<tbody>\n<tr>\n<td colspan=\"2\" width=\"558\">Fiziksel \u00f6zellikler<\/td>\n<\/tr>\n<tr>\n<td width=\"234\">Boyutlar (mm)<\/td>\n<td width=\"324\">106,6 mm (U) x 67,0 mm (G) x 16,0 mm (Y)<\/td>\n<\/tr>\n<tr>\n<td width=\"234\">A\u011f\u0131rl\u0131k (g)<\/td>\n<td width=\"324\">20,8 gr<\/td>\n<\/tr>\n<tr>\n<td colspan=\"2\" width=\"558\">USB arabirimi<\/td>\n<\/tr>\n<tr>\n<td width=\"234\">Protokol<\/td>\n<td width=\"324\">USB CCID&#039;si<\/td>\n<\/tr>\n<tr>\n<td width=\"234\">Ba\u011flay\u0131c\u0131 T\u00fcr\u00fc<\/td>\n<td width=\"324\">Standart Tip A<\/td>\n<\/tr>\n<tr>\n<td width=\"234\">G\u00fc\u00e7 kayna\u011f\u0131<\/td>\n<td width=\"324\">USB ba\u011flant\u0131 noktas\u0131ndan<\/td>\n<\/tr>\n<tr>\n<td width=\"234\">H\u0131z<\/td>\n<td width=\"324\">USB Tam H\u0131z (12 Mbps)<\/td>\n<\/tr>\n<tr>\n<td width=\"234\">Kablo uzunlu\u011fu<\/td>\n<td width=\"324\">1,0 m, Ayr\u0131labilir (Opsiyonel)<\/td>\n<\/tr>\n<tr>\n<td colspan=\"2\" width=\"558\">Temass\u0131z Ak\u0131ll\u0131 Kart Aray\u00fcz\u00fc<\/td>\n<\/tr>\n<tr>\n<td width=\"234\">Standart<\/td>\n<td width=\"324\">ISO 14443 A ve B B\u00f6l\u00fcm 1-4<\/td>\n<\/tr>\n<tr>\n<td rowspan=\"2\" width=\"234\">Protokol<\/td>\n<td width=\"324\">ISO14443-4 Uyumlu Kartlar, T=CL<\/td>\n<\/tr>\n<tr>\n<td width=\"324\">MIFARE\u00ae Klasik Kart Protokol\u00fc, T=CL<\/td>\n<\/tr>\n<tr>\n<td width=\"234\">Anten<\/td>\n<td width=\"324\">65 mm x 60 mm<\/td>\n<\/tr>\n<tr>\n<td colspan=\"2\" width=\"558\">SAM Kart Aray\u00fcz\u00fc<\/td>\n<\/tr>\n<tr>\n<td width=\"234\">Slot Say\u0131s\u0131<\/td>\n<td width=\"324\">1<\/td>\n<\/tr>\n<tr>\n<td width=\"234\">Standart<\/td>\n<td width=\"324\">ISO 7816 Par\u00e7a 1-3, S\u0131n\u0131f A (5 V)<\/td>\n<\/tr>\n<tr>\n<td width=\"234\">Protokol<\/td>\n<td width=\"324\">T=0; T=1<\/td>\n<\/tr>\n<tr>\n<td colspan=\"2\" width=\"558\">Yerle\u015fik \u00c7evre Birimleri<\/td>\n<\/tr>\n<tr>\n<td width=\"234\">NEDEN OLMU\u015e<\/td>\n<td width=\"324\">2 adet tek renk: K\u0131rm\u0131z\u0131 ve Ye\u015fil<\/td>\n<\/tr>\n<tr>\n<td width=\"234\">Zil<\/td>\n<td width=\"324\">Monoton<\/td>\n<\/tr>\n<tr>\n<td colspan=\"2\" width=\"558\">Di\u011fer \u00f6zellikler<\/td>\n<\/tr>\n<tr>\n<td width=\"234\">Ayg\u0131t Yaz\u0131l\u0131m\u0131 Y\u00fckseltmesi<\/td>\n<td width=\"324\">Destekleniyor<\/td>\n<\/tr>\n<tr>\n<td colspan=\"2\" width=\"558\">Sertifikalar\/Uyumluluk<\/td>\n<\/tr>\n<tr>\n<td rowspan=\"10\" width=\"234\">Sertifikalar\/Uyumluluk<\/td>\n<td width=\"324\">ISO 7816 (SAM Yuvas\u0131)<\/td>\n<\/tr>\n<tr>\n<td width=\"324\">ISO 14443<\/td>\n<\/tr>\n<tr>\n<td width=\"324\">USB Tam H\u0131z<\/td>\n<\/tr>\n<tr>\n<td width=\"324\">PC\/SC<\/td>\n<\/tr>\n<tr>\n<td width=\"324\">CCID<\/td>\n<\/tr>\n<tr>\n<td width=\"324\">CE<\/td>\n<\/tr>\n<tr>\n<td width=\"324\">FCC<\/td>\n<\/tr>\n<tr>\n<td width=\"324\">RoHS<\/td>\n<\/tr>\n<tr>\n<td width=\"324\">ULA\u015eMAK<\/td>\n<\/tr>\n<tr>\n<td width=\"324\">Microsoft\u00ae WHQL<\/td>\n<\/tr>\n<tr>\n<td colspan=\"2\" width=\"558\">Ayg\u0131t S\u00fcr\u00fcc\u00fcs\u00fc \u0130\u015fletim Sistemi Deste\u011fi<\/td>\n<\/tr>\n<tr>\n<td rowspan=\"5\" width=\"234\">Ayg\u0131t S\u00fcr\u00fcc\u00fcs\u00fc \u0130\u015fletim Sistemi Deste\u011fi<\/td>\n<td width=\"324\">Windows\u00ae<\/td>\n<\/tr>\n<tr>\n<td width=\"324\">Linux\u00ae<\/td>\n<\/tr>\n<tr>\n<td width=\"324\">MAC OS\u00ae<\/td>\n<\/tr>\n<tr>\n<td width=\"324\">Solaris<\/td>\n<\/tr>\n<tr>\n<td width=\"324\">Android\u2122<\/td>\n<\/tr>\n<\/tbody>\n<\/table>\n<\/div>\n<\/li>\n<\/ul>\n<\/li>\n<\/ul>","protected":false},"excerpt":{"rendered":"<p>ACM1281U-C7, CCID ve PC\/SC&#039;yi destekleyen SAM \u00f6zellikli \u00e7ok y\u00f6nl\u00fc bir USB Temass\u0131z Okuyucudur ve sat\u0131\u015f \u00f6demeleri gibi g\u00fcvenli NFC uygulamalar\u0131 i\u00e7in idealdir.<\/p>","protected":false},"featured_media":1565,"template":"","meta":[],"product_brand":[],"product_cat":[41],"product_tag":[],"class_list":{"0":"post-1564","1":"product","2":"type-product","3":"status-publish","4":"has-post-thumbnail","6":"product_cat-module-ic-reader","8":"first","9":"instock","10":"shipping-taxable","11":"product-type-simple"},"_links":{"self":[{"href":"https:\/\/nfc-readers.com\/tr\/wp-json\/wp\/v2\/product\/1564","targetHints":{"allow":["GET"]}}],"collection":[{"href":"https:\/\/nfc-readers.com\/tr\/wp-json\/wp\/v2\/product"}],"about":[{"href":"https:\/\/nfc-readers.com\/tr\/wp-json\/wp\/v2\/types\/product"}],"wp:featuredmedia":[{"embeddable":true,"href":"https:\/\/nfc-readers.com\/tr\/wp-json\/wp\/v2\/media\/1565"}],"wp:attachment":[{"href":"https:\/\/nfc-readers.com\/tr\/wp-json\/wp\/v2\/media?parent=1564"}],"wp:term":[{"taxonomy":"product_brand","embeddable":true,"href":"https:\/\/nfc-readers.com\/tr\/wp-json\/wp\/v2\/product_brand?post=1564"},{"taxonomy":"product_cat","embeddable":true,"href":"https:\/\/nfc-readers.com\/tr\/wp-json\/wp\/v2\/product_cat?post=1564"},{"taxonomy":"product_tag","embeddable":true,"href":"https:\/\/nfc-readers.com\/tr\/wp-json\/wp\/v2\/product_tag?post=1564"}],"curies":[{"name":"wp","href":"https:\/\/api.w.org\/{rel}","templated":true}]}}