{"id":1566,"date":"2024-04-07T06:26:05","date_gmt":"2024-04-07T06:26:05","guid":{"rendered":"https:\/\/nfc-readers.com\/?post_type=product&#038;p=1566"},"modified":"2024-10-16T06:20:36","modified_gmt":"2024-10-16T06:20:36","slug":"acm1281s-c7-serial-contactless-reader-module-with-sam-slot","status":"publish","type":"product","link":"https:\/\/nfc-readers.com\/tr\/ic-reader\/acm1281s-c7-serial-contactless-reader-module-with-sam-slot\/","title":{"rendered":"ACM1281S-C7 SAM Yuval\u0131 Seri Temass\u0131z Okuyucu Mod\u00fcl\u00fc"},"content":{"rendered":"<h1>ACM1281S-C7 SAM Yuval\u0131 Seri Temass\u0131z Okuyucu Mod\u00fcl\u00fc<\/h1>\n<p>ACM1281S-C7, h\u0131zl\u0131, g\u00fcvenilir ve g\u00fcvenli etkile\u015fimler gerektiren \u00e7ok \u00e7e\u015fitli uygulamalara uygun, y\u00fcksek h\u0131zl\u0131 ve ta\u015f\u0131nabilir \u00f6zelliklere sahip geli\u015fmi\u015f bir Seri Temass\u0131z Ak\u0131ll\u0131 Kart Okuyucusunu temsil eder. Geni\u015fletilmi\u015f APDU&#039;yu destekleme yetene\u011fi ve kullan\u0131m kolayl\u0131\u011f\u0131, bu okuyucuyu hem mobil hem de sabit ortamlar i\u00e7in sa\u011flam bir \u00e7\u00f6z\u00fcm haline getirir.<\/p>\n<ul>\n<li>\n<h2>Seri RS232 Aray\u00fcz\u00fc<\/h2>\n<\/li>\n<li>\n<h2>G\u00fc\u00e7 kayna\u011f\u0131 i\u00e7in USB aray\u00fcz\u00fc<\/h2>\n<\/li>\n<li>\n<h2>CCID benzeri \u00e7er\u00e7eve format\u0131 (ikili format)<\/h2>\n<\/li>\n<li>\n<h2>USB Firmware Y\u00fckseltilebilirli\u011fi<\/h2>\n<\/li>\n<li>\n<h2>Ak\u0131ll\u0131 kart okuyucu:<\/h2>\n<ul>\n<li>\n<h3>Temass\u0131z Aray\u00fcz:<\/h3>\n<ul>\n<li>\n<h4>848 kbps&#039;ye kadar okuma\/yazma h\u0131z\u0131<\/h4>\n<\/li>\n<li>\n<h4>Temass\u0131z etiket eri\u015fimi i\u00e7in, 50 mm&#039;ye kadar kart okuma mesafesine sahip dahili anten (etiket t\u00fcr\u00fcne ba\u011fl\u0131 olarak)<\/h4>\n<\/li>\n<li>\n<h4>ISO 14443 B\u00f6l\u00fcm 4 Tip A ve B kartlar\u0131n\u0131 ve MIFARE\u00ae Classic serisini destekler<\/h4>\n<\/li>\n<li>\n<h4>Yerle\u015fik \u00e7arp\u0131\u015fma \u00f6nleme \u00f6zelli\u011fi (herhangi bir zamanda yaln\u0131zca 1 etikete eri\u015filir)<\/h4>\n<\/li>\n<li>\n<h4>Geni\u015fletilmi\u015f APDU&#039;yu destekler (maks. 64 kbyte)<\/h4>\n<\/li>\n<\/ul>\n<\/li>\n<li>\n<h3>SAM Aray\u00fcz\u00fc:<\/h3>\n<ul>\n<li>\n<h4>ISO 7816 uyumlu SAM yuvas\u0131, S\u0131n\u0131f A (5V)<\/h4>\n<\/li>\n<\/ul>\n<\/li>\n<\/ul>\n<\/li>\n<li>\n<h2>\u00c7evre birimleri:<\/h2>\n<ul>\n<li>\n<h3>Kullan\u0131c\u0131 taraf\u0131ndan kontrol edilebilen iki renkli LED<\/h3>\n<\/li>\n<li>\n<h3>Kullan\u0131c\u0131 taraf\u0131ndan kontrol edilebilen buzzer<\/h3>\n<\/li>\n<li>\n<div>\n<table width=\"551\">\n<tbody>\n<tr>\n<td colspan=\"2\" width=\"551\">Fiziksel \u00f6zellikler<\/td>\n<\/tr>\n<tr>\n<td width=\"226\">Boyutlar (mm)<\/td>\n<td width=\"325\">106,6 mm (U) x 67,0 g (G) x 16,0 g (Y)<\/td>\n<\/tr>\n<tr>\n<td width=\"226\">A\u011f\u0131rl\u0131k (g)<\/td>\n<td width=\"325\">20,8 gr<\/td>\n<\/tr>\n<tr>\n<td colspan=\"2\" width=\"551\">Seri Aray\u00fcz<\/td>\n<\/tr>\n<tr>\n<td width=\"226\">Protokol<\/td>\n<td width=\"325\">RS-232<\/td>\n<\/tr>\n<tr>\n<td width=\"226\">Ba\u011flay\u0131c\u0131 T\u00fcr\u00fc<\/td>\n<td width=\"325\">DB-9 Konekt\u00f6r\u00fc<\/td>\n<\/tr>\n<tr>\n<td width=\"226\">G\u00fc\u00e7 kayna\u011f\u0131<\/td>\n<td width=\"325\">USB kablosu arac\u0131l\u0131\u011f\u0131yla<\/td>\n<\/tr>\n<tr>\n<td width=\"226\">Kablo uzunlu\u011fu<\/td>\n<td width=\"325\">1,5 m, Ayr\u0131labilir (Opsiyonel)<\/td>\n<\/tr>\n<tr>\n<td colspan=\"2\" width=\"551\">Temass\u0131z Ak\u0131ll\u0131 Kart Aray\u00fcz\u00fc<\/td>\n<\/tr>\n<tr>\n<td width=\"226\">Standart<\/td>\n<td width=\"325\">ISO 14443 A ve B B\u00f6l\u00fcm 1-4<\/td>\n<\/tr>\n<tr>\n<td rowspan=\"2\" width=\"226\">Protokol<\/td>\n<td width=\"325\">ISO14443-4 Uyumlu Kartlar, T=CL<\/td>\n<\/tr>\n<tr>\n<td width=\"325\">MIFARE\u00ae Klasik Kart Protokol\u00fc, T=CL<\/td>\n<\/tr>\n<tr>\n<td width=\"226\">Anten<\/td>\n<td width=\"325\">65 mm x 60 mm<\/td>\n<\/tr>\n<tr>\n<td colspan=\"2\" width=\"551\">SAM Kart Aray\u00fcz\u00fc<\/td>\n<\/tr>\n<tr>\n<td width=\"226\">Slot Say\u0131s\u0131<\/td>\n<td width=\"325\">1<\/td>\n<\/tr>\n<tr>\n<td width=\"226\">Standart<\/td>\n<td width=\"325\">ISO 7816 Par\u00e7a 1-3, S\u0131n\u0131f A (5 V)<\/td>\n<\/tr>\n<tr>\n<td width=\"226\">Protokol<\/td>\n<td width=\"325\">T=0; T=1<\/td>\n<\/tr>\n<tr>\n<td colspan=\"2\" width=\"551\">Yerle\u015fik \u00c7evre Birimleri<\/td>\n<\/tr>\n<tr>\n<td width=\"226\">NEDEN OLMU\u015e<\/td>\n<td width=\"325\">2 adet tek renk: K\u0131rm\u0131z\u0131 ve Ye\u015fil<\/td>\n<\/tr>\n<tr>\n<td width=\"226\">Zil<\/td>\n<td width=\"325\">Monoton<\/td>\n<\/tr>\n<tr>\n<td colspan=\"2\" width=\"551\">Di\u011fer \u00f6zellikler<\/td>\n<\/tr>\n<tr>\n<td width=\"226\">Ayg\u0131t Yaz\u0131l\u0131m\u0131 Y\u00fckseltmesi<\/td>\n<td width=\"325\">Destekleniyor<\/td>\n<\/tr>\n<tr>\n<td colspan=\"2\" width=\"551\">Sertifikalar\/Uyumluluk<\/td>\n<\/tr>\n<tr>\n<td rowspan=\"6\" width=\"226\">Sertifikalar\/Uyumluluk<\/td>\n<td width=\"325\">ISO 7816 (SAM Yuvas\u0131)<\/td>\n<\/tr>\n<tr>\n<td width=\"325\">ISO 14443<\/td>\n<\/tr>\n<tr>\n<td width=\"325\">CE<\/td>\n<\/tr>\n<tr>\n<td width=\"325\">FCC<\/td>\n<\/tr>\n<tr>\n<td width=\"325\">RoHS<\/td>\n<\/tr>\n<tr>\n<td width=\"325\">ULA\u015eMAK<\/td>\n<\/tr>\n<tr>\n<td colspan=\"2\" width=\"551\">Ayg\u0131t S\u00fcr\u00fcc\u00fcs\u00fc \u0130\u015fletim Sistemi Deste\u011fi<\/td>\n<\/tr>\n<tr>\n<td rowspan=\"2\" width=\"226\">Ayg\u0131t S\u00fcr\u00fcc\u00fcs\u00fc \u0130\u015fletim Sistemi Deste\u011fi<\/td>\n<td width=\"325\">Windows\u00ae<\/td>\n<\/tr>\n<tr>\n<td width=\"325\">Linux\u00ae<\/td>\n<\/tr>\n<\/tbody>\n<\/table>\n<\/div>\n<\/li>\n<\/ul>\n<\/li>\n<\/ul>","protected":false},"excerpt":{"rendered":"<p>ACM1281S-C7, \u00e7e\u015fitli g\u00f6m\u00fcl\u00fc uygulamalar i\u00e7in y\u00fcksek h\u0131zl\u0131 performans ve kolay entegrasyon sunan, SAM mod\u00fcl\u00fcne sahip kompakt bir Seri Temass\u0131z Okuyucudur.<\/p>","protected":false},"featured_media":1567,"template":"","meta":[],"product_brand":[],"product_cat":[45,41],"product_tag":[],"class_list":{"0":"post-1566","1":"product","2":"type-product","3":"status-publish","4":"has-post-thumbnail","6":"product_cat-contactless-nfc-reader","7":"product_cat-module-ic-reader","9":"first","10":"instock","11":"shipping-taxable","12":"product-type-simple"},"_links":{"self":[{"href":"https:\/\/nfc-readers.com\/tr\/wp-json\/wp\/v2\/product\/1566","targetHints":{"allow":["GET"]}}],"collection":[{"href":"https:\/\/nfc-readers.com\/tr\/wp-json\/wp\/v2\/product"}],"about":[{"href":"https:\/\/nfc-readers.com\/tr\/wp-json\/wp\/v2\/types\/product"}],"wp:featuredmedia":[{"embeddable":true,"href":"https:\/\/nfc-readers.com\/tr\/wp-json\/wp\/v2\/media\/1567"}],"wp:attachment":[{"href":"https:\/\/nfc-readers.com\/tr\/wp-json\/wp\/v2\/media?parent=1566"}],"wp:term":[{"taxonomy":"product_brand","embeddable":true,"href":"https:\/\/nfc-readers.com\/tr\/wp-json\/wp\/v2\/product_brand?post=1566"},{"taxonomy":"product_cat","embeddable":true,"href":"https:\/\/nfc-readers.com\/tr\/wp-json\/wp\/v2\/product_cat?post=1566"},{"taxonomy":"product_tag","embeddable":true,"href":"https:\/\/nfc-readers.com\/tr\/wp-json\/wp\/v2\/product_tag?post=1566"}],"curies":[{"name":"wp","href":"https:\/\/api.w.org\/{rel}","templated":true}]}}