{"id":1568,"date":"2024-04-07T06:30:24","date_gmt":"2024-04-07T06:30:24","guid":{"rendered":"https:\/\/nfc-readers.com\/?post_type=product&#038;p=1568"},"modified":"2024-10-16T06:16:19","modified_gmt":"2024-10-16T06:16:19","slug":"acm1252u-y3-usb-nfc-reader-module-with-detachable-antenna-board","status":"publish","type":"product","link":"https:\/\/nfc-readers.com\/tr\/ic-reader\/acm1252u-y3-usb-nfc-reader-module-with-detachable-antenna-board\/","title":{"rendered":"ACM1252U-Y3 \u00c7\u0131kar\u0131labilir Anten Kartl\u0131 USB NFC Okuyucu Mod\u00fcl\u00fc"},"content":{"rendered":"<h1>ACM1252U-Y3 \u00c7\u0131kar\u0131labilir Anten Kartl\u0131 USB NFC Okuyucu Mod\u00fcl\u00fc<\/h1>\n<p>ACM1252U-Y3, yerle\u015fik NFC teknolojisi gerektiren \u00e7e\u015fitli uygulamalar i\u00e7in ideal, son teknoloji \u00fcr\u00fcn\u00fc bir NFC Ak\u0131ll\u0131 Kart USB Okuyucu Mod\u00fcl\u00fcd\u00fcr. Geni\u015fletilmi\u015f menzil yetenekleri, y\u00fcksek h\u0131zl\u0131 veri aktar\u0131m\u0131 ve uyarlanabilirli\u011fi ve kullan\u0131c\u0131 dostu olmay\u0131 destekleyen ek \u00f6zellikleriyle bu mod\u00fcl, entegre sistem uygulamalar\u0131nda NFC i\u015flemlerinin etkinle\u015ftirilmesi i\u00e7in birinci s\u0131n\u0131f bir se\u00e7imdir.<\/p>\n<ul>\n<li>\n<h2>USB 2.0 Tam H\u0131zl\u0131 Aray\u00fcz<\/h2>\n<\/li>\n<li>\n<h2>CCID Uyumlulu\u011fu<\/h2>\n<\/li>\n<li>\n<h2>USB Firmware Y\u00fckseltilebilirli\u011fi<\/h2>\n<\/li>\n<li>\n<h2>Ak\u0131ll\u0131 kart okuyucu:<\/h2>\n<ul>\n<li>\n<h3>Temass\u0131z Aray\u00fcz:<\/h3>\n<ul>\n<li>\n<h4>424 kbps&#039;ye kadar okuma\/yazma h\u0131z\u0131<\/h4>\n<\/li>\n<li>\n<h4>Temass\u0131z etiket eri\u015fimi i\u00e7in, 50 mm&#039;ye kadar kart okuma mesafesine sahip dahili anten (etiket t\u00fcr\u00fcne ba\u011fl\u0131 olarak)<\/h4>\n<\/li>\n<li>\n<h4>ISO 14443 Tip A ve B, MIFARE\u00ae ve FeliCa kartlar\u0131 ve 4 tip NFC (ISO\/IEC 18092) etiketinin t\u00fcm\u00fcn\u00fc destekler<\/h4>\n<\/li>\n<li>\n<h4>MIFARE\u00ae 7 bayt UID, MIFARE\u00ae Plus ve MIFARE\u00ae DESfire&#039;\u0131 destekler<\/h4>\n<\/li>\n<li>\n<h4>Yerle\u015fik \u00e7arp\u0131\u015fma \u00f6nleme \u00f6zelli\u011fi (herhangi bir zamanda yaln\u0131zca 1 etikete eri\u015filir)<\/h4>\n<\/li>\n<li>\n<h4>NFC Deste\u011fi:<\/h4>\n<ul>\n<li>NFC Okuyucu\/Yaz\u0131c\u0131 Modu<\/li>\n<li>E\u015fler Aras\u0131 Mod<\/li>\n<li>Kart Em\u00fclasyon Modu<\/li>\n<\/ul>\n<\/li>\n<\/ul>\n<\/li>\n<\/ul>\n<\/li>\n<li>\n<h2>Uygulama programlama Aray\u00fcz\u00fc:<\/h2>\n<ul>\n<li>\n<h3>PC\/SC&#039;yi destekler<\/h3>\n<\/li>\n<li>\n<h3>CT-API&#039;yi destekler (PC\/SC&#039;nin \u00fcst\u00fcndeki sarmalay\u0131c\u0131 arac\u0131l\u0131\u011f\u0131yla)<\/h3>\n<\/li>\n<\/ul>\n<\/li>\n<li>\n<h2>\u00c7evre birimleri:<\/h2>\n<ul>\n<li>\n<h3>Kullan\u0131c\u0131 taraf\u0131ndan kontrol edilebilen iki renkli LED<\/h3>\n<\/li>\n<li>\n<h3>Kullan\u0131c\u0131 taraf\u0131ndan kontrol edilebilen buzzer<\/h3>\n<\/li>\n<li>\n<div>\n<table width=\"495\">\n<tbody>\n<tr>\n<td colspan=\"2\" width=\"495\">Fiziksel \u00f6zellikler<\/td>\n<\/tr>\n<tr>\n<td rowspan=\"2\" width=\"187\">Boyutlar (mm)<\/td>\n<td width=\"308\">Ana Kart: 55,0 mm (U) x 45,0 mm (G) x 5,1 mm (Y)<\/td>\n<\/tr>\n<tr>\n<td width=\"308\">Anten Kart\u0131: 91,0 mm (U) x 49,5 mm (G) x 5,1 mm (Y)<\/td>\n<\/tr>\n<tr>\n<td width=\"187\">A\u011f\u0131rl\u0131k (g)<\/td>\n<td width=\"308\">26,6 gr<\/td>\n<\/tr>\n<tr>\n<td colspan=\"2\" width=\"495\">USB arabirimi<\/td>\n<\/tr>\n<tr>\n<td width=\"187\">Protokol<\/td>\n<td width=\"308\">USB CCID&#039;si<\/td>\n<\/tr>\n<tr>\n<td width=\"187\">Ba\u011flay\u0131c\u0131 T\u00fcr\u00fc<\/td>\n<td width=\"308\">Standart Tip A<\/td>\n<\/tr>\n<tr>\n<td width=\"187\">G\u00fc\u00e7 kayna\u011f\u0131<\/td>\n<td width=\"308\">USB ba\u011flant\u0131 noktas\u0131ndan<\/td>\n<\/tr>\n<tr>\n<td width=\"187\">H\u0131z<\/td>\n<td width=\"308\">USB Tam H\u0131z (12 Mbps)<\/td>\n<\/tr>\n<tr>\n<td width=\"187\">Kablo uzunlu\u011fu<\/td>\n<td width=\"308\">1,0 m, Ayr\u0131labilir (Opsiyonel)<\/td>\n<\/tr>\n<tr>\n<td colspan=\"2\" width=\"495\">Temass\u0131z Ak\u0131ll\u0131 Kart Aray\u00fcz\u00fc<\/td>\n<\/tr>\n<tr>\n<td width=\"187\">Standart<\/td>\n<td width=\"308\">ISO\/IEC 18092 NFC, ISO 14443 Tip A ve B, MIFARE\u00ae, FeliCa<\/td>\n<\/tr>\n<tr>\n<td rowspan=\"4\" width=\"187\">Protokol<\/td>\n<td width=\"308\">ISO 14443-4 Uyumlu Kart, T=CL<\/td>\n<\/tr>\n<tr>\n<td width=\"308\">MIFARE\u00ae Klasik Kart, T=CL<\/td>\n<\/tr>\n<tr>\n<td width=\"308\">ISO18092, NFC Etiketler<\/td>\n<\/tr>\n<tr>\n<td width=\"308\">FeliCa<\/td>\n<\/tr>\n<tr>\n<td width=\"187\">Anten<\/td>\n<td width=\"308\">77 mm x 49,5 mm<\/td>\n<\/tr>\n<tr>\n<td colspan=\"2\" width=\"495\">SAM Kart Aray\u00fcz\u00fc<\/td>\n<\/tr>\n<tr>\n<td width=\"187\">Slot Say\u0131s\u0131<\/td>\n<td width=\"308\">1 (\u0130ste\u011fe ba\u011fl\u0131)<\/td>\n<\/tr>\n<tr>\n<td colspan=\"2\" width=\"495\">Yerle\u015fik \u00c7evre Birimleri<\/td>\n<\/tr>\n<tr>\n<td width=\"187\">NEDEN OLMU\u015e<\/td>\n<td width=\"308\">1 adet iki renkli: K\u0131rm\u0131z\u0131 ve Ye\u015fil<\/td>\n<\/tr>\n<tr>\n<td width=\"187\">Zil<\/td>\n<td width=\"308\">Monoton<\/td>\n<\/tr>\n<tr>\n<td colspan=\"2\" width=\"495\">Di\u011fer \u00f6zellikler<\/td>\n<\/tr>\n<tr>\n<td width=\"187\">Ayg\u0131t Yaz\u0131l\u0131m\u0131 Y\u00fckseltmesi<\/td>\n<td width=\"308\">Destekleniyor<\/td>\n<\/tr>\n<tr>\n<td colspan=\"2\" width=\"495\">Sertifikalar\/Uyumluluk<\/td>\n<\/tr>\n<tr>\n<td rowspan=\"13\" width=\"187\">Sertifikalar\/Uyumluluk<\/td>\n<td width=\"308\">EN 60950\/IEC 60950<\/td>\n<\/tr>\n<tr>\n<td width=\"308\">ISO 7816 (SAM Yuvas\u0131)<\/td>\n<\/tr>\n<tr>\n<td width=\"308\">ISO 14443<\/td>\n<\/tr>\n<tr>\n<td width=\"308\">ISO 18092<\/td>\n<\/tr>\n<tr>\n<td width=\"308\">USB Tam H\u0131z<\/td>\n<\/tr>\n<tr>\n<td width=\"308\">PC\/SC<\/td>\n<\/tr>\n<tr>\n<td width=\"308\">CCID<\/td>\n<\/tr>\n<tr>\n<td width=\"308\">VCCI (Japonya)<\/td>\n<\/tr>\n<tr>\n<td width=\"308\">CE<\/td>\n<\/tr>\n<tr>\n<td width=\"308\">FCC<\/td>\n<\/tr>\n<tr>\n<td width=\"308\">RoHS<\/td>\n<\/tr>\n<tr>\n<td width=\"308\">ULA\u015eMAK<\/td>\n<\/tr>\n<tr>\n<td width=\"308\">Microsoft\u00ae WHQL<\/td>\n<\/tr>\n<tr>\n<td colspan=\"2\" width=\"495\">Ayg\u0131t S\u00fcr\u00fcc\u00fcs\u00fc \u0130\u015fletim Sistemi Deste\u011fi<\/td>\n<\/tr>\n<tr>\n<td rowspan=\"5\" width=\"187\">Ayg\u0131t S\u00fcr\u00fcc\u00fcs\u00fc \u0130\u015fletim Sistemi Deste\u011fi<\/td>\n<td width=\"308\">Windows\u00ae<\/td>\n<\/tr>\n<tr>\n<td width=\"308\">Linux\u00ae<\/td>\n<\/tr>\n<tr>\n<td width=\"308\">MAC OS\u00ae<\/td>\n<\/tr>\n<tr>\n<td width=\"308\">Solaris<\/td>\n<\/tr>\n<tr>\n<td width=\"308\">Android\u2122<\/td>\n<\/tr>\n<\/tbody>\n<\/table>\n<\/div>\n<\/li>\n<\/ul>\n<\/li>\n<\/ul>","protected":false},"excerpt":{"rendered":"<p>ACM1252U-Y3, 13.56M teknolojisini kullanan, y\u00fcksek h\u0131zl\u0131 veri al\u0131\u015fveri\u015fini destekleyen ve \u00e7e\u015fitli g\u00f6m\u00fcl\u00fc uygulamalar i\u00e7in ideal olan \u00e7ok y\u00f6nl\u00fc bir NFC USB mod\u00fcl\u00fcd\u00fcr.<\/p>","protected":false},"featured_media":1570,"template":"","meta":[],"product_brand":[],"product_cat":[45,41,40],"product_tag":[],"class_list":{"0":"post-1568","1":"product","2":"type-product","3":"status-publish","4":"has-post-thumbnail","6":"product_cat-contactless-nfc-reader","7":"product_cat-module-ic-reader","8":"product_cat-rfid-nfc-reader","10":"first","11":"instock","12":"shipping-taxable","13":"product-type-simple"},"_links":{"self":[{"href":"https:\/\/nfc-readers.com\/tr\/wp-json\/wp\/v2\/product\/1568","targetHints":{"allow":["GET"]}}],"collection":[{"href":"https:\/\/nfc-readers.com\/tr\/wp-json\/wp\/v2\/product"}],"about":[{"href":"https:\/\/nfc-readers.com\/tr\/wp-json\/wp\/v2\/types\/product"}],"wp:featuredmedia":[{"embeddable":true,"href":"https:\/\/nfc-readers.com\/tr\/wp-json\/wp\/v2\/media\/1570"}],"wp:attachment":[{"href":"https:\/\/nfc-readers.com\/tr\/wp-json\/wp\/v2\/media?parent=1568"}],"wp:term":[{"taxonomy":"product_brand","embeddable":true,"href":"https:\/\/nfc-readers.com\/tr\/wp-json\/wp\/v2\/product_brand?post=1568"},{"taxonomy":"product_cat","embeddable":true,"href":"https:\/\/nfc-readers.com\/tr\/wp-json\/wp\/v2\/product_cat?post=1568"},{"taxonomy":"product_tag","embeddable":true,"href":"https:\/\/nfc-readers.com\/tr\/wp-json\/wp\/v2\/product_tag?post=1568"}],"curies":[{"name":"wp","href":"https:\/\/api.w.org\/{rel}","templated":true}]}}