{"id":1572,"date":"2024-04-07T06:32:56","date_gmt":"2024-04-07T06:32:56","guid":{"rendered":"https:\/\/nfc-readers.com\/?post_type=product&#038;p=1572"},"modified":"2024-10-16T06:13:06","modified_gmt":"2024-10-16T06:13:06","slug":"acm1252u-z2-small-nfc-reader-module","status":"publish","type":"product","link":"https:\/\/nfc-readers.com\/tr\/ic-reader\/acm1252u-z2-small-nfc-reader-module\/","title":{"rendered":"ACM1252U-Z2 K\u00fc\u00e7\u00fck NFC Okuyucu Mod\u00fcl\u00fc"},"content":{"rendered":"<h1>ACM1252U-Z2 K\u00fc\u00e7\u00fck NFC Okuyucu Mod\u00fcl\u00fc<\/h1>\n<p>ACM1252U-Z2, g\u00f6m\u00fcl\u00fc sistem entegrasyonu i\u00e7in tasarlanm\u0131\u015f, geni\u015f protokol deste\u011fi ve verimli i\u015flevselli\u011fin de\u011ferli bir kar\u0131\u015f\u0131m\u0131n\u0131 sunan \u00e7ok y\u00f6nl\u00fc ve sa\u011flam bir NFC okuyucu mod\u00fcl\u00fcd\u00fcr. \u00c7arp\u0131\u015fma \u00f6nleme \u00f6zelli\u011fi, \u00e7oklu kart senaryolar\u0131nda fayda sa\u011flayarak NFC teknolojisi ortam\u0131nda uygun maliyetli bir \u00e7\u00f6z\u00fcm olma rol\u00fcn\u00fc g\u00fc\u00e7lendiriyor.<\/p>\n<ul>\n<li>\n<h2>USB 2.0 Tam H\u0131zl\u0131 Aray\u00fcz<\/h2>\n<\/li>\n<li>\n<h2>CCID Uyumlulu\u011fu<\/h2>\n<\/li>\n<li>\n<h2>Temass\u0131z Kart Deste\u011fi:<\/h2>\n<ul>\n<li>\n<h3>424 kbps&#039;ye kadar okuma\/yazma h\u0131z\u0131<\/h3>\n<\/li>\n<li>\n<h3>Temass\u0131z etiket eri\u015fimi i\u00e7in, 30 mm&#039;ye kadar kart okuma mesafesine sahip dahili anten (etiket t\u00fcr\u00fcne ba\u011fl\u0131 olarak)<\/h3>\n<\/li>\n<li>\n<h3>ISO 14443 B\u00f6l\u00fcm 4 Tip A ve B kartlar\u0131n\u0131, MIFARE\u00ae, FeliCa&#039;y\u0131 ve d\u00f6rt NFC tipinin tamam\u0131n\u0131 (ISO 18092 etiketleri) destekler<\/h3>\n<\/li>\n<li>\n<h3>Yerle\u015fik \u00e7arp\u0131\u015fma \u00f6nleme \u00f6zelli\u011fi (herhangi bir zamanda yaln\u0131zca bir etikete eri\u015filir)<\/h3>\n<\/li>\n<\/ul>\n<\/li>\n<li>\n<h2>uygulama programlama Aray\u00fcz\u00fc<\/h2>\n<ul>\n<li>\n<h3>PC\/SC&#039;yi destekler<\/h3>\n<\/li>\n<\/ul>\n<\/li>\n<li>\n<h2>USB Firmware Y\u00fckseltilebilirli\u011fi<\/h2>\n<\/li>\n<li>\n<div>\n<table width=\"574\">\n<tbody>\n<tr>\n<td colspan=\"2\" width=\"574\">Fiziksel \u00f6zellikler<\/td>\n<\/tr>\n<tr>\n<td width=\"204\">Boyutlar (mm)<\/td>\n<td width=\"370\">52,0 mm (U) x 20,0 mm (G) x 6,0 mm (Y)<\/td>\n<\/tr>\n<tr>\n<td width=\"204\">A\u011f\u0131rl\u0131k (g)<\/td>\n<td width=\"370\">3,65 gram<\/td>\n<\/tr>\n<tr>\n<td colspan=\"2\" width=\"574\">USB arabirimi<\/td>\n<\/tr>\n<tr>\n<td width=\"204\">Protokol<\/td>\n<td width=\"370\">USB CCID&#039;si<\/td>\n<\/tr>\n<tr>\n<td width=\"204\">Ba\u011flay\u0131c\u0131 T\u00fcr\u00fc<\/td>\n<td width=\"370\">Mikro USB<\/td>\n<\/tr>\n<tr>\n<td width=\"204\">G\u00fc\u00e7 kayna\u011f\u0131<\/td>\n<td width=\"370\">USB ba\u011flant\u0131 noktas\u0131ndan<\/td>\n<\/tr>\n<tr>\n<td width=\"204\">H\u0131z<\/td>\n<td width=\"370\">USB Tam H\u0131z (12 Mbps)<\/td>\n<\/tr>\n<tr>\n<td width=\"204\">Kablo uzunlu\u011fu<\/td>\n<td width=\"370\">1,0 m, Ayr\u0131labilir (Opsiyonel)<\/td>\n<\/tr>\n<tr>\n<td colspan=\"2\" width=\"574\">Temass\u0131z Ak\u0131ll\u0131 Kart Aray\u00fcz\u00fc<\/td>\n<\/tr>\n<tr>\n<td width=\"204\">Standart<\/td>\n<td width=\"370\">ISO\/IEC 18092 NFC, ISO 14443 Tip A ve B, MIFARE\u00ae, FeliCa<\/td>\n<\/tr>\n<tr>\n<td rowspan=\"4\" width=\"204\">Protokol<\/td>\n<td width=\"370\">ISO14443-4 Uyumlu Kartlar, T=CL<\/td>\n<\/tr>\n<tr>\n<td width=\"370\">MIFARE\u00ae Klasik Kart Protokol\u00fc, T=CL<\/td>\n<\/tr>\n<tr>\n<td width=\"370\">ISO 18092, NFC Etiketleri<\/td>\n<\/tr>\n<tr>\n<td width=\"370\">FeliCa<\/td>\n<\/tr>\n<tr>\n<td width=\"204\">Anten<\/td>\n<td width=\"370\">20 mm x 22 mm<\/td>\n<\/tr>\n<tr>\n<td colspan=\"2\" width=\"574\">Yerle\u015fik \u00c7evre Birimleri<\/td>\n<\/tr>\n<tr>\n<td width=\"204\">NEDEN OLMU\u015e<\/td>\n<td width=\"370\">1 adet iki renkli: K\u0131rm\u0131z\u0131 ve Ye\u015fil<\/td>\n<\/tr>\n<tr>\n<td colspan=\"2\" width=\"574\">Di\u011fer \u00f6zellikler<\/td>\n<\/tr>\n<tr>\n<td width=\"204\">Ayg\u0131t Yaz\u0131l\u0131m\u0131 Y\u00fckseltmesi<\/td>\n<td width=\"370\">Destekleniyor<\/td>\n<\/tr>\n<tr>\n<td colspan=\"2\" width=\"574\">Sertifikalar\/Uyumluluk<\/td>\n<\/tr>\n<tr>\n<td rowspan=\"10\" width=\"204\">Sertifikalar\/Uyumluluk<\/td>\n<td width=\"370\">ISO 14443<\/td>\n<\/tr>\n<tr>\n<td width=\"370\">ISO 18092<\/td>\n<\/tr>\n<tr>\n<td width=\"370\">USB Tam H\u0131z<\/td>\n<\/tr>\n<tr>\n<td width=\"370\">PC\/SC<\/td>\n<\/tr>\n<tr>\n<td width=\"370\">CCID<\/td>\n<\/tr>\n<tr>\n<td width=\"370\">CE<\/td>\n<\/tr>\n<tr>\n<td width=\"370\">FCC<\/td>\n<\/tr>\n<tr>\n<td width=\"370\">RoHS<\/td>\n<\/tr>\n<tr>\n<td width=\"370\">ULA\u015eMAK<\/td>\n<\/tr>\n<tr>\n<td width=\"370\">Microsoft\u00ae WHQL<\/td>\n<\/tr>\n<tr>\n<td colspan=\"2\" width=\"574\">Ayg\u0131t S\u00fcr\u00fcc\u00fcs\u00fc \u0130\u015fletim Sistemi Deste\u011fi<\/td>\n<\/tr>\n<tr>\n<td rowspan=\"5\" width=\"204\">Ayg\u0131t S\u00fcr\u00fcc\u00fcs\u00fc \u0130\u015fletim Sistemi Deste\u011fi<\/td>\n<td width=\"370\">Windows\u00ae<\/td>\n<\/tr>\n<tr>\n<td width=\"370\">Linux\u00ae<\/td>\n<\/tr>\n<tr>\n<td width=\"370\">MAC OS\u00ae<\/td>\n<\/tr>\n<tr>\n<td width=\"370\">Solaris<\/td>\n<\/tr>\n<tr>\n<td width=\"370\">Android\u2122<\/td>\n<\/tr>\n<\/tbody>\n<\/table>\n<\/div>\n<\/li>\n<\/ul>","protected":false},"excerpt":{"rendered":"<p>ACM1252U-Z2, 13,56M&#039;de \u00e7al\u0131\u015fan, ISO 14443 ve 18092&#039;yi destekleyen, g\u00f6m\u00fcl\u00fc NFC uygulamalar\u0131 i\u00e7in ideal olan y\u00fcksek performansl\u0131 bir NFC USB mod\u00fcl\u00fcd\u00fcr.<\/p>","protected":false},"featured_media":1573,"template":"","meta":[],"product_brand":[],"product_cat":[45,41,40],"product_tag":[],"class_list":{"0":"post-1572","1":"product","2":"type-product","3":"status-publish","4":"has-post-thumbnail","6":"product_cat-contactless-nfc-reader","7":"product_cat-module-ic-reader","8":"product_cat-rfid-nfc-reader","10":"first","11":"instock","12":"shipping-taxable","13":"product-type-simple"},"_links":{"self":[{"href":"https:\/\/nfc-readers.com\/tr\/wp-json\/wp\/v2\/product\/1572","targetHints":{"allow":["GET"]}}],"collection":[{"href":"https:\/\/nfc-readers.com\/tr\/wp-json\/wp\/v2\/product"}],"about":[{"href":"https:\/\/nfc-readers.com\/tr\/wp-json\/wp\/v2\/types\/product"}],"wp:featuredmedia":[{"embeddable":true,"href":"https:\/\/nfc-readers.com\/tr\/wp-json\/wp\/v2\/media\/1573"}],"wp:attachment":[{"href":"https:\/\/nfc-readers.com\/tr\/wp-json\/wp\/v2\/media?parent=1572"}],"wp:term":[{"taxonomy":"product_brand","embeddable":true,"href":"https:\/\/nfc-readers.com\/tr\/wp-json\/wp\/v2\/product_brand?post=1572"},{"taxonomy":"product_cat","embeddable":true,"href":"https:\/\/nfc-readers.com\/tr\/wp-json\/wp\/v2\/product_cat?post=1572"},{"taxonomy":"product_tag","embeddable":true,"href":"https:\/\/nfc-readers.com\/tr\/wp-json\/wp\/v2\/product_tag?post=1572"}],"curies":[{"name":"wp","href":"https:\/\/api.w.org\/{rel}","templated":true}]}}