{"id":1579,"date":"2024-04-07T06:47:40","date_gmt":"2024-04-07T06:47:40","guid":{"rendered":"https:\/\/nfc-readers.com\/?post_type=product&#038;p=1579"},"modified":"2024-10-16T03:17:58","modified_gmt":"2024-10-16T03:17:58","slug":"acm1252u-z6-small-nfc-reader-module","status":"publish","type":"product","link":"https:\/\/nfc-readers.com\/tr\/ic-reader\/acm1252u-z6-small-nfc-reader-module\/","title":{"rendered":"ACM1252U-Z6 K\u00fc\u00e7\u00fck NFC Okuyucu Mod\u00fcl\u00fc"},"content":{"rendered":"<h1>ACM1252U-Z6 K\u00fc\u00e7\u00fck NFC Okuyucu Mod\u00fcl\u00fc<\/h1>\n<p>ACM1252U-Z6 mod\u00fcl\u00fc, temass\u0131z ileti\u015fim ihtiya\u00e7lar\u0131 i\u00e7in geli\u015fmi\u015f bir \u00e7\u00f6z\u00fcm sunarken, g\u00f6m\u00fcl\u00fc sistemlere kusursuz entegrasyona uygun, kompakt ve verimli NFC kart okuma teknolojisinin somut \u00f6rne\u011fidir. Alana duyarl\u0131 uygulamalar\u0131n gerektirdi\u011fi pratiklik ve esneklikle birlikte \u00e7ok \u00e7e\u015fitli NFC \u00f6zellikli cihazlarla uyumlulu\u011fu garanti eder.<\/p>\n<ul>\n<li>\n<h2><span class=\"s1\">6 pinli FFC Konekt\u00f6r\u00fc arac\u0131l\u0131\u011f\u0131yla USB Tam H\u0131z Aray\u00fcz\u00fc<\/span><\/h2>\n<\/li>\n<li>\n<h2><span class=\"s1\">CCID Uyumlulu\u011fu<\/span><\/h2>\n<\/li>\n<li>\n<h2><span class=\"s1\">USB Firmware Y\u00fckseltilebilirli\u011fi<\/span><\/h2>\n<\/li>\n<li>\n<h2><span class=\"s1\">Ak\u0131ll\u0131 kart okuyucu:<\/span><\/h2>\n<ul>\n<li>\n<h3>Temass\u0131z Aray\u00fcz:<\/h3>\n<ul>\n<li>\n<h4>424 kbps&#039;ye kadar okuma\/yazma h\u0131z\u0131<\/h4>\n<\/li>\n<li>\n<h4>Temass\u0131z etiket eri\u015fimi i\u00e7in 30 mm&#039;ye kadar kart okuma mesafesine sahip Dahili Anten (etiket t\u00fcr\u00fcne ba\u011fl\u0131 olarak)<\/h4>\n<\/li>\n<li>\n<h4>ISO 14443 B\u00f6l\u00fcm 4 Tip A ve B kartlar\u0131n\u0131, MIFARE\u00ae, FeliCa&#039;y\u0131 ve d\u00f6rt NFC tipinin tamam\u0131n\u0131 (ISO 18092 etiketleri) destekler<\/h4>\n<\/li>\n<li>\n<h4>Yerle\u015fik \u00e7arp\u0131\u015fma \u00f6nleme \u00f6zelli\u011fi (herhangi bir zamanda yaln\u0131zca 1 etikete eri\u015filir)<\/h4>\n<\/li>\n<li>\n<h4>NFC Deste\u011fi:<\/h4>\n<ul>\n<li>\n<h5>Kart Okuyucu\/Yaz\u0131c\u0131 Modu<\/h5>\n<\/li>\n<li>\n<h5>E\u015fler Aras\u0131 Mod<\/h5>\n<\/li>\n<li>\n<h5>Kart Em\u00fclasyon Modu<\/h5>\n<\/li>\n<\/ul>\n<\/li>\n<\/ul>\n<\/li>\n<\/ul>\n<\/li>\n<li>\n<h2>Yerle\u015fik \u00c7evre Birimleri:<\/h2>\n<ul>\n<li>\n<h3><span class=\"s1\">Kullan\u0131c\u0131 taraf\u0131ndan kontrol edilebilen iki renkli LED<\/span><\/h3>\n<\/li>\n<\/ul>\n<\/li>\n<li>\n<h2>Uygulama programlama Aray\u00fcz\u00fc:<\/h2>\n<ul>\n<li>\n<h3><span class=\"s1\">PC\/SC&#039;yi destekler<\/span><\/h3>\n<\/li>\n<li>\n<h3><span class=\"s1\">CT-API&#039;yi destekler (PC\/SC&#039;nin \u00fcst\u00fcndeki sarmalay\u0131c\u0131 arac\u0131l\u0131\u011f\u0131yla)<\/span><\/h3>\n<\/li>\n<\/ul>\n<\/li>\n<li>\n<h2>Android\u2122 3.1 ve \u00fczerini destekler<\/h2>\n<\/li>\n<li>\n<div>\n<table width=\"536\">\n<tbody>\n<tr>\n<td colspan=\"2\" width=\"536\">Fiziksel \u00f6zellikler<\/td>\n<\/tr>\n<tr>\n<td width=\"182\">Boyutlar (mm)<\/td>\n<td width=\"354\">52,0 mm (U) x 20,0 mm (G) x 6,0 mm (Y)<\/td>\n<\/tr>\n<tr>\n<td width=\"182\">A\u011f\u0131rl\u0131k (g)<\/td>\n<td width=\"354\">3,45 gram<\/td>\n<\/tr>\n<tr>\n<td colspan=\"2\" width=\"536\">USB arabirimi<\/td>\n<\/tr>\n<tr>\n<td width=\"182\">Protokol<\/td>\n<td width=\"354\">USB CCID&#039;si<\/td>\n<\/tr>\n<tr>\n<td width=\"182\">Ba\u011flay\u0131c\u0131 T\u00fcr\u00fc<\/td>\n<td width=\"354\">6 pinli FFC<\/td>\n<\/tr>\n<tr>\n<td width=\"182\">G\u00fc\u00e7 kayna\u011f\u0131<\/td>\n<td width=\"354\">FFC Ba\u011flay\u0131c\u0131s\u0131ndan<\/td>\n<\/tr>\n<tr>\n<td width=\"182\">H\u0131z<\/td>\n<td width=\"354\">USB Tam H\u0131z (12 Mbps)<\/td>\n<\/tr>\n<tr>\n<td colspan=\"2\" width=\"536\">Temass\u0131z Ak\u0131ll\u0131 Kart Aray\u00fcz\u00fc<\/td>\n<\/tr>\n<tr>\n<td width=\"182\">Standart<\/td>\n<td width=\"354\">ISO\/IEC 18092 NFC, ISO 14443 Tip A ve B, MIFARE\u00ae, FeliCa<\/td>\n<\/tr>\n<tr>\n<td rowspan=\"4\" width=\"182\">Protokol<\/td>\n<td width=\"354\">ISO14443-4 Uyumlu Kartlar, T=CL<\/td>\n<\/tr>\n<tr>\n<td width=\"354\">MIFARE\u00ae Klasik Kart Protokol\u00fc, T=CL<\/td>\n<\/tr>\n<tr>\n<td width=\"354\">ISO 18092, NFC Etiketleri<\/td>\n<\/tr>\n<tr>\n<td width=\"354\">FeliCa<\/td>\n<\/tr>\n<tr>\n<td width=\"182\">Anten<\/td>\n<td width=\"354\">20 mm x 22 mm<\/td>\n<\/tr>\n<tr>\n<td colspan=\"2\" width=\"536\">Yerle\u015fik \u00c7evre Birimleri<\/td>\n<\/tr>\n<tr>\n<td width=\"182\">NEDEN OLMU\u015e<\/td>\n<td width=\"354\">1 adet iki renkli: K\u0131rm\u0131z\u0131 ve Ye\u015fil<\/td>\n<\/tr>\n<tr>\n<td colspan=\"2\" width=\"536\">Di\u011fer \u00f6zellikler<\/td>\n<\/tr>\n<tr>\n<td width=\"182\">Ayg\u0131t Yaz\u0131l\u0131m\u0131 Y\u00fckseltmesi<\/td>\n<td width=\"354\">Destekleniyor<\/td>\n<\/tr>\n<tr>\n<td colspan=\"2\" width=\"536\">Sertifikalar\/Uyumluluk<\/td>\n<\/tr>\n<tr>\n<td rowspan=\"10\" width=\"182\">Sertifikalar\/Uyumluluk<\/td>\n<td width=\"354\">ISO 18092<\/td>\n<\/tr>\n<tr>\n<td width=\"354\">ISO 14443<\/td>\n<\/tr>\n<tr>\n<td width=\"354\">USB Tam H\u0131z<\/td>\n<\/tr>\n<tr>\n<td width=\"354\">PC\/SC<\/td>\n<\/tr>\n<tr>\n<td width=\"354\">CCID<\/td>\n<\/tr>\n<tr>\n<td width=\"354\">CE<\/td>\n<\/tr>\n<tr>\n<td width=\"354\">FCC<\/td>\n<\/tr>\n<tr>\n<td width=\"354\">RoHS<\/td>\n<\/tr>\n<tr>\n<td width=\"354\">ULA\u015eMAK<\/td>\n<\/tr>\n<tr>\n<td width=\"354\">Microsoft\u00ae WHQL<\/td>\n<\/tr>\n<tr>\n<td colspan=\"2\" width=\"536\">Ayg\u0131t S\u00fcr\u00fcc\u00fcs\u00fc \u0130\u015fletim Sistemi Deste\u011fi<\/td>\n<\/tr>\n<tr>\n<td rowspan=\"5\" width=\"182\">Ayg\u0131t S\u00fcr\u00fcc\u00fcs\u00fc \u0130\u015fletim Sistemi Deste\u011fi<\/td>\n<td width=\"354\">Windows\u00ae<\/td>\n<\/tr>\n<tr>\n<td width=\"354\">Linux\u00ae<\/td>\n<\/tr>\n<tr>\n<td width=\"354\">MAC OS\u00ae<\/td>\n<\/tr>\n<tr>\n<td width=\"354\">Solaris<\/td>\n<\/tr>\n<tr>\n<td width=\"354\">Android\u2122<\/td>\n<\/tr>\n<\/tbody>\n<\/table>\n<\/div>\n<\/li>\n<\/ul>","protected":false},"excerpt":{"rendered":"<p>ACM1252U-Z6, verimli ak\u0131ll\u0131 kart i\u015flemleri i\u00e7in ISO 14443 ve 18092&#039;yi destekleyen, CCID ve PC\/SC ile uyumlu \u00e7ok y\u00f6nl\u00fc bir NFC USB Okuyucu ve RFID mod\u00fcl\u00fcd\u00fcr.<\/p>","protected":false},"featured_media":1580,"template":"","meta":[],"product_brand":[],"product_cat":[41,40],"product_tag":[],"class_list":{"0":"post-1579","1":"product","2":"type-product","3":"status-publish","4":"has-post-thumbnail","6":"product_cat-module-ic-reader","7":"product_cat-rfid-nfc-reader","9":"first","10":"instock","11":"shipping-taxable","12":"product-type-simple"},"_links":{"self":[{"href":"https:\/\/nfc-readers.com\/tr\/wp-json\/wp\/v2\/product\/1579","targetHints":{"allow":["GET"]}}],"collection":[{"href":"https:\/\/nfc-readers.com\/tr\/wp-json\/wp\/v2\/product"}],"about":[{"href":"https:\/\/nfc-readers.com\/tr\/wp-json\/wp\/v2\/types\/product"}],"wp:featuredmedia":[{"embeddable":true,"href":"https:\/\/nfc-readers.com\/tr\/wp-json\/wp\/v2\/media\/1580"}],"wp:attachment":[{"href":"https:\/\/nfc-readers.com\/tr\/wp-json\/wp\/v2\/media?parent=1579"}],"wp:term":[{"taxonomy":"product_brand","embeddable":true,"href":"https:\/\/nfc-readers.com\/tr\/wp-json\/wp\/v2\/product_brand?post=1579"},{"taxonomy":"product_cat","embeddable":true,"href":"https:\/\/nfc-readers.com\/tr\/wp-json\/wp\/v2\/product_cat?post=1579"},{"taxonomy":"product_tag","embeddable":true,"href":"https:\/\/nfc-readers.com\/tr\/wp-json\/wp\/v2\/product_tag?post=1579"}],"curies":[{"name":"wp","href":"https:\/\/api.w.org\/{rel}","templated":true}]}}