{"id":1598,"date":"2024-04-07T07:36:03","date_gmt":"2024-04-07T07:36:03","guid":{"rendered":"https:\/\/nfc-readers.com\/?post_type=product&#038;p=1598"},"modified":"2024-10-16T03:12:59","modified_gmt":"2024-10-16T03:12:59","slug":"acr1552u-m1-nfc-rfid-reader-writer","status":"publish","type":"product","link":"https:\/\/nfc-readers.com\/tr\/ic-reader\/acr1552u-m1-nfc-rfid-reader-writer\/","title":{"rendered":"ACR1552U-M1 NFC rfid okuyucu\/yaz\u0131c\u0131"},"content":{"rendered":"<h1>ACR1552U-M1 NFC rfid okuyucu\/yaz\u0131c\u0131<\/h1>\n<p>ACR1552U-M1 USB-C NFC Okuyucu, \u00e7ok say\u0131da ak\u0131ll\u0131 kart i\u015flevselli\u011fine hitap eden g\u00fc\u00e7l\u00fc ve \u00e7ok y\u00f6nl\u00fc bir cihaz\u0131 kaps\u00fcl haline getirir. Kullan\u0131c\u0131lar\u0131, g\u00fcvenli\u011fi, uyarlanabilirli\u011fi ve kapsaml\u0131 ak\u0131ll\u0131 kart uyumlulu\u011funu vurgulayan geli\u015fmi\u015f \u00f6zelliklerle rahatlat\u0131r ve onu \u00e7e\u015fitli sekt\u00f6rlerde vazge\u00e7ilmez bir ara\u00e7 haline getirir.<\/p>\n<ul>\n<li>\n<h2>USB 2.0 Tam H\u0131zl\u0131 Aray\u00fcz<\/h2>\n<\/li>\n<li>\n<h2>CCID Uyumlulu\u011fu<\/h2>\n<\/li>\n<li>\n<h2>Temass\u0131z Ak\u0131ll\u0131 Kart Okuyucusu:<\/h2>\n<ul>\n<li>\n<h3>848 kbps&#039;ye kadar Okuma\/Yazma h\u0131z\u0131<\/h3>\n<\/li>\n<li>\n<h3>Temass\u0131z etiket eri\u015fimi i\u00e7in, 70 mm&#039;ye kadar kart okuma mesafesine sahip dahili anten (etiket t\u00fcr\u00fcne ba\u011fl\u0131 olarak)<\/h3>\n<\/li>\n<li>\n<h3>ISO 14443 Tip A ve B kartlar\u0131n\u0131, ISO 15693 Kartlar\u0131n\u0131 ve ISO18092 NFC&#039;yi destekler<\/h3>\n<\/li>\n<li>\n<h3>MIFARE\u00ae (T=CL), FeliCa, NFC etiketleri, SRI\/SRIX, CTS, Innovatron, Picopass, Topaz Kart\u0131n\u0131 destekler<\/h3>\n<\/li>\n<li>\n<h3>Dahili \u00e7arp\u0131\u015fma \u00f6nleme \u00f6zelli\u011fi<\/h3>\n<\/li>\n<li>\n<h3>Geni\u015fletilmi\u015f APDU&#039;yu destekler (maks. 64 kbyte)<\/h3>\n<\/li>\n<li>\n<h3>Bir adet ISO7816 uyumlu SAM yuvas\u0131 (S\u0131n\u0131f A)<\/h3>\n<\/li>\n<li>\n<h3>NFC Deste\u011fi<\/h3>\n<ul>\n<li>\n<h4>\u00a0 \u00a0Ak\u0131ll\u0131 Kart Okuyucu\/Yaz\u0131c\u0131 Modu<\/h4>\n<\/li>\n<li>\n<h4>\u00a0 \u00a0Kart Em\u00fclasyon Modu<\/h4>\n<\/li>\n<li>\n<h4>\u00a0 \u00a0Klavye Em\u00fclasyon Modu<\/h4>\n<\/li>\n<\/ul>\n<\/li>\n<\/ul>\n<\/li>\n<li>\n<h2>Uygulama programlama Aray\u00fcz\u00fc:<\/h2>\n<ul>\n<li>\n<h3>PC\/SC&#039;yi destekler<\/h3>\n<\/li>\n<li>\n<h3>CT-API&#039;yi destekler (PC\/SC&#039;nin \u00fcst\u00fcndeki sarmalay\u0131c\u0131 arac\u0131l\u0131\u011f\u0131yla)<\/h3>\n<\/li>\n<\/ul>\n<\/li>\n<li>\n<h2>\u00c7evre birimleri:<\/h2>\n<ul>\n<li>\n<h3>Kullan\u0131c\u0131 taraf\u0131ndan kontrol edilebilen iki renkli LED (Mavi ve Ye\u015fil)<\/h3>\n<\/li>\n<li>\n<h3>Kullan\u0131c\u0131 taraf\u0131ndan kontrol edilebilen zil (Monoton)<\/h3>\n<\/li>\n<li>\n<h3>Bir SAM yuvas\u0131<\/h3>\n<\/li>\n<\/ul>\n<\/li>\n<li>\n<h2>USB Firmware Y\u00fckseltilebilirli\u011fi<\/h2>\n<\/li>\n<li>\n<div>\n<table width=\"528\">\n<tbody>\n<tr>\n<td colspan=\"2\" width=\"528\">Fiziksel \u00f6zellikler<\/td>\n<\/tr>\n<tr>\n<td rowspan=\"2\" width=\"215\">Boyutlar (mm)<\/td>\n<td width=\"313\">Ana G\u00f6vde: 98 x 65 x 12,8 mm<\/td>\n<\/tr>\n<tr>\n<td width=\"313\">Anten boyutu: 50 x 40 mm<\/td>\n<\/tr>\n<tr>\n<td width=\"215\">A\u011f\u0131rl\u0131k (g)<\/td>\n<td width=\"313\">89 gr<\/td>\n<\/tr>\n<tr>\n<td colspan=\"2\" width=\"528\">USB arabirimi<\/td>\n<\/tr>\n<tr>\n<td width=\"215\">Protokol<\/td>\n<td width=\"313\">USB CCID&#039;si<\/td>\n<\/tr>\n<tr>\n<td width=\"215\">Ba\u011flay\u0131c\u0131 T\u00fcr\u00fc<\/td>\n<td width=\"313\">USB Tip-A (ACR1552U-M1), USB Tip-C (ACR1552U-MF)<\/td>\n<\/tr>\n<tr>\n<td width=\"215\">G\u00fc\u00e7 kayna\u011f\u0131<\/td>\n<td width=\"313\">USB ba\u011flant\u0131 noktas\u0131ndan<\/td>\n<\/tr>\n<tr>\n<td width=\"215\">H\u0131z<\/td>\n<td width=\"313\">USB Tam H\u0131z (12 Mbps)<\/td>\n<\/tr>\n<tr>\n<td width=\"215\">Kablo uzunlu\u011fu<\/td>\n<td width=\"313\">1m, Ayr\u0131lmaz<\/td>\n<\/tr>\n<tr>\n<td colspan=\"2\" width=\"528\">Temass\u0131z Ak\u0131ll\u0131 Kart Aray\u00fcz\u00fc<\/td>\n<\/tr>\n<tr>\n<td width=\"215\">Standart<\/td>\n<td width=\"313\">ISO\/IEC 18092 NFC, ISO 14443 Tip A ve B, ISO 15693, MIFARE\u00ae, FeliCa<\/td>\n<\/tr>\n<tr>\n<td rowspan=\"5\" width=\"215\">Protokol<\/td>\n<td width=\"313\">ISO 14443-4 Uyumlu Kart, T=CL<\/td>\n<\/tr>\n<tr>\n<td width=\"313\">MIFARE\u00ae Klasik Kart, T=CL<\/td>\n<\/tr>\n<tr>\n<td width=\"313\">ISO 15693<\/td>\n<\/tr>\n<tr>\n<td width=\"313\">ISO 18092 NFC Etiketleri<\/td>\n<\/tr>\n<tr>\n<td width=\"313\">FeliCa<\/td>\n<\/tr>\n<tr>\n<td colspan=\"2\" width=\"528\">SAM Kart Aray\u00fcz\u00fc<\/td>\n<\/tr>\n<tr>\n<td width=\"215\">Slot Say\u0131s\u0131<\/td>\n<td width=\"313\">1 Standart SIM boyutlu Kart Yuvas\u0131<\/td>\n<\/tr>\n<tr>\n<td width=\"215\">Standart<\/td>\n<td width=\"313\">ISO 7816 S\u0131n\u0131f A (5V)<\/td>\n<\/tr>\n<tr>\n<td width=\"215\">Protokol<\/td>\n<td width=\"313\">T=0; T=1<\/td>\n<\/tr>\n<tr>\n<td colspan=\"2\" width=\"528\">Yerle\u015fik \u00c7evre Birimleri<\/td>\n<\/tr>\n<tr>\n<td width=\"215\">NEDEN OLMU\u015e<\/td>\n<td width=\"313\">1 adet iki renkli: Mavi ve Ye\u015fil<\/td>\n<\/tr>\n<tr>\n<td width=\"215\">Zil<\/td>\n<td width=\"313\">Evet<\/td>\n<\/tr>\n<tr>\n<td colspan=\"2\" width=\"528\">Di\u011fer \u00f6zellikler<\/td>\n<\/tr>\n<tr>\n<td rowspan=\"4\" width=\"215\">Di\u011fer \u00f6zellikler<\/td>\n<td width=\"313\">Desteklenen Kart T\u00fcrleri:<\/td>\n<\/tr>\n<tr>\n<td width=\"313\">ISO 14443 Tip A ve B B\u00f6l\u00fcm 1-4, ISO 15693, ISO 18092 NFC, MIFARE\u00ae, FeliCa, SRI\/SRIX, CTS, Innovatron, Picopass, Topaz Kart<\/td>\n<\/tr>\n<tr>\n<td width=\"313\">\u00a0 NFC \u00d6zellikleri:<\/td>\n<\/tr>\n<tr>\n<td width=\"313\">Ak\u0131ll\u0131 Kart Okuyucu\/Yaz\u0131c\u0131, Klavye Em\u00fclasyonu, Kart Em\u00fclasyonu<\/td>\n<\/tr>\n<tr>\n<td width=\"215\">Ayg\u0131t Yaz\u0131l\u0131m\u0131 Y\u00fckseltmesi<\/td>\n<td width=\"313\">Destekleniyor<\/td>\n<\/tr>\n<tr>\n<td colspan=\"2\" width=\"528\">Sertifikalar\/Uyumluluk<\/td>\n<\/tr>\n<tr>\n<td rowspan=\"4\" width=\"215\">Sertifikalar\/Uyumluluk<\/td>\n<td width=\"313\">Sertifikalar:<\/td>\n<\/tr>\n<tr>\n<td width=\"313\">IEC\/EN 62368, CE, UKCA, FCC, VCCI, KC, J-LIS, RoHS, REACH, WEEE, Microsoft\u00ae WHQL<\/td>\n<\/tr>\n<tr>\n<td width=\"313\">Uyma:<\/td>\n<\/tr>\n<tr>\n<td width=\"313\">USB CCID, PC\/SC<\/td>\n<\/tr>\n<tr>\n<td colspan=\"2\" width=\"528\">Ayg\u0131t S\u00fcr\u00fcc\u00fcs\u00fc \u0130\u015fletim Sistemi Deste\u011fi<\/td>\n<\/tr>\n<tr>\n<td width=\"215\">Ayg\u0131t S\u00fcr\u00fcc\u00fcs\u00fc \u0130\u015fletim Sistemi Deste\u011fi<\/td>\n<td width=\"313\">Windows\u00ae, Linux\u00ae, macOS, Android\u2122, iOS\/\u0131pados (16 veya \u00fczeri)<\/td>\n<\/tr>\n<\/tbody>\n<\/table>\n<\/div>\n<\/li>\n<\/ul>","protected":false},"excerpt":{"rendered":"<p>ACR1552U, ISO 14443 ve 15693&#039;\u00fc destekleyen, CCID ve PC\/SC uyumlu, \u00e7e\u015fitli ak\u0131ll\u0131 kart uygulamalar\u0131 i\u00e7in ideal, y\u00fcksek h\u0131zl\u0131 bir NFC USB Okuyucudur.<\/p>","protected":false},"featured_media":1599,"template":"","meta":[],"product_brand":[],"product_cat":[45,40],"product_tag":[],"class_list":{"0":"post-1598","1":"product","2":"type-product","3":"status-publish","4":"has-post-thumbnail","6":"product_cat-contactless-nfc-reader","7":"product_cat-rfid-nfc-reader","9":"first","10":"instock","11":"shipping-taxable","12":"product-type-simple"},"_links":{"self":[{"href":"https:\/\/nfc-readers.com\/tr\/wp-json\/wp\/v2\/product\/1598","targetHints":{"allow":["GET"]}}],"collection":[{"href":"https:\/\/nfc-readers.com\/tr\/wp-json\/wp\/v2\/product"}],"about":[{"href":"https:\/\/nfc-readers.com\/tr\/wp-json\/wp\/v2\/types\/product"}],"wp:featuredmedia":[{"embeddable":true,"href":"https:\/\/nfc-readers.com\/tr\/wp-json\/wp\/v2\/media\/1599"}],"wp:attachment":[{"href":"https:\/\/nfc-readers.com\/tr\/wp-json\/wp\/v2\/media?parent=1598"}],"wp:term":[{"taxonomy":"product_brand","embeddable":true,"href":"https:\/\/nfc-readers.com\/tr\/wp-json\/wp\/v2\/product_brand?post=1598"},{"taxonomy":"product_cat","embeddable":true,"href":"https:\/\/nfc-readers.com\/tr\/wp-json\/wp\/v2\/product_cat?post=1598"},{"taxonomy":"product_tag","embeddable":true,"href":"https:\/\/nfc-readers.com\/tr\/wp-json\/wp\/v2\/product_tag?post=1598"}],"curies":[{"name":"wp","href":"https:\/\/api.w.org\/{rel}","templated":true}]}}