{"id":1608,"date":"2024-04-07T07:46:35","date_gmt":"2024-04-07T07:46:35","guid":{"rendered":"https:\/\/nfc-readers.com\/?post_type=product&#038;p=1608"},"modified":"2024-10-16T02:43:39","modified_gmt":"2024-10-16T02:43:39","slug":"acr1251t-usb-token-nfc-reader-ii","status":"publish","type":"product","link":"https:\/\/nfc-readers.com\/tr\/ic-reader\/acr1251t-usb-token-nfc-reader-ii\/","title":{"rendered":"ACR1251T USB Belirte\u00e7 NFC Okuyucu II"},"content":{"rendered":"<h1>ACR1251T USB Belirte\u00e7 NFC Okuyucu II<\/h1>\n<p>ACR1251T, ta\u015f\u0131nabilir ve verimli bir \u00e7\u00f6z\u00fcm arayan i\u015fletmeler i\u00e7in ideal, geli\u015fmi\u015f ve y\u00fcksek h\u0131zl\u0131 bir NFC Ak\u0131ll\u0131 Kart Okuyucusudur. \u00c7arp\u0131\u015fma \u00f6nleme i\u015flevi, geni\u015f uyumluluk ve kullan\u0131c\u0131 dostu ek \u00f6zelliklerle, \u00e7e\u015fitli \u00e7al\u0131\u015fma ortamlar\u0131nda g\u00fcvenli ve h\u0131zl\u0131 NFC i\u015flemleri i\u00e7in g\u00fc\u00e7l\u00fc bir se\u00e7enek olarak duruyor.<\/p>\n<ul>\n<li>\n<h2>USB Tam H\u0131zl\u0131 Aray\u00fcz<\/h2>\n<\/li>\n<li>\n<h2>CCID Uyumlulu\u011fu<\/h2>\n<\/li>\n<li>\n<h2>Ak\u0131ll\u0131 kart okuyucu:<\/h2>\n<ul>\n<li>\n<h3>Temass\u0131z Aray\u00fcz:<\/h3>\n<ul>\n<li>424 kbps&#039;ye kadar okuma\/yazma h\u0131z\u0131<\/li>\n<li>Temass\u0131z etiket eri\u015fimi i\u00e7in 30 mm&#039;ye kadar kart okuma mesafesine sahip Dahili Anten (etiket t\u00fcr\u00fcne ba\u011fl\u0131 olarak)<\/li>\n<li>ISO 14443 Tip A ve B kartlar\u0131, MIFARE\u00ae, FeliCa ve 4 tip NFC (ISO\/IEC 18092) etiketinin t\u00fcm\u00fcn\u00fc destekler<\/li>\n<li>Yerle\u015fik \u00e7arp\u0131\u015fma \u00f6nleme \u00f6zelli\u011fi (herhangi bir zamanda yaln\u0131zca 1 etikete eri\u015filir)<\/li>\n<li>NFC Deste\u011fi<\/li>\n<li>Kart Okuyucu\/Yaz\u0131c\u0131 Modu<\/li>\n<\/ul>\n<\/li>\n<\/ul>\n<\/li>\n<li>\n<h2>Yerle\u015fik \u00c7evre Birimleri:<\/h2>\n<ul>\n<li>\n<h3>LED&#039;ler:<\/h3>\n<ul>\n<li>Kullan\u0131c\u0131 taraf\u0131ndan kontrol edilebilen \u0130ki renkli LED<\/li>\n<\/ul>\n<\/li>\n<\/ul>\n<\/li>\n<li>\n<h2>Uygulama programlama Aray\u00fcz\u00fc:<\/h2>\n<ul>\n<li>\n<h3>PC\/SC&#039;yi destekler<\/h3>\n<\/li>\n<li>\n<h3>CT-API&#039;yi destekler (PC\/SC&#039;nin \u00fcst\u00fcndeki sarmalay\u0131c\u0131 arac\u0131l\u0131\u011f\u0131yla)<\/h3>\n<\/li>\n<\/ul>\n<\/li>\n<li>\n<h2>USB Firmware Y\u00fckseltilebilirli\u011fi<\/h2>\n<\/li>\n<li>\n<h2>Android\u2122 3.1 ve \u00fczerini destekler<\/h2>\n<\/li>\n<li>\n<div>\n<table width=\"582\">\n<tbody>\n<tr>\n<td colspan=\"2\" width=\"582\">Fiziksel \u00f6zellikler<\/td>\n<\/tr>\n<tr>\n<td width=\"215\">Boyutlar (mm)<\/td>\n<td width=\"367\">75,0 mm (U) x 30,0 mm (G) x 12,7 mm (Y)<\/td>\n<\/tr>\n<tr>\n<td width=\"215\">A\u011f\u0131rl\u0131k (g)<\/td>\n<td width=\"367\">15,8 gr<\/td>\n<\/tr>\n<tr>\n<td colspan=\"2\" width=\"582\">USB arabirimi<\/td>\n<\/tr>\n<tr>\n<td width=\"215\">Protokol<\/td>\n<td width=\"367\">USB CCID&#039;si<\/td>\n<\/tr>\n<tr>\n<td width=\"215\">Ba\u011flay\u0131c\u0131 T\u00fcr\u00fc<\/td>\n<td width=\"367\">Standart Tip A<\/td>\n<\/tr>\n<tr>\n<td width=\"215\">G\u00fc\u00e7 kayna\u011f\u0131<\/td>\n<td width=\"367\">USB Ba\u011flant\u0131 Noktas\u0131ndan<\/td>\n<\/tr>\n<tr>\n<td width=\"215\">H\u0131z<\/td>\n<td width=\"367\">USB Tam H\u0131z (12 Mbps)<\/td>\n<\/tr>\n<tr>\n<td colspan=\"2\" width=\"582\">Temass\u0131z Ak\u0131ll\u0131 Kart Aray\u00fcz\u00fc<\/td>\n<\/tr>\n<tr>\n<td width=\"215\">Standart<\/td>\n<td width=\"367\">ISO\/IEC 18092 NFC, ISO 14443 Tip A ve B, MIFARE\u00ae, FeliCa<\/td>\n<\/tr>\n<tr>\n<td rowspan=\"4\" width=\"215\">Protokol<\/td>\n<td width=\"367\">ISO14443-4 Uyumlu Kartlar, T=CL<\/td>\n<\/tr>\n<tr>\n<td width=\"367\">MIFARE\u00ae Klasik Kart Protokol\u00fc, T=CL<\/td>\n<\/tr>\n<tr>\n<td width=\"367\">ISO 18092, NFC Etiketleri<\/td>\n<\/tr>\n<tr>\n<td width=\"367\">FeliCa<\/td>\n<\/tr>\n<tr>\n<td colspan=\"2\" width=\"582\">Yerle\u015fik \u00c7evre Birimleri<\/td>\n<\/tr>\n<tr>\n<td width=\"215\">NEDEN OLMU\u015e<\/td>\n<td width=\"367\">1 \u0130ki renkli: Ye\u015fil ve K\u0131rm\u0131z\u0131<\/td>\n<\/tr>\n<tr>\n<td colspan=\"2\" width=\"582\">Di\u011fer \u00f6zellikler<\/td>\n<\/tr>\n<tr>\n<td width=\"215\">Ayg\u0131t Yaz\u0131l\u0131m\u0131 Y\u00fckseltmesi<\/td>\n<td width=\"367\">Destekleniyor<\/td>\n<\/tr>\n<tr>\n<td colspan=\"2\" width=\"582\">Sertifikalar\/Uyumluluk<\/td>\n<\/tr>\n<tr>\n<td rowspan=\"13\" width=\"215\">Sertifikalar\/Uyumluluk<\/td>\n<td width=\"367\">EN 60950\/IEC 60950<\/td>\n<\/tr>\n<tr>\n<td width=\"367\">ISO 18092<\/td>\n<\/tr>\n<tr>\n<td width=\"367\">ISO 14443<\/td>\n<\/tr>\n<tr>\n<td width=\"367\">USB Tam H\u0131z<\/td>\n<\/tr>\n<tr>\n<td width=\"367\">PC\/SC<\/td>\n<\/tr>\n<tr>\n<td width=\"367\">CCID<\/td>\n<\/tr>\n<tr>\n<td width=\"367\">VCCI (Japonya)<\/td>\n<\/tr>\n<tr>\n<td width=\"367\">MIC (Japonya)<\/td>\n<\/tr>\n<tr>\n<td width=\"367\">Microsoft\u00ae WHQL<\/td>\n<\/tr>\n<tr>\n<td width=\"367\">CE<\/td>\n<\/tr>\n<tr>\n<td width=\"367\">FCC<\/td>\n<\/tr>\n<tr>\n<td width=\"367\">RoHS<\/td>\n<\/tr>\n<tr>\n<td width=\"367\">ULA\u015eMAK<\/td>\n<\/tr>\n<tr>\n<td colspan=\"2\" width=\"582\">Ayg\u0131t S\u00fcr\u00fcc\u00fcs\u00fc \u0130\u015fletim Sistemi Deste\u011fi<\/td>\n<\/tr>\n<tr>\n<td rowspan=\"6\" width=\"215\">Ayg\u0131t S\u00fcr\u00fcc\u00fcs\u00fc \u0130\u015fletim Sistemi Deste\u011fi<\/td>\n<td width=\"367\">Windows\u00aeCE<\/td>\n<\/tr>\n<tr>\n<td width=\"367\">Windows\u00ae<\/td>\n<\/tr>\n<tr>\n<td width=\"367\">Linux\u00ae<\/td>\n<\/tr>\n<tr>\n<td width=\"367\">MAC OS\u00ae 10.7 ve \u00fczeri<\/td>\n<\/tr>\n<tr>\n<td width=\"367\">Solaris<\/td>\n<\/tr>\n<tr>\n<td width=\"367\">Android\u2122 3.1 ve \u00fczeri<\/td>\n<\/tr>\n<\/tbody>\n<\/table>\n<\/div>\n<\/li>\n<\/ul>","protected":false},"excerpt":{"rendered":"<p>ACR1251T, NFC ve ISO\/IEC 18092 ile uyumlu, y\u00fcksek h\u0131zl\u0131 ta\u015f\u0131nabilir bir NFC Ak\u0131ll\u0131 Kart Okuyucusudur ve \u00e7e\u015fitli sistemlerde verimli kart okuma sa\u011flar.<\/p>","protected":false},"featured_media":1609,"template":"","meta":[],"product_brand":[],"product_cat":[45,40],"product_tag":[],"class_list":{"0":"post-1608","1":"product","2":"type-product","3":"status-publish","4":"has-post-thumbnail","6":"product_cat-contactless-nfc-reader","7":"product_cat-rfid-nfc-reader","9":"first","10":"instock","11":"shipping-taxable","12":"product-type-simple"},"_links":{"self":[{"href":"https:\/\/nfc-readers.com\/tr\/wp-json\/wp\/v2\/product\/1608","targetHints":{"allow":["GET"]}}],"collection":[{"href":"https:\/\/nfc-readers.com\/tr\/wp-json\/wp\/v2\/product"}],"about":[{"href":"https:\/\/nfc-readers.com\/tr\/wp-json\/wp\/v2\/types\/product"}],"wp:featuredmedia":[{"embeddable":true,"href":"https:\/\/nfc-readers.com\/tr\/wp-json\/wp\/v2\/media\/1609"}],"wp:attachment":[{"href":"https:\/\/nfc-readers.com\/tr\/wp-json\/wp\/v2\/media?parent=1608"}],"wp:term":[{"taxonomy":"product_brand","embeddable":true,"href":"https:\/\/nfc-readers.com\/tr\/wp-json\/wp\/v2\/product_brand?post=1608"},{"taxonomy":"product_cat","embeddable":true,"href":"https:\/\/nfc-readers.com\/tr\/wp-json\/wp\/v2\/product_cat?post=1608"},{"taxonomy":"product_tag","embeddable":true,"href":"https:\/\/nfc-readers.com\/tr\/wp-json\/wp\/v2\/product_tag?post=1608"}],"curies":[{"name":"wp","href":"https:\/\/api.w.org\/{rel}","templated":true}]}}