{"id":1613,"date":"2024-04-07T07:49:24","date_gmt":"2024-04-07T07:49:24","guid":{"rendered":"https:\/\/nfc-readers.com\/?post_type=product&#038;p=1613"},"modified":"2024-10-16T02:39:20","modified_gmt":"2024-10-16T02:39:20","slug":"acm1552u-y3-nfc-module-reader","status":"publish","type":"product","link":"https:\/\/nfc-readers.com\/tr\/ic-reader\/acm1552u-y3-nfc-module-reader\/","title":{"rendered":"ACM1552U-Y3 NFC MOD\u00dcL OKUYUCU"},"content":{"rendered":"<h1>ACM1552U-Y3 NFC MOD\u00dcL OKUYUCU<\/h1>\n<p>ACM1552U-Y3, geli\u015fmi\u015f h\u0131z ve geni\u015f bir \u00e7al\u0131\u015fma aral\u0131\u011f\u0131 sunan, \u00e7ok y\u00f6nl\u00fc ve g\u00fc\u00e7l\u00fc bir NFC okuyucu mod\u00fcl\u00fc olarak duruyor. \u00c7oklu NFC ve ISO protokolleriyle uyumlulu\u011fu, kullan\u0131c\u0131 dostu modlar\u0131yla birle\u015fti\u011finde, onu \u00e7e\u015fitli uygulama alanlar\u0131nda NFC tabanl\u0131 i\u015flemlerin uygulanmas\u0131 i\u00e7in ideal bir \u00e7\u00f6z\u00fcm olarak konumland\u0131r\u0131yor.<\/p>\n<ul>\n<li>\n<h2>USB 2.0 Tam H\u0131zl\u0131 Aray\u00fcz<\/h2>\n<\/li>\n<li>\n<h2>CCID Uyumlulu\u011fu<\/h2>\n<\/li>\n<li>\n<h2>Temass\u0131z Ak\u0131ll\u0131 Kart Okuyucusu:<\/h2>\n<ul>\n<li>\n<h3>848 kbps&#039;ye kadar Okuma\/Yazma h\u0131z\u0131<\/h3>\n<\/li>\n<li>\n<h3>Temass\u0131z etiket eri\u015fimi i\u00e7in, 70 mm&#039;ye kadar kart okuma mesafesine sahip dahili anten (etiket t\u00fcr\u00fcne ba\u011fl\u0131 olarak)<\/h3>\n<\/li>\n<li>\n<h3>ISO 14443 Tip A ve B kartlar\u0131n\u0131, ISO 15693 Kartlar\u0131n\u0131 ve ISO18092 NFC&#039;yi destekler<\/h3>\n<\/li>\n<li>\n<h3>MIFARE Classic\u00ae, MIFARE\u00ae Mini, MIFARE Ultralight\u00ae (T=CL), FeliCa ve Topaz Kart\u0131n\u0131 destekler<\/h3>\n<\/li>\n<li>\n<h3>Dahili \u00e7arp\u0131\u015fma \u00f6nleme \u00f6zelli\u011fi<\/h3>\n<\/li>\n<li>\n<h3>Geni\u015fletilmi\u015f APDU&#039;yu destekler (maks. 64 kbyte)<\/h3>\n<\/li>\n<li>\n<h3>Bir adet ISO7816 uyumlu SAM yuvas\u0131 (S\u0131n\u0131f A) (\u0130stek \u00dczerine)<\/h3>\n<\/li>\n<\/ul>\n<\/li>\n<li>\n<h2>NFC Deste\u011fi<\/h2>\n<ul>\n<li>\n<h3>Ak\u0131ll\u0131 Kart Okuyucu\/Yaz\u0131c\u0131 Modu<\/h3>\n<\/li>\n<li>\n<h3>Kart Em\u00fclasyon Modu<\/h3>\n<\/li>\n<li>\n<h3>Klavye Em\u00fclasyon Modu<\/h3>\n<\/li>\n<\/ul>\n<\/li>\n<li>\n<h2>Uygulama programlama Aray\u00fcz\u00fc:<\/h2>\n<ul>\n<li>\n<h3>PC\/SC&#039;yi destekler<\/h3>\n<\/li>\n<li>\n<h3>CT-API&#039;yi destekler (PC\/SC&#039;nin \u00fcst\u00fcndeki sarmalay\u0131c\u0131 arac\u0131l\u0131\u011f\u0131yla)<\/h3>\n<\/li>\n<\/ul>\n<\/li>\n<li>\n<h2>\u00c7evre birimleri:<\/h2>\n<ul>\n<li>\n<h3>Kullan\u0131c\u0131 taraf\u0131ndan kontrol edilebilen iki renkli LED (Mavi ve Ye\u015fil)<\/h3>\n<\/li>\n<li>\n<h3>Kullan\u0131c\u0131 taraf\u0131ndan kontrol edilebilen zil (Monoton)<\/h3>\n<\/li>\n<li>\n<h3>Bir SAM yuvas\u0131 (\u0130stek \u00dczerine)<\/h3>\n<\/li>\n<\/ul>\n<\/li>\n<li>\n<h2>USB Firmware Y\u00fckseltilebilirli\u011fi<\/h2>\n<\/li>\n<li>\n<div>\n<table width=\"640\">\n<tbody>\n<tr>\n<td colspan=\"2\" width=\"640\">Fiziksel \u00f6zellikler<\/td>\n<\/tr>\n<tr>\n<td rowspan=\"2\" width=\"257\">Boyutlar (mm)<\/td>\n<td width=\"383\">Ana Kart: 55,0 x 45,0 x 6,5<\/td>\n<\/tr>\n<tr>\n<td width=\"383\">Anten Kart\u0131: 91,0 x 49,5 x 5,0<\/td>\n<\/tr>\n<tr>\n<td width=\"257\">A\u011f\u0131rl\u0131k (g)<\/td>\n<td width=\"383\">27.7<\/td>\n<\/tr>\n<tr>\n<td colspan=\"2\" width=\"640\">USB arabirimi<\/td>\n<\/tr>\n<tr>\n<td width=\"257\">Protokol<\/td>\n<td width=\"383\">USB CCID&#039;si<\/td>\n<\/tr>\n<tr>\n<td width=\"257\">Ba\u011flay\u0131c\u0131 T\u00fcr\u00fc<\/td>\n<td width=\"383\">USB Tip-A<\/td>\n<\/tr>\n<tr>\n<td width=\"257\">G\u00fc\u00e7 kayna\u011f\u0131<\/td>\n<td width=\"383\">USB ba\u011flant\u0131 noktas\u0131ndan<\/td>\n<\/tr>\n<tr>\n<td width=\"257\">H\u0131z<\/td>\n<td width=\"383\">USB Tam H\u0131z (12 Mbps)<\/td>\n<\/tr>\n<tr>\n<td width=\"257\">Kablo uzunlu\u011fu<\/td>\n<td width=\"383\">1m, Ayr\u0131labilir (Opsiyonel)<\/td>\n<\/tr>\n<tr>\n<td colspan=\"2\" width=\"640\">Temass\u0131z Ak\u0131ll\u0131 Kart Aray\u00fcz\u00fc<\/td>\n<\/tr>\n<tr>\n<td width=\"257\">Standart<\/td>\n<td width=\"383\">ISO 18092 NFC, ISO 14443 Tip A ve B, ISO 15693, MIFARE\u00ae, FeliCa<\/td>\n<\/tr>\n<tr>\n<td rowspan=\"5\" width=\"257\">Protokol<\/td>\n<td width=\"383\">ISO 14443-4 Uyumlu Kart, T=CL<\/td>\n<\/tr>\n<tr>\n<td width=\"383\">MIFARE\u00ae Klasik Kart, T=CL<\/td>\n<\/tr>\n<tr>\n<td width=\"383\">ISO 15693<\/td>\n<\/tr>\n<tr>\n<td width=\"383\">ISO 18092 NFC Etiketleri<\/td>\n<\/tr>\n<tr>\n<td width=\"383\">FeliCa<\/td>\n<\/tr>\n<tr>\n<td colspan=\"2\" width=\"640\">Yerle\u015fik \u00c7evre Birimleri<\/td>\n<\/tr>\n<tr>\n<td width=\"257\">NEDEN OLMU\u015e<\/td>\n<td width=\"383\">1 adet iki renkli: Mavi ve Ye\u015fil<\/td>\n<\/tr>\n<tr>\n<td width=\"257\">Zil<\/td>\n<td width=\"383\">Monoton<\/td>\n<\/tr>\n<tr>\n<td colspan=\"2\" width=\"640\">Di\u011fer \u00f6zellikler<\/td>\n<\/tr>\n<tr>\n<td rowspan=\"4\" width=\"257\">Di\u011fer \u00f6zellikler<\/td>\n<td width=\"383\">Desteklenen Kart T\u00fcrleri:<\/td>\n<\/tr>\n<tr>\n<td width=\"383\">ISO 14443 Tip A ve B Par\u00e7a 1-4, ISO 15693, ISO 18092 NFC, MIFARE Classic\u00ae, MIFARE\u00ae Mini, MIFARE Ultralight\u00ae (T=CL), FeliCa ve Topaz Kart<\/td>\n<\/tr>\n<tr>\n<td width=\"383\">Di\u011fer NFC \u00d6zellikleri:<\/td>\n<\/tr>\n<tr>\n<td width=\"383\">Ak\u0131ll\u0131 Kart Okuyucu\/Yaz\u0131c\u0131, Klavye Em\u00fclasyonu, Kart Em\u00fclasyonu<\/td>\n<\/tr>\n<tr>\n<td width=\"257\">Ayg\u0131t Yaz\u0131l\u0131m\u0131 Y\u00fckseltmesi<\/td>\n<td width=\"383\">Destekleniyor<\/td>\n<\/tr>\n<tr>\n<td colspan=\"2\" width=\"640\">Sertifikalar\/Uyumluluk<\/td>\n<\/tr>\n<tr>\n<td rowspan=\"4\" width=\"257\">Sertifikalar\/Uyumluluk<\/td>\n<td width=\"383\">Sertifikalar:<\/td>\n<\/tr>\n<tr>\n<td width=\"383\">IEC\/EN 62368, CE, UKCA, FCC, VCCI, RoHS, REACH, WEEE, Microsoft\u00ae WHQL<\/td>\n<\/tr>\n<tr>\n<td width=\"383\">Uyma:<\/td>\n<\/tr>\n<tr>\n<td width=\"383\">USB CCID, PC\/SC<\/td>\n<\/tr>\n<tr>\n<td colspan=\"2\" width=\"640\">Ayg\u0131t S\u00fcr\u00fcc\u00fcs\u00fc \u0130\u015fletim Sistemi Deste\u011fi<\/td>\n<\/tr>\n<tr>\n<td width=\"257\">Ayg\u0131t S\u00fcr\u00fcc\u00fcs\u00fc \u0130\u015fletim Sistemi Deste\u011fi<\/td>\n<td width=\"383\">Windows\u00ae, Linux\u00ae, macOS, Android\u2122<\/td>\n<\/tr>\n<\/tbody>\n<\/table>\n<\/div>\n<\/li>\n<\/ul>","protected":false},"excerpt":{"rendered":"<p>ACM1552U-Y3, Kart Em\u00fclasyonu da dahil olmak \u00fczere \u00e7e\u015fitli teknolojileri destekleyen, \u00e7e\u015fitli NFC uygulamalar\u0131 i\u00e7in ideal olan y\u00fcksek h\u0131zl\u0131 bir USB NFC mod\u00fcl\u00fcd\u00fcr.<\/p>","protected":false},"featured_media":1614,"template":"","meta":[],"product_brand":[],"product_cat":[41,40],"product_tag":[],"class_list":{"0":"post-1613","1":"product","2":"type-product","3":"status-publish","4":"has-post-thumbnail","6":"product_cat-module-ic-reader","7":"product_cat-rfid-nfc-reader","9":"first","10":"instock","11":"shipping-taxable","12":"product-type-simple"},"_links":{"self":[{"href":"https:\/\/nfc-readers.com\/tr\/wp-json\/wp\/v2\/product\/1613","targetHints":{"allow":["GET"]}}],"collection":[{"href":"https:\/\/nfc-readers.com\/tr\/wp-json\/wp\/v2\/product"}],"about":[{"href":"https:\/\/nfc-readers.com\/tr\/wp-json\/wp\/v2\/types\/product"}],"wp:featuredmedia":[{"embeddable":true,"href":"https:\/\/nfc-readers.com\/tr\/wp-json\/wp\/v2\/media\/1614"}],"wp:attachment":[{"href":"https:\/\/nfc-readers.com\/tr\/wp-json\/wp\/v2\/media?parent=1613"}],"wp:term":[{"taxonomy":"product_brand","embeddable":true,"href":"https:\/\/nfc-readers.com\/tr\/wp-json\/wp\/v2\/product_brand?post=1613"},{"taxonomy":"product_cat","embeddable":true,"href":"https:\/\/nfc-readers.com\/tr\/wp-json\/wp\/v2\/product_cat?post=1613"},{"taxonomy":"product_tag","embeddable":true,"href":"https:\/\/nfc-readers.com\/tr\/wp-json\/wp\/v2\/product_tag?post=1613"}],"curies":[{"name":"wp","href":"https:\/\/api.w.org\/{rel}","templated":true}]}}