{"id":1615,"date":"2024-04-07T07:52:08","date_gmt":"2024-04-07T07:52:08","guid":{"rendered":"https:\/\/nfc-readers.com\/?post_type=product&#038;p=1615"},"modified":"2024-10-16T02:36:24","modified_gmt":"2024-10-16T02:36:24","slug":"acm1552u-z2-small-multi-iso-nfc-module-reader-writer","status":"publish","type":"product","link":"https:\/\/nfc-readers.com\/tr\/ic-reader\/acm1552u-z2-small-multi-iso-nfc-module-reader-writer\/","title":{"rendered":"ACM1552U-Z2 \u2013 K\u00fc\u00e7\u00fck -\u00c7oklu ISO NFC Mod\u00fcl\u00fc Okuyucu\/Yaz\u0131c\u0131"},"content":{"rendered":"<h1>ACM1552U-Z2 \u2013 K\u00fc\u00e7\u00fck -\u00c7oklu ISO NFC Mod\u00fcl\u00fc Okuyucu\/Yaz\u0131c\u0131<\/h1>\n<p>ACM1552U-Z2, y\u00fcksek h\u0131zl\u0131 NFC \u00f6zellikleri ve birden fazla standartla uyumluluk sunan kompakt ve \u00e7ok y\u00f6nl\u00fc bir mod\u00fcl olarak \u00f6ne \u00e7\u0131k\u0131yor. Kullan\u0131c\u0131 dostu aray\u00fcz\u00fcn yan\u0131 s\u0131ra ek g\u00fcvenlik ve enerji verimlili\u011fi \u00f6zellikleriyle, kompakt cihazlarda temass\u0131z ileti\u015fim i\u00e7in geli\u015fmi\u015f bir \u00e7\u00f6z\u00fcm\u00fc temsil eder.<\/p>\n<ul>\n<li>\n<h2>USB 2.0 Tam H\u0131zl\u0131 Aray\u00fcz<\/h2>\n<\/li>\n<li>\n<h2>CCID Uyumlulu\u011fu<\/h2>\n<\/li>\n<li>\n<h2>Temass\u0131z Ak\u0131ll\u0131 Kart Deste\u011fi:<\/h2>\n<ul>\n<li>\n<h3>848 kbps&#039;ye kadar Okuma\/Yazma h\u0131z\u0131<\/h3>\n<\/li>\n<li>\n<h3>Temass\u0131z etiket eri\u015fimi i\u00e7in, 70 mm&#039;ye kadar kart okuma mesafesine sahip dahili anten (etiket t\u00fcr\u00fcne ba\u011fl\u0131 olarak)<\/h3>\n<\/li>\n<li>\n<h3>ISO 14443 Tip A ve B kartlar\u0131n\u0131, ISO 15693 Kartlar\u0131n\u0131 ve ISO18092 NFC&#039;yi destekler<\/h3>\n<\/li>\n<li>\n<h3>MIFARE Classic\u00ae, MIFARE\u00ae, DESFire\u00ae, MIFARE Ultralight\u00ae, MIFARE Plus\u00ae, FeliCa ve Topaz&#039;\u0131 destekler<\/h3>\n<\/li>\n<li>\n<h3>Dahili \u00e7arp\u0131\u015fma \u00f6nleme \u00f6zelli\u011fi<\/h3>\n<\/li>\n<li>\n<h3>Geni\u015fletilmi\u015f APDU&#039;yu destekler (maks. 64 kbyte)<\/h3>\n<\/li>\n<\/ul>\n<\/li>\n<li>\n<h2>NFC Deste\u011fi:<\/h2>\n<ul>\n<li>\n<h3>Ak\u0131ll\u0131 Kart Okuyucu\/Yaz\u0131c\u0131 Modu<\/h3>\n<\/li>\n<li>\n<h3>Kart Em\u00fclasyon Modu<\/h3>\n<\/li>\n<li>\n<h3>Klavye Em\u00fclasyon Modu<\/h3>\n<\/li>\n<\/ul>\n<\/li>\n<li>\n<h2>Uygulama programlama Aray\u00fcz\u00fc:<\/h2>\n<ul>\n<li>\n<h3>PC\/SC&#039;yi destekler<\/h3>\n<\/li>\n<li>\n<h3>CT-API&#039;yi destekler (PC\/SC&#039;nin \u00fcst\u00fcndeki sarmalay\u0131c\u0131 arac\u0131l\u0131\u011f\u0131yla)<\/h3>\n<\/li>\n<\/ul>\n<\/li>\n<li>\n<h2>\u00c7evre birimleri:<\/h2>\n<ul>\n<li>\n<h3>Kullan\u0131c\u0131 taraf\u0131ndan kontrol edilebilen iki renkli LED (Mavi ve Ye\u015fil)<\/h3>\n<\/li>\n<\/ul>\n<\/li>\n<li>\n<h2>Kompakt Boyut<\/h2>\n<\/li>\n<li>\n<h2>USB Firmware Y\u00fckseltilebilirli\u011fi<\/h2>\n<\/li>\n<li>\n<div>\n<table width=\"545\">\n<tbody>\n<tr>\n<td colspan=\"2\" width=\"545\">Fiziksel \u00f6zellikler<\/td>\n<\/tr>\n<tr>\n<td width=\"228\">Boyutlar (mm)<\/td>\n<td width=\"317\">52,0x20,0x5,7<\/td>\n<\/tr>\n<tr>\n<td width=\"228\">A\u011f\u0131rl\u0131k (g)<\/td>\n<td width=\"317\">3.4<\/td>\n<\/tr>\n<tr>\n<td colspan=\"2\" width=\"545\">USB arabirimi<\/td>\n<\/tr>\n<tr>\n<td width=\"228\">Protokol<\/td>\n<td width=\"317\">USB CCID&#039;si<\/td>\n<\/tr>\n<tr>\n<td width=\"228\">Ba\u011flay\u0131c\u0131 T\u00fcr\u00fc<\/td>\n<td width=\"317\">5 pinli, 1 mm aral\u0131kl\u0131, JST SH serisi uyumlu<\/td>\n<\/tr>\n<tr>\n<td width=\"228\">G\u00fc\u00e7 kayna\u011f\u0131<\/td>\n<td width=\"317\">USB ba\u011flant\u0131 noktas\u0131ndan<\/td>\n<\/tr>\n<tr>\n<td width=\"228\">H\u0131z<\/td>\n<td width=\"317\">USB 2.0 Tam H\u0131z (12 Mb\/sn) USB 3.0 ile uyumlu<\/td>\n<\/tr>\n<tr>\n<td width=\"228\">Kablo uzunlu\u011fu<\/td>\n<td width=\"317\">1m, Ayr\u0131labilir (\u0130stek \u00dczerine)<\/td>\n<\/tr>\n<tr>\n<td colspan=\"2\" width=\"545\">Temass\u0131z Ak\u0131ll\u0131 Kart Aray\u00fcz\u00fc<\/td>\n<\/tr>\n<tr>\n<td width=\"228\">Standart<\/td>\n<td width=\"317\">ISO 18092 NFC, ISO 14443 Tip A ve B, ISO 15693, MIFARE\u00ae, FeliCa<\/td>\n<\/tr>\n<tr>\n<td rowspan=\"5\" width=\"228\">Protokol<\/td>\n<td width=\"317\">ISO 14443-4 Uyumlu Kart, T=CL<\/td>\n<\/tr>\n<tr>\n<td width=\"317\">MIFARE\u00ae Klasik Kart, T=CL<\/td>\n<\/tr>\n<tr>\n<td width=\"317\">ISO 15693<\/td>\n<\/tr>\n<tr>\n<td width=\"317\">ISO 18092 NFC Etiketleri<\/td>\n<\/tr>\n<tr>\n<td width=\"317\">FeliCa<\/td>\n<\/tr>\n<tr>\n<td colspan=\"2\" width=\"545\">Yerle\u015fik \u00c7evre Birimleri<\/td>\n<\/tr>\n<tr>\n<td width=\"228\">NEDEN OLMU\u015e<\/td>\n<td width=\"317\">1 adet iki renkli: Mavi ve Ye\u015fil<\/td>\n<\/tr>\n<tr>\n<td colspan=\"2\" width=\"545\">Di\u011fer \u00f6zellikler<\/td>\n<\/tr>\n<tr>\n<td rowspan=\"6\" width=\"228\">Di\u011fer \u00f6zellikler<\/td>\n<td width=\"317\">Desteklenen Kart T\u00fcrleri:<\/td>\n<\/tr>\n<tr>\n<td width=\"317\">ISO 14443 Tip A ve B B\u00f6l\u00fcm 1-4,<\/td>\n<\/tr>\n<tr>\n<td width=\"317\">ISO 15693, ISO 18092NFC,<\/td>\n<\/tr>\n<tr>\n<td width=\"317\">MIFARE Classic\u00ae, MIFARE DESFire\u00ae, MIFARE Ultralight\u00ae, MIFARE Plus\u00ae, FeliCa ve Topaz<\/td>\n<\/tr>\n<tr>\n<td width=\"317\">Di\u011fer NFC \u00d6zellikleri:<\/td>\n<\/tr>\n<tr>\n<td width=\"317\">Ak\u0131ll\u0131 Kart Okuyucu\/Yaz\u0131c\u0131, Klavye Em\u00fclasyonu, Kart Em\u00fclasyonu<\/td>\n<\/tr>\n<tr>\n<td width=\"228\">Ayg\u0131t Yaz\u0131l\u0131m\u0131 Y\u00fckseltmesi<\/td>\n<td width=\"317\">Destekleniyor<\/td>\n<\/tr>\n<tr>\n<td colspan=\"2\" width=\"545\">Sertifikalar\/Uyumluluk<\/td>\n<\/tr>\n<tr>\n<td rowspan=\"4\" width=\"228\">Sertifikalar\/Uyumluluk<\/td>\n<td width=\"317\">Sertifikalar:<\/td>\n<\/tr>\n<tr>\n<td width=\"317\">IEC\/EN 62368, CE, UKCA, FCC, VCCI, RoHS, REACH, WEEE, Microsoft\u00ae WHQL<\/td>\n<\/tr>\n<tr>\n<td width=\"317\">\u00a0 Uyma:<\/td>\n<\/tr>\n<tr>\n<td width=\"317\">USB CCID, PC\/SC<\/td>\n<\/tr>\n<tr>\n<td colspan=\"2\" width=\"545\">Ayg\u0131t S\u00fcr\u00fcc\u00fcs\u00fc \u0130\u015fletim Sistemi Deste\u011fi<\/td>\n<\/tr>\n<tr>\n<td width=\"228\">Ayg\u0131t S\u00fcr\u00fcc\u00fcs\u00fc \u0130\u015fletim Sistemi Deste\u011fi<\/td>\n<td width=\"317\">Windows\u00ae, Linux\u00ae, macOS, Android\u2122<\/td>\n<\/tr>\n<\/tbody>\n<\/table>\n<\/div>\n<\/li>\n<\/ul>","protected":false},"excerpt":{"rendered":"<p>ACM1552U-Z2, verimli ve g\u00fcvenli temass\u0131z i\u015flemler i\u00e7in tasarlanm\u0131\u015f, Ak\u0131ll\u0131 Kart Okuyucu\/Yaz\u0131c\u0131 ve Kart Em\u00fclasyonunu destekleyen y\u00fcksek h\u0131zl\u0131 bir USB NFC mod\u00fcl\u00fcd\u00fcr.<\/p>","protected":false},"featured_media":1616,"template":"","meta":[],"product_brand":[],"product_cat":[41,40],"product_tag":[],"class_list":{"0":"post-1615","1":"product","2":"type-product","3":"status-publish","4":"has-post-thumbnail","6":"product_cat-module-ic-reader","7":"product_cat-rfid-nfc-reader","9":"first","10":"instock","11":"shipping-taxable","12":"product-type-simple"},"_links":{"self":[{"href":"https:\/\/nfc-readers.com\/tr\/wp-json\/wp\/v2\/product\/1615","targetHints":{"allow":["GET"]}}],"collection":[{"href":"https:\/\/nfc-readers.com\/tr\/wp-json\/wp\/v2\/product"}],"about":[{"href":"https:\/\/nfc-readers.com\/tr\/wp-json\/wp\/v2\/types\/product"}],"wp:featuredmedia":[{"embeddable":true,"href":"https:\/\/nfc-readers.com\/tr\/wp-json\/wp\/v2\/media\/1616"}],"wp:attachment":[{"href":"https:\/\/nfc-readers.com\/tr\/wp-json\/wp\/v2\/media?parent=1615"}],"wp:term":[{"taxonomy":"product_brand","embeddable":true,"href":"https:\/\/nfc-readers.com\/tr\/wp-json\/wp\/v2\/product_brand?post=1615"},{"taxonomy":"product_cat","embeddable":true,"href":"https:\/\/nfc-readers.com\/tr\/wp-json\/wp\/v2\/product_cat?post=1615"},{"taxonomy":"product_tag","embeddable":true,"href":"https:\/\/nfc-readers.com\/tr\/wp-json\/wp\/v2\/product_tag?post=1615"}],"curies":[{"name":"wp","href":"https:\/\/api.w.org\/{rel}","templated":true}]}}