{"id":1619,"date":"2024-04-07T07:56:40","date_gmt":"2024-04-07T07:56:40","guid":{"rendered":"https:\/\/nfc-readers.com\/?post_type=product&#038;p=1619"},"modified":"2024-10-16T02:33:14","modified_gmt":"2024-10-16T02:33:14","slug":"acm39u-y3-smart-card-reader-module","status":"publish","type":"product","link":"https:\/\/nfc-readers.com\/tr\/ic-reader\/acm39u-y3-smart-card-reader-module\/","title":{"rendered":"ACM39U-Y3 Ak\u0131ll\u0131 Kart Okuyucu Mod\u00fcl\u00fc"},"content":{"rendered":"<h1>ACM39U-Y3 Ak\u0131ll\u0131 Kart Okuyucu Mod\u00fcl\u00fc<\/h1>\n<p>ACM39U-Y3, \u00e7ok \u00e7e\u015fitli platformlar\u0131 ve aray\u00fczleri destekleyen esnek, kurulumu kolay bir mod\u00fcld\u00fcr ve bu da onu yerle\u015fik ak\u0131ll\u0131 kart \u00e7\u00f6z\u00fcmleri i\u00e7in ideal k\u0131lar. Ayr\u0131ca geli\u015fmi\u015f g\u00fcvenlik i\u00e7in G\u00fcvenli Eri\u015fim Mod\u00fcl\u00fc (SAM) entegre etme se\u00e7ene\u011fi de sunar.<\/p>\n<ul>\n<li>\n<h2>USB 2.0 Tam H\u0131zl\u0131 Aray\u00fcz<\/h2>\n<\/li>\n<li>\n<h2>Tak ve \u00c7al\u0131\u015ft\u0131r \u2013 CCID deste\u011fi en \u00fcst d\u00fczeyde mobilite sa\u011flar<\/h2>\n<\/li>\n<li>\n<h2>Ak\u0131ll\u0131 kart okuyucu:<\/h2>\n<ul>\n<li>\n<h3>ISO 7816 S\u0131n\u0131f A, B ve C (5 V, 3 V, 1,8 V) kartlar\u0131 destekler<\/h3>\n<\/li>\n<li>\n<h3>CAC&#039;yi (Ortak Eri\u015fim Kart\u0131) destekler<\/h3>\n<\/li>\n<li>\n<h3>SIPRNET Kart\u0131n\u0131 destekler<\/h3>\n<\/li>\n<li>\n<h3>J-LIS kart\u0131n\u0131 destekler<\/h3>\n<\/li>\n<li>\n<h3>T=0 veya T=1 protokoll\u00fc mikroi\u015flemci kartlar\u0131n\u0131 destekler<\/h3>\n<\/li>\n<li>\n<h3>Haf\u0131za kartlar\u0131n\u0131 destekler<\/h3>\n<\/li>\n<li>\n<h3>PPS&#039;yi (Protokol ve Parametre Se\u00e7imi) destekler<\/h3>\n<\/li>\n<li>\n<h3>K\u0131sa Devre Korumas\u0131 \u00d6zellikleri<\/h3>\n<\/li>\n<\/ul>\n<\/li>\n<li>\n<h2>Uygulama programlama Aray\u00fcz\u00fc:<\/h2>\n<ul>\n<li>\n<h3>PC\/SC&#039;yi destekler<\/h3>\n<\/li>\n<li>\n<h3>CT-API&#039;yi destekler (PC\/SC&#039;nin \u00fcst\u00fcndeki sarmalay\u0131c\u0131 arac\u0131l\u0131\u011f\u0131yla)<\/h3>\n<\/li>\n<\/ul>\n<\/li>\n<li>\n<h2>Android\u2122 3.1 ve \u00fczerini destekler<\/h2>\n<\/li>\n<li>\n<div>\n<table width=\"491\">\n<tbody>\n<tr>\n<td colspan=\"2\" width=\"491\">Fiziksel \u00f6zellikler<\/td>\n<\/tr>\n<tr>\n<td width=\"172\">Boyutlar (mm)<\/td>\n<td width=\"319\">70,0 mm (U) \u00d7 82,0 mm (G) \u00d7 10,0 mm (Y)<\/td>\n<\/tr>\n<tr>\n<td width=\"172\">A\u011f\u0131rl\u0131k (g)<\/td>\n<td width=\"319\">32 gr<\/td>\n<\/tr>\n<tr>\n<td colspan=\"2\" width=\"491\">USB arabirimi<\/td>\n<\/tr>\n<tr>\n<td width=\"172\">Protokol<\/td>\n<td width=\"319\">USB CCID&#039;si<\/td>\n<\/tr>\n<tr>\n<td rowspan=\"2\" width=\"172\">Ba\u011flay\u0131c\u0131 T\u00fcr\u00fc<\/td>\n<td width=\"319\">1 x 5 Pimli Ba\u015fl\u0131k Konekt\u00f6r\u00fc;<\/td>\n<\/tr>\n<tr>\n<td width=\"319\">2 x 3 Pinli Ba\u015fl\u0131k Konekt\u00f6r\u00fc<\/td>\n<\/tr>\n<tr>\n<td width=\"172\">G\u00fc\u00e7 kayna\u011f\u0131<\/td>\n<td width=\"319\">USB Ba\u011flant\u0131 Noktas\u0131ndan<\/td>\n<\/tr>\n<tr>\n<td width=\"172\">H\u0131z<\/td>\n<td width=\"319\">USB Tam H\u0131z (12 Mbps)<\/td>\n<\/tr>\n<tr>\n<td colspan=\"2\" width=\"491\">Ak\u0131ll\u0131 Kart Aray\u00fcz\u00fc ile ileti\u015fime ge\u00e7in<\/td>\n<\/tr>\n<tr>\n<td width=\"172\">Slot Say\u0131s\u0131<\/td>\n<td width=\"319\">1 Tam Boyutlu Kart Yuvas\u0131<\/td>\n<\/tr>\n<tr>\n<td width=\"172\">Standart<\/td>\n<td width=\"319\">ISO 7816 Par\u00e7a 1-4, S\u0131n\u0131f A, B, C (5 V, 3 V, 1,8 V)<\/td>\n<\/tr>\n<tr>\n<td width=\"172\">Protokol<\/td>\n<td width=\"319\">T=0; T=1; Haf\u0131za Kart\u0131 Deste\u011fi<\/td>\n<\/tr>\n<tr>\n<td width=\"172\">Di\u011ferleri<\/td>\n<td width=\"319\">CAC, PIV, SIPRNET, J-LIS Ak\u0131ll\u0131 Kartlar<\/td>\n<\/tr>\n<tr>\n<td colspan=\"2\" width=\"491\">Sertifikalar\/Uyumluluk<\/td>\n<\/tr>\n<tr>\n<td rowspan=\"12\" width=\"172\">Sertifikalar\/Uyumluluk<\/td>\n<td width=\"319\">EN60950\/IEC 60950<\/td>\n<\/tr>\n<tr>\n<td width=\"319\">ISO 7816<\/td>\n<\/tr>\n<tr>\n<td width=\"319\">USB Tam H\u0131z<\/td>\n<\/tr>\n<tr>\n<td width=\"319\">EMV\u2122 Seviye 1 (\u0130leti\u015fim)<\/td>\n<\/tr>\n<tr>\n<td width=\"319\">PC\/SC<\/td>\n<\/tr>\n<tr>\n<td width=\"319\">CCID<\/td>\n<\/tr>\n<tr>\n<td width=\"319\">CE<\/td>\n<\/tr>\n<tr>\n<td width=\"319\">FCC<\/td>\n<\/tr>\n<tr>\n<td width=\"319\">WEEE<\/td>\n<\/tr>\n<tr>\n<td width=\"319\">RoHS<\/td>\n<\/tr>\n<tr>\n<td width=\"319\">ULA\u015eMAK<\/td>\n<\/tr>\n<tr>\n<td width=\"319\">Microsoft\u00ae WHQL<\/td>\n<\/tr>\n<tr>\n<td colspan=\"2\" width=\"491\">Ayg\u0131t S\u00fcr\u00fcc\u00fcs\u00fc \u0130\u015fletim Sistemi Deste\u011fi<\/td>\n<\/tr>\n<tr>\n<td rowspan=\"5\" width=\"172\">Ayg\u0131t S\u00fcr\u00fcc\u00fcs\u00fc \u0130\u015fletim Sistemi Deste\u011fi<\/td>\n<td width=\"319\">Windows\u00ae<\/td>\n<\/tr>\n<tr>\n<td width=\"319\">Linux\u00ae<\/td>\n<\/tr>\n<tr>\n<td width=\"319\">MAC OS\u00ae<\/td>\n<\/tr>\n<tr>\n<td width=\"319\">Android\u2122<\/td>\n<\/tr>\n<tr>\n<td width=\"319\">Solaris<\/td>\n<\/tr>\n<\/tbody>\n<\/table>\n<\/div>\n<\/li>\n<\/ul>","protected":false},"excerpt":{"rendered":"<p>ACM39U-Y3, \u00e7e\u015fitli i\u015fletim sistemlerini ve opsiyonel SAM kart okuyucusunu destekleyen ak\u0131ll\u0131 kart uygulamalar\u0131 i\u00e7in y\u00fcksek h\u0131zl\u0131 bir USB temas okuyucu mod\u00fcl\u00fcd\u00fcr.<\/p>","protected":false},"featured_media":1620,"template":"","meta":[],"product_brand":[],"product_cat":[41],"product_tag":[],"class_list":{"0":"post-1619","1":"product","2":"type-product","3":"status-publish","4":"has-post-thumbnail","6":"product_cat-module-ic-reader","8":"first","9":"instock","10":"shipping-taxable","11":"product-type-simple"},"_links":{"self":[{"href":"https:\/\/nfc-readers.com\/tr\/wp-json\/wp\/v2\/product\/1619","targetHints":{"allow":["GET"]}}],"collection":[{"href":"https:\/\/nfc-readers.com\/tr\/wp-json\/wp\/v2\/product"}],"about":[{"href":"https:\/\/nfc-readers.com\/tr\/wp-json\/wp\/v2\/types\/product"}],"wp:featuredmedia":[{"embeddable":true,"href":"https:\/\/nfc-readers.com\/tr\/wp-json\/wp\/v2\/media\/1620"}],"wp:attachment":[{"href":"https:\/\/nfc-readers.com\/tr\/wp-json\/wp\/v2\/media?parent=1619"}],"wp:term":[{"taxonomy":"product_brand","embeddable":true,"href":"https:\/\/nfc-readers.com\/tr\/wp-json\/wp\/v2\/product_brand?post=1619"},{"taxonomy":"product_cat","embeddable":true,"href":"https:\/\/nfc-readers.com\/tr\/wp-json\/wp\/v2\/product_cat?post=1619"},{"taxonomy":"product_tag","embeddable":true,"href":"https:\/\/nfc-readers.com\/tr\/wp-json\/wp\/v2\/product_tag?post=1619"}],"curies":[{"name":"wp","href":"https:\/\/api.w.org\/{rel}","templated":true}]}}