{"id":1623,"date":"2024-04-07T07:59:43","date_gmt":"2024-04-07T07:59:43","guid":{"rendered":"https:\/\/nfc-readers.com\/?post_type=product&#038;p=1623"},"modified":"2024-09-29T07:34:42","modified_gmt":"2024-09-29T07:34:42","slug":"acr40t-type-a-usb-sim-sized-smart-card-reader","status":"publish","type":"product","link":"https:\/\/nfc-readers.com\/tr\/ic-reader\/acr40t-type-a-usb-sim-sized-smart-card-reader\/","title":{"rendered":"ACR40T Type-A USB SIM Boyutlu Ak\u0131ll\u0131 Kart Okuyucusu (Yerle\u015fik D\u00fc\u011fme ve D\u00f6ng\u00fc Dizisi dahil)"},"content":{"rendered":"<h1>ACR40T Type-A USB SIM Boyutlu Ak\u0131ll\u0131 Kart Okuyucusu (Yerle\u015fik D\u00fc\u011fme ve D\u00f6ng\u00fc Dizisi dahil)<\/h1>\n<p>ACR40T, olduk\u00e7a k\u00fc\u00e7\u00fck bir tasar\u0131mda kullan\u0131c\u0131 dostu bir ak\u0131ll\u0131 kart yuvas\u0131na sahip, ISO 7816 ak\u0131ll\u0131 kartlar ve \u00e7e\u015fitli haf\u0131za kartlar\u0131yla geni\u015f uyumluluk sunan, y\u00fcksek d\u00fczeyde verimli ve g\u00fcncellenebilir bir ak\u0131ll\u0131 kart okuyucudur.<\/p>\n<ul>\n<li>\n<h2><strong>\u00c7e\u015fitli \u0130leti\u015fim Kartlar\u0131n\u0131 Destekler<\/strong><\/h2>\n<ul>\n<li>\n<h3>ISO 7816 S\u0131n\u0131f A, B ve C (5 V, 3 V ve 1,8 V)<\/h3>\n<\/li>\n<li>\n<h3>Mikroi\u015flemci Kart\u0131 (T=0, T=1)<\/h3>\n<\/li>\n<li>\n<h3>Haf\u0131za kart\u0131<\/h3>\n<\/li>\n<li>\n<h3>K\u0131sa Devre Korumas\u0131 \u00d6zellikleri<\/h3>\n<\/li>\n<\/ul>\n<\/li>\n<li>\n<h2><strong>Uygulama programlama Aray\u00fcz\u00fc:<\/strong><\/h2>\n<ul>\n<li>\n<h3>PC\/SC&#039;yi destekler<\/h3>\n<\/li>\n<\/ul>\n<\/li>\n<li>\n<h2><strong>Yerle\u015fik \u00c7evre Birimleri<\/strong><\/h2>\n<ul>\n<li>\n<h3>1 x Programlanabilir LED (Ye\u015fil)<\/h3>\n<\/li>\n<li>\n<table width=\"591\">\n<tbody>\n<tr>\n<td colspan=\"2\" width=\"591\">Fiziksel \u00f6zellikler<\/td>\n<\/tr>\n<tr>\n<td rowspan=\"2\" width=\"266\">Boyutlar (mm)<\/td>\n<td width=\"325\">ACR40T-A1: 48,9 mm (U) \u00d7 17,7 mm (G) \u00d7 8,0 mm (Y)<\/td>\n<\/tr>\n<tr>\n<td width=\"325\">ACR40T-A5: 44,7 mm (U) \u00d7 17,7 mm (G) \u00d7 8,0 mm (Y)<\/td>\n<\/tr>\n<tr>\n<td rowspan=\"2\" width=\"266\">A\u011f\u0131rl\u0131k (g)<\/td>\n<td width=\"325\">ACR40T-A1: 6,8 g \u00b1 1,0 g<\/td>\n<\/tr>\n<tr>\n<td width=\"325\">ACR40T-A5: 5,3 g \u00b1 1,0 g<\/td>\n<\/tr>\n<tr>\n<td colspan=\"2\" width=\"591\">USB arabirimi<\/td>\n<\/tr>\n<tr>\n<td width=\"266\">Protokol<\/td>\n<td width=\"325\">USB CCID&#039;si<\/td>\n<\/tr>\n<tr>\n<td rowspan=\"2\" width=\"266\">Ba\u011flay\u0131c\u0131 T\u00fcr\u00fc<\/td>\n<td width=\"325\">USB Tip-A<\/td>\n<\/tr>\n<tr>\n<td width=\"325\">USB Tip-C<\/td>\n<\/tr>\n<tr>\n<td width=\"266\">G\u00fc\u00e7 kayna\u011f\u0131<\/td>\n<td width=\"325\">USB Ba\u011flant\u0131 Noktas\u0131ndan<\/td>\n<\/tr>\n<tr>\n<td width=\"266\">H\u0131z<\/td>\n<td width=\"325\">USB Tam H\u0131z (12Mbps)<\/td>\n<\/tr>\n<tr>\n<td colspan=\"2\" width=\"591\">Ak\u0131ll\u0131 Kart Aray\u00fcz\u00fc ile ileti\u015fime ge\u00e7in<\/td>\n<\/tr>\n<tr>\n<td width=\"266\">Slot Say\u0131s\u0131<\/td>\n<td width=\"325\">1 SIM Boyutunda Kart Yuvas\u0131 (2FF)<\/td>\n<\/tr>\n<tr>\n<td width=\"266\">Protokol<\/td>\n<td width=\"325\">T=0; T=1<\/td>\n<\/tr>\n<tr>\n<td colspan=\"2\" width=\"591\">Yerle\u015fik \u00c7evre Birimleri<\/td>\n<\/tr>\n<tr>\n<td width=\"266\">NEDEN OLMU\u015e<\/td>\n<td width=\"325\">Ye\u015fil<\/td>\n<\/tr>\n<tr>\n<td colspan=\"2\" width=\"591\">Di\u011fer \u00f6zellikler<\/td>\n<\/tr>\n<tr>\n<td width=\"266\">Di\u011fer \u00f6zellikler<\/td>\n<td width=\"325\">\u00dcr\u00fcn Yaz\u0131l\u0131m\u0131 Y\u00fckseltmesini Destekler<\/td>\n<\/tr>\n<tr>\n<td colspan=\"2\" width=\"591\">Sertifikalar\/Uyumluluk<\/td>\n<\/tr>\n<tr>\n<td rowspan=\"12\" width=\"266\">Sertifikalar\/Uyumluluk<\/td>\n<td width=\"325\">Sertifikalar:<\/td>\n<\/tr>\n<tr>\n<td width=\"325\">UL 62368<\/td>\n<\/tr>\n<tr>\n<td width=\"325\">CE<\/td>\n<\/tr>\n<tr>\n<td width=\"325\">UKCA<\/td>\n<\/tr>\n<tr>\n<td width=\"325\">FCC<\/td>\n<\/tr>\n<tr>\n<td width=\"325\">RoHS<\/td>\n<\/tr>\n<tr>\n<td width=\"325\">ULA\u015eMAK<\/td>\n<\/tr>\n<tr>\n<td width=\"325\">VCCI<\/td>\n<\/tr>\n<tr>\n<td width=\"325\">Microsoft\u00ae WHQL<\/td>\n<\/tr>\n<tr>\n<td width=\"325\">Uyumluluklar:<\/td>\n<\/tr>\n<tr>\n<td width=\"325\">USB CCID&#039;si<\/td>\n<\/tr>\n<tr>\n<td width=\"325\">PC\/SC<\/td>\n<\/tr>\n<tr>\n<td colspan=\"2\" width=\"591\">Ayg\u0131t S\u00fcr\u00fcc\u00fcs\u00fc \u0130\u015fletim Sistemi Deste\u011fi<\/td>\n<\/tr>\n<tr>\n<td rowspan=\"4\" width=\"266\">Ayg\u0131t S\u00fcr\u00fcc\u00fcs\u00fc \u0130\u015fletim Sistemi Deste\u011fi<\/td>\n<td width=\"325\">Windows\u00ae<\/td>\n<\/tr>\n<tr>\n<td width=\"325\">Linux\u00ae<\/td>\n<\/tr>\n<tr>\n<td width=\"325\">Mac os i\u015fletim sistemi<\/td>\n<\/tr>\n<tr>\n<td width=\"325\">Android\u2122<\/td>\n<\/tr>\n<\/tbody>\n<\/table>\n<\/li>\n<\/ul>\n<\/li>\n<\/ul>","protected":false},"excerpt":{"rendered":"<p>ACR40T, SIM boyutundaki kartlar i\u00e7in \u00f6zel olarak tasarlanm\u0131\u015f, y\u00fcksek h\u0131zl\u0131 bir USB temas okuyucusudur; yaz\u0131l\u0131m g\u00fcncellemeleri sunar ve \u00e7e\u015fitli ak\u0131ll\u0131 kartlar ve haf\u0131za kartlar\u0131yla uyumludur.<\/p>","protected":false},"featured_media":1624,"template":"","meta":[],"product_brand":[],"product_cat":[39],"product_tag":[],"class_list":{"0":"post-1623","1":"product","2":"type-product","3":"status-publish","4":"has-post-thumbnail","6":"product_cat-usb-ic-smartcard-reader","8":"first","9":"instock","10":"shipping-taxable","11":"product-type-simple"},"_links":{"self":[{"href":"https:\/\/nfc-readers.com\/tr\/wp-json\/wp\/v2\/product\/1623","targetHints":{"allow":["GET"]}}],"collection":[{"href":"https:\/\/nfc-readers.com\/tr\/wp-json\/wp\/v2\/product"}],"about":[{"href":"https:\/\/nfc-readers.com\/tr\/wp-json\/wp\/v2\/types\/product"}],"wp:featuredmedia":[{"embeddable":true,"href":"https:\/\/nfc-readers.com\/tr\/wp-json\/wp\/v2\/media\/1624"}],"wp:attachment":[{"href":"https:\/\/nfc-readers.com\/tr\/wp-json\/wp\/v2\/media?parent=1623"}],"wp:term":[{"taxonomy":"product_brand","embeddable":true,"href":"https:\/\/nfc-readers.com\/tr\/wp-json\/wp\/v2\/product_brand?post=1623"},{"taxonomy":"product_cat","embeddable":true,"href":"https:\/\/nfc-readers.com\/tr\/wp-json\/wp\/v2\/product_cat?post=1623"},{"taxonomy":"product_tag","embeddable":true,"href":"https:\/\/nfc-readers.com\/tr\/wp-json\/wp\/v2\/product_tag?post=1623"}],"curies":[{"name":"wp","href":"https:\/\/api.w.org\/{rel}","templated":true}]}}